{"id":991,"date":"2016-04-06T11:51:33","date_gmt":"2016-04-06T09:51:33","guid":{"rendered":"http:\/\/oppevara.hitsa.ee\/opilood\/?page_id=991"},"modified":"2016-07-26T09:31:00","modified_gmt":"2016-07-26T07:31:00","slug":"muusika-gumnaasium","status":"publish","type":"page","link":"https:\/\/oppevara.edu.ee\/opilood\/oppekava-digipadevuse-naited\/kunstiained\/muusika-gumnaasium\/","title":{"rendered":"Muusika &#8211; g\u00fcmnaasium"},"content":{"rendered":"<h3><b>N\u00e4ide 1.\u00a0Muusikaloo testide koostamine keskkonnas Learningapps.org<\/b><\/h3>\n<p><b>M\u00e4rkus: <\/b>kuna Learningapps.org teste on v\u00f5imalik veebikeskkondadesse vistutada (manustada), siis sobib valmis testide esitamiseks muuhulgas digitaalse arengumapi variant, kuhu v\u00f5ib k\u00f5ik \u00fche suurema teema raames koostatud testid kokku koguda. Digitaalse arengumapi teostamise juhised on leitavad allpool.<\/p>\n<p><b>\u00dclesanne 1.<\/b> <strong>Valikvastustega muusika kuulamise testi koostamine.<\/strong> Sobib k\u00f5igi laiemate teemade puhul.<b><br \/>\n<\/b><\/p>\n<p><span style=\"font-weight: 400;\"><strong>Ettevalmistus:<\/strong> \u00d5petaja valmistab ette nimekirja muusikateostest, mida \u00f5pilane peaks kursuse l\u00f5puks kuulmise j\u00e4rgi \u00e4ra tundma. Soovitavalt teeb ka kindlaks, kas k\u00f5igist teostest on olemas kvaliteetne helin\u00e4ide keskkonnas Youtube.com.<\/span><\/p>\n<p><strong>Tegevusk\u00e4ik.\u00a0<\/strong><span style=\"font-weight: 400;\">\u00d5pilane:<\/span><\/p>\n<ol>\n<li><span style=\"font-weight: 400;\"> Loob konto keskkonnas Learningapps.org.<\/span><\/li>\n<li><span style=\"font-weight: 400;\"> Loob uue testi, variant \u201cValikvastus\u201d.<\/span><\/li>\n<li><span style=\"font-weight: 400;\"> Koostab valikvastustega (neli valikut) muusika kuulamise testi, kasutades \u00f5petaja poolt ette antud muusikateoste nimekirja, otsides sobivad muusikan\u00e4ited keskkonnast Youtube.com.<\/span><\/li>\n<li><span style=\"font-weight: 400;\"> Salvestab testi ja esitab \u00f5petajale hindamiseks kas veebilingina v\u00f5i t\u00e4isekraani lingina. Variant on ka koodiga digitaalsesse arengumappi vistutamine (manustamine).<\/span><\/li>\n<\/ol>\n<p><b>\u00dclesanne 2. Rists\u00f5na\/s\u00f5nasegadiku koostamine.<\/b> Sobib k\u00f5igi teemade puhul.<\/p>\n<p><span style=\"font-weight: 400;\"><strong>Tegevusk\u00e4ik.<\/strong> \u00d5pilane :<\/span><\/p>\n<ol>\n<li><span style=\"font-weight: 400;\"> Loob keskkonnas konto.<\/span><\/li>\n<li><span style=\"font-weight: 400;\"> Koostab rists\u00f5na \u00f5petaja poolt ette antud teemal, kasutades k\u00fcsimuste koostamiseks \u00f5pikut ja internetiotsingut.<\/span><\/li>\n<li><span style=\"font-weight: 400;\"> Salvestab rists\u00f5na ja esitab \u00f5petajale hindamiseks kas veebilingina v\u00f5i t\u00e4isekraani lingina. Variant on ka koodiga digitaalsesse arengumappi vistutamine (manustamine).<\/span><\/li>\n<\/ol>\n<p><b>\u00dclesanne 3. Muud muusika\u00f5petuses rakendatavad Learningapps.org enesekontrollitestid.<\/b><\/p>\n<ol>\n<li><span style=\"line-height: 1.71429; font-size: 1rem;\">L\u00fcnktekst. V\u00f5imaldab lihtsal viisil teha tavalist l\u00fcnkteksti.<\/span><\/li>\n<li><span style=\"font-weight: 400;\"> J\u00e4rjestamine teljel. V\u00f5imaldab muusikaajaloolisi s\u00fcndmuseid \u00f5igesse ritta seada.<\/span><\/li>\n<li><span style=\"font-weight: 400;\"> Poomine. Samanimelise paberil m\u00e4ngitava m\u00e4ngu analoog.<\/span><\/li>\n<li><span style=\"font-weight: 400;\"> Grupeerimise pusle. Sobib n\u00e4iteks muusikastiilide \u00f5igesse ajastusse \u201cpaigutamiseks\u201d<\/span><\/li>\n<li><span style=\"font-weight: 400;\"> Miljonim\u00e4ng. V\u00f5imaldab koostada kindlat t\u00fc\u00fcpi k\u00fcsimusi, mis sobivad miljonim\u00e4ngu.<\/span><\/li>\n<\/ol>\n<p><strong>\u00d5pilase digip\u00e4devuste osaoskused<\/strong><\/p>\n<ul>\n<li>INFO (IV - 1.1. Info otsimine ja sirvimine, IV - 1.2. Info hindamine, IV - 1.3. Info salvestamine ja taasesitamine<span style=\"font-weight: 400;\">)<\/span><\/li>\n<li>SISULOOME (IV - 3.1. Digitaalne sisuloome, IV - 3.2. Uue teadmise loomine, IV - 3.3. Autori\u00f5igus ja litsentsid<span style=\"font-weight: 400;\">)<\/span><\/li>\n<\/ul>\n<hr \/>\n<h3><b>N\u00e4ide 2.\u00a0Digitaalne arengumapp muusika\u00f5petuses<\/b><\/h3>\n<p><strong>Tegevusk\u00e4ik.<\/strong>\u00a0\u00d5pilane:<\/p>\n<ol>\n<li><span style=\"font-weight: 400;\"> Loob konto m\u00f5nes sobivas veebikeskkonnas (N\u00e4iteks Weebly.com, Blogger.com, Google Sites, juhendid on leitavad <a href=\"http:\/\/koolielu.ee\/tools\" target=\"_blank\">koolielu.ee<\/a> veebilehelt). <\/span><\/li>\n<li><span style=\"font-weight: 400;\"> Tutvub keskkonna haldamise esmaste p\u00f5him\u00f5tetega.<\/span><\/li>\n<li><span style=\"font-weight: 400;\"> Loob veebilehe, valib sellele kujunduse ja annab nime.<\/span><\/li>\n<li><span style=\"font-weight: 400;\"> T\u00e4idab veebilehe avalehe selliselt, et kajastatud ei oleks delikaatseid isikuandmeid.<\/span><\/li>\n<li><span style=\"font-weight: 400;\"> T\u00e4idab veebilehe digitaalse sisuga \u00f5petaja poolt etteantud teemal (n\u00e4iteks Learningapps.org testid, youtube.com videod).<\/span><\/li>\n<li><span style=\"font-weight: 400;\"> Lisab iga lehe alaossa litsentsim\u00e4rke veebilehelt Creativecommons.org.<\/span><\/li>\n<li><span style=\"font-weight: 400;\"> Lisab veebilehele lehe \u201cKasutatud materjalid\u201d.<\/span><\/li>\n<\/ol>\n<p><span style=\"font-weight: 400;\"><strong>Lisa\u00fclesanne 1:<\/strong>\u00a0\u00d5pilane t\u00e4iendab hiljem allikatele viidates veebilehe kujundust vabavaralistest veebialbumitest p\u00e4rit muusikateemaliste piltidega (l\u00f5iming kunsti\u00f5petusega).<\/span><\/p>\n<p><span style=\"font-weight: 400;\"><strong>Lisa\u00fclesanne 2:<\/strong>\u00a0\u00d5pilane t\u00e4iendab veebilehe kujundust omaloominguliste muusikateemaliste piltidega (l\u00f5iming kunsti\u00f5petusega).<\/span><\/p>\n<p><strong>\u00d5pilase digip\u00e4devuste osaoskused<\/strong><\/p>\n<ul>\n<li>SUHTLUS (IV - 2.6. Digitaalse identiteedi haldamine)<\/li>\n<li>SISULOOME (IV - 3.1. Digitaalne sisuloome, IV - 3.2. Uue teadmise loomine, IV - 3.3. Autori\u00f5igus ja litsentsid<span style=\"font-weight: 400;\">)<\/span><\/li>\n<\/ul>\n<p><strong>N\u00e4idete autor:<\/strong> Aet Mikli (Laagri Kool)<\/p>\n","protected":false},"excerpt":{"rendered":"<p>N\u00e4ide 1.\u00a0Muusikaloo testide koostamine keskkonnas Learningapps.org M\u00e4rkus: kuna Learningapps.org teste on v\u00f5imalik veebikeskkondadesse vistutada (manustada), siis sobib valmis testide esitamiseks muuhulgas digitaalse arengumapi variant, kuhu v\u00f5ib k\u00f5ik \u00fche suurema teema raames koostatud testid kokku koguda. Digitaalse arengumapi teostamise juhised on leitavad allpool. \u00dclesanne 1. Valikvastustega muusika kuulamise testi koostamine. Sobib k\u00f5igi laiemate teemade puhul. Ettevalmistus: <a class=\"read-more\" href=\"https:\/\/oppevara.edu.ee\/opilood\/oppekava-digipadevuse-naited\/kunstiained\/muusika-gumnaasium\/\">...continue reading <span class=\"meta-nav\">&rarr;<\/span><\/a><\/p>\n","protected":false},"author":2,"featured_media":0,"parent":522,"menu_order":8,"comment_status":"closed","ping_status":"closed","template":"page-templates\/full-width.php","meta":[],"_links":{"self":[{"href":"https:\/\/oppevara.edu.ee\/opilood\/wp-json\/wp\/v2\/pages\/991"}],"collection":[{"href":"https:\/\/oppevara.edu.ee\/opilood\/wp-json\/wp\/v2\/pages"}],"about":[{"href":"https:\/\/oppevara.edu.ee\/opilood\/wp-json\/wp\/v2\/types\/page"}],"author":[{"embeddable":true,"href":"https:\/\/oppevara.edu.ee\/opilood\/wp-json\/wp\/v2\/users\/2"}],"replies":[{"embeddable":true,"href":"https:\/\/oppevara.edu.ee\/opilood\/wp-json\/wp\/v2\/comments?post=991"}],"version-history":[{"count":6,"href":"https:\/\/oppevara.edu.ee\/opilood\/wp-json\/wp\/v2\/pages\/991\/revisions"}],"predecessor-version":[{"id":1477,"href":"https:\/\/oppevara.edu.ee\/opilood\/wp-json\/wp\/v2\/pages\/991\/revisions\/1477"}],"up":[{"embeddable":true,"href":"https:\/\/oppevara.edu.ee\/opilood\/wp-json\/wp\/v2\/pages\/522"}],"wp:attachment":[{"href":"https:\/\/oppevara.edu.ee\/opilood\/wp-json\/wp\/v2\/media?parent=991"}],"curies":[{"name":"wp","href":"https:\/\/api.w.org\/{rel}","templated":true}]}}