{"id":982,"date":"2016-04-06T07:43:55","date_gmt":"2016-04-06T05:43:55","guid":{"rendered":"http:\/\/oppevara.hitsa.ee\/opilood\/?page_id=982"},"modified":"2016-07-26T09:22:04","modified_gmt":"2016-07-26T07:22:04","slug":"inimeseopetus-gumnaasium","status":"publish","type":"page","link":"https:\/\/oppevara.edu.ee\/opilood\/oppekava-digipadevuse-naited\/sotsiaalained\/inimeseopetus-gumnaasium\/","title":{"rendered":"Inimese\u00f5petus &#8211; g\u00fcmnaasium"},"content":{"rendered":"<h2>Kursus: Perekonna\u00f5petus<\/h2>\n<p><b>Teemad: <\/b><span style=\"font-weight: 400;\">Armastuse olemus ja liigid. Tunded ja p\u00fcsisuhe. P\u00fcsisuhtest tulenev vastutus. Suhete loomine. Suhte l\u00f5pp. Armukadedus.<\/span><\/p>\n<p><b>Sissejuhatus. <\/b>\u00d5petaja esitab k\u00fcsimuse ja palub luua s\u00f5napilve, vastates k\u00fcsimusele \"<span style=\"font-weight: 400;\">Mis on armastus?\". S\u00f5napilve loomine, Koolielu t\u00f6\u00f6vahenditest:\u00a0<\/span><a href=\"http:\/\/koolielu.ee\/tools\/read\/176016\"><span style=\"font-weight: 400;\">(nt Koolielu t\u00f6\u00f6vahenditest WorditOut jt)<\/span><\/a><span style=\"font-weight: 400;\">.<\/span><\/p>\n<p><b>\u00dclesanne 1. \u00a0R\u00fchmat\u00f6\u00f6.<\/b><span style=\"font-weight: 400;\"> Loovt\u00f6\u00f6. Mis on armastus? Armastus ja suhted kunstis ja kirjanduses. Suhte p\u00fcsimist soodustavad ja ohustavad tegurid. Armastuse biokeemia. Kuidas armastust hoida? Kui armastus l\u00f5peb? jt teemad, mida \u00f5pilased v\u00f5ivad ka ise v\u00e4lja pakkuda.<\/span><\/p>\n<p><span style=\"font-weight: 400;\"> R\u00fchmade moodustamine n\u00e4iteks <\/span><a href=\"http:\/\/koolielu.ee\/tools\/read\/146507\"><span style=\"font-weight: 400;\">(Teamup jt)<\/span><\/a><span style=\"font-weight: 400;\">.<\/span><\/p>\n<p><b>Koostada teemakohane loovt\u00f6\u00f6<\/b><span style=\"font-weight: 400;\">: video (<\/span><a href=\"http:\/\/koolielu.ee\/tools\/read\/410593\"><span style=\"font-weight: 400;\">Kinemaster<\/span><\/a><span style=\"font-weight: 400;\">, <\/span><a href=\"http:\/\/koolielu.ee\/tools\/read\/479810\"><span style=\"font-weight: 400;\">VideoCollag<\/span><\/a><span style=\"font-weight: 400;\">e jt), animatsioon (<\/span><a href=\"http:\/\/koolielu.ee\/tools\/read\/83687\"><span style=\"font-weight: 400;\">GoAnimate jt)<\/span><\/a><span style=\"font-weight: 400;\">, kollaa\u017e e pildiseeria <\/span><a href=\"http:\/\/koolielu.ee\/tools\/read\/405494\"><span style=\"font-weight: 400;\">(nt InstaCollage Pro)<\/span><\/a><span style=\"font-weight: 400;\">. Esitlus, millele on lisatud tekst (nt\u00a0<\/span><a href=\"http:\/\/koolielu.ee\/tools\/read\/496438\"><span style=\"font-weight: 400;\">Utellstory jt<\/span><\/a><span style=\"font-weight: 400;\">), \u00a0helifaile (<\/span><a href=\"http:\/\/koolielu.ee\/tools\/read\/403153\"><span style=\"font-weight: 400;\">TwistedWave <\/span><\/a><span style=\"font-weight: 400;\">jt), ajaveeb <\/span><a href=\"http:\/\/koolielu.ee\/tools\/?tag=ajaveeb\"><span style=\"font-weight: 400;\">(Blogger jt)<\/span><\/a><span style=\"font-weight: 400;\"> jms. \u00a0<\/span><\/p>\n<p><span style=\"font-weight: 400;\">\u00d5pilased saavad loovt\u00f6\u00f6 t\u00fc\u00fcbi ise valida. \u00a0J\u00e4lgida, et tagatud oleks k\u00f5ik autori\u00f5igustega seonduv (Creative Commons).<\/span><\/p>\n<p><span style=\"font-weight: 400;\">Soovituslikud veebilehed: <\/span><\/p>\n<ul>\n<li><span style=\"font-weight: 400;\"><a href=\"http:\/\/koolielu.ee\/waramu\/view\/1-2080d2e6f7160c84ebbb375f7255de7021f96e42\">http:\/\/koolielu.ee\/waramu\/view\/1-2080d2e6f7160c84ebbb375f7255de7021f96e42<\/a><\/span><\/li>\n<li><span style=\"font-weight: 400;\"><a href=\"http:\/\/www.autor.ee\/autori-oigus\/\">http:\/\/www.autor.ee\/autori-oigus\/<\/a><\/span><\/li>\n<li><span style=\"font-weight: 400;\"><a href=\"http:\/\/www.hkhk.edu.ee\/autorioigus\/index.html\">http:\/\/www.hkhk.edu.ee\/autorioigus\/index.html<\/a><\/span><\/li>\n<li><a href=\"https:\/\/kule.kul.ee\/avalik\/meedia\/Autorioigus\/Autorioigus_kaitseb_loomingulist.pdf\"><span style=\"font-weight: 400;\">https:\/\/kule.kul.ee\/avalik\/meedia\/Autorioigus\/Autorioigus_kaitseb_loomingulist.pdf<\/span><\/a><\/li>\n<\/ul>\n<p><span style=\"font-weight: 400;\">Koolielu t\u00f6\u00f6vahendid <\/span><a href=\"http:\/\/koolielu.ee\/tools\/?tag=video\"><span style=\"font-weight: 400;\">http:\/\/koolielu.ee\/tools\/?tag=video<\/span><\/a><\/p>\n<p><b>\u00dclesanne 2. Loovt\u00f6\u00f6 \u00fcleslaadimine<\/b><span style=\"font-weight: 400;\"> koos m\u00f5nda avalikku videokogusse (nt.<\/span><a href=\"http:\/\/www.youtube.com\"> <span style=\"font-weight: 400;\">http:\/\/www.youtube.com<\/span><\/a><span style=\"font-weight: 400;\">) v\u00f5i \u00f5petaja <\/span><a href=\"http:\/\/koolielu.ee\/tools\/read\/1719\"><span style=\"font-weight: 400;\">(GoogleDrive<\/span><\/a><span style=\"font-weight: 400;\"> v\u00f5i<\/span><a href=\"http:\/\/koolielu.ee\/tools\/?tag=ajaveeb\"><span style=\"font-weight: 400;\"> ajaveeb)<\/span><\/a><span style=\"font-weight: 400;\"> loodud \u00fchisdokumendi kausta.<\/span><\/p>\n<p><b>Loovt\u00f6\u00f6de esitletmine, ettekanded. <\/b><\/p>\n<p><span style=\"font-weight: 400;\">Loovt\u00f6\u00f6de hindamine h\u00e4\u00e4letuskeskkonnas pollina <\/span><a href=\"http:\/\/koolielu.ee\/tools\/read\/201579\"><span style=\"font-weight: 400;\">(nt. socrative.com, )<\/span><\/a><span style=\"font-weight: 400;\"> v\u00f5i kommenteerides \u00a0ajaveebis e blogis (<\/span><a href=\"https:\/\/www.blogger.com\"><span style=\"font-weight: 400;\">https:\/\/www.blogger.com<\/span><\/a><span style=\"font-weight: 400;\">).<\/span><\/p>\n<p><b>Kokkuv\u00f5te, hindamine<\/b><span style=\"font-weight: 400;\">. \u00d5petaja loob r\u00fchma loovt\u00f6\u00f6le<\/span><a href=\"http:\/\/opetaja.edu.ee\/hindamismudelid\/?tegevus=bmudel&amp;avid=47\"> <span style=\"font-weight: 400;\">hindamismudeli<\/span><\/a><span style=\"font-weight: 400;\"> ja ettekande<\/span><a href=\"http:\/\/opetaja.edu.ee\/hindamismudelid\/?tegevus=bmudel&amp;avid=18\"><span style=\"font-weight: 400;\"> hindamismudeli<\/span><\/a><span style=\"font-weight: 400;\">. \u00d5pilased annavad hinnangu enda t\u00f6\u00f6le ja hindavad ka teiste ettekandeid.<\/span><\/p>\n<p><strong>\u00d5pilase digip\u00e4devuste oskused:<\/strong><\/p>\n<ul>\n<li><span style=\"font-weight: 400;\">INFO (IV - 1.1. Info otsimine ja sirvimine, IV - 1.2. Info hindamine, IV - 1.3. Info salvestamine ja taasesitamine<\/span><span style=\"font-weight: 400;\">)<\/span><\/li>\n<li>SUHTLUS (IV - 2.1. Suhtlemine digivahenditega, IV - 2.2. Info ja sisu jagamine, IV - 2.4. Koost\u00f6\u00f6 digitehnoloogia toel, IV - 2.5. Netikett<span style=\"font-weight: 400;\">)<\/span><\/li>\n<li>SISULOOME (IV - 3.1. Digitaalne sisuloome, IV - 3.2. Uue teadmise loomine, IV - 3.3. Autori\u00f5igus ja litsentsid<span style=\"font-weight: 400;\">)<\/span><\/li>\n<li>TURVALISUS (IV - 4.1. Seadmete kaitsmine, IV - 4.2. Isikuandmete kaitsmine<span style=\"font-weight: 400;\">)<\/span><\/li>\n<li>PROBLEEMILAHENDUS (IV - 5.1. Tehniliste probleemide lahendamine, IV - 5.2. Vajaduste v\u00e4ljaselgitamine ja neile tehnoloogiliste lahenduste leidmine, IV - 5.3. Innovatsioon ja tehnoloogia loov kasutamine, IV - 5.4. Digip\u00e4devuse l\u00fcnkade v\u00e4ljaselgitamine)<\/li>\n<\/ul>\n<hr \/>\n<h2>Kursus. Ps\u00fchholoogia<\/h2>\n<h3>N\u00e4ide 1.<\/h3>\n<p><b>Teemad.<\/b><span style=\"font-weight: 400;\"> M\u00e4lu ja \u00f5ppimine. T\u00f6\u00f6m\u00e4lu ja pikaajaline m\u00e4lu. Episoodiline, semantiline ja protseduuriline m\u00e4lu. M\u00e4luprotsessid: salvestamine, meenutamine, unustamine.<\/span><\/p>\n<p><b>Sissejuhatus.<\/b> \u00d5petaja tutvustab loovt\u00f6\u00f6ks sobilikke veebikeskkondi, millega luua videot, veebiseminari v kodulehek\u00fclge.<\/p>\n<p><span style=\"font-weight: 400;\">\u00d5pilased registreerivad valitud teemale \u00f5petaja on loodud<\/span><a href=\"http:\/\/koolielu.ee\/tools\/read\/1719\"> <i><span style=\"font-weight: 400;\">googledrive<\/span><\/i><\/a><span style=\"font-weight: 400;\"> tabeli, kuhu \u00f5pilased saavad m\u00e4rkida enda poolt valitud teemad ja kuhu hiljem lisavad ka valminud loovt\u00f6\u00f6 veebiaadressi ja hinnangud teiste r\u00fchmade t\u00f6\u00f6dele. <\/span><\/p>\n<p><b>Valik teemasid<\/b><span style=\"font-weight: 400;\">: M\u00e4lu, m\u00e4luprotsessid, m\u00e4lutehnikad, m\u00e4lutestid, m\u00e4lu ja \u00f5ppimine, \u00f5ppimise teooriad, unustamine, kuulsad m\u00e4lu uurijad Endel Tulving jt. <\/span><\/p>\n<p><span style=\"font-weight: 400;\">Oluline on t\u00e4helepanu p\u00f6\u00f6rata autori\u00f5igustele ja viitamisele.<\/span><\/p>\n<p><b> \u00dclesanne. 1. <\/b><span style=\"font-weight: 400;\">\u00d5pilased valmistavad r\u00fchmat\u00f6\u00f6na \u00a0ja \u00f5petaja juhendamisel ette valitud teemal loovt\u00f6\u00f6 \u00fclesande. \u00d5pilased v\u00f5ivad loovt\u00f6\u00f6 t\u00fc\u00fcpi ise valida.<\/span><\/p>\n<ol>\n<li style=\"font-weight: 400;\"><span style=\"font-weight: 400;\">\u00d5pilased valmistavad ette veebiseminari <\/span><a href=\"http:\/\/koolielu.ee\/tools\/read\/416009\"><span style=\"font-weight: 400;\">(Zoom jt)<\/span><\/a><span style=\"font-weight: 400;\"> v\u00f5i <\/span><\/li>\n<li style=\"font-weight: 400;\"><span style=\"font-weight: 400;\"> Loovad valitud teemal kodulehek\u00fclje kasutades erinevaid t\u00f6\u00f6vahendeid <\/span><a href=\"http:\/\/koolielu.ee\/tools\/?tag=kodulehek%C3%BClg\"><span style=\"font-weight: 400;\">(Weebly jt)<\/span><\/a><span style=\"font-weight: 400;\">.<\/span><\/li>\n<li style=\"font-weight: 400;\"><span style=\"font-weight: 400;\">\u00d5pilased loovad video kasutades <\/span><a href=\"http:\/\/koolielu.ee\/tools\/read\/411470\"><span style=\"font-weight: 400;\">EDPuzzle <\/span><\/a><span style=\"font-weight: 400;\">, <\/span><a href=\"http:\/\/koolielu.ee\/tools\/read\/479806\"><span style=\"font-weight: 400;\">Zaption<\/span><\/a><span style=\"font-weight: 400;\">, <\/span><a href=\"http:\/\/koolielu.ee\/tools\/read\/353087\"><span style=\"font-weight: 400;\">MyBrainshark<\/span><\/a><\/li>\n<\/ol>\n<p><span style=\"font-weight: 400;\">\u00d5pilased laevad enda loodud video \u00fcles\u00a0<\/span><a href=\"http:\/\/koolielu.ee\/tools\/read\/144381\"><span style=\"font-weight: 400;\">Youtube <\/span><\/a><span style=\"font-weight: 400;\">veebikeskkonda.<\/span><\/p>\n<p><b>\u00dclesanne 2. Loovt\u00f6\u00f6de ettekanded ja hindamine. <\/b><span style=\"font-weight: 400;\">\u00d5pilased tutvuvad \u00fchiskasutuses googledrive dokumendis salvestatud ja jagatud teiste r\u00fchmade loovt\u00f6\u00f6dega, tagasisidestavad ja \u00a0hindavad neid hindamismudeli alusel. \u00d5petaja loodud hindamismudel on laetud \u00fchist\u00f6\u00f6 keskkonda. <\/span><\/p>\n<p><b>\u00dclesanne 3.<\/b><span style=\"font-weight: 400;\"> Testi, \u00f5pim\u00e4ngu koostamine klassile <\/span><a href=\"http:\/\/koolielu.ee\/tools\/?tag=test\"><span style=\"font-weight: 400;\">(Quizizz, Kahoot, Socrative jt)<\/span><\/a><span style=\"font-weight: 400;\">. <\/span><\/p>\n<p><b>Kokkuv\u00f5tted ja hindamine. <\/b><\/p>\n<p><span style=\"font-weight: 400;\">\u00d5petaja loob r\u00fchma loovt\u00f6\u00f6le<\/span><a href=\"http:\/\/opetaja.edu.ee\/hindamismudelid\/?tegevus=bmudel&amp;avid=47\"> <span style=\"font-weight: 400;\">hindamismudeli<\/span><\/a><span style=\"font-weight: 400;\"> ja ettekande<\/span><a href=\"http:\/\/opetaja.edu.ee\/hindamismudelid\/?tegevus=bmudel&amp;avid=18\"><span style=\"font-weight: 400;\"> hindamismudeli<\/span><\/a><span style=\"font-weight: 400;\">. \u00d5pilased annavad hinnangu enda t\u00f6\u00f6le ja hindavad ka teiste ettekandeid.<\/span><\/p>\n<p><strong>\u00d5pilase digip\u00e4devuste oskused:<\/strong><\/p>\n<ul>\n<li><span style=\"font-weight: 400;\">INFO (IV - 1.1. Info otsimine ja sirvimine, IV - 1.2. Info hindamine, IV - 1.3. Info salvestamine ja taasesitamine<\/span><span style=\"font-weight: 400;\">)<\/span><\/li>\n<li>SUHTLUS (IV - 2.1. Suhtlemine digivahenditega, IV - 2.2. Info ja sisu jagamine, IV - 2.4. Koost\u00f6\u00f6 digitehnoloogia toel, IV - 2.5. Netikett, IV - 2.6. Digitaalse identiteedi haldamine<span style=\"font-weight: 400;\">)<\/span><\/li>\n<li>SISULOOME (IV - 3.1. Digitaalne sisuloome, IV - 3.2. Uue teadmise loomine, IV - 3.3. Autori\u00f5igus ja litsentsid<span style=\"font-weight: 400;\">)<\/span><\/li>\n<li>TURVALISUS (IV - 4.1. Seadmete kaitsmine, IV - 4.2. Isikuandmete kaitsmine<span style=\"font-weight: 400;\">)<\/span><\/li>\n<li>PROBLEEMILAHENDUS (IV - 5.1. Tehniliste probleemide lahendamine, IV - 5.2. Vajaduste v\u00e4ljaselgitamine ja neile tehnoloogiliste lahenduste leidmine, IV - 5.3. Innovatsioon ja tehnoloogia loov kasutamine, IV - 5.4. Digip\u00e4devuse l\u00fcnkade v\u00e4ljaselgitamine)<\/li>\n<\/ul>\n<hr \/>\n<h3><b>N\u00e4ide 2. <\/b><\/h3>\n<p><b>Teemad.<\/b><span style=\"font-weight: 400;\"> Vaimne tervis. Stress, depressioon. Kuidas leida abi.<\/span><\/p>\n<p><b>Sissejuhatus.<\/b><span style=\"font-weight: 400;\"> M\u00f5ttekaardi koostamine. Mis on vaimne tervis (Mindomo jt) <\/span><a href=\"http:\/\/koolielu.ee\/tools\/?tag=m%C3%B5ttekaart\"><span style=\"font-weight: 400;\">http:\/\/koolielu.ee\/tools\/?tag=m%C3%B5ttekaart<\/span><\/a><\/p>\n<p><b>\u00dclesanne<\/b><span style=\"font-weight: 400;\">. R\u00fchmat\u00f6\u00f6.\u00a0\u00d5pilased otsivad infot vaimse tervisega seotud veebilehtede ja nutirakenduste kohta ning koostavad <\/span><a href=\"http:\/\/koolielu.ee\/tools\/?tag=esitlus\"><span style=\"font-weight: 400;\">heli ja tekstiga varustatud esitluse<\/span><\/a><span style=\"font-weight: 400;\"> teemal \u201cinfo ja abiv\u00f5imalused vaimse tervise probleemide korral\u201d. \u00a0\u00d5pilased laevad esitluse \u00fcles <\/span><a href=\"http:\/\/koolielu.ee\/tools\/read\/144381\"><span style=\"font-weight: 400;\">Youtube <\/span><\/a><span style=\"font-weight: 400;\">veebikeskkonda.<\/span><\/p>\n<p><span style=\"font-weight: 400;\">\u00d5petaja loob \u00fchist\u00f6\u00f6 dokumendi <\/span><i><span style=\"font-weight: 400;\">G<\/span><\/i><a href=\"http:\/\/koolielu.ee\/tools\/read\/1719\"><i><span style=\"font-weight: 400;\">oogle Drive<\/span><\/i><\/a><span style=\"font-weight: 400;\"> tabeli, kuhu \u00f5pilased saavad m\u00e4rkida enda poolt leitud veebilehtede ja rakenduste viited ja kuhu hiljem lisavad ka valminud loovt\u00f6\u00f6 aadressi. <\/span><\/p>\n<p><span style=\"font-weight: 400;\">Soovituslikke veebilehti: <\/span><\/p>\n<ul>\n<li><span style=\"font-weight: 400;\">Peaasi.ee <\/span><span style=\"font-weight: 400;\"><a href=\"http:\/\/peaasi.ee\/\">http:\/\/peaasi.ee\/<\/a><\/span><\/li>\n<li><span style=\"font-weight: 400;\">Enesetunne.ee <\/span><a href=\"http:\/\/enesetunne.ee\/\"><span style=\"font-weight: 400;\">http:\/\/enesetunne.ee\/<\/span><\/a><\/li>\n<li><span style=\"font-weight: 400;\">Lahendus.net <\/span><a href=\"http:\/\/www.lahendus.net\/est\/mis-on-lahendus.net\"><span style=\"font-weight: 400;\">http:\/\/www.lahendus.net\/est\/mis-on-lahendus.net<\/span><\/a><\/li>\n<li><span style=\"font-weight: 400;\">Lapsemure\u00a0<a href=\"http:\/\/www.lapsemure.ee\/?tutvustus\">http:\/\/www.lapsemure.ee\/?tutvustus<\/a><\/span><\/li>\n<li>Lasteabi\u00a0<a href=\"http:\/\/www.lasteabi.ee\/\"><span style=\"font-weight: 400;\">http:\/\/www.lasteabi.ee\/<\/span><\/a><\/li>\n<\/ul>\n<p><b>Kokkuv\u00f5tted ja hindamine. <\/b><\/p>\n<p><span style=\"font-weight: 400;\">\u00d5petaja loob r\u00fchma loovt\u00f6\u00f6le<\/span><a href=\"http:\/\/opetaja.edu.ee\/hindamismudelid\/?tegevus=bmudel&amp;avid=47\"> <span style=\"font-weight: 400;\">hindamismudeli<\/span><\/a><span style=\"font-weight: 400;\"> ja ettekande<\/span><a href=\"http:\/\/opetaja.edu.ee\/hindamismudelid\/?tegevus=bmudel&amp;avid=18\"><span style=\"font-weight: 400;\"> hindamismudeli<\/span><\/a><span style=\"font-weight: 400;\">. \u00d5pilased annavad hinnangu enda t\u00f6\u00f6le ja hindavad ka teiste ettekandeid.<\/span><\/p>\n<p><strong>\u00d5pilase digip\u00e4devuste oskused:<\/strong><\/p>\n<ul>\n<li><span style=\"font-weight: 400;\">INFO (IV - 1.1. Info otsimine ja sirvimine, IV - 1.2. Info hindamine, IV - 1.3. Info salvestamine ja taasesitamine<\/span><span style=\"font-weight: 400;\">)<\/span><\/li>\n<li>SUHTLUS (IV - 2.1. Suhtlemine digivahenditega, IV - 2.2. Info ja sisu jagamine, IV - 2.4. Koost\u00f6\u00f6 digitehnoloogia toel, IV - 2.5. Netikett, IV - 2.6. Digitaalse identiteedi haldamine<span style=\"font-weight: 400;\">)<\/span><\/li>\n<li>SISULOOME (IV - 3.1. Digitaalne sisuloome, IV - 3.2. Uue teadmise loomine, IV - 3.3. Autori\u00f5igus ja litsentsid<span style=\"font-weight: 400;\">)<\/span><\/li>\n<li>TURVALISUS (IV - 4.1. Seadmete kaitsmine, IV - 4.2. Isikuandmete kaitsmine<span style=\"font-weight: 400;\">)<\/span><\/li>\n<li>PROBLEEMILAHENDUS (IV - 5.1. Tehniliste probleemide lahendamine, IV - 5.2. Vajaduste v\u00e4ljaselgitamine ja neile tehnoloogiliste lahenduste leidmine, IV - 5.3. Innovatsioon ja tehnoloogia loov kasutamine, IV - 5.4. Digip\u00e4devuse l\u00fcnkade v\u00e4ljaselgitamine)<\/li>\n<\/ul>\n<p><strong>Autor:<\/strong> Eva Palk (P\u00e4rnu-Jaagupi G\u00fcmnaasium, P\u00e4rnu \u00dchisg\u00fcmnaasium)<\/p>\n","protected":false},"excerpt":{"rendered":"<p>Kursus: Perekonna\u00f5petus Teemad: Armastuse olemus ja liigid. Tunded ja p\u00fcsisuhe. P\u00fcsisuhtest tulenev vastutus. Suhete loomine. Suhte l\u00f5pp. Armukadedus. Sissejuhatus. \u00d5petaja esitab k\u00fcsimuse ja palub luua s\u00f5napilve, vastates k\u00fcsimusele \"Mis on armastus?\". S\u00f5napilve loomine, Koolielu t\u00f6\u00f6vahenditest:\u00a0(nt Koolielu t\u00f6\u00f6vahenditest WorditOut jt). \u00dclesanne 1. \u00a0R\u00fchmat\u00f6\u00f6. Loovt\u00f6\u00f6. Mis on armastus? Armastus ja suhted kunstis ja kirjanduses. Suhte p\u00fcsimist soodustavad <a class=\"read-more\" href=\"https:\/\/oppevara.edu.ee\/opilood\/oppekava-digipadevuse-naited\/sotsiaalained\/inimeseopetus-gumnaasium\/\">...continue reading <span class=\"meta-nav\">&rarr;<\/span><\/a><\/p>\n","protected":false},"author":2,"featured_media":0,"parent":520,"menu_order":7,"comment_status":"closed","ping_status":"closed","template":"page-templates\/full-width.php","meta":[],"_links":{"self":[{"href":"https:\/\/oppevara.edu.ee\/opilood\/wp-json\/wp\/v2\/pages\/982"}],"collection":[{"href":"https:\/\/oppevara.edu.ee\/opilood\/wp-json\/wp\/v2\/pages"}],"about":[{"href":"https:\/\/oppevara.edu.ee\/opilood\/wp-json\/wp\/v2\/types\/page"}],"author":[{"embeddable":true,"href":"https:\/\/oppevara.edu.ee\/opilood\/wp-json\/wp\/v2\/users\/2"}],"replies":[{"embeddable":true,"href":"https:\/\/oppevara.edu.ee\/opilood\/wp-json\/wp\/v2\/comments?post=982"}],"version-history":[{"count":7,"href":"https:\/\/oppevara.edu.ee\/opilood\/wp-json\/wp\/v2\/pages\/982\/revisions"}],"predecessor-version":[{"id":1471,"href":"https:\/\/oppevara.edu.ee\/opilood\/wp-json\/wp\/v2\/pages\/982\/revisions\/1471"}],"up":[{"embeddable":true,"href":"https:\/\/oppevara.edu.ee\/opilood\/wp-json\/wp\/v2\/pages\/520"}],"wp:attachment":[{"href":"https:\/\/oppevara.edu.ee\/opilood\/wp-json\/wp\/v2\/media?parent=982"}],"curies":[{"name":"wp","href":"https:\/\/api.w.org\/{rel}","templated":true}]}}