{"id":943,"date":"2016-03-29T19:29:37","date_gmt":"2016-03-29T17:29:37","guid":{"rendered":"http:\/\/oppevara.hitsa.ee\/opilood\/?page_id=943"},"modified":"2016-07-25T10:12:12","modified_gmt":"2016-07-25T08:12:12","slug":"uhiskonnaopetus-ii-kooliaste","status":"publish","type":"page","link":"https:\/\/oppevara.edu.ee\/opilood\/oppekava-digipadevuse-naited\/sotsiaalained\/uhiskonnaopetus-ii-kooliaste\/","title":{"rendered":"\u00dchiskonna\u00f5petus &#8211; II kooliaste"},"content":{"rendered":"<h2>6. klass<\/h2>\n<h3>N\u00e4ide: <b>Demokraatliku h\u00e4\u00e4letuse l\u00e4bim\u00e4ng klassiruumis<\/b><\/h3>\n<p><span style=\"font-weight: 400;\">Korraldage ainetunni raames n\u00e4ide demokraatlikest valimistest. \u00d5pilased seavad \u00fcles kandidatuurid ning k\u00f5igil \u00f5pilastel tekib olemasolevaid kanditatuure hinnates ja kommenteerides anda oma p\u00f5hjendatud h\u00e4\u00e4l. H\u00e4\u00e4letuse l\u00e4biviimiseks sobib nt Tricider keskkond. Sama ainetunni raames saab kooli, kohaliku omavalitsuse v\u00f5i riigi n\u00e4itel luua vitruaalsele tahvlile skeemi demokraatliku \u00fchiskonna (v\u00f5i kooli kui demokraatia mudeli) toimimisest - juhtimine, struktuur, seadused, valimis\u00f5igus jne.<\/span><\/p>\n<p><strong>\u00d5pilase digip\u00e4devuste osaoskused<\/strong><\/p>\n<ul>\n<li>INFO (II - 1.3. Info salvestamine ja taasesitamine<span style=\"font-weight: 400;\">)<\/span><\/li>\n<li>SUHTLUS (II - 2.1. Suhtlemine digivahenditega, II - 2.2. Info ja sisu jagamine, II - 2.3. Kodanikuaktiivsus veebis, II - 2.4. Koost\u00f6\u00f6 digitehnoloogia toel, II - 2.5. Netikett, II - 2.6. Digitaalse identiteedi haldamine<span style=\"font-weight: 400;\">)<\/span><\/li>\n<li>SISULOOME (II - 3.1. Digitaalne sisuloome, II - 3.3. Autori\u00f5igus ja litsentsid<span style=\"font-weight: 400;\">)<\/span><\/li>\n<li>TURVALISUS (II - 4.2. Isikuandmete kaitsmine<span style=\"font-weight: 400;\">)<\/span><\/li>\n<li>PROBLEEMILAHENDUS (II - 5.3. Innovatsioon ja tehnoloogia loov kasutamine<span style=\"font-weight: 400;\">)<\/span><\/li>\n<\/ul>\n<p><strong>N\u00e4ite autor:<\/strong> Madli-Maria Naulainen (Kuressaare G\u00fcmnaasium)<\/p>\n","protected":false},"excerpt":{"rendered":"<p>6. klass N\u00e4ide: Demokraatliku h\u00e4\u00e4letuse l\u00e4bim\u00e4ng klassiruumis Korraldage ainetunni raames n\u00e4ide demokraatlikest valimistest. \u00d5pilased seavad \u00fcles kandidatuurid ning k\u00f5igil \u00f5pilastel tekib olemasolevaid kanditatuure hinnates ja kommenteerides anda oma p\u00f5hjendatud h\u00e4\u00e4l. H\u00e4\u00e4letuse l\u00e4biviimiseks sobib nt Tricider keskkond. Sama ainetunni raames saab kooli, kohaliku omavalitsuse v\u00f5i riigi n\u00e4itel luua vitruaalsele tahvlile skeemi demokraatliku \u00fchiskonna (v\u00f5i kooli kui <a class=\"read-more\" href=\"https:\/\/oppevara.edu.ee\/opilood\/oppekava-digipadevuse-naited\/sotsiaalained\/uhiskonnaopetus-ii-kooliaste\/\">...continue reading <span class=\"meta-nav\">&rarr;<\/span><\/a><\/p>\n","protected":false},"author":3,"featured_media":0,"parent":520,"menu_order":8,"comment_status":"closed","ping_status":"closed","template":"page-templates\/full-width.php","meta":[],"_links":{"self":[{"href":"https:\/\/oppevara.edu.ee\/opilood\/wp-json\/wp\/v2\/pages\/943"}],"collection":[{"href":"https:\/\/oppevara.edu.ee\/opilood\/wp-json\/wp\/v2\/pages"}],"about":[{"href":"https:\/\/oppevara.edu.ee\/opilood\/wp-json\/wp\/v2\/types\/page"}],"author":[{"embeddable":true,"href":"https:\/\/oppevara.edu.ee\/opilood\/wp-json\/wp\/v2\/users\/3"}],"replies":[{"embeddable":true,"href":"https:\/\/oppevara.edu.ee\/opilood\/wp-json\/wp\/v2\/comments?post=943"}],"version-history":[{"count":5,"href":"https:\/\/oppevara.edu.ee\/opilood\/wp-json\/wp\/v2\/pages\/943\/revisions"}],"predecessor-version":[{"id":1380,"href":"https:\/\/oppevara.edu.ee\/opilood\/wp-json\/wp\/v2\/pages\/943\/revisions\/1380"}],"up":[{"embeddable":true,"href":"https:\/\/oppevara.edu.ee\/opilood\/wp-json\/wp\/v2\/pages\/520"}],"wp:attachment":[{"href":"https:\/\/oppevara.edu.ee\/opilood\/wp-json\/wp\/v2\/media?parent=943"}],"curies":[{"name":"wp","href":"https:\/\/api.w.org\/{rel}","templated":true}]}}