{"id":91,"date":"2014-10-18T20:27:28","date_gmt":"2014-10-18T20:27:28","guid":{"rendered":"http:\/\/oppevara.hitsa.ee\/opilood\/?page_id=91"},"modified":"2017-01-09T18:18:06","modified_gmt":"2017-01-09T16:18:06","slug":"loodusopetus","status":"publish","type":"page","link":"https:\/\/oppevara.edu.ee\/opilood\/opiloo-struktuur-ja-etapid\/loodusopetus\/","title":{"rendered":"Loo jutustamine"},"content":{"rendered":"<blockquote><p>\u00d5pilased loovad videoloo, mis sisaldab teaduslikku\u00a0l\u00e4henemist ja isiklikku kogemust.<\/p><\/blockquote>\n<h4><strong>Etapid<\/strong><\/h4>\n<ul>\n<li><strong>Valmista ette<\/strong>: \u00f5petaja selgitab \u00f5ppijatele \u00fclesannet, protsessi, ajakava ja hindamist. Moodustatakse r\u00fchmad ning grupid arutavad l\u00e4bi oma esialgse idee.<\/li>\n<li><strong>Uuri ja otsi<\/strong>: \u00f5ppijad uurivad teemat ning vajadusel koguvad t\u00e4iendavat\u00a0infot erinevatest allikatest.<\/li>\n<li><strong>Kaardista ja anal\u00fc\u00fcs<\/strong>i: r\u00fchmad anal\u00fc\u00fcsivad kogutud infot ning teevad selle p\u00f5hjal l\u00f5plikud plaanid videoloo valmimiseks.<\/li>\n<li><strong>Loo<\/strong>: koostatakse multimeedialugu (video, pildiseeria, animatsioon, kollaa\u017e).<\/li>\n<li><strong>K\u00fcsi<\/strong>: videolugu n\u00e4idatakse klassikaaslastele v\u00f5i ekspertidele ning k\u00fcsitakse tagasisidet.<\/li>\n<li><strong>Esitle<\/strong>: valmis lugusid n\u00e4idatakse kaaslastele ning teistele huvigruppidele.<\/li>\n<li><strong>Reflekteeri<\/strong>: \u00f5ppijad v\u00f5ivad reflekteerida oma tegevust p\u00e4rast igat etappi v\u00f5i \u00f5piloo l\u00f5pus. Kasutada v\u00f5ib erinevaid refleksioonimudeleid.<\/li>\n<\/ul>\n<h4><strong>\u00d5piloo n\u00e4ited<\/strong><\/h4>\n<h5>1. Inglise keel, 5. kl. Koostas Ingrid Maadvere (Gustav Adolfi G\u00fcmnaasium)<\/h5>\n<p><img loading=\"lazy\" class=\" wp-image-86 alignleft\" src=\"http:\/\/oppevara.hitsa.ee\/opilood\/wp-content\/uploads\/2014\/10\/loojutustamine.jpg\" alt=\"loojutustamine\" width=\"230\" height=\"230\" srcset=\"https:\/\/oppevara.edu.ee\/opilood\/wp-content\/uploads\/2014\/10\/loojutustamine.jpg 200w, https:\/\/oppevara.edu.ee\/opilood\/wp-content\/uploads\/2014\/10\/loojutustamine-150x150.jpg 150w\" sizes=\"(max-width: 230px) 100vw, 230px\" \/>4. ts\u00fckli \u00fcheks \u00f5pistsenaariumiks on \"Loo jutustamine\". Lugude r\u00e4\u00e4kimine on olnud ajast-aega \u00fcheks p\u00f5nevaks tegevuseks. Tehnoloogia v\u00f5imaldab seda tegevust t\u00e4iendada, tehes n\u00e4iteks video. Videote tegemine on \u00f5pilaste jaoks v\u00e4ga p\u00f5nev ja motiveeriv. Otsustasin seda katsetada 5. klassi inglise keele tunnis. <a href=\"http:\/\/tiigrihypeharidustehnoloog.blogspot.com\/2012\/12\/itec-4-tsukkel-loo-jutustamine.html\" target=\"_blank\">Loe l\u00e4hemalt ...<\/a><\/p>\n<h5>2. Loodus\u00f5petus, 3. kl \"Jutustavad pildid\". Koostas Piret Rusalepp (Kadrina Keskkool). <a href=\"https:\/\/opilood.wordpress.com\/\" target=\"_blank\">Loe edasi<\/a><\/h5>\n<h5><strong>3. Eesti keel, 2. kl \"Luuletuste lavastamine\". Koostas Ene Moppel (V\u00f5ru Kreutzwaldi Kool). <a href=\"http:\/\/vkgluuletused.blogspot.com.ee\/\" target=\"_blank\">Loe edasi<\/a><\/strong><\/h5>\n<h5><strong>4. F\u00fc\u00fcsika, 8. kl. <a href=\"http:\/\/oppevara.hitsa.ee\/opilood\/?page_id=414&amp;preview=true\" target=\"_blank\">Loe edasi<\/a><\/strong><\/h5>\n<h5>5. Programmeerimine l\u00f5imitud matemaatika, eesti keele ja kunsti\u00f5petusega, 5. kl. <a href=\"https:\/\/drive.google.com\/file\/d\/0Bz_TRrxXzvtEMFg3QUxwemlHWWM\/view?usp=sharing\" target=\"_blank\">Loe edasi<\/a><\/h5>\n<h5><strong>6. \u00dchiskonna\u00f5petus, inglise keel, g\u00fcmnaasium. Koostasid Henrik Salum ja Kristjan Salum (Gustav Adolfi G\u00fcmnaasium).<\/strong>\u00a0<a href=\"http:\/\/padlet.com\/ingridmaadvere\/yesevent2015\" target=\"_blank\">Loe edasi<\/a><\/h5>\n<h5>7. \u00d5petajate koolitus. Koostas Anneli Rumm (Eesti Ettev\u00f5tlusk\u00f5rgkool Mainor). <a href=\"https:\/\/docs.google.com\/document\/d\/130CSBgNUPwVDT7lfiFBAjJW-N8zn7Jjj0YP4KP9Z8pE\/edit?usp=sharing\" target=\"_blank\">Loe edasi<\/a><\/h5>\n","protected":false},"excerpt":{"rendered":"<p>\u00d5pilased loovad videoloo, mis sisaldab teaduslikku\u00a0l\u00e4henemist ja isiklikku kogemust. Etapid Valmista ette: \u00f5petaja selgitab \u00f5ppijatele \u00fclesannet, protsessi, ajakava ja hindamist. Moodustatakse r\u00fchmad ning grupid arutavad l\u00e4bi oma esialgse idee. Uuri ja otsi: \u00f5ppijad uurivad teemat ning vajadusel koguvad t\u00e4iendavat\u00a0infot erinevatest allikatest. Kaardista ja anal\u00fc\u00fcsi: r\u00fchmad anal\u00fc\u00fcsivad kogutud infot ning teevad selle p\u00f5hjal l\u00f5plikud plaanid videoloo <a class=\"read-more\" href=\"https:\/\/oppevara.edu.ee\/opilood\/opiloo-struktuur-ja-etapid\/loodusopetus\/\">...continue reading <span class=\"meta-nav\">&rarr;<\/span><\/a><\/p>\n","protected":false},"author":3,"featured_media":0,"parent":273,"menu_order":4,"comment_status":"closed","ping_status":"open","template":"page-templates\/full-width.php","meta":[],"_links":{"self":[{"href":"https:\/\/oppevara.edu.ee\/opilood\/wp-json\/wp\/v2\/pages\/91"}],"collection":[{"href":"https:\/\/oppevara.edu.ee\/opilood\/wp-json\/wp\/v2\/pages"}],"about":[{"href":"https:\/\/oppevara.edu.ee\/opilood\/wp-json\/wp\/v2\/types\/page"}],"author":[{"embeddable":true,"href":"https:\/\/oppevara.edu.ee\/opilood\/wp-json\/wp\/v2\/users\/3"}],"replies":[{"embeddable":true,"href":"https:\/\/oppevara.edu.ee\/opilood\/wp-json\/wp\/v2\/comments?post=91"}],"version-history":[{"count":37,"href":"https:\/\/oppevara.edu.ee\/opilood\/wp-json\/wp\/v2\/pages\/91\/revisions"}],"predecessor-version":[{"id":1713,"href":"https:\/\/oppevara.edu.ee\/opilood\/wp-json\/wp\/v2\/pages\/91\/revisions\/1713"}],"up":[{"embeddable":true,"href":"https:\/\/oppevara.edu.ee\/opilood\/wp-json\/wp\/v2\/pages\/273"}],"wp:attachment":[{"href":"https:\/\/oppevara.edu.ee\/opilood\/wp-json\/wp\/v2\/media?parent=91"}],"curies":[{"name":"wp","href":"https:\/\/api.w.org\/{rel}","templated":true}]}}