{"id":826,"date":"2016-03-19T21:09:45","date_gmt":"2016-03-19T19:09:45","guid":{"rendered":"http:\/\/oppevara.hitsa.ee\/opilood\/?page_id=826"},"modified":"2016-07-25T13:00:11","modified_gmt":"2016-07-25T11:00:11","slug":"inimeseopetus-iii-kooliaste","status":"publish","type":"page","link":"https:\/\/oppevara.edu.ee\/opilood\/oppekava-digipadevuse-naited\/sotsiaalained\/inimeseopetus-iii-kooliaste\/","title":{"rendered":"Inimese\u00f5petus &#8211; III kooliaste"},"content":{"rendered":"<h2>6. klass<\/h2>\n<h3><b>N\u00e4ide 1<\/b><\/h3>\n<p><b>Teemad: Suhtlemine. Suhtlemisvahendid. Verbaalne ja mitteverbaalne suhtlemine. Viisakus. Turvaline ja viisakas suhtlemine interneti vahendusel<\/b><span style=\"font-weight: 400;\">.<\/span><\/p>\n<p><b>Sissejuhatus.<\/b><span style=\"font-weight: 400;\"> \u00d5petaja tutvustab \u00f5pilastele s\u00f5napilve loomise vahendit <\/span><a href=\"http:\/\/koolielu.ee\/tools\/read\/176016\"><span style=\"font-weight: 400;\">WorditOut<\/span><\/a><span style=\"font-weight: 400;\">. <\/span><\/p>\n<p><b>\u00dclesanne 1.<\/b><\/p>\n<ol>\n<li><span style=\"font-weight: 400;\">\u00d5petaja palub \u00f5pilastel lisada s\u00f5napilve m\u00e4rks\u00f5nu, \u00a0milliseid veebip\u00f5hiseid suhtluskeskkondi nad k\u00f5ige enam \u00a0kasutavad.<\/span><\/li>\n<li><span style=\"font-weight: 400;\">\u00d5pilased arutlevad ja teevad kokkuv\u00f5tted enamkasutatavatest keskkondadest.<\/span><\/li>\n<\/ol>\n<p><strong>\u00dclesanne 2. <\/strong><\/p>\n<ol>\n<li><span style=\"font-weight: 400;\">\u00d5pilased kirjutavad veebitahvlile, milliseid probleeme v\u00f5ib internetisuhtlus kaasa tuua. (nt <\/span><a href=\"http:\/\/koolielu.ee\/tools\/?tag=veebitahvel&amp;offset=10\"><span style=\"font-weight: 400;\">Padle<\/span><span style=\"font-weight: 400;\">t v\u00f5i muu Koolielus toodud \u00a0t\u00f6\u00f6vahend) <\/span><\/a><\/li>\n<li><span style=\"font-weight: 400;\">\u00d5pilased arutlevad internetisuhtluse ohtudest.<\/span><\/li>\n<\/ol>\n<p><b>\u00dclesanne 3.\u00a0<\/b><\/p>\n<ol>\n<li style=\"text-align: left;\">\u00d5petaja palub \u00f5pilastel \u00a0avada <a href=\"http:\/\/www.targaltinternetis.ee\/\">Targalt intenetis<\/a> veebilehelt <span style=\"font-weight: 400;\">veebim\u00e4ng <\/span><a href=\"http:\/\/www.targaltinternetis.ee\/nastix\/#\"><span style=\"font-weight: 400;\">Nastix <\/span><\/a><span style=\"font-weight: 400;\">ja valida m\u00e4ngu men\u00fc\u00fcst \u201cSuhtlemine v\u00f5rgus\u201d ning m\u00e4ngida m\u00e4ng l\u00e4bi. <\/span><\/li>\n<li style=\"text-align: left;\"><span style=\"font-weight: 400;\">\u00d5pilased peavad kodut\u00f6\u00f6na koostama testi\/m\u00e4ngu turvalise suhtlemise kohta veebis. N\u00e4iteks sobivad keskkonnad<\/span><a href=\"http:\/\/koolielu.ee\/tools\/read\/4291\"><span style=\"font-weight: 400;\"> Purposegames<\/span><\/a><span style=\"font-weight: 400;\">,<\/span><a href=\"http:\/\/koolielu.ee\/tools\/read\/149438\"> <span style=\"font-weight: 400;\">\u00a0LearningApps<\/span><\/a><span style=\"font-weight: 400;\"> ,<\/span><a href=\"http:\/\/koolielu.ee\/tools\/read\/349995\"> <span style=\"font-weight: 400;\">Kahoot<\/span><\/a><span style=\"font-weight: 400;\">.<\/span><\/li>\n<li style=\"text-align: left;\"><span style=\"font-weight: 400;\">J\u00e4rgmisel tunnil m\u00e4ngitakse \u00f5pilaste loodud m\u00e4nge. <\/span><\/li>\n<\/ol>\n<p><b>\u00dclesanne 4<\/b><span style=\"font-weight: 400;\">. <\/span><\/p>\n<ol>\n<li><span style=\"font-weight: 400;\">\u00d5pilased vaatavad Targalt intenetis lehek\u00fcljel video <\/span><a href=\"http:\/\/noor.targaltinternetis.ee\/videod\/\"><span style=\"font-weight: 400;\">\u201cKodukauplus\u201d.<\/span><\/a><\/li>\n<li><span style=\"font-weight: 400;\">\u00d5pilased kirjutavad veebitahvlile, milliseid internetiohutuse reeglite rikkumisi filmis esines.<\/span><\/li>\n<\/ol>\n<p><strong>\u00d5pilase digip\u00e4devuste oskused:<\/strong><\/p>\n<ul>\n<li><span style=\"font-weight: 400;\">INFO (III - 1.2. Info hindamine, III - 1.3. Info salvestamine ja taasesitamine)<\/span><\/li>\n<li>SUHTLUS (III - 2.1. Suhtlemine digivahenditega, III - 2.2. Info ja sisu jagamine, III - 2.4. Koost\u00f6\u00f6 digitehnoloogia toel, III - 2.5. Netikett<span style=\"font-weight: 400;\">)<\/span><\/li>\n<li>SISULOOME (III - 3.1. Digitaalne sisuloome, III - 3.2. Uue teadmise loomine, III - 3.3. Autori\u00f5igus ja litsentsid<span style=\"font-weight: 400;\">)<\/span><\/li>\n<li>TURVALISUS (III - 4.1. Seadmete kaitsmine, III - 4.2. Isikuandmete kaitsmine<span style=\"font-weight: 400;\">)<\/span><\/li>\n<li>PROBLEEMILAHENDUS (III - 5.2. Vajaduste v\u00e4ljaselgitamine ja neile tehnoloogiliste lahenduste leidmine, III - 5.3. Innovatsioon ja tehnoloogia loov kasutamine)<\/li>\n<\/ul>\n<hr \/>\n<h3><b>N\u00e4ide 2<\/b><\/h3>\n<p><b>Teema: Turvalisus ja privaatsus internetis. <\/b><\/p>\n<p><b>Sissejuhatus<\/b><span style=\"font-weight: 400;\">. \u00d5petaja n\u00e4itab \u00f5pilastele videosid lehek\u00fcljelt <\/span><a href=\"http:\/\/www.pariseltkavoi.ee\/\"><span style=\"font-weight: 400;\">pariseltkavoi.ee,<\/span><\/a><span style=\"font-weight: 400;\"> mis on seotud turvalise interneti ja nutiseadme kasutamisega.<\/span><\/p>\n<p><strong>Tegevusk\u00e4ik:<\/strong><\/p>\n<ol>\n<li style=\"text-align: left;\"><span style=\"font-weight: 400;\">\u00d5petaja moodustab \u00f5pilaste r\u00fchmad kasutades vahendit\u00a0<\/span><a href=\"http:\/\/koolielu.ee\/tools\/read\/146507\"><span style=\"font-weight: 400;\">TeamUp<\/span><\/a>\u00a0vm<span style=\"font-weight: 400;\">. <\/span><\/li>\n<li style=\"text-align: left;\"><span style=\"font-weight: 400;\">R\u00fchmad \u00a0peavad koostama nutiseadme turvalise kasutamisega seotud <\/span><a href=\"http:\/\/koolielu.ee\/tools\/read\/224334\"><span style=\"font-weight: 400;\">QR aardejahi m\u00e4ngu<\/span><\/a><span style=\"font-weight: 400;\"> ja looma oma koostatud m\u00e4ngule ka tagasiside k\u00fcsitluse <\/span><a href=\"http:\/\/koolielu.ee\/tools\/?tag=k%C3%BCsitlus\"><span style=\"font-weight: 400;\">(n\u00e4iteks Strawpoll, Kahoot jt)<\/span><\/a>.<\/li>\n<li style=\"text-align: left;\"><span style=\"font-weight: 400;\">M\u00e4ngitakse r\u00fchmade baasil moodustatud v\u00f5istkondadega QR aardejahi m\u00e4nge. <\/span><\/li>\n<\/ol>\n<p><b>Kokkuv\u00f5te ja hindamine.<\/b><span style=\"font-weight: 400;\"> R\u00fchmade tagasiside m\u00e4ngudele.<\/span><\/p>\n<p><strong>\u00d5pilase digip\u00e4devuste oskused:<\/strong><\/p>\n<ul>\n<li><span style=\"font-weight: 400;\">INFO (III - 1.2. Info hindamine, III - 1.3. Info salvestamine ja taasesitamine)<\/span><\/li>\n<li>SUHTLUS (III - 2.1. Suhtlemine digivahenditega, III - 2.2. Info ja sisu jagamine, III - 2.4. Koost\u00f6\u00f6 digitehnoloogia toel, III - 2.5. Netikett<span style=\"font-weight: 400;\">)<\/span><\/li>\n<li>SISULOOME (III - 3.1. Digitaalne sisuloome, III - 3.2. Uue teadmise loomine, III - 3.3. Autori\u00f5igus ja litsentsid<span style=\"font-weight: 400;\">)<\/span><\/li>\n<li>TURVALISUS (III - 4.1. Seadmete kaitsmine, III - 4.2. Isikuandmete kaitsmine<span style=\"font-weight: 400;\">)<\/span><\/li>\n<li>PROBLEEMILAHENDUS (III - 5.2. Vajaduste v\u00e4ljaselgitamine ja neile tehnoloogiliste lahenduste leidmine, III - 5.3. Innovatsioon ja tehnoloogia loov kasutamine)<\/li>\n<\/ul>\n<hr \/>\n<h2>7. klass<\/h2>\n<h3><b>N\u00e4ide 3<\/b><\/h3>\n<p><b>Teemad: R\u00fchma kuulumine, selle positiivsed ja negatiivsed k\u00fcljed. Hoolivus r\u00fchmas. R\u00fchma surve ja toimetulek sellega. S\u00f5ltumatus, selle olemus. \u00a0<\/b><\/p>\n<p>T\u00f5husad enesekohased ja sotsiaalsed oskused, et v\u00e4ltida riskik\u00e4itumist: emotsioonidega toimetulek, enesetunnetamine, kriitiline m\u00f5tlemine, probleemide lahendamine, suhtlusoskus.<\/p>\n<p><b>Sissejuhatus<\/b><span style=\"font-weight: 400;\">. <\/span>\u00d5petaja esitleb \u00f5pilastele elulise stsenaariumi.<\/p>\n<p><i><span style=\"font-weight: 400;\">Kevadisel koolivaheajal l\u00e4ksid 9. klassi \u00f5pilased reisile Austriasse. Ekskursiooni alguses lepiti kokku reeglid, et k\u00f5ik k\u00e4ituvad vastavalt seadusele.\u00a0Probleemide korral tuleb sellest kohe teatada \u00f5petajatele. Reisi viimasel p\u00e4eval otsustas kamp noori alkoholi tarbida. \u00a0Kevinile ja Saarale\u00a0see ei meeldinud, kuid mindi siiki kambaga kaasa. Joobes noored segasid motellis viibijate \u00f6\u00f6rahu. Teavitati \u00f5petajaid ja politseid. Politseile tuli kirjutada seletuskirjad ja ametiv\u00f5imud m\u00e4\u00e4rasid grupile trahvid. Hommikul ei saanud grupp edasi s\u00f5ita, sest paljudel lastel olid alkoholi tarvitamisest tingitud terviseprobleemid. \u00a0<\/span><\/i><\/p>\n<p>V\u00f5i vaadakse \u00fchiselt videofilmi \"Toomase lugu\" lehek\u00fcljelt\u00a0<a href=\"http:\/\/www.narko.ee\/\">http:\/\/www.narko.ee\/<\/a><\/p>\n<p><b>\u00dclesanne1. <\/b><\/p>\n<ol>\n<li><span style=\"font-weight: 400;\">\u00d5pilased kirjutavad veebitahvlile, v\u00f5i <\/span><a href=\"http:\/\/koolielu.ee\/tools\/read\/176016\"><span style=\"font-weight: 400;\">m\u00e4rks\u00f5napilve,<\/span><\/a><span style=\"font-weight: 400;\"> milliseid probleeme nad loos\/videos leiavad. <\/span><a href=\"http:\/\/koolielu.ee\/tools\/?tag=veebitahvel&amp;offset=10\"><span style=\"font-weight: 400;\">(nt Padlet v\u00f5i muu Koolielus toodud \u00a0t\u00f6\u00f6vahend<\/span><\/a><span style=\"font-weight: 400;\">)<\/span><\/li>\n<li><span style=\"font-weight: 400;\">\u00d5pilased koostavad m\u00f5ttekaardi <\/span><span style=\"font-weight: 400;\"><a href=\"http:\/\/koolielu.ee\/tools\/?tag=m%C3%B5ttekaart\">(Mindomo jt)<\/a>\u00a0teemal \"<\/span><span style=\"font-weight: 400;\">Uimastid ja nende toime tervisele\". \u00d5pilased vastavad k\u00fcsimusele milliseid sotsiaalseid probleeme v\u00f5ib uimastite tarbimine kaasa tuua? <\/span><\/li>\n<li><span style=\"font-weight: 400;\">\u00d5petaja jagab eelnevalt r\u00fchmadele alateemad erinevate uimastite kohta\u00a0(alkohol, kanep, tubakas jt).<\/span><\/li>\n<\/ol>\n<p><b>Kokkuv\u00f5te, hindamine<\/b><\/p>\n<ol>\n<li><span style=\"font-weight: 400;\">\u00d5pilased esitlevad m\u00f5ttekaarte.<\/span><\/li>\n<li><span style=\"font-weight: 400;\">\u00d5petaja loob r\u00fchma m\u00f5ttekaardile <\/span><a href=\"http:\/\/opetaja.edu.ee\/hindamismudelid\/?tegevus=bmudel&amp;avid=47\"><span style=\"font-weight: 400;\">hindamismudeli<\/span><\/a><span style=\"font-weight: 400;\"> ja ettekande<\/span><a href=\"http:\/\/opetaja.edu.ee\/hindamismudelid\/?tegevus=bmudel&amp;avid=18\"><span style=\"font-weight: 400;\"> hindamismudeli<\/span><\/a><span style=\"font-weight: 400;\">. <\/span><\/li>\n<li><span style=\"font-weight: 400;\">\u00d5pilased annavad hinnangu enda t\u00f6\u00f6le ja hindavad ka teiste ettekandeid.<\/span><\/li>\n<\/ol>\n<p><strong>\u00d5pilase digip\u00e4devuste oskused:<\/strong><\/p>\n<ul>\n<li><span style=\"font-weight: 400;\">INFO (III - 1.2. Info hindamine, III - 1.3. Info salvestamine ja taasesitamine)<\/span><\/li>\n<li>SUHTLUS (III - 2.1. Suhtlemine digivahenditega, III - 2.2. Info ja sisu jagamine, III - 2.4. Koost\u00f6\u00f6 digitehnoloogia toel, III - 2.5. Netikett<span style=\"font-weight: 400;\">)<\/span><\/li>\n<li>SISULOOME (III - 3.1. Digitaalne sisuloome, III - 3.2. Uue teadmise loomine, III - 3.3. Autori\u00f5igus ja litsentsid<span style=\"font-weight: 400;\">)<\/span><\/li>\n<li>TURVALISUS (III - 4.1. Seadmete kaitsmine, III - 4.2. Isikuandmete kaitsmine<span style=\"font-weight: 400;\">)<\/span><\/li>\n<li>PROBLEEMILAHENDUS (III - 5.2. Vajaduste v\u00e4ljaselgitamine ja neile tehnoloogiliste lahenduste leidmine, III - 5.3. Innovatsioon ja tehnoloogia loov kasutamine)<\/li>\n<\/ul>\n<hr \/>\n<h2>8. klass<\/h2>\n<h3><b>N\u00e4ide 4<\/b><\/h3>\n<p><b>Teema: Murdeiga. Turvalisus<\/b><\/p>\n<p><b>Sissejuhatus. \u00d5petaja esitleb \u00f5pilastele elulise \u00a0stsenaariumi ja k\u00fcsimused.<\/b><\/p>\n<p><i><span style=\"font-weight: 400;\">Kati \u00a0ja J\u00fcri on armunud. Nad k\u00e4ivad k\u00e4sik\u00e4es pidudel ja kinos. Kord kui J\u00fcri Kati koju saatis, siis nad embasid ja suudlesid esimest korda. N\u00fc\u00fcd on Kati v\u00e4ga mures, sest ta kardab, et on \u00e4kki nakatunud HIVi. Ta ei julge sellest kellelegi r\u00e4\u00e4kida. Kas Kati mure on p\u00f5hjendatud?<\/span><\/i><\/p>\n<p>\u00d5petaja esitab <a href=\"http:\/\/koolielu.ee\/tools\/read\/349995\">Kahhoot <\/a>vahendiga stsenaariumi kohta loodud v\u00e4ited \u00f5pilaste eelteadmiste konrolliks.\u00a0<span style=\"font-weight: 400;\">Kas v\u00e4ide on t\u00f5ene v\u00f5i v\u00e4\u00e4r? <\/span><\/p>\n<ol>\n<li><span style=\"font-weight: 400;\"> Kati mure on p\u00f5hjendatud.<\/span><\/li>\n<li><span style=\"font-weight: 400;\"> Kati mure ei ole p\u00f5hjendatud. <\/span><\/li>\n<\/ol>\n<p><span style=\"font-weight: 400;\">\u00d5pilaste arutelu. Miks Kati mure ei ole p\u00f5hjendatud.<\/span><\/p>\n<p><b>\u00dclesanne1. \u00a0<\/b>Milliselt veebilehelt leiab usaldusv\u00e4\u00e4rset tervisealast infot ja n\u00f5uandeid?<\/p>\n<ol>\n<li style=\"text-align: left;\"><span style=\"font-weight: 400;\">\u00d5petaja suunab \u00f5pilased otsima internetist infot STLH sh HIV teemal tutvustades eelnevalt m\u00f5nda v\u00f5tet (n\u00e4iteks s\u00f5na jutum\u00e4rkides), kuidas paremini kasutada Google otsingumootorit.<\/span><\/li>\n<li style=\"text-align: left;\"><span style=\"font-weight: 400;\">\u00d5pilased peavad kirjutama<\/span><a href=\"http:\/\/koolielu.ee\/tools\/?tag=veebitahvel&amp;offset=10\"><span style=\"font-weight: 400;\"> veebitahvlile (Padelet jm)<\/span><\/a><span style=\"font-weight: 400;\"> leitud infoallikate aadressid ja neid tutvustama. <\/span><\/li>\n<li style=\"text-align: left;\"><span style=\"font-weight: 400;\">\u00d5pilased arutlevad, kuidas hinnata infoaallika \u00a0usaldusv\u00e4\u00e4rsust.<\/span><\/li>\n<\/ol>\n<p><b>\u00dclesanne2. <\/b><span style=\"font-weight: 400;\">Loo r\u00fchmat\u00f6\u00f6na m\u00f5istekaart ja looge sisu vastavalt oma alateemale.<\/span><\/p>\n<ol>\n<li style=\"text-align: left;\"><span style=\"font-weight: 400;\">\u00d5petaja jagab eelnevalt r\u00fchmadele alateemad (HIV levikuviisid, HIV ennetamine, kondoomi \u00f5ige kasutamine, gonorr\u00f6a jt STLH).<\/span><\/li>\n<li style=\"text-align: left;\"><span style=\"font-weight: 400;\">\u00d5pilased peavad lisaks m\u00e4rks\u00f5nadele lisama ka oma alateema l\u00f5ikes \u00fche sobiva pildi v\u00f5i \u00a0video (p\u00f6\u00f6ra t\u00e4helepanu viitamisele). \u00dchisloomeks v\u00f5ib kasutada veebp\u00f5hiseid m\u00f5istekaardi loomise keskkondi (nt<\/span><a href=\"https:\/\/www.mindmeister.com\/\"> <span style=\"font-weight: 400;\">MindMeister<\/span><\/a><span style=\"font-weight: 400;\">,<\/span><a href=\"http:\/\/mind42.com\/\"> <span style=\"font-weight: 400;\">Mind24<\/span><\/a><span style=\"font-weight: 400;\">).<\/span><\/li>\n<\/ol>\n<p style=\"text-align: left;\"><span style=\"font-weight: 400;\">Soovituslikud veebilehed: <\/span><span style=\"font-weight: 400;\"><a href=\"http:\/\/www.hiv.ee\/\">http:\/\/www.hiv.ee\/<\/a>,\u00a0<\/span><a href=\"https:\/\/www.amor.ee\/rasedusest-ja-nakkustest-hoidumine\/STLI\/\"><span style=\"font-weight: 400;\">https:\/\/www.amor.ee\/rasedusest-ja-nakkustest-hoidumine\/STLI\/<\/span><\/a><\/p>\n<p><b>Kokkuv\u00f5te, hindamine<\/b><\/p>\n<ol>\n<li style=\"text-align: left;\"><span style=\"font-weight: 400;\">\u00d5pilased esitlevad m\u00f5ttekaarte.\u00a0<\/span><\/li>\n<li style=\"text-align: left;\"><span style=\"font-weight: 400;\">\u00d5petaja loob r\u00fchma m\u00f5ttekaardile <\/span><a href=\"http:\/\/opetaja.edu.ee\/hindamismudelid\/?tegevus=bmudel&amp;avid=47\"><span style=\"font-weight: 400;\">hindamismudeli<\/span><\/a><span style=\"font-weight: 400;\"> ja ettekande<\/span><a href=\"http:\/\/opetaja.edu.ee\/hindamismudelid\/?tegevus=bmudel&amp;avid=18\"><span style=\"font-weight: 400;\"> hindamismudeli<\/span><\/a>.<\/li>\n<li style=\"text-align: left;\"><span style=\"font-weight: 400;\">\u00d5pilased annavad hinnangu enda t\u00f6\u00f6le ja hindavad ka teiste ettekandeid.<\/span><\/li>\n<\/ol>\n<p><strong>\u00d5pilase digip\u00e4devuste oskused:<\/strong><\/p>\n<ul>\n<li><span style=\"font-weight: 400;\">INFO (III - 1.2. Info hindamine, III - 1.3. Info salvestamine ja taasesitamine)<\/span><\/li>\n<li>SUHTLUS (III - 2.1. Suhtlemine digivahenditega, III - 2.2. Info ja sisu jagamine, III - 2.4. Koost\u00f6\u00f6 digitehnoloogia toel, III - 2.5. Netikett<span style=\"font-weight: 400;\">)<\/span><\/li>\n<li>SISULOOME (III - 3.1. Digitaalne sisuloome, III - 3.2. Uue teadmise loomine, III - 3.3. Autori\u00f5igus ja litsentsid<span style=\"font-weight: 400;\">)<\/span><\/li>\n<li>TURVALISUS (III - 4.1. Seadmete kaitsmine, III - 4.2. Isikuandmete kaitsmine<span style=\"font-weight: 400;\">)<\/span><\/li>\n<li>PROBLEEMILAHENDUS (III - 5.2. Vajaduste v\u00e4ljaselgitamine ja neile tehnoloogiliste lahenduste leidmine, III - 5.3. Innovatsioon ja tehnoloogia loov kasutamine)<\/li>\n<\/ul>\n<hr \/>\n<h3><b>N\u00e4ide 5 <\/b><\/h3>\n<p><b>Teemad: <\/b><b>Tervisealased infoallikad ja teenused. Tervise infoallikate usaldusv\u00e4\u00e4rsus. K\u00e4itumine kriisiolukorras. Abistamine, abi otsimine ja leidmine. Levinumad riskik\u00e4itumise liigid. Riskik\u00e4itumise m\u00f5ju inimese tervisele ja toimetulekule. T\u00f5husad enesekohased ja sotsiaalsed oskused riskik\u00e4itumisega toimetulekul.<\/b><\/p>\n<p><b>Sissejuhatus<\/b><span style=\"font-weight: 400;\">. <\/span>\u00d5petaja esitleb \u00f5pilastele elulise \u00a0stsenaariumi.<\/p>\n<p><i><span style=\"font-weight: 400;\">Sandra\u00a0ja Kaileen tutvusid peol Aare ja Madisega. Poisid tantsisid h\u00e4sti ja \u00fcle\u00fcldse olid lahedad. Peale pidu kutsus Aare t\u00fcdrukuid oma autosse istuma. Ta lubas t\u00fcdrukuid s\u00f5idutada ja kuidagi \u00f6\u00f6klubisse sisse sehkendada, sest t\u00fcdrukud polnud veel 18. Sandra ei tahtnud h\u00e4sti minna, sest talle tundus, et Aare on natuke purjus. Kaileen k\u00e4is s\u00f5brannale peale ja koos istutigi autosse. Autos pakkus Madis \u00a0t\u00fcdrukutele mingeid tablette, mis pidid siidriga segatuna eriti hea tuju tegema. Kaileen loputaski tableti siidrilonksuga alla vaatamata Sandra keelitamisele, seda mitte teha. Aare k\u00e4ivitas auto ja hakkas s\u00f5itma.<\/span><\/i><\/p>\n<p><b>\u00dclesanne 1<\/b><span style=\"font-weight: 400;\">: Mida \u00fctleb seadus? Milliste seaduste vastu juhtumis eksiti?<\/span><\/p>\n<ol>\n<li><span style=\"font-weight: 400;\">Paarist\u00f6\u00f6 v\u00f5i r\u00fchmat\u00f6\u00f6: \u00d5pilased loovad GoogleDrive keskkonda \u00fchisdokumendi. <\/span><\/li>\n<li><span style=\"font-weight: 400;\">\u00d5pilased otsivad internetist infot seaduste kohta, mis reguleerivad noorte uimastitarbimist ja postitavad leitud info ja info algallika (veebiaadressi) GoogleDrive keskkonda loodud \u00fchisdokumenti. (<\/span><a href=\"http:\/\/koolielu.ee\/tools\/read\/1719\"><span style=\"font-weight: 400;\">http:\/\/koolielu.ee\/tools\/read\/1719<\/span><\/a><span style=\"font-weight: 400;\">)<\/span><\/li>\n<li><span style=\"font-weight: 400;\">\u00d5pilased postitavad \u00fchisdokumenti \u00a0juhtumi j\u00e4reldused ja anal\u00fc\u00fcsi ja leitud \u00f5igusaktid, mis reguleerivad uimastitarbimisega seotud k\u00e4itumist<strong> j\u00e4rgmiste k\u00fcsimuste alusel:<\/strong><\/span><\/li>\n<\/ol>\n<ul>\n<li><span style=\"font-weight: 400;\">Mida saanuks teha, et juhtunut ennetada?<\/span><\/li>\n<li style=\"font-weight: 400;\"><span style=\"font-weight: 400;\">Kuidas k\u00e4ituda kehtestavalt ja \u00f6elda EI kui pakutakse uimasteid?<\/span><\/li>\n<li style=\"font-weight: 400;\"><span style=\"font-weight: 400;\">Milliste seaduste ja \u00f5igusaktide vastu noored eksisid.<\/span><\/li>\n<\/ul>\n<p><b>\u00dclesanne 2<\/b><span style=\"font-weight: 400;\">: <\/span><\/p>\n<ol>\n<li><span style=\"font-weight: 400;\">\u00d5pilased kirjutavad loole l\u00f5pu m\u00f5ne \u00fchist\u00f6\u00f6 vahendiga, mille nad\u00a0ise valivad (Piratepad, Titanpad vm).<\/span><\/li>\n<li><span style=\"font-weight: 400;\">\u00d5pilased esitlevad r\u00fchmat\u00f6id.\u00a0<\/span><\/li>\n<\/ol>\n<p><b>Kokkuv\u00f5tted ja hindamine<\/b><\/p>\n<ol>\n<li><span style=\"font-weight: 400;\">\u00d5petaja loob r\u00fchma \u00fchist\u00f6\u00f6le <\/span><a href=\"http:\/\/opetaja.edu.ee\/hindamismudelid\/?tegevus=bmudel&amp;avid=47\"><span style=\"font-weight: 400;\">hindamismudeli<\/span><\/a><span style=\"font-weight: 400;\"> ja ettekande<\/span><a href=\"http:\/\/opetaja.edu.ee\/hindamismudelid\/?tegevus=bmudel&amp;avid=18\"><span style=\"font-weight: 400;\"> hindamismudeli<\/span><\/a>.<\/li>\n<li><span style=\"font-weight: 400;\">\u00d5pilased annavad hinnangu enda t\u00f6\u00f6le ja hindavad ka teiste ettekandeid.<\/span><\/li>\n<\/ol>\n<p><strong>\u00d5pilase digip\u00e4devuste oskused:<\/strong><\/p>\n<ul>\n<li><span style=\"font-weight: 400;\">INFO (III - 1.2. Info hindamine, III - 1.3. Info salvestamine ja taasesitamine)<\/span><\/li>\n<li>SUHTLUS (III - 2.1. Suhtlemine digivahenditega, III - 2.2. Info ja sisu jagamine, III - 2.4. Koost\u00f6\u00f6 digitehnoloogia toel, III - 2.5. Netikett<span style=\"font-weight: 400;\">)<\/span><\/li>\n<li>SISULOOME (III - 3.1. Digitaalne sisuloome, III - 3.2. Uue teadmise loomine, III - 3.3. Autori\u00f5igus ja litsentsid<span style=\"font-weight: 400;\">)<\/span><\/li>\n<li>TURVALISUS (III - 4.2. Isikuandmete kaitsmine<span style=\"font-weight: 400;\">)<\/span><\/li>\n<li>PROBLEEMILAHENDUS (III - 5.2. Vajaduste v\u00e4ljaselgitamine ja neile tehnoloogiliste lahenduste leidmine, III - 5.3. Innovatsioon ja tehnoloogia loov kasutamine)<\/li>\n<\/ul>\n<p><strong>N\u00e4idete autor:<\/strong> Eva Palk (P\u00e4rnu-Jaagupi G\u00fcmnaasium, P\u00e4rnu \u00dchisg\u00fcmnaasium)<\/p>\n","protected":false},"excerpt":{"rendered":"<p>6. klass N\u00e4ide 1 Teemad: Suhtlemine. Suhtlemisvahendid. Verbaalne ja mitteverbaalne suhtlemine. Viisakus. Turvaline ja viisakas suhtlemine interneti vahendusel. Sissejuhatus. \u00d5petaja tutvustab \u00f5pilastele s\u00f5napilve loomise vahendit WorditOut. \u00dclesanne 1. \u00d5petaja palub \u00f5pilastel lisada s\u00f5napilve m\u00e4rks\u00f5nu, \u00a0milliseid veebip\u00f5hiseid suhtluskeskkondi nad k\u00f5ige enam \u00a0kasutavad. \u00d5pilased arutlevad ja teevad kokkuv\u00f5tted enamkasutatavatest keskkondadest. \u00dclesanne 2. \u00d5pilased kirjutavad veebitahvlile, milliseid probleeme <a class=\"read-more\" href=\"https:\/\/oppevara.edu.ee\/opilood\/oppekava-digipadevuse-naited\/sotsiaalained\/inimeseopetus-iii-kooliaste\/\">...continue reading <span class=\"meta-nav\">&rarr;<\/span><\/a><\/p>\n","protected":false},"author":2,"featured_media":0,"parent":520,"menu_order":6,"comment_status":"closed","ping_status":"closed","template":"page-templates\/full-width.php","meta":[],"_links":{"self":[{"href":"https:\/\/oppevara.edu.ee\/opilood\/wp-json\/wp\/v2\/pages\/826"}],"collection":[{"href":"https:\/\/oppevara.edu.ee\/opilood\/wp-json\/wp\/v2\/pages"}],"about":[{"href":"https:\/\/oppevara.edu.ee\/opilood\/wp-json\/wp\/v2\/types\/page"}],"author":[{"embeddable":true,"href":"https:\/\/oppevara.edu.ee\/opilood\/wp-json\/wp\/v2\/users\/2"}],"replies":[{"embeddable":true,"href":"https:\/\/oppevara.edu.ee\/opilood\/wp-json\/wp\/v2\/comments?post=826"}],"version-history":[{"count":7,"href":"https:\/\/oppevara.edu.ee\/opilood\/wp-json\/wp\/v2\/pages\/826\/revisions"}],"predecessor-version":[{"id":1418,"href":"https:\/\/oppevara.edu.ee\/opilood\/wp-json\/wp\/v2\/pages\/826\/revisions\/1418"}],"up":[{"embeddable":true,"href":"https:\/\/oppevara.edu.ee\/opilood\/wp-json\/wp\/v2\/pages\/520"}],"wp:attachment":[{"href":"https:\/\/oppevara.edu.ee\/opilood\/wp-json\/wp\/v2\/media?parent=826"}],"curies":[{"name":"wp","href":"https:\/\/api.w.org\/{rel}","templated":true}]}}