{"id":699,"date":"2016-03-19T13:10:28","date_gmt":"2016-03-19T11:10:28","guid":{"rendered":"http:\/\/oppevara.hitsa.ee\/opilood\/?page_id=699"},"modified":"2016-07-25T11:42:53","modified_gmt":"2016-07-25T09:42:53","slug":"geograafia-iii-kooliaste","status":"publish","type":"page","link":"https:\/\/oppevara.edu.ee\/opilood\/oppekava-digipadevuse-naited\/loodusained\/geograafia-iii-kooliaste\/","title":{"rendered":"Geograafia &#8211; III kooliaste"},"content":{"rendered":"<h1>7. klass<\/h1>\n<h3><b>N\u00e4ide 1. Kaardi\u00f5petus<\/b><\/h3>\n<p><b>TEEMA: Interaktiivse kaardi koostamine teemal \u201dMinu unistuste reis\u201d<\/b><\/p>\n<ol>\n<li><span style=\"font-weight: 400;\">Vali v\u00e4lja sind huvitav piirkond (riik\/riigid), mida soovid iseloomustada. <\/span><\/li>\n<li><span style=\"font-weight: 400;\">Vali sobiv kaarditarkvara (nt <\/span><a href=\"https:\/\/maps.google.com\/\"><span style=\"font-weight: 400;\">Google Maps<\/span><\/a><span style=\"font-weight: 400;\">, <\/span><a href=\"https:\/\/www.arcgis.com\/home\/\"><span style=\"font-weight: 400;\">ArcGis Online<\/span><\/a><span style=\"font-weight: 400;\">, <\/span><a href=\"https:\/\/earth.google.com\/\"><span style=\"font-weight: 400;\">Google Earth<\/span><\/a><span style=\"font-weight: 400;\">).<\/span><\/li>\n<li><span style=\"font-weight: 400;\">Leia objektidele geograafiliselt \u00f5ige asukoht. Lisa asukoha marker ning seo sellega pildid ja objektide kirjeldused.<\/span><\/li>\n<\/ol>\n<p><strong>Digip\u00e4devuste osaoskused:<\/strong><\/p>\n<ul>\n<li style=\"font-weight: 400;\"><span style=\"font-weight: 400;\">INFO (III - 1.1. Info otsimine ja sirvimine, III - 1.2. Info hindamine, III - 1.3. Info salvestamine ja taasesitamine)<\/span><\/li>\n<li style=\"font-weight: 400;\"><span style=\"font-weight: 400;\">SUHTLUS (III - 2.2. Info ja sisu jagamine, III - 2.5. Netikett, III - 2.6. Digitaalse identiteedi haldamine)<\/span><\/li>\n<li style=\"font-weight: 400;\"><span style=\"font-weight: 400;\">SISULOOME (III - 3.1. Digitaalne sisuloome, III - 3.2. Uue teadmise loomine, III - 3.3. Autori\u00f5igus ja litsentsid)<\/span><\/li>\n<\/ul>\n<hr \/>\n<h3><b>N\u00e4ide 2. Geoloogia, pinnamood, kaardi\u00f5petus<\/b><\/h3>\n<p><b>TEEMA: Praktiline t\u00f6\u00f6 \u00f5ues Loquiz \u00e4ppi abil<\/b><\/p>\n<p><span style=\"font-weight: 400;\">\u00d5petaja koostab nt rakenduses <\/span><a href=\"http:\/\/loquiz.com\/\"><span style=\"font-weight: 400;\">Loquiz<\/span><\/a><span style=\"font-weight: 400;\"> \u00f5ues\u00f5ppe raja, kus \u00f5pilastel on v\u00f5imalik lahendada erinevaid praktilisi \u00fclesandeid (n\u00f5lva kalde m\u00f5\u00f5tmine, n\u00f5lva k\u00f5rguse m\u00f5\u00f5tmine, sammupaariga vahemaa m\u00f5\u00f5tmine, kivimite m\u00e4\u00e4ramine, pilveliikide m\u00e4\u00e4ramine, taimede\/loomade liikide m\u00e4\u00e4ramine). \u00a0Soovitav on lisada \u00f5pperaja l\u00e4bimise kohta pilte.<\/span><\/p>\n<p style=\"text-align: left;\"><span style=\"font-weight: 400;\">Praktiliste \u00fclesannete abimaterjali leiab nt kodulehek\u00fcljelt <\/span><a href=\"https:\/\/katrimope.wordpress.com\/\"><span style=\"font-weight: 400;\">https:\/\/katrimope.wordpress.com\/<\/span><\/a><span style=\"font-weight: 400;\"> (autor Katri Mirski).<\/span><\/p>\n<p><span style=\"font-weight: 400;\">Soovitav on kasutada erinevaid digitaalseid m\u00e4\u00e4rajad (nt pilveatlas, samblike m\u00e4\u00e4raja, eesti floora).<\/span><\/p>\n<p><strong>Digip\u00e4devuste osaoskused:<\/strong><\/p>\n<ul>\n<li style=\"font-weight: 400;\"><span style=\"font-weight: 400;\">INFO (III - 1.1. Info otsimine ja sirvimine, III - 1.2. Info hindamine, III - 1.3. Info salvestamine ja taasesitamine)<\/span><\/li>\n<li style=\"font-weight: 400;\"><span style=\"font-weight: 400;\">SUHTLUS (III - 2.4. Koost\u00f6\u00f6 digitehnoloogia toel, III - 2.6. Digitaalse identiteedi haldamine)<\/span><\/li>\n<li style=\"font-weight: 400;\"><span style=\"font-weight: 400;\">SISULOOME (III - 3.2. Uue teadmise loomine)<\/span><\/li>\n<\/ul>\n<hr \/>\n<h2>8. klass<\/h2>\n<h3><b>N\u00e4ide 1. Loodusv\u00f6\u00f6ndid<\/b><\/h3>\n<p><span style=\"font-weight: 400;\">Koosta \u00fche loodusv\u00f6\u00f6ndi kohta ideekaart. Lisa kindlasti oma ideekaarti antud loodusv\u00f6\u00f6ndi: asend,\u00a0kliima, mullad, taimed, loomad, inimetegevus, olulisemad m\u00f5isted. \u00c4ra unusta lisada pilte. Ideekaardi v<\/span><span style=\"font-weight: 400;\">\u00f5ib teha ka paarist\u00f6\u00f6na.<\/span><\/p>\n<p><span style=\"font-weight: 400;\">Soovitatav keskkond nt <\/span><a href=\"https:\/\/www.spiderscribe.net\/\"><span style=\"font-weight: 400;\">https:\/\/www.spiderscribe.net\/<\/span><\/a><\/p>\n<p><strong>Digip\u00e4devuste osaoskused:<\/strong><\/p>\n<ul>\n<li style=\"font-weight: 400;\"><span style=\"font-weight: 400;\">INFO (III - 1.1. Info otsimine ja sirvimine, III - 1.2. Info hindamine, III - 1.3. Info salvestamine ja taasesitamine)<\/span><\/li>\n<li style=\"font-weight: 400;\"><span style=\"font-weight: 400;\">SUHTLUS (III - 2.1. Suhtlemine digivahenditega, III - 2.2. Info ja sisu jagamine, III - 2.4. Koost\u00f6\u00f6 digitehnoloogia toel, III - 2.6. Digitaalse identiteedi haldamine<\/span><span style=\"font-weight: 400;\">)<\/span><\/li>\n<li style=\"font-weight: 400;\"><span style=\"font-weight: 400;\">SISULOOME (III - 3.1. Digitaalne sisuloome, III - 3.2. Uue teadmise loomine, III - 3.3. Autori\u00f5igus ja litsentsid)<\/span><\/li>\n<\/ul>\n<hr \/>\n<h3><b>N\u00e4ide 2. Kliima<\/b><\/h3>\n<p><b>TEEMA: Kliimadiagrammi koostamine<\/b><\/p>\n<p style=\"text-align: left;\"><span style=\"font-weight: 400;\">Koosta kliimadiagramm temperatuuri ja sademete kohta Excelis ette antud aasta andmete p\u00f5hjal. <\/span><a href=\"http:\/\/www.ilmateenistus.ee\/kliima\/kuukokkuvotted\/\"><span style=\"font-weight: 400;\">http:\/\/www.ilmateenistus.ee\/kliima\/kuukokkuvotted\/<\/span><\/a><\/p>\n<p style=\"text-align: left;\"><span style=\"font-weight: 400;\">Laadige oma kliimadiagrammid veebitahvlile Padlet\u00a0<\/span><a href=\"http:\/\/koolielu.ee\/tools\/read\/29174\" target=\"_blank\"><span style=\"font-weight: 400;\">(http:\/\/koolielu.ee\/tools\/read\/29174)\u00a0<\/span><\/a><span style=\"font-weight: 400;\">ja v\u00f5rrelge erinevate aastate andmeid.<\/span><\/p>\n<p><span style=\"font-weight: 400;\">Digip\u00e4devuste osaoskused:<\/span><\/p>\n<ul>\n<li style=\"font-weight: 400;\"><span style=\"font-weight: 400;\">INFO (III - 1.1. Info otsimine ja sirvimine, III - 1.3. Info salvestamine ja taasesitamine)<\/span><\/li>\n<li style=\"font-weight: 400;\"><span style=\"font-weight: 400;\">SUHTLUS (III - 2.1. Suhtlemine digivahenditega, III - 2.2. Info ja sisu jagamine, III - 2.4. Koost\u00f6\u00f6 digitehnoloogia toel, III - 2.6. Digitaalse identiteedi haldamine<\/span><span style=\"font-weight: 400;\">)<\/span><\/li>\n<li style=\"font-weight: 400;\"><span style=\"font-weight: 400;\">SISULOOME (III - 3.1. Digitaalne sisuloome, III - 3.2. Uue teadmise loomine, III - 3.3. Autori\u00f5igus ja litsentsid)<\/span><\/li>\n<\/ul>\n<hr \/>\n<h2>9. klass<\/h2>\n<h3><b>N\u00e4ide 1. Rahvastik<\/b><\/h3>\n<ol>\n<li><span style=\"font-weight: 400;\">Koosta interaktiivse kaardi kujul l\u00fchiuurimus koduasulast. <\/span><\/li>\n<li><span style=\"font-weight: 400;\">Kasuta veebikeskkondi oma koduasulast sobiva aluspildi v\u00f5i kaardi leidmisel. \u00a0<\/span><\/li>\n<li><span style=\"font-weight: 400;\">Kasuta nt Google Maps keskkonda ja Street Viewd. \u00a0\u00a0<\/span><\/li>\n<li><span style=\"font-weight: 400;\">Vali olulisemad objektid valitud asula pildil v\u00f5i kaardil ja leia nende kohta infot, linke. \u00a0<\/span><\/li>\n<li><span style=\"font-weight: 400;\">Vormista t\u00f6\u00f6 keskkonnas Thinglink (piltide lisamise ja neile info ning linkide lisamise keskkond).<\/span><\/li>\n<li><span style=\"font-weight: 400;\">Esitle t\u00f6\u00f6d kaas\u00f5pilastele.<\/span><\/li>\n<\/ol>\n<p style=\"text-align: left;\"><span style=\"font-weight: 400;\">T\u00e4psemad t\u00f6\u00f6juhendid ja \u00f5pilood aadressil <\/span><b><a href=\"http:\/\/oppevara.hitsa.ee\/geograafia\/\">http:\/\/oppevara.hitsa.ee\/geograafia\/<\/a><\/b>\u00a0(Autor: Reet Tuisk)<\/p>\n<p><strong>Digip\u00e4devuste osaoskused:<\/strong><\/p>\n<ul>\n<li style=\"font-weight: 400;\"><span style=\"font-weight: 400;\">INFO (III - 1.1. Info otsimine ja sirvimine, III - 1.2. Info hindamine, III - 1.3. Info salvestamine ja taasesitamine)<\/span><\/li>\n<li style=\"font-weight: 400;\"><span style=\"font-weight: 400;\">SUHTLUS (III - 2.1. Suhtlemine digivahenditega, III - 2.2. Info ja sisu jagamine, III - 2.4. Koost\u00f6\u00f6 digitehnoloogia toel<\/span><span style=\"font-weight: 400;\">)<\/span><\/li>\n<li style=\"font-weight: 400;\"><span style=\"font-weight: 400;\">SISULOOME (III - 3.1. Digitaalne sisuloome, III - 3.2. Uue teadmise loomine, III - 3.3. Autori\u00f5igus ja litsentsid)<\/span><\/li>\n<\/ul>\n<hr \/>\n<h3><b>N\u00e4ide 2. Eesti geoloogia<\/b><\/h3>\n<p style=\"text-align: left;\">T\u00e4ida T\u00dc geoloogiamuuseumi kodulehek\u00fcljel oleva info p\u00f5hjal t\u00f6\u00f6lehed. Antud t\u00f6\u00f6lehtede abil on v\u00f5imalik \u00f5ppida tundma kivistisi ning kivimeid ja mineraale. T\u00f6\u00f6lehed 1-3 kuuluvad Elu arengu programmi juurde, t\u00f6\u00f6lehed 4-6 Kivimite ja mineraalide programmi juurde.<br \/>\n<a href=\"http:\/\/www.ut.ee\/BGGM\/koolitus\/toolehed.html\" target=\"_blank\">http:\/\/www.ut.ee\/BGGM\/koolitus\/toolehed.html<\/a><\/p>\n<p><strong>Digip\u00e4devuste osaoskused:<\/strong><\/p>\n<ul>\n<li style=\"font-weight: 400;\"><span style=\"font-weight: 400;\">INFO (III - 1.1. Info otsimine ja sirvimine, III - 1.2. Info hindamine, III - 1.3. Info salvestamine ja taasesitamine)<\/span><\/li>\n<\/ul>\n<p><strong>N\u00e4idete autor:<\/strong> Katri Mirski (Gustav Adolfi G\u00fcmnaasium)<\/p>\n","protected":false},"excerpt":{"rendered":"<p>7. klass N\u00e4ide 1. Kaardi\u00f5petus TEEMA: Interaktiivse kaardi koostamine teemal \u201dMinu unistuste reis\u201d Vali v\u00e4lja sind huvitav piirkond (riik\/riigid), mida soovid iseloomustada. Vali sobiv kaarditarkvara (nt Google Maps, ArcGis Online, Google Earth). Leia objektidele geograafiliselt \u00f5ige asukoht. Lisa asukoha marker ning seo sellega pildid ja objektide kirjeldused. Digip\u00e4devuste osaoskused: INFO (III - 1.1. Info otsimine <a class=\"read-more\" href=\"https:\/\/oppevara.edu.ee\/opilood\/oppekava-digipadevuse-naited\/loodusained\/geograafia-iii-kooliaste\/\">...continue reading <span class=\"meta-nav\">&rarr;<\/span><\/a><\/p>\n","protected":false},"author":2,"featured_media":0,"parent":518,"menu_order":8,"comment_status":"closed","ping_status":"closed","template":"page-templates\/full-width.php","meta":[],"_links":{"self":[{"href":"https:\/\/oppevara.edu.ee\/opilood\/wp-json\/wp\/v2\/pages\/699"}],"collection":[{"href":"https:\/\/oppevara.edu.ee\/opilood\/wp-json\/wp\/v2\/pages"}],"about":[{"href":"https:\/\/oppevara.edu.ee\/opilood\/wp-json\/wp\/v2\/types\/page"}],"author":[{"embeddable":true,"href":"https:\/\/oppevara.edu.ee\/opilood\/wp-json\/wp\/v2\/users\/2"}],"replies":[{"embeddable":true,"href":"https:\/\/oppevara.edu.ee\/opilood\/wp-json\/wp\/v2\/comments?post=699"}],"version-history":[{"count":13,"href":"https:\/\/oppevara.edu.ee\/opilood\/wp-json\/wp\/v2\/pages\/699\/revisions"}],"predecessor-version":[{"id":1407,"href":"https:\/\/oppevara.edu.ee\/opilood\/wp-json\/wp\/v2\/pages\/699\/revisions\/1407"}],"up":[{"embeddable":true,"href":"https:\/\/oppevara.edu.ee\/opilood\/wp-json\/wp\/v2\/pages\/518"}],"wp:attachment":[{"href":"https:\/\/oppevara.edu.ee\/opilood\/wp-json\/wp\/v2\/media?parent=699"}],"curies":[{"name":"wp","href":"https:\/\/api.w.org\/{rel}","templated":true}]}}