{"id":662,"date":"2016-03-18T21:57:40","date_gmt":"2016-03-18T19:57:40","guid":{"rendered":"http:\/\/oppevara.hitsa.ee\/opilood\/?page_id=662"},"modified":"2016-07-25T11:51:25","modified_gmt":"2016-07-25T09:51:25","slug":"iii-kooliaste-fuusika","status":"publish","type":"page","link":"https:\/\/oppevara.edu.ee\/opilood\/oppekava-digipadevuse-naited\/loodusained\/iii-kooliaste-fuusika\/","title":{"rendered":"F\u00fc\u00fcsika &#8211; III kooliaste"},"content":{"rendered":"<h2>8. klass<\/h2>\n<h3><strong>N\u00e4ide 1:\u00a0Heli ja m\u00fcra<\/strong><\/h3>\n<p><span style=\"font-weight: 400;\"><strong>TEEMA:<\/strong> M\u00fcra ja m\u00fcrakaitse (v\u00f5imalusel l\u00f5imumine muusika\u00f5petuse teemadega \"N\u00fc\u00fcdismuusika\", \"Naturaalne muusika\" ja \"R\u00fctmimuusika\". N\u00e4iteks: <\/span><a href=\"http:\/\/youtube.com\"><span style=\"font-weight: 400;\">http:\/\/youtube.com<\/span><\/a><span style=\"font-weight: 400;\"> \u201cStomp\u201d, bioloogia \u201cMeeleelundid. K\u00f5rv\u201d).<\/span><\/p>\n<p><strong>\u00dclesande idee autor:<\/strong> Riina Murulaid (Miina H\u00e4rma G\u00fcmnaasium)<\/p>\n<p><span style=\"font-weight: 400;\">Uuri r\u00fchmat\u00f6\u00f6na heli ja m\u00fcra, kasutades selleks oma nutiseadet.<\/span><\/p>\n<ol>\n<li style=\"font-weight: 400;\"><span style=\"font-weight: 400;\">Millised m\u00fcra tasemed on lubatud, millised on veel talutavad? Kui vaikne peab olema, et me midagi ei kuuleks? Otsi infot.<\/span><\/li>\n<li style=\"font-weight: 400;\"><span style=\"font-weight: 400;\">Loo veebileht v\u00f5i \u00fchiskasutuses dokument, kuhu k\u00f5ik kooli \u00f5pilased ja \u00f5petajad saavad m\u00e4rkmeid teha.<\/span><\/li>\n<li style=\"font-weight: 400;\"><span style=\"font-weight: 400;\">Iga\u00fcks laadib alla oma nutiseadmesse helivaljuse rakenduse (otsingus\u00f5nad \u2013 <\/span><i><span style=\"font-weight: 400;\">decibel, sound meter <\/span><\/i><span style=\"font-weight: 400;\">jms.) n\u00e4iteks keskkonnast \u201eGoogle play\u201c. Hea on kui r\u00fchmas on v\u00e4hemalt 4 seadet. Telefonid asetatakse alusele selliselt, et need oleksid l\u00e4hestikku ja mikrofonide asukohad sarnased.<\/span><\/li>\n<li style=\"font-weight: 400;\"><span style=\"font-weight: 400;\">K\u00f5ik r\u00f6\u00f6givad samaaegselt, trambivad jalgu. Milline on m\u00fcra tase nende tegevuste juures?<\/span><\/li>\n<li style=\"font-weight: 400;\"><span style=\"font-weight: 400;\">\u00d5petaja loob klassile \u00fchist\u00f6\u00f6faili (nt Google Docs) ning annab toimetamise\u00f5igusega ligip\u00e4\u00e4su iga \u00f5pilasr\u00fchma esindajale. Faili kanda tulemused.<\/span><\/li>\n<li style=\"font-weight: 400;\">Tehke sama katse nii, et osad mobiiltelefonid on ukse v\u00f5i seina taga, v\u00f5i siis koridori teises otsas. Kui kiiresti heli sumbub? Kas naaberklasside \u00f5pilased kuulevad m\u00fcra? Kas nad hindavad seda m\u00fcra taset h\u00e4irivaks? Millised on nende arvamused? Koostage \u00fchistegevusplatvorm koolide sisekorraeeskirjade t\u00e4psustamiseks. Koosk\u00f5lastage oma tegevused kooli juhtkonnaga. Looge teavitavad sildid, reklaamivideo. Koostage m\u00fcra kahjulikkusest r\u00e4\u00e4kiv veebileht ja jaotusmaterjal...<\/li>\n<\/ol>\n<table>\n<tbody>\n<tr>\n<td><span style=\"font-weight: 400;\">Heli valjus 1\u00a0<\/span><span style=\"font-weight: 400;\">MINA<\/span><\/td>\n<td><span style=\"font-weight: 400;\">Heli valjus 2<\/span><\/td>\n<td><span style=\"font-weight: 400;\">Heli valjus 3<\/span><\/td>\n<td><span style=\"font-weight: 400;\">Heli valjus 4<\/span><\/td>\n<td><span style=\"font-weight: 400;\">Heli valjus 5<\/span><\/td>\n<td><span style=\"font-weight: 400;\">R\u00fchma keskmine<\/span><\/td>\n<\/tr>\n<tr>\n<td><\/td>\n<td><\/td>\n<td><\/td>\n<td><\/td>\n<td><\/td>\n<td><\/td>\n<\/tr>\n<tr>\n<td><\/td>\n<td><\/td>\n<td><\/td>\n<td><\/td>\n<td><\/td>\n<td><\/td>\n<\/tr>\n<tr>\n<td><\/td>\n<td><\/td>\n<td><\/td>\n<td><\/td>\n<td><\/td>\n<td><\/td>\n<\/tr>\n<\/tbody>\n<\/table>\n<p><b>Digip\u00e4devuste osaoskused:<\/b><\/p>\n<ul>\n<li style=\"text-align: left; font-weight: 400;\"><span style=\"font-weight: 400;\">INFO (III - 1.1. Info otsimine ja sirvimine, III - 1.2. Info hindamine)<\/span><\/li>\n<li style=\"text-align: left; font-weight: 400;\"><span style=\"font-weight: 400;\">SUHTLUS (III - 2.1. Suhtlemine digivahenditega, III - 2.2. Info ja sisu jagamine, III - 2.4. Koost\u00f6\u00f6 digitehnoloogia toel)<\/span><\/li>\n<li style=\"text-align: left; font-weight: 400;\"><span style=\"font-weight: 400;\">SISULOOME (III - 3.1. Digitaalne sisuloome, III - 3.3. Autori\u00f5igus ja litsentsid)<\/span><\/li>\n<li style=\"text-align: left; font-weight: 400;\"><span style=\"font-weight: 400;\">PROBLEEMILAHENDUS (III - 5.1. Tehniliste probleemide lahendamine, III - 5.2. Vajaduste v\u00e4ljaselgitamine ja neile tehnoloogiliste lahenduste leidmine) <\/span><\/li>\n<\/ul>\n<hr \/>\n<h3>N\u00e4ide 2:\u00a0Elektri\u00f5petus<\/h3>\n<p style=\"text-align: left;\"><span style=\"font-weight: 400;\">\u00d5petlike videofilmide v\u00f5istlus. \u00dcldtunnustatud mudelite kirjeldamine p\u00f5neval moel, mis selgitaks elektrienergia tootmise erinevaid v\u00f5imalusi nt. tuuleenergia, p\u00e4ikeseenergia, soojusenergia vms.\u00a0<\/span><span style=\"line-height: 1.8; font-size: 1rem;\">(N\u00e4iteks Nelja Energia meretuulepargi tutvustusvideo: <a href=\"https:\/\/www.youtube.com\/watch?v=J1HcKkxOOmw\" target=\"_blank\">https:\/\/www.youtube.com\/watch?v=J1HcKkxOOmw<\/a>)<\/span><\/p>\n<ol>\n<li style=\"text-align: left; font-weight: 400;\"><span style=\"font-weight: 400;\">R\u00fchmas ajur\u00fcnnaku abil valida sobiv elektrienergia tootmise viis, mille kohta koguda infot Internetist.<\/span><\/li>\n<li style=\"text-align: left; font-weight: 400;\"><span style=\"font-weight: 400;\">Filmi s\u00fc\u017eee m\u00e4rkida ideepuusse (nt. <\/span><a href=\"http:\/\/www.spiderscribe.net\/\"><span style=\"font-weight: 400;\">http:\/\/www.spiderscribe.net\/<\/span><\/a><span style=\"font-weight: 400;\">)<\/span><\/li>\n<li style=\"text-align: left; font-weight: 400;\"><span style=\"font-weight: 400;\">Video filmimine, v\u00f5imalusel t\u00f6\u00f6tlemine ja \u00fcleslaadimine koos ideepuu lingiga m\u00f5nda avalikku videokogusse (nt. <\/span><a href=\"http:\/\/www.youtube.com\"><span style=\"font-weight: 400;\">http:\/\/www.youtube.com<\/span><\/a><span style=\"font-weight: 400;\">).<\/span><\/li>\n<li style=\"text-align: left; font-weight: 400;\"><span style=\"font-weight: 400;\">Videode hindamine h\u00e4\u00e4letuskeskkonnas pollina (nt. socrative.com) v\u00f5i kommenteerides \u00f5pilugu blogis (<\/span><a href=\"https:\/\/www.blogger.com\"><span style=\"font-weight: 400;\">https:\/\/www.blogger.com<\/span><\/a><span style=\"font-weight: 400;\">).<\/span><\/li>\n<\/ol>\n<p><b>Digip\u00e4devuste osaoskused:<\/b><\/p>\n<ul>\n<li style=\"text-align: left; font-weight: 400;\"><span style=\"font-weight: 400;\">INFO (III - 1.1. Info otsimine ja sirvimine, III - 1.2. Info hindamine)<\/span><\/li>\n<li style=\"text-align: left; font-weight: 400;\"><span style=\"font-weight: 400;\">SUHTLUS (III - 2.1. Suhtlemine digivahenditega, III - 2.2. Info ja sisu jagamine, III - 2.4. Koost\u00f6\u00f6 digitehnoloogia toel)<\/span><\/li>\n<li style=\"text-align: left; font-weight: 400;\"><span style=\"font-weight: 400;\">SISULOOME (III - 3.1. Digitaalne sisuloome, III - 3.2. Uue teadmise loomine)<\/span><\/li>\n<li style=\"text-align: left; font-weight: 400;\"><span style=\"font-weight: 400;\">TURVALISUS (III - 4.4. Keskkonna kaitsmine)<\/span><\/li>\n<li style=\"text-align: left; font-weight: 400;\"><span style=\"font-weight: 400;\">PROBLEEMILAHENDUS (III - 5.1. Tehniliste probleemide lahendamine, III - 5.2. Vajaduste v\u00e4ljaselgitamine ja neile tehnoloogiliste lahenduste leidmine) <\/span><\/li>\n<\/ul>\n<hr \/>\n<h3>N\u00e4ide 3:\u00a0Soojus\u00f5petus<\/h3>\n<p><span style=\"font-weight: 400;\">Kalorimeetri tundma\u00f5ppimine ja keha erisoojuse m\u00e4\u00e4ramine. <\/span><\/p>\n<p><span style=\"font-weight: 400;\">Probleem: Milline termos on parem? Kumb on parem, kas termos v\u00f5i termotass? Kas segamine jahutab kiiremini?<\/span><\/p>\n<p><span style=\"font-weight: 400;\">Temperatuuri muutumise uurimine digiadmekogujaga laboratoorses t\u00f6\u00f6s n\u00e4iteks \u201cMetalli erisoojuse m\u00e4\u00e4ramine\u201d. V\u00f5imalusel kasutada PASCO anduritega juhtmevaba \u00fchendust nutiseadmega ja vabavaralist \u00e4ppi \u201cSPARKvue\u201d ja tulemused esitada r\u00fchma \u00fchist\u00f6\u00f6failis (nt Google Docs). <\/span><\/p>\n<p><span style=\"font-weight: 400;\">Laboratoorse t\u00f6\u00f6 kirjeldus: K\u00fclma vette asetatud kuum keha annab soojushulga nii veele kui ka kalorimeetrile (L\u00e4htudes valemitest koostada v\u00f5rrad keha erisoojuse m\u00e4\u00e4ramiseks Q<\/span><span style=\"font-weight: 400;\">keha<\/span><span style=\"font-weight: 400;\">=Q<\/span><span style=\"font-weight: 400;\">vesi<\/span><span style=\"font-weight: 400;\">+Q<\/span><span style=\"font-weight: 400;\">Al <\/span><span style=\"font-weight: 400;\">ja Q=cm(t<\/span><span style=\"font-weight: 400;\">1<\/span><span style=\"font-weight: 400;\">-t<\/span><span style=\"font-weight: 400;\">2<\/span><span style=\"font-weight: 400;\">))<\/span><\/p>\n<ol>\n<li style=\"font-weight: 400;\"><span style=\"font-weight: 400;\">T\u00f6\u00f6 katsekeha ja kalorimeetriga. Kalorimeetri sisemise anuma massi, k\u00fclma vee massi m\u00f5\u00f5tmine ja katsekeha massi m\u00f5\u00f5tmine. <\/span><\/li>\n<li style=\"font-weight: 400;\"><span style=\"font-weight: 400;\">T\u00f6\u00f6 digitermomeetriga. Vee temperatuuri m\u00f5\u00f5tmine enne ja p\u00e4rast kuuma keha kalorimeetrisse asetamist. Temperatuuri andmete kuvamine nutiseadme\/diandmekoguja ekraanil. Temperatuuri graafiku anal\u00fc\u00fcsimine. <\/span><\/li>\n<li style=\"font-weight: 400;\"><span style=\"font-weight: 400;\">Soojusliku tasakaaluv\u00f5rrandi koostamine, otsitava erisoojuse arvutamine ja aine erisoojuse m\u00e4\u00e4ramine. Interneti abiga leitud erisoojuse kaudu katsekeha materjali leidmine. <\/span><\/li>\n<li style=\"text-align: left; font-weight: 400;\"><span style=\"font-weight: 400;\">Protokolli loomine ja tulemuste kirjutamine \u00fchist\u00f6\u00f6faili (nt Google Docs) ja faili lingi avalik jagamine n\u00e4iteks <\/span><a href=\"https:\/\/delicious.com\/\"><span style=\"font-weight: 400;\">https:\/\/delicious.com\/<\/span><\/a><span style=\"font-weight: 400;\"> keskkonnas.<\/span><\/li>\n<\/ol>\n<p><b>Digip\u00e4devuste osaoskused:<\/b><\/p>\n<ul>\n<li style=\"font-weight: 400;\"><span style=\"font-weight: 400;\">INFO (III - 1.1. Info otsimine ja sirvimine, III - 1.2. Info hindamine)<\/span><\/li>\n<li style=\"font-weight: 400;\"><span style=\"font-weight: 400;\">SUHTLUS (III - 2.1. Suhtlemine digivahenditega, III - 2.2. Info ja sisu jagamine, III - 2.4. Koost\u00f6\u00f6 digitehnoloogia toel)<\/span><\/li>\n<li style=\"font-weight: 400;\"><span style=\"font-weight: 400;\">SISULOOME (III - 3.1. Digitaalne sisuloome, III - 3.2. Uue teadmise loomine)<\/span><\/li>\n<li style=\"font-weight: 400;\"><span style=\"font-weight: 400;\">TURVALISUS (III - 4.4. Keskkonna kaitsmine)<\/span><\/li>\n<li style=\"text-align: left; font-weight: 400;\"><span style=\"font-weight: 400;\">PROBLEEMILAHENDUS (III - 5.1. Tehniliste probleemide lahendamine, III - 5.2. Vajaduste v\u00e4ljaselgitamine ja neile tehnoloogiliste lahenduste leidmine)<\/span><\/li>\n<\/ul>\n<p><strong>N\u00e4idete autorid<\/strong>: Tanel Liira (Tartu Tamme G\u00fcmnaasium), Kaido Reivelt (Tartu \u00dclikool)<\/p>\n","protected":false},"excerpt":{"rendered":"<p>8. klass N\u00e4ide 1:\u00a0Heli ja m\u00fcra TEEMA: M\u00fcra ja m\u00fcrakaitse (v\u00f5imalusel l\u00f5imumine muusika\u00f5petuse teemadega \"N\u00fc\u00fcdismuusika\", \"Naturaalne muusika\" ja \"R\u00fctmimuusika\". N\u00e4iteks: http:\/\/youtube.com \u201cStomp\u201d, bioloogia \u201cMeeleelundid. K\u00f5rv\u201d). \u00dclesande idee autor: Riina Murulaid (Miina H\u00e4rma G\u00fcmnaasium) Uuri r\u00fchmat\u00f6\u00f6na heli ja m\u00fcra, kasutades selleks oma nutiseadet. Millised m\u00fcra tasemed on lubatud, millised on veel talutavad? Kui vaikne peab olema, <a class=\"read-more\" href=\"https:\/\/oppevara.edu.ee\/opilood\/oppekava-digipadevuse-naited\/loodusained\/iii-kooliaste-fuusika\/\">...continue reading <span class=\"meta-nav\">&rarr;<\/span><\/a><\/p>\n","protected":false},"author":3,"featured_media":0,"parent":518,"menu_order":11,"comment_status":"closed","ping_status":"closed","template":"page-templates\/full-width.php","meta":[],"_links":{"self":[{"href":"https:\/\/oppevara.edu.ee\/opilood\/wp-json\/wp\/v2\/pages\/662"}],"collection":[{"href":"https:\/\/oppevara.edu.ee\/opilood\/wp-json\/wp\/v2\/pages"}],"about":[{"href":"https:\/\/oppevara.edu.ee\/opilood\/wp-json\/wp\/v2\/types\/page"}],"author":[{"embeddable":true,"href":"https:\/\/oppevara.edu.ee\/opilood\/wp-json\/wp\/v2\/users\/3"}],"replies":[{"embeddable":true,"href":"https:\/\/oppevara.edu.ee\/opilood\/wp-json\/wp\/v2\/comments?post=662"}],"version-history":[{"count":12,"href":"https:\/\/oppevara.edu.ee\/opilood\/wp-json\/wp\/v2\/pages\/662\/revisions"}],"predecessor-version":[{"id":1410,"href":"https:\/\/oppevara.edu.ee\/opilood\/wp-json\/wp\/v2\/pages\/662\/revisions\/1410"}],"up":[{"embeddable":true,"href":"https:\/\/oppevara.edu.ee\/opilood\/wp-json\/wp\/v2\/pages\/518"}],"wp:attachment":[{"href":"https:\/\/oppevara.edu.ee\/opilood\/wp-json\/wp\/v2\/media?parent=662"}],"curies":[{"name":"wp","href":"https:\/\/api.w.org\/{rel}","templated":true}]}}