{"id":656,"date":"2016-03-18T21:28:11","date_gmt":"2016-03-18T19:28:11","guid":{"rendered":"http:\/\/oppevara.hitsa.ee\/opilood\/?page_id=656"},"modified":"2016-07-25T10:44:42","modified_gmt":"2016-07-25T08:44:42","slug":"ii-kooliaste-kasitoo-ja-kodundus","status":"publish","type":"page","link":"https:\/\/oppevara.edu.ee\/opilood\/oppekava-digipadevuse-naited\/tehnoloogia\/ii-kooliaste-kasitoo-ja-kodundus\/","title":{"rendered":"K\u00e4sit\u00f6\u00f6 ja kodundus &#8211; II kooliaste"},"content":{"rendered":"<h2>K\u00e4sit\u00f6\u00f6<\/h2>\n<h3><b>N\u00e4ide 1: \u201cMaterjali\u00f5petus\u201d<\/b><\/h3>\n<p><span style=\"font-weight: 400;\">Tunnis tutvutakse koos \u00f5petajaga looduslike kiudude teemaga - jaotus, omadused. Vaadatakse videot siidi ja lina tootmisest. Tunni k\u00e4igus jagatakse \u00f5pilased paaridesse, selleks kasutatakse \u00a0nt <\/span><a href=\"http:\/\/teamup.aalto.fi\"><span style=\"font-weight: 400;\">TeamUp<\/span><\/a><span style=\"font-weight: 400;\"> keskkonda. Peale teema l\u00e4bimist koostavad paarilised looduslike kiudude kohta veebip\u00f5hise m\u00e4ngu (nt <\/span><a href=\"https:\/\/getkahoot.com\/\"><span style=\"font-weight: 400;\">Kahoot<\/span><\/a><span style=\"font-weight: 400;\">), otsides lisamaterjali internetist (<\/span><a href=\"https:\/\/www.google.com\/\"><span style=\"font-weight: 400;\">Google.com<\/span><\/a><span style=\"font-weight: 400;\">). M\u00e4ngukeskkonda kontot luues tuletatakse meelde veebiturvalisuse p\u00f5him\u00f5tteid (nt tugev parool jne).<\/span><span style=\"font-weight: 400;\"><br \/>\n<\/span><span style=\"font-weight: 400;\">Tunni l\u00f5pus m\u00e4ngitakse l\u00e4bi v\u00e4hemalt kaks m\u00e4ngu.<\/span><\/p>\n<p><b>Digip\u00e4devuste osaoskused:<\/b><\/p>\n<ul>\n<li style=\"font-weight: 400;\"><span style=\"font-weight: 400;\">INFO (II - 1.1. Info otsimine ja sirvimine, II - 1.2. Info hindamine, II - 1.3. Info salvestamine ja taasesitamine)<\/span><\/li>\n<li style=\"font-weight: 400;\"><span style=\"font-weight: 400;\">SISULOOME (II - 3.1. Digitaalne sisuloome, II - 3.3. Autori\u00f5igus ja litsentsid)<\/span><\/li>\n<li style=\"font-weight: 400;\"><span style=\"font-weight: 400;\">TURVALISUS (II - 4.2. Isikuandmete kaitsmine)<\/span><\/li>\n<\/ul>\n<hr \/>\n<h3><b>N\u00e4ide 2: \u201cMaterjali\u00f5petus\u201d<\/b><\/h3>\n<p><span style=\"font-weight: 400;\">Tunnis tutvutakse koos \u00f5petajaga looduslike kiudude teemaga - kiudude jaotus, omadused. Katsetatakse kiudude omadusi (tulega, veega). \u00d5pilased loovad teemakohase m\u00f5istekaardi (nt <\/span><a href=\"https:\/\/www.mindomo.com\/\"><span style=\"font-weight: 400;\">Mindomo<\/span><\/a><span style=\"font-weight: 400;\">). Kontot luues tuletatakse meelde veebiturvalisuse p\u00f5him\u00f5tteid (nt tugev parool jne). Kaarti jagatakse klassikaaslaste ja \u00f5petajaga.<\/span><\/p>\n<p><span style=\"font-weight: 400;\"> M\u00f5istekaardile kantakse looduslikud ja taimsed kiud, nende jaotuse, kohad, kus kasvatatakse. Selleks otsitakse veebist (<\/span><a href=\"https:\/\/www.google.com\/\"><span style=\"font-weight: 400;\">Google.com<\/span><\/a><span style=\"font-weight: 400;\">) \u00f5igeid m\u00e4rks\u00f5nu kasutades lisainfot ja pilte, j\u00e4rgides autori\u00f5igusi ja m\u00e4rkides piltide juurde korrektsed veebiviited. Teema l\u00f5pus esitletakse m\u00f5istekaarte<\/span><\/p>\n<p><span style=\"font-weight: 400;\"><strong>L\u00f5iming:<\/strong> geograafia<\/span><\/p>\n<p><b>Digip\u00e4devuste osaoskused:<\/b><\/p>\n<ul>\n<li style=\"font-weight: 400;\"><span style=\"font-weight: 400;\">INFO (II - 1.1. Info otsimine ja sirvimine, II - 1.2. Info hindamine, II - 1.3. Info salvestamine ja taasesitamine)<\/span><\/li>\n<li style=\"font-weight: 400;\"><span style=\"font-weight: 400;\">SUHTLUS (II - 2.2. Info ja sisu jagamine, II - 2.4. Koost\u00f6\u00f6 digitehnoloogia toel)<\/span><\/li>\n<li style=\"font-weight: 400;\"><span style=\"font-weight: 400;\">SISULOOME (II - 3.1. Digitaalne sisuloome, II - 3.3. Autori\u00f5igus ja litsentsid)<\/span><\/li>\n<li style=\"font-weight: 400;\"><span style=\"font-weight: 400;\">TURVALISUS (II - 4.2. Isikuandmete kaitsmine)<\/span><\/li>\n<\/ul>\n<hr \/>\n<h3>N\u00e4ide 3:\u00a0<b>\u201cSissejuhatus kindateemasse\u201d<\/b><\/h3>\n<p><span style=\"font-weight: 400;\">Rahvakunsti teema sissejuhatuses tutvustab \u00f5petaja kodukoha s\u00fcmboleid ja mustreid, mida on kasutatud erinevatel esemetel. Teemat v\u00f5ib illustreerida <\/span><a href=\"http:\/\/muis.ee\/\"><span style=\"font-weight: 400;\">Muis.ee<\/span><\/a><span style=\"font-weight: 400;\"> veebilehel olevate originaalesemete n\u00e4idete abil, sh tutvustades \u00a0<\/span><a href=\"http:\/\/muis.ee\/\"><span style=\"font-weight: 400;\">Muis.ee <\/span><\/a><span style=\"font-weight: 400;\">veebiotsingut. <\/span><span style=\"font-weight: 400;\"><br \/>\n<\/span><span style=\"font-weight: 400;\">T\u00e4psemalt uuritakse kinnaste teemat, vaadatakse mustreid, v\u00e4rve, kirjakorda. Seej\u00e4rel jagatakse \u00f5pilased paaridesse ja nad saavad \u00fclesandeks kirjutada luuletus, mille ridade esimesed t\u00e4hed moodustavad s\u00f5na KINNAS. Seej\u00e4rel otsivad \u00f5pilased \u00fche etnograafilise kinda pildi <\/span><a href=\"http:\/\/muis.ee\/\"><span style=\"font-weight: 400;\">Muis.ee<\/span><\/a><span style=\"font-weight: 400;\"> lehelt, salvestavad selle arvutisse v\u00f5i nutivahendisse. Teise \u00fclesandena joonistavad \u00f5pilased ise \u00fche uue kindamustri, kasutades selleks nt veebikeskkonda (<\/span><a href=\"http:\/\/craftdesignonline.com\/pattern-grid\/\"><span style=\"font-weight: 400;\">http:\/\/craftdesignonline.com\/pattern-grid\/<\/span><\/a><span style=\"font-weight: 400;\">) v\u00f5i \u00e4ppi <\/span><a href=\"https:\/\/play.google.com\/store\/apps\/details?id=com.keeratipong.pixelartbuilder&amp;hl=en\"><span style=\"font-weight: 400;\">Pixel Art Builder<\/span><\/a><span style=\"font-weight: 400;\">. Valmis t\u00f6\u00f6 salvestavad arvutisse. <\/span><\/p>\n<p><span style=\"font-weight: 400;\">J\u00e4rgnevalt luuakse olemasolevatest materjalidest kollaa\u017e, kasutades selleks nt <\/span><a href=\"http:\/\/www.fotor.com\/\"><span style=\"font-weight: 400;\">Fotor <\/span><\/a><span style=\"font-weight: 400;\">keskkonda v\u00f5i \u00e4ppi nutiseadmes. Kollaa\u017ei pannakse:<\/span><\/p>\n<ul>\n<li style=\"font-weight: 400;\"><span style=\"font-weight: 400;\"> pilt etnograafilisest kindast, <\/span><\/li>\n<li style=\"font-weight: 400;\"><span style=\"font-weight: 400;\">enda loodud mustri pilt,<\/span><\/li>\n<li style=\"font-weight: 400;\"><span style=\"font-weight: 400;\">kirjutatakse juurde oma luuletus.<\/span><\/li>\n<\/ul>\n<p><span style=\"font-weight: 400;\">Valmis t\u00f6\u00f6d avaldatakse veebitahvlil (nt <\/span><a href=\"https:\/\/padlet.com\/\"><span style=\"font-weight: 400;\">Padlet<\/span><\/a><span style=\"font-weight: 400;\">), juurde lisatakse korrektsed andmed autorite andmetega ja viited kasutatud materjalile.\u00a0<\/span><span style=\"font-weight: 400;\"><br \/>\n<\/span><\/p>\n<p><span style=\"font-weight: 400;\"><strong>L\u00f5iming:<\/strong> kodulugu, ajalugu, kunsti\u00f5petus, emakeel<\/span><\/p>\n<p><b>Digip\u00e4devuste osaoskused:<\/b><\/p>\n<ul>\n<li style=\"font-weight: 400;\"><span style=\"font-weight: 400;\">INFO (II - 1.1. Info otsimine ja sirvimine, II - 1.2. Info hindamine, II - 1.3. Info salvestamine ja taasesitamine)<\/span><\/li>\n<li style=\"font-weight: 400;\"><span style=\"font-weight: 400;\">SUHTLUS (II - 2.2. Info ja sisu jagamine, II - 2.4. Koost\u00f6\u00f6 digitehnoloogia toel)<\/span><\/li>\n<li style=\"font-weight: 400;\"><span style=\"font-weight: 400;\">SISULOOME (II - 3.1. Digitaalne sisuloome, II - 3.2. Uue teadmise loomine, II - 3.3. Autori\u00f5igus ja litsentsid)<\/span><\/li>\n<li style=\"font-weight: 400;\"><span style=\"font-weight: 400;\">PROBLEEMILAHENDUS (II - 5.3. Innovatsioon ja tehnoloogia loov kasutamine)<\/span><\/li>\n<\/ul>\n<hr \/>\n<h2>Kodundus<\/h2>\n<h3><b>N\u00e4ide 1: \u201cT\u00f6\u00f6vahendid k\u00f6\u00f6gis\u201d \u00a0<\/b><\/h3>\n<p><span style=\"font-weight: 400;\">\u00d5petaja tutvustab erinevaid t\u00f6\u00f6vahendeid, mida k\u00f6\u00f6gis kasutatakse. \u00d5pilased jagatakse r\u00fchmadesse. R\u00fchmat\u00f6\u00f6na m\u00f5eldakse v\u00e4lja \u00fcks lugu v\u00f5i reklaam (nt \u201cS\u00f6\u00f6giriistade tango\u201d, \u201cPottide koosolek\u201d, \u201cPuhtad taldrikud\u201d), loo kirjapanekuks kasutatakse \u00fchiskirjutamise vahendit (nt <\/span><a href=\"https:\/\/titanpad.com\/\"><span style=\"font-weight: 400;\">Titanpad<\/span><\/a><span style=\"font-weight: 400;\">). Lugu lavastatakse animatsioonina. Animatsiooni tegemiseks kasutatakse nutivahendi rakendust (nt <\/span><a href=\"https:\/\/play.google.com\/store\/apps\/details?id=tv.picpac&amp;hl=en\"><span style=\"font-weight: 400;\">PicPac<\/span><\/a><span style=\"font-weight: 400;\"> android, <\/span><a href=\"https:\/\/itunes.apple.com\/us\/app\/koma-koma-for-ipad\/id635794784?mt=8\"><span style=\"font-weight: 400;\">KomaKoma<\/span><\/a><span style=\"font-weight: 400;\"> iPad). Muusika lisamisel tuleb j\u00e4lgida autori\u00f5igusi, samuti lisatakse t\u00f6\u00f6le koostajate nimed. Valminud animatsioon avaldatakse veebis, nt kooli kodulehel, kooli Youtube kanalil vm. <\/span><\/p>\n<p><span style=\"font-weight: 400;\"><strong>L\u00f5iming:<\/strong> kunsti\u00f5petus, muusika\u00f5petus, inimese\u00f5petus, emakeel<\/span><\/p>\n<p><b>Digip\u00e4devuste osaoskused:<\/b><\/p>\n<ul>\n<li style=\"font-weight: 400;\"><span style=\"font-weight: 400;\">INFO (II - 1.3. Info salvestamine ja taasesitamine)<\/span><\/li>\n<li style=\"font-weight: 400;\"><span style=\"font-weight: 400;\">SUHTLUS (II - 2.2. Info ja sisu jagamine, II - 2.4. Koost\u00f6\u00f6 digitehnoloogia toel, II - 2.5. Netikett, II - 2.6. Digitaalse identiteedi haldamine)<\/span><\/li>\n<li style=\"font-weight: 400;\"><span style=\"font-weight: 400;\">SISULOOME (II - 3.1. Digitaalne sisuloome, II - 3.3. Autori\u00f5igus ja litsentsid)<\/span><\/li>\n<li style=\"font-weight: 400;\"><span style=\"font-weight: 400;\">TURVALISUS (II - 4.2. Isikuandmete kaitsmine)<\/span><\/li>\n<\/ul>\n<hr \/>\n<h3>N\u00e4ide 2:\u00a0<b>\u201cKodused korrastust\u00f6\u00f6d\u201d <\/b><\/h3>\n<p><span style=\"font-weight: 400;\">\u00d5pilastele on tutvustatud erinevaid korrastust\u00f6\u00f6de p\u00f5him\u00f5tteid. Teadmiste kinnistamiseks loositakse \u00f5pilastele \u00fclesanne koomiksi koostamiseks mingi teema kohta, nt \u00a0jalatsite hooldamine, triikimine, korrastust\u00f6\u00f6d, pesu pesemine, hooldusm\u00e4rgid, ohutus jne. Koomiksi tegemiseks kasutatakse veebip\u00f5hist t\u00f6\u00f6vahendit, nt <\/span><a href=\"http:\/\/www.toondoo.com\/\"><span style=\"font-weight: 400;\">Toondoo<\/span><\/a><span style=\"font-weight: 400;\">, <\/span><a href=\"https:\/\/www.pixton.com\/ca\/\"><span style=\"font-weight: 400;\">Pixton<\/span><\/a><span style=\"font-weight: 400;\">, <\/span><a href=\"https:\/\/www.bitstrips.com\/create\/comic\/\"><span style=\"font-weight: 400;\">Bitstrips<\/span><\/a><span style=\"font-weight: 400;\">. Vajadusel uuritakse lisamaterjale veebist.<\/span><span style=\"font-weight: 400;\"><br \/>\n<\/span><span style=\"font-weight: 400;\">Koomiksid jagatakse \u00f5petajaga. Koos otsustatakse, kas need ka avaldada. Kus jagada?<\/span><\/p>\n<p><span style=\"font-weight: 400;\"><strong>L\u00f5iming:<\/strong> keele\u00f5pe, kunsti\u00f5petus <\/span><\/p>\n<p><b>Digip\u00e4devuste osaoskused<\/b><\/p>\n<ul>\n<li style=\"font-weight: 400;\"><span style=\"font-weight: 400;\">INFO (II - 1.1. Info otsimine ja sirvimine, II - 1.2. Info hindamine)<\/span><\/li>\n<li style=\"font-weight: 400;\"><span style=\"font-weight: 400;\">SUHTLUS (II - 2.2. Info ja sisu jagamine, II - 2.5. Netikett)<\/span><\/li>\n<li style=\"font-weight: 400;\"><span style=\"font-weight: 400;\">SISULOOME (II - 3.1. Digitaalne sisuloome, II - 3.3. Autori\u00f5igus ja litsentsid)<\/span><\/li>\n<li style=\"font-weight: 400;\"><span style=\"font-weight: 400;\">TURVALISUS (II - 4.2. Isikuandmete kaitsmine)<\/span><\/li>\n<\/ul>\n<p><strong>N\u00e4idete autorid:\u00a0<\/strong>Siret Lahemaa (Lauka P\u00f5hikool),\u00a0Raili Kaubi (Kuressaare G\u00fcmnaasium)<\/p>\n","protected":false},"excerpt":{"rendered":"<p>K\u00e4sit\u00f6\u00f6 N\u00e4ide 1: \u201cMaterjali\u00f5petus\u201d Tunnis tutvutakse koos \u00f5petajaga looduslike kiudude teemaga - jaotus, omadused. Vaadatakse videot siidi ja lina tootmisest. Tunni k\u00e4igus jagatakse \u00f5pilased paaridesse, selleks kasutatakse \u00a0nt TeamUp keskkonda. Peale teema l\u00e4bimist koostavad paarilised looduslike kiudude kohta veebip\u00f5hise m\u00e4ngu (nt Kahoot), otsides lisamaterjali internetist (Google.com). M\u00e4ngukeskkonda kontot luues tuletatakse meelde veebiturvalisuse p\u00f5him\u00f5tteid (nt tugev <a class=\"read-more\" href=\"https:\/\/oppevara.edu.ee\/opilood\/oppekava-digipadevuse-naited\/tehnoloogia\/ii-kooliaste-kasitoo-ja-kodundus\/\">...continue reading <span class=\"meta-nav\">&rarr;<\/span><\/a><\/p>\n","protected":false},"author":3,"featured_media":0,"parent":525,"menu_order":2,"comment_status":"closed","ping_status":"closed","template":"page-templates\/full-width.php","meta":[],"_links":{"self":[{"href":"https:\/\/oppevara.edu.ee\/opilood\/wp-json\/wp\/v2\/pages\/656"}],"collection":[{"href":"https:\/\/oppevara.edu.ee\/opilood\/wp-json\/wp\/v2\/pages"}],"about":[{"href":"https:\/\/oppevara.edu.ee\/opilood\/wp-json\/wp\/v2\/types\/page"}],"author":[{"embeddable":true,"href":"https:\/\/oppevara.edu.ee\/opilood\/wp-json\/wp\/v2\/users\/3"}],"replies":[{"embeddable":true,"href":"https:\/\/oppevara.edu.ee\/opilood\/wp-json\/wp\/v2\/comments?post=656"}],"version-history":[{"count":10,"href":"https:\/\/oppevara.edu.ee\/opilood\/wp-json\/wp\/v2\/pages\/656\/revisions"}],"predecessor-version":[{"id":1391,"href":"https:\/\/oppevara.edu.ee\/opilood\/wp-json\/wp\/v2\/pages\/656\/revisions\/1391"}],"up":[{"embeddable":true,"href":"https:\/\/oppevara.edu.ee\/opilood\/wp-json\/wp\/v2\/pages\/525"}],"wp:attachment":[{"href":"https:\/\/oppevara.edu.ee\/opilood\/wp-json\/wp\/v2\/media?parent=656"}],"curies":[{"name":"wp","href":"https:\/\/api.w.org\/{rel}","templated":true}]}}