{"id":643,"date":"2016-03-18T16:48:21","date_gmt":"2016-03-18T14:48:21","guid":{"rendered":"http:\/\/oppevara.hitsa.ee\/opilood\/?page_id=643"},"modified":"2016-07-25T14:10:24","modified_gmt":"2016-07-25T12:10:24","slug":"gumnaasium-voorkeeled","status":"publish","type":"page","link":"https:\/\/oppevara.edu.ee\/opilood\/oppekava-digipadevuse-naited\/voorkeeled\/gumnaasium-voorkeeled\/","title":{"rendered":"V\u00f5\u00f5rkeeled &#8211; g\u00fcmnaasium"},"content":{"rendered":"<h2>A-v\u00f5\u00f5rkeel<\/h2>\n<h3><b>N\u00e4ide 1: \u201cKunst ja muusika\u201d<\/b><\/h3>\n<p>Eesm\u00e4rk: omandada s\u00f5navara, mille abil \u00f5pilane suudab tutvustada erinevaid kunstnikke ja nende teoseid. V\u00f5imalik l\u00f5iming kunsti\u00f5petuse ja muusika\u00f5petusega.<\/p>\n<p>\u00d5pilaste \u00fclesandeks on luua videoesitlused enda vabalt valitud kunstniku elust ja loomingust. Videole tuleb lisada selgitav tekst ning kunstniku loomingut iseloomustav muusikataust.<\/p>\n<ol>\n<li style=\"text-align: left; font-weight: 400;\"><span style=\"font-weight: 400;\">Ajur\u00fcnnaku (nt. \u00a0<\/span><a href=\"https:\/\/answergarden.ch\/\"><span style=\"font-weight: 400;\">Answergarden<\/span><\/a><span style=\"font-weight: 400;\">) k\u00e4igus tuletatakse meelde ja pannakse kirja kunsti\u00f5petuses k\u00e4sitletud kunstnikud, kunstistiilid ja perioodid.<\/span><\/li>\n<li style=\"text-align: left; font-weight: 400;\"><span style=\"font-weight: 400;\">\u00d5pilane valib endale sobiva teema (nt \u00fcks kunstnik v\u00f5i periood).<\/span><\/li>\n<li style=\"text-align: left; font-weight: 400;\"><span style=\"font-weight: 400;\">\u00d5pilane otsib enda valitud kunstniku loomingu kohta infot ning pilte teostest j\u00e4rgides autori\u00f5igusi. \u00d5petajale on abiks <\/span><a href=\"https:\/\/oppematerjalid.wordpress.com\/oppematerjalid\/oppematerjalide-autorioigus\/\"><span style=\"font-weight: 400;\">artikkel<\/span><\/a><span style=\"font-weight: 400;\"> autori\u00f5igustest.<\/span><\/li>\n<li style=\"text-align: left; font-weight: 400;\"><span style=\"font-weight: 400;\">Piltidest luuakse veebip\u00f5hise vahendiga (nt. <\/span><a href=\"http:\/\/www.zaption.com\/\"><span style=\"font-weight: 400;\">Zaption<\/span><\/a><span style=\"font-weight: 400;\">, <\/span><a href=\"https:\/\/studio.stupeflix.com\/en\/\"><span style=\"font-weight: 400;\">Stupeflix<\/span><\/a><span style=\"font-weight: 400;\">) videod, millele lisatakse tekstina selgitav info. <\/span><\/li>\n<li style=\"text-align: left; font-weight: 400;\"><span style=\"font-weight: 400;\">\u00d5pilased valivad vastavalt autori\u00f5igustele ja teemale v\u00e4ljenduslikult sobiva muusikatausta. Loe <\/span><a href=\"http:\/\/tiigrihypeharidustehnoloog.blogspot.com.ee\/2009\/04\/kuidas-leida-tasuta-muusikat.html\"><span style=\"font-weight: 400;\">siit,<\/span><\/a><span style=\"font-weight: 400;\"> kust leida tasuta muusikat.<\/span><\/li>\n<li style=\"text-align: left; font-weight: 400;\"><span style=\"font-weight: 400;\">Videoid vaadatakse koos tunnis. Video looja selgitab suuliselt enda teoste valikut.<\/span><\/li>\n<li style=\"text-align: left; font-weight: 400;\"><span style=\"font-weight: 400;\">Kaaslased annavad veebip\u00f5hiselt nutitelefonidest tagasisidet (nt. <\/span><a href=\"https:\/\/www.mentimeter.com\/\"><span style=\"font-weight: 400;\">Mentimeter<\/span><\/a><span style=\"font-weight: 400;\">,<\/span><a href=\"https:\/\/todaysmeet.com\/\"><span style=\"font-weight: 400;\"> Todaysmeet<\/span><\/a><span style=\"font-weight: 400;\">).<\/span><\/li>\n<\/ol>\n<p><strong>Digip\u00e4devuste osaoskused:<\/strong><\/p>\n<ul>\n<li style=\"font-weight: 400;\"><span style=\"font-weight: 400;\"><span style=\"font-weight: 400;\">INFO (IV - 1.1. Info otsimine ja sirvimine, IV - 1.2. Info hindamine, IV - 1.3. Info salvestamine ja taasesitamine<\/span><\/span><span style=\"font-weight: 400;\"><span style=\"font-weight: 400;\">)<\/span><\/span><\/li>\n<li style=\"font-weight: 400;\"><span style=\"font-weight: 400;\">SUHTLUS (IV - 2.2. Info ja sisu jagamine)<\/span><\/li>\n<li style=\"font-weight: 400;\"><span style=\"font-weight: 400;\"><span style=\"font-weight: 400;\">SISULOOME (IV - 3.2. Uue teadmise loomine, IV - 3.3. Autori\u00f5igus ja litsentsid<\/span><\/span>)<\/li>\n<li style=\"font-weight: 400;\"><span style=\"font-weight: 400;\">TURVALISUS\u00a0(IV - 4.1. Seadmete kaitsmine)<\/span><\/li>\n<li style=\"font-weight: 400;\"><span style=\"font-weight: 400;\">PROBLEEMILAHENDUS\u00a0(IV - 5.1. Tehniliste probleemide lahendamine)<\/span><\/li>\n<\/ul>\n<hr \/>\n<h3><b>N\u00e4ide 2: \u201cT\u00f6\u00f6 otsimine\u201d<\/b><\/h3>\n<p>Eesm\u00e4rk: \u00d5pilased teevad m\u00e4nguliselt l\u00e4bi t\u00f6\u00f6otsimise protsessi.<\/p>\n<ol>\n<li style=\"text-align: left; font-weight: 400;\"><span style=\"font-weight: 400;\">\u00d5pilased otsivad v\u00f5\u00f5rkeelsetest t\u00f6\u00f6h\u00f5iveportaalidest enda unistuste t\u00f6\u00f6koha kuulutuse ja salvestavad selle endale.<\/span><\/li>\n<li style=\"text-align: left; font-weight: 400;\"><span style=\"font-weight: 400;\">\u00d5pilased anal\u00fc\u00fcsivad t\u00f6\u00f6kuulutust ning teevad kindlaks, millist haridust\/ kvalifikatsiooni, isikuomadusi ja oskusi on vaja sellele t\u00f6\u00f6le kandideerimiseks.<\/span><\/li>\n<li style=\"text-align: left; font-weight: 400;\"><span style=\"font-weight: 400;\">\u00d5pilane kirjutab tekstidokumenti CV, otsides enda jaoks vajalikku infot (nt. \u00fclikool, kursused) ning vormindab dokumendi vastavalt n\u00f5uetele.<\/span><\/li>\n<li style=\"text-align: left; font-weight: 400;\"><span style=\"font-weight: 400;\">CV'le lisaks kirjutab \u00f5pilane kaaskirja.<\/span><\/li>\n<li style=\"text-align: left; font-weight: 400;\"><span style=\"font-weight: 400;\">Paarist\u00f6\u00f6na valmistatakse ette t\u00f6\u00f6intervjuu, mis filmitakse, lisatakse <\/span><a href=\"https:\/\/www.youtube.com\/\"><span style=\"font-weight: 400;\">Youtube<\/span><\/a><span style=\"font-weight: 400;\">\u2019i v\u00f5i <\/span><a href=\"https:\/\/vimeo.com\/\"><span style=\"font-weight: 400;\">Vimeo<\/span><\/a><span style=\"font-weight: 400;\"> keskkonda ning hiljem anal\u00fc\u00fcsitakse. Parimaid videoid saab \u00f5petaja kasutada hiljem \u00f5ppevideotena.<\/span><\/li>\n<\/ol>\n<p><strong>Digip\u00e4devuste osaoskused:<\/strong><\/p>\n<ul>\n<li><span style=\"font-weight: 400;\">INFO (IV - 1.1. Info otsimine ja sirvimine, IV - 1.2. Info hindamine, IV - 1.3. Info salvestamine ja taasesitamine<\/span><span style=\"font-weight: 400;\">)<\/span><\/li>\n<li style=\"font-weight: 400;\"><span style=\"font-weight: 400;\">SUHTLUS\u00a0(IV - 2.5. Netikett<span style=\"font-weight: 400;\">)<\/span><\/span><\/li>\n<li style=\"font-weight: 400;\"><span style=\"font-weight: 400;\">SISULOOME\u00a0(IV - 3.1. Digitaalne sisuloome<span style=\"font-weight: 400;\">)<\/span><\/span><\/li>\n<\/ul>\n<p style=\"text-align: left;\"><strong>N\u00e4idete autorid:\u00a0<\/strong>Aimi J\u00f5esalu (P\u00f5lva P\u00f5hikool),\u00a0Juta-Tiia M\u00e4gi (Gustav Adolfi G\u00fcmnaasium),\u00a0Meeri Sild (Tallinna Lillek\u00fcla G\u00fcmnaasium)<\/p>\n","protected":false},"excerpt":{"rendered":"<p>A-v\u00f5\u00f5rkeel N\u00e4ide 1: \u201cKunst ja muusika\u201d Eesm\u00e4rk: omandada s\u00f5navara, mille abil \u00f5pilane suudab tutvustada erinevaid kunstnikke ja nende teoseid. V\u00f5imalik l\u00f5iming kunsti\u00f5petuse ja muusika\u00f5petusega. \u00d5pilaste \u00fclesandeks on luua videoesitlused enda vabalt valitud kunstniku elust ja loomingust. Videole tuleb lisada selgitav tekst ning kunstniku loomingut iseloomustav muusikataust. Ajur\u00fcnnaku (nt. \u00a0Answergarden) k\u00e4igus tuletatakse meelde ja pannakse kirja <a class=\"read-more\" href=\"https:\/\/oppevara.edu.ee\/opilood\/oppekava-digipadevuse-naited\/voorkeeled\/gumnaasium-voorkeeled\/\">...continue reading <span class=\"meta-nav\">&rarr;<\/span><\/a><\/p>\n","protected":false},"author":3,"featured_media":0,"parent":514,"menu_order":4,"comment_status":"closed","ping_status":"closed","template":"page-templates\/full-width.php","meta":[],"_links":{"self":[{"href":"https:\/\/oppevara.edu.ee\/opilood\/wp-json\/wp\/v2\/pages\/643"}],"collection":[{"href":"https:\/\/oppevara.edu.ee\/opilood\/wp-json\/wp\/v2\/pages"}],"about":[{"href":"https:\/\/oppevara.edu.ee\/opilood\/wp-json\/wp\/v2\/types\/page"}],"author":[{"embeddable":true,"href":"https:\/\/oppevara.edu.ee\/opilood\/wp-json\/wp\/v2\/users\/3"}],"replies":[{"embeddable":true,"href":"https:\/\/oppevara.edu.ee\/opilood\/wp-json\/wp\/v2\/comments?post=643"}],"version-history":[{"count":12,"href":"https:\/\/oppevara.edu.ee\/opilood\/wp-json\/wp\/v2\/pages\/643\/revisions"}],"predecessor-version":[{"id":1443,"href":"https:\/\/oppevara.edu.ee\/opilood\/wp-json\/wp\/v2\/pages\/643\/revisions\/1443"}],"up":[{"embeddable":true,"href":"https:\/\/oppevara.edu.ee\/opilood\/wp-json\/wp\/v2\/pages\/514"}],"wp:attachment":[{"href":"https:\/\/oppevara.edu.ee\/opilood\/wp-json\/wp\/v2\/media?parent=643"}],"curies":[{"name":"wp","href":"https:\/\/api.w.org\/{rel}","templated":true}]}}