{"id":640,"date":"2016-03-18T16:55:32","date_gmt":"2016-03-18T14:55:32","guid":{"rendered":"http:\/\/oppevara.hitsa.ee\/opilood\/?page_id=640"},"modified":"2016-07-25T10:09:30","modified_gmt":"2016-07-25T08:09:30","slug":"ii-kooliaste-inimeseopetus","status":"publish","type":"page","link":"https:\/\/oppevara.edu.ee\/opilood\/oppekava-digipadevuse-naited\/sotsiaalained\/ii-kooliaste-inimeseopetus\/","title":{"rendered":"Inimese\u00f5petus &#8211; II kooliaste"},"content":{"rendered":"<h3>N\u00e4ide 1<\/h3>\n<p><b>Teema: Autori\u00f5igused<\/b><\/p>\n<p><b>Sissejuhatus. <\/b>\u00d5petaja esitleb sissejuhatuseks \u00f5pilastele elulise juhtumi:<\/p>\n<p><i><span style=\"font-weight: 400;\">Sander avastab p\u00fchap\u00e4eva \u00f5htul e-koolist, et esmasp\u00e4evaks peab inimese\u00f5petuses esitama tervisliku toitumise teemalise referaadi. Talle meenub, et \u00fclesanne anti nende r\u00fchmale juba m\u00f5ni n\u00e4dal tagasi. Halba hinnet ja m\u00e4rkust Sander ei soovi. Poiss teeb internetis otsingu ja leiab kellegi teise samal teemal tehtud referaadi. Sander helistab enda r\u00fchma poistele ja \u00fctleb, et referaat on valmis. Poisid esitavad \u00f5petajale kellegi teise inimese poolt tehtud referaadi.<\/span><\/i><\/p>\n<p><span style=\"font-weight: 400;\">\u00d5petaja esitab \u00f5pilastele k\u00fcsimuse: Milliseid probleeme sa loos leiad?<\/span><\/p>\n<p><b>\u00dclesanne 1<\/b><span style=\"font-weight: 400;\">. <\/span><\/p>\n<ol>\n<li><span style=\"font-weight: 400;\">\u00d5pilased peavad kirjutama veebitahvlile, milliseid probleeme nad loos leiavad. (nt Padlet v\u00f5i muu Koolielus toodud \u00a0t\u00f6\u00f6vahend\u00a0<\/span><a href=\"http:\/\/koolielu.ee\/tools\/?tag=veebitahvel&amp;offset=10\"><span style=\"font-weight: 400;\">http:\/\/koolielu.ee\/tools\/?tag=veebitahvel&amp;offset=10<\/span><\/a><span style=\"font-weight: 400;\">)<\/span><\/li>\n<li><span style=\"font-weight: 400;\">\u00d5pilased arutlevad leitud probleemide \u00fcle. <\/span><\/li>\n<\/ol>\n<p><b>\u00dclesanne 2<\/b><span style=\"font-weight: 400;\">. <\/span><\/p>\n<ol>\n<li><span style=\"font-weight: 400;\">\u00d5petaja suunab \u00f5pilased otsima internetist infot autori\u00f5iguste teemal tutvustades eelnevalt m\u00f5nda v\u00f5tet (n\u00e4iteks s\u00f5na jutum\u00e4rkides), kuidas paremini kasutada Google otsingumootorit.<\/span><\/li>\n<li><span style=\"font-weight: 400;\">\u00d5pilased tr\u00fckivad otsingumootorisse s\u00f5na \u201cautori\u00f5igused\u201d.<\/span><\/li>\n<li><span style=\"font-weight: 400;\">\u00d5pilased tutvuvad leitud infoallika(te) abil teemaga ja s\u00f5nastavad \u00fche autori\u00f5igusi puudutava m\u00f5tte ja lisavad selle veebitahvlile (nt Padlet v\u00f5i muu Koolielus toodud \u00a0t\u00f6\u00f6vahend <\/span><a href=\"http:\/\/koolielu.ee\/tools\/?tag=veebitahvel&amp;offset=10\"><span style=\"font-weight: 400;\">http:\/\/koolielu.ee\/tools\/?tag=veebitahvel&amp;offset=10<\/span><\/a><span style=\"font-weight: 400;\">). <\/span><\/li>\n<\/ol>\n<p style=\"text-align: left;\"><span style=\"font-weight: 400;\">Variant 2. \u00d5petaja n\u00e4itab \u00f5pilastele m\u00f5nda videot autori\u00f5iguste teemal veebilehelt <\/span><a href=\"http:\/\/www.autor.ee\/\"><span style=\"font-weight: 400;\">http:\/\/www.autor.ee\/<\/span><\/a><span style=\"font-weight: 400;\"> v\u00f5i <\/span><a href=\"http:\/\/informaatika5.weebly.com\/\"><span style=\"font-weight: 400;\">http:\/\/informaatika5.weebly.com\/<\/span><\/a><\/p>\n<p><b>Kokkuv\u00f5te.<\/b><span style=\"font-weight: 400;\"> \u00d5pilased s\u00f5nastavad tunni l\u00f5puks m\u00f5tted, mida nad autori\u00f5iguste kohta teada said. Mida peaks Sander tegema kui kasutab referaadi kirjutamisel kellegi teise poolt loodud materjale. Kellele kuuluvad autori\u00f5igused? <\/span><\/p>\n<p><b>\u00dclesanne 3. <\/b><\/p>\n<ol>\n<li style=\"text-align: left;\"><span style=\"font-weight: 400;\">\u00d5pilased koostavad 5 k\u00fcsimusega testi\/m\u00e4ngu autori\u00f5iguste kohta. <\/span><span style=\"font-weight: 400;\">N\u00e4iteks sobivad keskkonnad<\/span><a href=\"http:\/\/koolielu.ee\/tools\/read\/4291\"><span style=\"font-weight: 400;\"> Purposegames<\/span><\/a><span style=\"font-weight: 400;\">, <\/span><a href=\"http:\/\/koolielu.ee\/tools\/read\/149438\"><span style=\"font-weight: 400;\">\u00a0LearningApps<\/span><\/a><span style=\"font-weight: 400;\">, <\/span><a href=\"http:\/\/koolielu.ee\/tools\/read\/349995\"><span style=\"font-weight: 400;\">Kahoot<\/span><\/a><span style=\"font-weight: 400;\">.<\/span><\/li>\n<li><span style=\"font-weight: 400;\">\u00d5pilased m\u00e4ngivad\/lahendavad \u00fcksteise loodud m\u00e4nge\/teste.<\/span><\/li>\n<li><span style=\"font-weight: 400;\">\u00d5pilased hindavad, tagasisidestavad tunnis \u00f5pitut n\u00e4iteks Mentimeter <\/span><a href=\"http:\/\/koolielu.ee\/tools\/read\/344099\"><span style=\"font-weight: 400;\">http:\/\/koolielu.ee\/tools\/read\/344099<\/span><\/a><\/li>\n<\/ol>\n<p><span style=\"font-weight: 400;\"><strong>LISA:<\/strong> Huvitavat infot aruteluks. Kas loomad v\u00f5ivad omada autori\u00f5igusi. <\/span><a href=\"http:\/\/ekspress.delfi.ee\/lisalood\/kohus-otsustas-ahvid-ega-muud-loomad-ei-oma-autorioigusi?id=73385623\"><span style=\"font-weight: 400;\">http:\/\/ekspress.delfi.ee\/lisalood\/kohus-otsustas-ahvid-ega-muud-loomad-ei-oma-autorioigusi?id=73385623<\/span><\/a><\/p>\n<p><strong>Digip\u00e4devuste osaoskused:<\/strong><\/p>\n<ul>\n<li><span style=\"font-weight: 400;\">INFO (II - 1.1. Info otsimine ja sirvimine, II - 1.2. Info hindamine, II - 1.3. Info salvestamine ja taasesitamine<\/span><span style=\"font-weight: 400;\">)<\/span><\/li>\n<li>SUHTLUS (II - 2.1. Suhtlemine digivahenditega, II - 2.2. Info ja sisu jagamine, II - 2.4. Koost\u00f6\u00f6 digitehnoloogia toel, II - 2.5. Netikett<span style=\"font-weight: 400;\">)<\/span><\/li>\n<li>SISULOOME (II - 3.1. Digitaalne sisuloome, II - 3.2. Uue teadmise loomine, II - 3.3. Autori\u00f5igus ja litsentsid<span style=\"font-weight: 400;\">)<\/span><\/li>\n<li>PROBLEEMILAHENDUS (II - 5.3. Innovatsioon ja tehnoloogia loov kasutamine<span style=\"font-weight: 400;\">)<\/span><\/li>\n<\/ul>\n<hr \/>\n<h3><b>N\u00e4ide 2 <\/b><\/h3>\n<p><b>Teema. Tervislik toitumine<\/b><\/p>\n<p><b>Sissejuhatus<\/b><span style=\"font-weight: 400;\">. \u00d5petaja palub \u00f5pilastel m\u00f5elda, mis on nende meelest tervislik toitumine ja kirjutada m\u00e4rks\u00f5nad s\u00f5napilve. S\u00f5napilve loomine (nt WorditOut jt). \u00a0<\/span><a href=\"http:\/\/koolielu.ee\/tools\/read\/176016\"><span style=\"font-weight: 400;\">http:\/\/koolielu.ee\/tools\/read\/176016<\/span><\/a><\/p>\n<p><b>\u00dclesanne<\/b><span style=\"font-weight: 400;\">. R\u00fchmat\u00f6\u00f6. R\u00fchmade moodustamine (<\/span><a href=\"http:\/\/koolielu.ee\/tools\/read\/146507\"><span style=\"font-weight: 400;\">TeamUp <\/span><\/a><span style=\"font-weight: 400;\">jm). <\/span><\/p>\n<ol>\n<li><span style=\"font-weight: 400;\">\u00d5pilased peavad otsima infot ja koostama esitluse, video V\u00d5I pildiseeria ja tegema j\u00e4rgmisel tunnil ettekande (<\/span><a href=\"http:\/\/koolielu.ee\/tools\/read\/200379\"><span style=\"font-weight: 400;\">Animoto<\/span><\/a><span style=\"font-weight: 400;\">, <\/span><a href=\"http:\/\/koolielu.ee\/tools\/?tag=esitlus&amp;offset=10\"><span style=\"font-weight: 400;\">Prezi<\/span><\/a><span style=\"font-weight: 400;\"> jt ) tervisliku toitumise teemal kasutades m\u00f5nda \u00fchist\u00f6\u00f6 vahendit (N\u00e4iteks <\/span><a href=\"http:\/\/koolielu.ee\/tools\/read\/1719\"><i><span style=\"font-weight: 400;\">googledrive<\/span><\/i><\/a><span style=\"font-weight: 400;\"> vm \u00fchist\u00f6\u00f6ks m\u00f5eldud veebitarkvara) <\/span><a href=\"http:\/\/koolielu.ee\/tools\/?tag=esitlus&amp;offset=10\"><span style=\"font-weight: 400;\">http:\/\/koolielu.ee\/tools\/?tag=esitlus&amp;offset=10<\/span><\/a><span style=\"font-weight: 400;\">. <\/span><\/li>\n<li><span style=\"font-weight: 400;\">\u00d5petaja pakub \u00f5pilastele valiku teemasid ja \/v\u00f5i \u00f5pilased pakuvad ise neid huvitavad teemad v\u00e4lja. \u00d5petaja on loonud <\/span><a href=\"http:\/\/koolielu.ee\/tools\/read\/1719\"><i><span style=\"font-weight: 400;\">googledrive<\/span><\/i><\/a><span style=\"font-weight: 400;\"> tabeli, kuhu \u00f5pilased saavad m\u00e4rkida enda poolt valitud teemad. N\u00e4iteks: \u00a0Tervislik hommikus\u00f6\u00f6k, tervislik koolil\u00f5una, ebatervislikud toidud, mida sisaldavad kartulikr\u00f5psud, energiajoogid ja tervis jms.<\/span><\/li>\n<li><span style=\"font-weight: 400;\">\u00d5petaja p\u00f6\u00f6rab \u00f5pilaste t\u00e4helepanu autori\u00f5igustele ja viitamisele.<\/span><\/li>\n<\/ol>\n<p><span style=\"font-weight: 400;\">Soovituslikud veebilehed: <\/span><a href=\"http:\/\/toitumine.ee\/\"><span style=\"font-weight: 400;\">http:\/\/toitumine.ee\/<\/span><\/a><\/p>\n<p><b>Hindamine<\/b><span style=\"font-weight: 400;\">. \u00a0Ettekanded. Arutelu ja j\u00e4reldused ettekannete p\u00f5hjal. Mida \u00f5ppisin tervisliku toitumise kohta. \u00d5pilased postitavad j\u00e4reldused veebitahvlile (<\/span><a href=\"http:\/\/koolielu.ee\/tools\/?tag=veebitahvel&amp;offset=10\"><span style=\"font-weight: 400;\">nt Padlet v\u00f5i muu Koolielus toodud \u00a0t\u00f6\u00f6vahend)<\/span><\/a><\/p>\n<p>\u00d5petaja loob esitluse \u00a0<a href=\"http:\/\/opetaja.edu.ee\/hindamismudelid\/?tegevus=bmudel&amp;avid=47\">hindamismudeli<\/a> ja ettekande<a href=\"http:\/\/opetaja.edu.ee\/hindamismudelid\/?tegevus=bmudel&amp;avid=18\"> hindamismudeli <\/a>. \u00d5pilased annavad hinnangu enda t\u00f6\u00f6le ja hindavad ka teiste ettekandeid.<\/p>\n<p><strong>Digip\u00e4devuste osaoskused:<\/strong><\/p>\n<ul>\n<li><span style=\"font-weight: 400;\">INFO (II - 1.1. Info otsimine ja sirvimine, II - 1.2. Info hindamine, II - 1.3. Info salvestamine ja taasesitamine)<\/span><\/li>\n<li>SUHTLUS (II - 2.1. Suhtlemine digivahenditega, II - 2.2. Info ja sisu jagamine, II - 2.4. Koost\u00f6\u00f6 digitehnoloogia toel, II - 2.5. Netikett<span style=\"font-weight: 400;\">)<\/span><\/li>\n<li>SISULOOME (II - 3.1. Digitaalne sisuloome, II - 3.2. Uue teadmise loomine, II - 3.3. Autori\u00f5igus ja litsentsid<span style=\"font-weight: 400;\">)<\/span><\/li>\n<li>PROBLEEMILAHENDUS (II - 5.2. Vajaduste v\u00e4ljaselgitamine ja neile tehnoloogiliste lahenduste leidmine, II - 5.3. Innovatsioon ja tehnoloogia loov kasutamine<span style=\"font-weight: 400;\">)<\/span><\/li>\n<\/ul>\n<hr \/>\n<h3><b>N\u00e4ide 3<\/b><\/h3>\n<p><b>Teema: <\/b><strong>\u00a0Teadlik tarbimine. Pakendiinfo lugemine.<\/strong><\/p>\n<p><span style=\"font-weight: 400;\">\u00d5pilased v\u00f5i \u00f5petaja on kaasa toonud erinevaid toiduainete pakendeid. <\/span><\/p>\n<ol>\n<li style=\"font-weight: 400;\"><span style=\"font-weight: 400;\">Lae alla nutiseadme \u00e4pp \"E-ained\" \u00a0(<\/span><span style=\"font-weight: 400;\"><a href=\"https:\/\/play.google.com\/store\/apps\/details?id=Animato.Eained\">https:\/\/play.google.com\/store\/apps\/details?id=Animato.Eained<\/a>).\u00a0<\/span><span style=\"font-weight: 400;\">Proovige \u00e4pp laadida telefoni arvutist (st mitte otse nutitelefonis).<\/span><\/li>\n<li style=\"font-weight: 400;\"><span style=\"font-weight: 400;\">\u00d5petaja loob klassile \u00fchist\u00f6\u00f6faili (nt Google Sheet) ning annab toimetamise\u00f5igusega ligip\u00e4\u00e4su iga \u00f5pilasr\u00fchma esindajale. \u00d5pilaste t\u00e4helepanu juhitakse parooli valiku soovitustele (nt Google konto) ning Netiketile avalikus ja \u00fchist\u00f6\u00f6ruumis toimetamisel<\/span><\/li>\n<li style=\"font-weight: 400;\"><span style=\"font-weight: 400;\">\u00d5pilased jaotatakse r\u00fchmadesse (nt TeamUp,\u00a0<\/span><a href=\"http:\/\/koolielu.ee\/tools\/read\/146507\"><span style=\"font-weight: 400;\">http:\/\/koolielu.ee\/tools\/read\/146507<\/span><\/a><span style=\"font-weight: 400;\">)<\/span><\/li>\n<li style=\"font-weight: 400;\"><span style=\"font-weight: 400;\">Iga r\u00fchm valib tabelist 1-3 \u00a0toiduainet ja otsib pakendiinfolt 1-3 \u00a0e-ainet ja lisab selle v\u00f5imalikud tervisem\u00f5jud tabelisse.<\/span><\/li>\n<li style=\"font-weight: 400;\"><span style=\"font-weight: 400;\">\u00d5pilasr\u00fchmad teevad t\u00e4idetud tabeli alusel \u00fchist\u00f6\u00f6 failist j\u00e4reldusi (KUHU j\u00e4reldused tuleb teha?). N\u00e4iteks: <\/span><\/li>\n<\/ol>\n<ul>\n<li style=\"font-weight: 400;\"><span style=\"font-weight: 400;\">Miks on oluline pakendiinfot lugeda?<\/span><\/li>\n<li style=\"font-weight: 400;\"><span style=\"font-weight: 400;\">Millised toiduained sisaldavad k\u00f5ige rohkem E-aineid?<\/span><\/li>\n<li style=\"font-weight: 400;\"><span style=\"font-weight: 400;\">Kuidas on seotud E-ained ja tervis?<\/span><\/li>\n<\/ul>\n<p><b>Digip\u00e4devuste osaoskused:<\/b><\/p>\n<ul>\n<li><span style=\"font-weight: 400;\">SUHTLUS (II - 2.2. Info ja sisu jagamine, II - 2.4. Koost\u00f6\u00f6 digitehnoloogia toel, II - 2.5. Netikett<\/span><span style=\"font-weight: 400;\">)<\/span><\/li>\n<li><span style=\"font-weight: 400;\">SISULOOME (II - 3.1. Digitaalne sisuloome, II - 3.2. Uue teadmise loomine)<\/span><\/li>\n<li>TURVALISUS (II - 4.2. Isikuandmete kaitsmine<span style=\"font-weight: 400;\">)<\/span><\/li>\n<li><span style=\"font-weight: 400;\">PROBLEEMILAHENDUS (II - 5.2. Vajaduste v\u00e4ljaselgitamine ja neile tehnoloogiliste lahenduste leidmine)<\/span><\/li>\n<\/ul>\n<p><strong>Autor:<\/strong> Eva Palk (P\u00e4rnu-Jaagupi G\u00fcmnaasium, P\u00e4rnu \u00dchisg\u00fcmnaasium)<\/p>\n","protected":false},"excerpt":{"rendered":"<p>N\u00e4ide 1 Teema: Autori\u00f5igused Sissejuhatus. \u00d5petaja esitleb sissejuhatuseks \u00f5pilastele elulise juhtumi: Sander avastab p\u00fchap\u00e4eva \u00f5htul e-koolist, et esmasp\u00e4evaks peab inimese\u00f5petuses esitama tervisliku toitumise teemalise referaadi. Talle meenub, et \u00fclesanne anti nende r\u00fchmale juba m\u00f5ni n\u00e4dal tagasi. Halba hinnet ja m\u00e4rkust Sander ei soovi. Poiss teeb internetis otsingu ja leiab kellegi teise samal teemal tehtud referaadi. <a class=\"read-more\" href=\"https:\/\/oppevara.edu.ee\/opilood\/oppekava-digipadevuse-naited\/sotsiaalained\/ii-kooliaste-inimeseopetus\/\">...continue reading <span class=\"meta-nav\">&rarr;<\/span><\/a><\/p>\n","protected":false},"author":2,"featured_media":0,"parent":520,"menu_order":6,"comment_status":"closed","ping_status":"closed","template":"page-templates\/full-width.php","meta":[],"_links":{"self":[{"href":"https:\/\/oppevara.edu.ee\/opilood\/wp-json\/wp\/v2\/pages\/640"}],"collection":[{"href":"https:\/\/oppevara.edu.ee\/opilood\/wp-json\/wp\/v2\/pages"}],"about":[{"href":"https:\/\/oppevara.edu.ee\/opilood\/wp-json\/wp\/v2\/types\/page"}],"author":[{"embeddable":true,"href":"https:\/\/oppevara.edu.ee\/opilood\/wp-json\/wp\/v2\/users\/2"}],"replies":[{"embeddable":true,"href":"https:\/\/oppevara.edu.ee\/opilood\/wp-json\/wp\/v2\/comments?post=640"}],"version-history":[{"count":8,"href":"https:\/\/oppevara.edu.ee\/opilood\/wp-json\/wp\/v2\/pages\/640\/revisions"}],"predecessor-version":[{"id":1378,"href":"https:\/\/oppevara.edu.ee\/opilood\/wp-json\/wp\/v2\/pages\/640\/revisions\/1378"}],"up":[{"embeddable":true,"href":"https:\/\/oppevara.edu.ee\/opilood\/wp-json\/wp\/v2\/pages\/520"}],"wp:attachment":[{"href":"https:\/\/oppevara.edu.ee\/opilood\/wp-json\/wp\/v2\/media?parent=640"}],"curies":[{"name":"wp","href":"https:\/\/api.w.org\/{rel}","templated":true}]}}