{"id":636,"date":"2016-03-18T16:34:32","date_gmt":"2016-03-18T14:34:32","guid":{"rendered":"http:\/\/oppevara.hitsa.ee\/opilood\/?page_id=636"},"modified":"2016-07-26T11:28:33","modified_gmt":"2016-07-26T09:28:33","slug":"ii-kooliaste-voorkeeled","status":"publish","type":"page","link":"https:\/\/oppevara.edu.ee\/opilood\/oppekava-digipadevuse-naited\/voorkeeled\/ii-kooliaste-voorkeeled\/","title":{"rendered":"V\u00f5\u00f5rkeeled &#8211; II kooliaste"},"content":{"rendered":"<h2>A-v\u00f5\u00f5rkeel<\/h2>\n<h3><b>N\u00e4ide 1: \u201cKodukoht Eesti\u201d<\/b><\/h3>\n<p><strong>Eesm\u00e4rk:<\/strong> \u00f5pilane oskab tutvustada oma kodukohta \u00a0\u00f5pitavas v\u00f5\u00f5rkeeles.<\/p>\n<ol>\n<li style=\"font-weight: 400;\"><span style=\"font-weight: 400;\">\u00d5pilased t\u00f6\u00f6tavad paaris v\u00f5i v\u00e4ikestes r\u00fchmades. R\u00fchmad moodustatakse elektrooniliselt (nt. <\/span><a href=\"http:\/\/teamup.aalto.fi\"><span style=\"font-weight: 400;\">TeamUp<\/span><\/a><span style=\"font-weight: 400;\">, <\/span><a href=\"http:\/\/www.classtools.net\/random-name-picker\/\"><span style=\"font-weight: 400;\">\u00d5nneratas)<\/span><\/a><span style=\"font-weight: 400;\">. <\/span><\/li>\n<li style=\"font-weight: 400;\"><span style=\"font-weight: 400;\">\u00d5pilased otsivad veebist erinevat informatsiooni oma kodukoha \u00a0kohta, j\u00e4rgides autori\u00f5iguste n\u00f5udeid. \u00d5petajale on abiks <\/span><a href=\"https:\/\/oppematerjalid.wordpress.com\/oppematerjalid\/oppematerjalide-autorioigus\/\"><span style=\"font-weight: 400;\">artikkel<\/span><\/a><span style=\"font-weight: 400;\"> autori\u00f5igustest.<\/span><\/li>\n<li style=\"font-weight: 400;\"><span style=\"font-weight: 400;\">Kogutud info koondatakse \u00fchisesse keskkonda (nt.<\/span><a href=\"http:\/\/www.thinglink.com\/\"><span style=\"font-weight: 400;\"> ThingLink<\/span><\/a><span style=\"font-weight: 400;\">,<\/span><a href=\"https:\/\/padlet.com\/\"><span style=\"font-weight: 400;\"> Padle<\/span><\/a><span style=\"font-weight: 400;\">t, <\/span><a href=\"http:\/\/www.emaze.com\/\"><span style=\"font-weight: 400;\">Emaze<\/span><\/a><span style=\"font-weight: 400;\">). <\/span><\/li>\n<li style=\"font-weight: 400;\"><span style=\"font-weight: 400;\">Esitlusi tutvustatakse klassis ning \u00a0tagasisidestatakse veebikeskkonnas (nt. <\/span><a href=\"http:\/\/www.tricider.com\/\"><span style=\"font-weight: 400;\">Tricider<\/span><\/a><span style=\"font-weight: 400;\">).<\/span><\/li>\n<\/ol>\n<p><strong>Digip\u00e4devuste osaoskused:<\/strong><\/p>\n<ul>\n<li><span style=\"font-weight: 400;\">INFO (II - 1.1. Info otsimine ja sirvimine, II - 1.2. Info hindamine,\u00a0II - 1.3. Info salvestamine ja taasesitamine)<\/span><\/li>\n<li>SUHTLUS (II - 2.1. Suhtlemine digivahenditega,\u00a0II - 2.2. Info ja sisu jagamine,\u00a0II - 2.4. Koost\u00f6\u00f6 digitehnoloogia toel,\u00a0II - 2.5. Netikett<span style=\"font-weight: 400;\">)<\/span><\/li>\n<li>SISULOOME (II - 3.1. Digitaalne sisuloome,\u00a0II - 3.2. Uue teadmise loomine,\u00a0II - 3.3. Autori\u00f5igus ja litsentsid<span style=\"font-weight: 400;\">)<\/span><\/li>\n<li>TURVALISUS (II - 4.1. Seadmete kaitsmine<span style=\"font-weight: 400;\">)<\/span><\/li>\n<li>PROBLEEMILAHENDUS (II - 5.1. Tehniliste probleemide lahendamine)<\/li>\n<\/ul>\n<hr \/>\n<h3><b>N\u00e4ide 2: \u201cIgap\u00e4evaelu\u201d<\/b><\/h3>\n<p><strong>Eesm\u00e4rk:<\/strong> kinnistada s\u00f5navara teemal \u201cIgap\u00e4evaelu\u201d.<\/p>\n<ol>\n<li style=\"font-weight: 400;\"><span style=\"font-weight: 400;\">\u00d5pilased loovad teemakohaseid \u00f5ppem\u00e4nge. <\/span><\/li>\n<li style=\"font-weight: 400;\"><span style=\"font-weight: 400;\">\u00d5pilased tutvuvad veebip\u00f5hise m\u00e4ngude loomise keskkonnaga (nt.<\/span><a href=\"http:\/\/learningapps.org\/\"><span style=\"font-weight: 400;\"> Learningapps<\/span><\/a><span style=\"font-weight: 400;\">,<\/span><a href=\"http:\/\/koolielu.ee\/tools\/read\/149438\"><span style=\"font-weight: 400;\"> juhendid<\/span><\/a><span style=\"font-weight: 400;\">) ning valivad endale sobivad m\u00e4ngude t\u00fc\u00fcbid. <\/span><\/li>\n<li style=\"font-weight: 400;\"><span style=\"font-weight: 400;\">M\u00e4ngud luuakse teemal \u201cIgap\u00e4evaelu\u201d (nt. liiklemine, kauplus, jne). <\/span><\/li>\n<li style=\"font-weight: 400;\"><span style=\"font-weight: 400;\">M\u00e4ngude lingid lisatakse \u00f5petaja poolt loodud GoogleDocs dokumenti v\u00f5i veebiseinale (nt. <\/span><a href=\"https:\/\/padlet.com\"><span style=\"font-weight: 400;\">Padlet<\/span><\/a><span style=\"font-weight: 400;\">). <\/span><\/li>\n<li style=\"font-weight: 400;\"><span style=\"font-weight: 400;\">Klassikaaslased katsetavad teise loodud m\u00e4nge ning vajadusel teevad ettepanekuid parendamiseks. <\/span><\/li>\n<li style=\"font-weight: 400;\"><span style=\"font-weight: 400;\">Viiakse sisse parandused. <\/span><\/li>\n<li style=\"font-weight: 400;\"><span style=\"font-weight: 400;\">J\u00e4rgneb m\u00e4ngude tund (n\u00e4iteks paralleelklassis).<\/span><\/li>\n<\/ol>\n<p><strong>Digip\u00e4devuste osaoskused:<\/strong><\/p>\n<ul>\n<li><span style=\"font-weight: 400;\">INFO (II - 1.1. Info otsimine ja sirvimine, II - 1.2. Info hindamine, II - 1.3. Info salvestamine ja taasesitamine<\/span><span style=\"font-weight: 400;\">)<\/span><\/li>\n<li style=\"font-weight: 400;\"><span style=\"font-weight: 400;\">SUHTLUS (II - 2.1. Suhtlemine digivahenditega, II - 2.2. Info ja sisu jagamine<span style=\"font-weight: 400;\">, II - 2.6. Digitaalse identiteedi haldamine)<\/span><\/span><\/li>\n<li style=\"font-weight: 400;\">SISULOOME (II - 3.1. Digitaalne sisuloome, II - 3.2. Uue teadmise loomine, II - 3.3. Autori\u00f5igus ja litsentsid<span style=\"font-weight: 400;\">)<\/span><\/li>\n<li style=\"font-weight: 400;\">TURVALISUS (II - 4.1. Seadmete kaitsmine, II - 4.2. Isikuandmete kaitsmine)<\/li>\n<li style=\"font-weight: 400;\"><span style=\"font-weight: 400;\">PROBLEEMILAHENDUS\u00a0(II - 5.2. Vajaduste v\u00e4ljaselgitamine ja neile tehnoloogiliste lahenduste leidmine)<\/span><\/li>\n<\/ul>\n<hr \/>\n<h2>B-v\u00f5\u00f5rkeel<\/h2>\n<h2><span style=\"font-weight: 400;\">6. klass<\/span><\/h2>\n<h3><b>N\u00e4ide 1: \u201cVaba aeg\u201d<\/b><\/h3>\n<p><strong>Eesm\u00e4rk:<\/strong> kinnistada \u00f5pitud s\u00f5navara ja arendada \u00f5pilaste suulist v\u00e4ljendusoskust.<\/p>\n<ol>\n<li style=\"font-weight: 400;\"><span style=\"font-weight: 400;\">\u00d5pilane loob endale konto enesekontrollitestide keskkonnas <\/span><a href=\"https:\/\/quizlet.com\/\"><span style=\"font-weight: 400;\">Quizlet<\/span><\/a><span style=\"font-weight: 400;\">.<\/span><\/li>\n<li style=\"font-weight: 400;\"><span style=\"font-weight: 400;\">\u00d5pilane valmistab ette s\u00f5navara kordamismaterjali keskkonnas <\/span><a href=\"https:\/\/quizlet.com\/\"><span style=\"font-weight: 400;\">Quizlet<\/span><\/a><span style=\"font-weight: 400;\">. <\/span><\/li>\n<li style=\"font-weight: 400;\"><span style=\"font-weight: 400;\">Testide lingid koondatakse kokku veebitahvlile (nt. <\/span><a href=\"https:\/\/padlet.com\/\"><span style=\"font-weight: 400;\">Padlet<\/span><\/a><span style=\"font-weight: 400;\">, <\/span><a href=\"http:\/\/en.linoit.com\/\"><span style=\"font-weight: 400;\">Linoit<\/span><\/a><span style=\"font-weight: 400;\">).<\/span><\/li>\n<li style=\"font-weight: 400;\"><span style=\"font-weight: 400;\">\u00d5pilased laevad enda nutiseadmesse <\/span><a href=\"https:\/\/play.google.com\/store\/apps\/details?id=com.quizlet.quizletandroid&amp;hl=de\"><span style=\"font-weight: 400;\">Quizleti rakenduse<\/span><\/a><span style=\"font-weight: 400;\"> ja harjutavad s\u00f5navara kasutades enda ja kaas\u00f5pilaste teste. <\/span><\/li>\n<li style=\"font-weight: 400;\"><span style=\"font-weight: 400;\">\u00d5pilane loob \u00a0elektroonilise jutukese (nt. <\/span><a href=\"http:\/\/www.utellstory.com\/\"><span style=\"font-weight: 400;\">Utellstory<\/span><\/a><span style=\"font-weight: 400;\">, <\/span><a href=\"https:\/\/tellagami.com\/\"><span style=\"font-weight: 400;\">Tellagami<\/span><\/a><span style=\"font-weight: 400;\">, <\/span><a href=\"https:\/\/itunes.apple.com\/us\/app\/puppet-pals-hd\/id342076546?mt=8\"><span style=\"font-weight: 400;\">PuppetPals<\/span><\/a><span style=\"font-weight: 400;\">) oma vaba aja tegevuste kohta, kasutades \u00f5pitud s\u00f5navara. <\/span><\/li>\n<li style=\"font-weight: 400;\"><span style=\"font-weight: 400;\">Jutukesi jagatakse \u00f5petajaga ning vaadatakse koos klassis.\u00a0<\/span><\/li>\n<\/ol>\n<p><strong>Digip\u00e4devuste osaoskused:<\/strong><\/p>\n<ul>\n<li style=\"font-weight: 400;\"><span style=\"font-weight: 400;\">SUHTLUS\u00a0(II - 2.4. Koost\u00f6\u00f6 digitehnoloogia toel)<\/span><\/li>\n<li style=\"font-weight: 400;\"><span style=\"font-weight: 400;\">SISULOOME <\/span><span style=\"font-weight: 400;\">(II - 3.1. Digitaalne sisuloome, II - 3.2. Uue teadmise loomine, II - 3.3. Autori\u00f5igus ja litsentsid<span style=\"font-weight: 400;\">)<\/span><\/span><\/li>\n<li style=\"font-weight: 400;\"><span style=\"font-weight: 400;\">TURVALISUS (II - 4.1. Seadmete kaitsmine)<\/span><\/li>\n<li style=\"font-weight: 400;\"><span style=\"font-weight: 400;\">PROBLEEMILAHENDUS\u00a0(II - 5.1. Tehniliste probleemide lahendamine, II - 5.3. Innovatsioon ja tehnoloogia loov kasutamine)<\/span><\/li>\n<\/ul>\n<hr \/>\n<h3>N\u00e4ide 2: \u00a0\u201cKodu ja perekond\u201d<\/h3>\n<p><strong>Eesm\u00e4rk<\/strong>: \u00d5pilased loovad teemakohaseid \u00f5ppem\u00e4nge s\u00f5navara kinnistamiseks.<\/p>\n<ol>\n<li style=\"font-weight: 400;\"><span style=\"font-weight: 400;\">\u00d5pilased tutvuvad veebip\u00f5hise m\u00e4ngude loomise keskkonnaga (nt.<\/span><a href=\"http:\/\/learningapps.org\/\"><span style=\"font-weight: 400;\"> Learningapps<\/span><\/a><span style=\"font-weight: 400;\">,<\/span><a href=\"http:\/\/koolielu.ee\/tools\/read\/149438\"><span style=\"font-weight: 400;\"> juhendid<\/span><\/a><span style=\"font-weight: 400;\">) ning valivad endale sobivad m\u00e4ngude t\u00fc\u00fcbid. <\/span><\/li>\n<li style=\"font-weight: 400;\"><span style=\"font-weight: 400;\">M\u00e4ngud luuakse teemal \u201cKodu ja perekond\u201d (nt. kodu, pereliikmed ja sugulased). <\/span><\/li>\n<li style=\"font-weight: 400;\"><span style=\"font-weight: 400;\">M\u00e4ngude lingid lisatakse \u00f5petaja poolt loodud GoogleDocs dokumenti v\u00f5i veebitahvlile (<\/span><a href=\"https:\/\/padlet.com\/\"><span style=\"font-weight: 400;\">Padlet<\/span><\/a><span style=\"font-weight: 400;\">, <\/span><a href=\"http:\/\/en.linoit.com\/\"><span style=\"font-weight: 400;\">Linoit<\/span><\/a><span style=\"font-weight: 400;\">). <\/span><\/li>\n<li style=\"font-weight: 400;\"><span style=\"font-weight: 400;\">Klassikaaslased katsetavad teise loodud m\u00e4nge ning vajadusel teevad ettepanekuid parendamiseks. <\/span><\/li>\n<li style=\"font-weight: 400;\"><span style=\"font-weight: 400;\">Viiakse sisse parandused. <\/span><\/li>\n<li style=\"font-weight: 400;\"><span style=\"font-weight: 400;\">J\u00e4rgneb m\u00e4ngude tund (n\u00e4iteks paralleelklassis).<\/span><\/li>\n<\/ol>\n<p><strong>Digip\u00e4devuste osaoskused:<\/strong><\/p>\n<ul>\n<li style=\"font-weight: 400;\"><span style=\"font-weight: 400;\">INFO\u00a0(II - 1.1. Info otsimine ja sirvimine, II - 1.2. Info hindamine, II - 1.3. Info salvestamine ja taasesitamine<span style=\"font-weight: 400;\">)<\/span><\/span><\/li>\n<li style=\"font-weight: 400;\"><span style=\"font-weight: 400;\">SUHTLUS\u00a0(II - 2.1. Suhtlemine digivahenditega, II - 2.2. Info ja sisu jagamine<span style=\"font-weight: 400;\">, II - 2.6. Digitaalse identiteedi haldamine)<\/span><\/span><\/li>\n<li style=\"font-weight: 400;\"><span style=\"font-weight: 400;\">SISULOOME\u00a0(II - 3.1. Digitaalne sisuloome, II - 3.2. Uue teadmise loomine, II - 3.3. Autori\u00f5igus ja litsentsid<span style=\"font-weight: 400;\">)<\/span><\/span><\/li>\n<li style=\"font-weight: 400;\"><span style=\"font-weight: 400;\">TURVALISUS\u00a0(II - 4.1. Seadmete kaitsmine, II - 4.2. Isikuandmete kaitsmine)<\/span><\/li>\n<li style=\"font-weight: 400;\"><span style=\"font-weight: 400;\">PROBLEEMILAHENDUS (II - 5.2. Vajaduste v\u00e4ljaselgitamine ja neile tehnoloogiliste lahenduste leidmine)<\/span><\/li>\n<\/ul>\n<p><strong>N\u00e4idete\u00a0autorid:\u00a0<\/strong>Aimi J\u00f5esalu (P\u00f5lva P\u00f5hikool),\u00a0Juta-Tiia M\u00e4gi (Gustav Adolfi G\u00fcmnaasium),\u00a0Meeri Sild (Tallinna Lillek\u00fcla G\u00fcmnaasium)<\/p>\n","protected":false},"excerpt":{"rendered":"<p>A-v\u00f5\u00f5rkeel N\u00e4ide 1: \u201cKodukoht Eesti\u201d Eesm\u00e4rk: \u00f5pilane oskab tutvustada oma kodukohta \u00a0\u00f5pitavas v\u00f5\u00f5rkeeles. \u00d5pilased t\u00f6\u00f6tavad paaris v\u00f5i v\u00e4ikestes r\u00fchmades. R\u00fchmad moodustatakse elektrooniliselt (nt. TeamUp, \u00d5nneratas). \u00d5pilased otsivad veebist erinevat informatsiooni oma kodukoha \u00a0kohta, j\u00e4rgides autori\u00f5iguste n\u00f5udeid. \u00d5petajale on abiks artikkel autori\u00f5igustest. Kogutud info koondatakse \u00fchisesse keskkonda (nt. ThingLink, Padlet, Emaze). Esitlusi tutvustatakse klassis ning \u00a0tagasisidestatakse <a class=\"read-more\" href=\"https:\/\/oppevara.edu.ee\/opilood\/oppekava-digipadevuse-naited\/voorkeeled\/ii-kooliaste-voorkeeled\/\">...continue reading <span class=\"meta-nav\">&rarr;<\/span><\/a><\/p>\n","protected":false},"author":3,"featured_media":0,"parent":514,"menu_order":2,"comment_status":"closed","ping_status":"closed","template":"page-templates\/full-width.php","meta":[],"_links":{"self":[{"href":"https:\/\/oppevara.edu.ee\/opilood\/wp-json\/wp\/v2\/pages\/636"}],"collection":[{"href":"https:\/\/oppevara.edu.ee\/opilood\/wp-json\/wp\/v2\/pages"}],"about":[{"href":"https:\/\/oppevara.edu.ee\/opilood\/wp-json\/wp\/v2\/types\/page"}],"author":[{"embeddable":true,"href":"https:\/\/oppevara.edu.ee\/opilood\/wp-json\/wp\/v2\/users\/3"}],"replies":[{"embeddable":true,"href":"https:\/\/oppevara.edu.ee\/opilood\/wp-json\/wp\/v2\/comments?post=636"}],"version-history":[{"count":14,"href":"https:\/\/oppevara.edu.ee\/opilood\/wp-json\/wp\/v2\/pages\/636\/revisions"}],"predecessor-version":[{"id":1492,"href":"https:\/\/oppevara.edu.ee\/opilood\/wp-json\/wp\/v2\/pages\/636\/revisions\/1492"}],"up":[{"embeddable":true,"href":"https:\/\/oppevara.edu.ee\/opilood\/wp-json\/wp\/v2\/pages\/514"}],"wp:attachment":[{"href":"https:\/\/oppevara.edu.ee\/opilood\/wp-json\/wp\/v2\/media?parent=636"}],"curies":[{"name":"wp","href":"https:\/\/api.w.org\/{rel}","templated":true}]}}