{"id":633,"date":"2016-03-18T16:18:48","date_gmt":"2016-03-18T14:18:48","guid":{"rendered":"http:\/\/oppevara.hitsa.ee\/opilood\/?page_id=633"},"modified":"2016-07-21T14:36:47","modified_gmt":"2016-07-21T12:36:47","slug":"i-kooliaste-voorkeeled","status":"publish","type":"page","link":"https:\/\/oppevara.edu.ee\/opilood\/oppekava-digipadevuse-naited\/voorkeeled\/i-kooliaste-voorkeeled\/","title":{"rendered":"V\u00f5\u00f5rkeeled &#8211; I kooliaste"},"content":{"rendered":"<h2><span style=\"font-weight: 400;\">3. klass<\/span><\/h2>\n<h3>N\u00e4ide 1: \u201c\u00d5ppimine ja t\u00f6\u00f6\u201d<\/h3>\n<p>Eesm\u00e4rk: korrata \u00f5ppeaasta jooksul \u00f5pitud s\u00f5nu teemal \u201c\u00d5ppimine ja t\u00f6\u00f6\u201d.<\/p>\n<ol>\n<li><span style=\"font-weight: 400;\">\u00d5pilased t\u00f6\u00f6tavad paaris v\u00f5i v\u00e4ikestes r\u00fchmades. R\u00fchmad moodustatakse elektrooniliselt (nt. <\/span><a href=\"http:\/\/teamup.aalto.fi\"><span style=\"font-weight: 400;\">TeamUp<\/span><\/a><span style=\"font-weight: 400;\">, <\/span><a href=\"http:\/\/www.classtools.net\/random-name-picker\/\"><span style=\"font-weight: 400;\">\u00d5nneratas)<\/span><\/a><span style=\"font-weight: 400;\">.<\/span><\/li>\n<li style=\"font-weight: 400;\"><span style=\"font-weight: 400;\">\u00d5pilased kasutavad enda nutiseadmeid, otsivad ja pildistavad koolimajas esemeid, mille nimetusi nad on \u00f5ppinud (nt. 12 erinevat). <\/span><\/li>\n<li style=\"font-weight: 400;\"><span style=\"font-weight: 400;\">Tehtud piltidest koostavad \u00f5pilased pildikollaa\u017ei (kollaa\u017eide vahendeid leiab <\/span><a href=\"http:\/\/koolielu.ee\/tools\/?tag=pildiseeria\"><span style=\"font-weight: 400;\">Koolielu <\/span><\/a><span style=\"font-weight: 400;\">portaalist), mille v\u00f5ib \u00fcles panna \u00f5petaja poolt loodud virtuaalseinale (nt <\/span><a href=\"https:\/\/padlet.com\"><span style=\"font-weight: 400;\">Padlet<\/span><\/a><span style=\"font-weight: 400;\">). <\/span><\/li>\n<li style=\"font-weight: 400;\"><span style=\"font-weight: 400;\">Pildikollaa\u017ei demonstreerivad \u00f5pilased klassis, paludes kaas\u00f5ppijatel nimetada piltidel olevaid esemeid.<\/span><\/li>\n<\/ol>\n<p><strong>Digip\u00e4devuste osaoskused:<\/strong><\/p>\n<ul>\n<li style=\"font-weight: 400;\"><span style=\"font-weight: 400;\"><span style=\"font-weight: 400;\">INFO (I - 1.3. Info salvestamine ja taasesitamine<\/span><\/span>)<\/li>\n<li style=\"font-weight: 400;\"><span style=\"font-weight: 400;\"><span style=\"font-weight: 400;\">SUHTLUS (I - 2.2. Info ja sisu jagamine<\/span><\/span>)<\/li>\n<li style=\"font-weight: 400;\"><span style=\"font-weight: 400;\">SISULOOME (I - 3.3. Autori\u00f5igus ja litsentsid)<\/span><\/li>\n<li style=\"font-weight: 400;\"><span style=\"font-weight: 400;\">TURVALISUS\u00a0(I - 4.1. Seadmete kaitsmine)<\/span><\/li>\n<li style=\"font-weight: 400;\"><span style=\"font-weight: 400;\">PROBLEEMILAHENDUS\u00a0(I - 5.1. Tehniliste probleemide lahendamine, I - 5.3. Innovatsioon ja tehnoloogia loov kasutamine)<\/span><\/li>\n<\/ul>\n<hr \/>\n<h3><b>N\u00e4ide 2: \u201cVaba aeg\u201d<\/b><\/h3>\n<p>Eesm\u00e4rk: kinnistada \u00f5pitud s\u00f5navara ja arendada \u00f5pilaste suulist v\u00e4ljendusoskust.<\/p>\n<ol>\n<li style=\"font-weight: 400;\"><span style=\"font-weight: 400;\">\u00d5petaja valmistab ette s\u00f5navara kordamismaterjali keskkonnas <\/span><a href=\"https:\/\/quizlet.com\/\"><span style=\"font-weight: 400;\">Quizlet<\/span><\/a><span style=\"font-weight: 400;\">. <\/span><\/li>\n<li style=\"font-weight: 400;\"><span style=\"font-weight: 400;\">\u00d5pilased laadivad enda nutiseadmesse Quizleti <\/span><a href=\"https:\/\/play.google.com\/store\/apps\/details?id=com.quizlet.quizletandroid&amp;hl=de\"><span style=\"font-weight: 400;\">rakenduse<\/span><\/a><span style=\"font-weight: 400;\"> ja harjutavad s\u00f5navara erinevate tegevuste abil. <\/span><\/li>\n<li style=\"font-weight: 400;\"><span style=\"font-weight: 400;\">\u00d5pilased koostavad elektroonilise jutukese (nt. <\/span><a href=\"http:\/\/www.utellstory.com\/\"><span style=\"font-weight: 400;\">Utellstory<\/span><\/a><span style=\"font-weight: 400;\">, <\/span><a href=\"https:\/\/tellagami.com\/\"><span style=\"font-weight: 400;\">Tellagami<\/span><\/a><span style=\"font-weight: 400;\">, <\/span><a href=\"https:\/\/itunes.apple.com\/us\/app\/puppet-pals-hd\/id342076546?mt=8\"><span style=\"font-weight: 400;\">PuppetPals<\/span><\/a><span style=\"font-weight: 400;\">) enda vaba aja tegevuste kohta, kasutades \u00f5pitud s\u00f5navara. <\/span><\/li>\n<li style=\"font-weight: 400;\"><span style=\"font-weight: 400;\">Jutukesi jagatakse \u00f5petajaga ning vaadatakse koos klassis.<\/span><\/li>\n<\/ol>\n<p><strong>Digip\u00e4devuste osaoskused:<\/strong><\/p>\n<ul>\n<li style=\"font-weight: 400;\"><span style=\"font-weight: 400;\"><span style=\"font-weight: 400;\">SISULOOME (I - 3.1. Digitaalne sisuloome, I - 3.2. Uue teadmise loomine, I - 3.3. Autori\u00f5igus ja litsentsid<\/span><\/span><span style=\"font-weight: 400;\"><span style=\"font-weight: 400;\">)<\/span><\/span><\/li>\n<li style=\"font-weight: 400;\"><span style=\"font-weight: 400;\">TURVALISUS\u00a0(I - 4.1. Seadmete kaitsmine<span style=\"font-weight: 400;\">)<\/span><\/span><\/li>\n<li style=\"font-weight: 400;\"><span style=\"font-weight: 400;\">PROBLEEMILAHENDUS\u00a0(I - 5.1. Tehniliste probleemide lahendamine, I - 5.3. Innovatsioon ja tehnoloogia loov kasutamine)<\/span><\/li>\n<\/ul>\n<p><strong>N\u00e4idete\u00a0autorid:\u00a0<\/strong>Aimi J\u00f5esalu (P\u00f5lva P\u00f5hikool),\u00a0Juta-Tiia M\u00e4gi (Gustav Adolfi G\u00fcmnaasium),\u00a0Meeri Sild (Tallinna Lillek\u00fcla G\u00fcmnaasium)<\/p>\n","protected":false},"excerpt":{"rendered":"<p>3. klass N\u00e4ide 1: \u201c\u00d5ppimine ja t\u00f6\u00f6\u201d Eesm\u00e4rk: korrata \u00f5ppeaasta jooksul \u00f5pitud s\u00f5nu teemal \u201c\u00d5ppimine ja t\u00f6\u00f6\u201d. \u00d5pilased t\u00f6\u00f6tavad paaris v\u00f5i v\u00e4ikestes r\u00fchmades. R\u00fchmad moodustatakse elektrooniliselt (nt. TeamUp, \u00d5nneratas). \u00d5pilased kasutavad enda nutiseadmeid, otsivad ja pildistavad koolimajas esemeid, mille nimetusi nad on \u00f5ppinud (nt. 12 erinevat). Tehtud piltidest koostavad \u00f5pilased pildikollaa\u017ei (kollaa\u017eide vahendeid leiab Koolielu <a class=\"read-more\" href=\"https:\/\/oppevara.edu.ee\/opilood\/oppekava-digipadevuse-naited\/voorkeeled\/i-kooliaste-voorkeeled\/\">...continue reading <span class=\"meta-nav\">&rarr;<\/span><\/a><\/p>\n","protected":false},"author":3,"featured_media":0,"parent":514,"menu_order":1,"comment_status":"closed","ping_status":"closed","template":"page-templates\/full-width.php","meta":[],"_links":{"self":[{"href":"https:\/\/oppevara.edu.ee\/opilood\/wp-json\/wp\/v2\/pages\/633"}],"collection":[{"href":"https:\/\/oppevara.edu.ee\/opilood\/wp-json\/wp\/v2\/pages"}],"about":[{"href":"https:\/\/oppevara.edu.ee\/opilood\/wp-json\/wp\/v2\/types\/page"}],"author":[{"embeddable":true,"href":"https:\/\/oppevara.edu.ee\/opilood\/wp-json\/wp\/v2\/users\/3"}],"replies":[{"embeddable":true,"href":"https:\/\/oppevara.edu.ee\/opilood\/wp-json\/wp\/v2\/comments?post=633"}],"version-history":[{"count":11,"href":"https:\/\/oppevara.edu.ee\/opilood\/wp-json\/wp\/v2\/pages\/633\/revisions"}],"predecessor-version":[{"id":1356,"href":"https:\/\/oppevara.edu.ee\/opilood\/wp-json\/wp\/v2\/pages\/633\/revisions\/1356"}],"up":[{"embeddable":true,"href":"https:\/\/oppevara.edu.ee\/opilood\/wp-json\/wp\/v2\/pages\/514"}],"wp:attachment":[{"href":"https:\/\/oppevara.edu.ee\/opilood\/wp-json\/wp\/v2\/media?parent=633"}],"curies":[{"name":"wp","href":"https:\/\/api.w.org\/{rel}","templated":true}]}}