{"id":613,"date":"2016-03-18T15:30:14","date_gmt":"2016-03-18T13:30:14","guid":{"rendered":"http:\/\/oppevara.hitsa.ee\/opilood\/?page_id=613"},"modified":"2016-07-25T09:53:26","modified_gmt":"2016-07-25T07:53:26","slug":"ii-kooliaste-ajalugu","status":"publish","type":"page","link":"https:\/\/oppevara.edu.ee\/opilood\/oppekava-digipadevuse-naited\/sotsiaalained\/ii-kooliaste-ajalugu\/","title":{"rendered":"Ajalugu &#8211; II kooliaste"},"content":{"rendered":"<h2>5. klass<\/h2>\n<h3><strong>N\u00e4ide:\u00a0S\u00fcndmuste kandmine digitaalsele ajateljelepilte <\/strong><\/h3>\n<p><span style=\"font-weight: 400;\">Kasuta ajatelje loomise keskkonda (nt <\/span><a href=\"http:\/\/www.myhistro.com\/\"><span style=\"font-weight: 400;\">MyHistro<\/span><\/a><span style=\"font-weight: 400;\">) ja loo kasutajakonto. Kanna ajateljele 6 s\u00fcndmust: <\/span><\/p>\n<ul>\n<li style=\"font-weight: 400;\"><span style=\"font-weight: 400;\">Pulli asula<\/span><\/li>\n<li style=\"font-weight: 400;\"><span style=\"font-weight: 400;\">Cheopsi p\u00fcramiid<\/span><\/li>\n<li style=\"font-weight: 400;\"><span style=\"font-weight: 400;\">Kristuse s\u00fcnd<\/span><\/li>\n<li style=\"font-weight: 400;\"><span style=\"font-weight: 400;\">\u00dcmera lahing<\/span><\/li>\n<li style=\"font-weight: 400;\"><span style=\"font-weight: 400;\">Suur Prantsuse revolutsioon <\/span><\/li>\n<li style=\"font-weight: 400;\"><span style=\"font-weight: 400;\">Eesti isesesvumine<\/span><\/li>\n<\/ul>\n<p><span style=\"font-weight: 400;\">Kasuta interneti otsingumootoreid, et leida nimetatud s\u00fcndmuse toimumise aeg. Kanna s\u00fcndmused ajateljele. M\u00e4rka, millised s\u00fcndmused on enne ja millised p\u00e4rast Kristuse s\u00fcndi. Lisa igale s\u00fcndmusele ka selle geograafiline asukoht. Valmis t\u00f6\u00f6 viidet jaga \u00f5petajaga. <\/span><\/p>\n<p><strong>Digip\u00e4devuste osaoskused<\/strong><\/p>\n<ul>\n<li>INFO (II - 1.1. Info otsimine ja sirvimine, II - 1.2. Info hindamine, II - 1.3. Info salvestamine ja taasesitamine)<\/li>\n<li>SUHTLUS (II - 2.1. Suhtlemine digivahenditega, II - 2.2. Info ja sisu jagamine, II - 2.6. Digitaalse identiteedi haldamine)<\/li>\n<li>SISULOOME (II - 3.1. Digitaalne sisuloome)<\/li>\n<\/ul>\n<hr \/>\n<h2>6. klass<\/h2>\n<h3><strong>N\u00e4ide:\u00a0Suulised ja kirjalikud allikad Kreeka ajaloost<\/strong><\/h3>\n<p><span style=\"font-weight: 400;\">Leia interenetist pilte Vana-Kreeka esemeliste ja kirjalike allikate kohta, kummagi kohta kolm. Kirjuta iga allika kohta l\u00fchike tutvustus. Pea silmas, et leitud materjali allikas oleks viidatud. Esita need sobival vormil (nt dokument, esitlus, pildialbum).<\/span><\/p>\n<p><strong>Digip\u00e4devuste osaoskused<\/strong><\/p>\n<ul>\n<li>INFO (II - 1.1. Info otsimine ja sirvimine, II - 1.2. Info hindamine, II - 1.3. Info salvestamine ja taasesitamine)<\/li>\n<li>SUHTLUS (II - 2.1. Suhtlemine digivahenditega)<\/li>\n<li>SISULOOME (II - 3.1. Digitaalne sisuloome, II - 3.3. Autori\u00f5igus ja litsentsid)<\/li>\n<li>TURVALISUS (II - 4.2. Isikuandmete kaitsmine)<\/li>\n<\/ul>\n<p><strong>Autor:<\/strong> Madli-Maria Naulainen (Kuressaare G\u00fcmnaasium)<\/p>\n","protected":false},"excerpt":{"rendered":"<p>5. klass N\u00e4ide:\u00a0S\u00fcndmuste kandmine digitaalsele ajateljelepilte Kasuta ajatelje loomise keskkonda (nt MyHistro) ja loo kasutajakonto. Kanna ajateljele 6 s\u00fcndmust: Pulli asula Cheopsi p\u00fcramiid Kristuse s\u00fcnd \u00dcmera lahing Suur Prantsuse revolutsioon Eesti isesesvumine Kasuta interneti otsingumootoreid, et leida nimetatud s\u00fcndmuse toimumise aeg. Kanna s\u00fcndmused ajateljele. M\u00e4rka, millised s\u00fcndmused on enne ja millised p\u00e4rast Kristuse s\u00fcndi. Lisa <a class=\"read-more\" href=\"https:\/\/oppevara.edu.ee\/opilood\/oppekava-digipadevuse-naited\/sotsiaalained\/ii-kooliaste-ajalugu\/\">...continue reading <span class=\"meta-nav\">&rarr;<\/span><\/a><\/p>\n","protected":false},"author":2,"featured_media":0,"parent":520,"menu_order":2,"comment_status":"closed","ping_status":"closed","template":"page-templates\/full-width.php","meta":[],"_links":{"self":[{"href":"https:\/\/oppevara.edu.ee\/opilood\/wp-json\/wp\/v2\/pages\/613"}],"collection":[{"href":"https:\/\/oppevara.edu.ee\/opilood\/wp-json\/wp\/v2\/pages"}],"about":[{"href":"https:\/\/oppevara.edu.ee\/opilood\/wp-json\/wp\/v2\/types\/page"}],"author":[{"embeddable":true,"href":"https:\/\/oppevara.edu.ee\/opilood\/wp-json\/wp\/v2\/users\/2"}],"replies":[{"embeddable":true,"href":"https:\/\/oppevara.edu.ee\/opilood\/wp-json\/wp\/v2\/comments?post=613"}],"version-history":[{"count":8,"href":"https:\/\/oppevara.edu.ee\/opilood\/wp-json\/wp\/v2\/pages\/613\/revisions"}],"predecessor-version":[{"id":1373,"href":"https:\/\/oppevara.edu.ee\/opilood\/wp-json\/wp\/v2\/pages\/613\/revisions\/1373"}],"up":[{"embeddable":true,"href":"https:\/\/oppevara.edu.ee\/opilood\/wp-json\/wp\/v2\/pages\/520"}],"wp:attachment":[{"href":"https:\/\/oppevara.edu.ee\/opilood\/wp-json\/wp\/v2\/media?parent=613"}],"curies":[{"name":"wp","href":"https:\/\/api.w.org\/{rel}","templated":true}]}}