{"id":579,"date":"2016-03-18T13:57:25","date_gmt":"2016-03-18T11:57:25","guid":{"rendered":"http:\/\/oppevara.hitsa.ee\/opilood\/?page_id=579"},"modified":"2016-07-25T10:16:01","modified_gmt":"2016-07-25T08:16:01","slug":"ii-kooliaste-kunstiopetus","status":"publish","type":"page","link":"https:\/\/oppevara.edu.ee\/opilood\/oppekava-digipadevuse-naited\/kunstiained\/ii-kooliaste-kunstiopetus\/","title":{"rendered":"Kunst &#8211; II kooliaste"},"content":{"rendered":"<h2>5. klass<\/h2>\n<h3>N\u00e4ide 1:\u00a0Ristatud lemmikloom<\/h3>\n<p><b>Eesm\u00e4rk:<\/b><span style=\"font-weight: 400;\"> \u00f5ppida tundma \u00fchise ajaveebi v\u00f5imalusi ja looma ainulaadset ulmetegelast.<\/span><\/p>\n<p><b>Kirjeldus<\/b><span style=\"font-weight: 400;\"> \u2013 teema jaguneb kolmeks tunniks.<\/span><\/p>\n<ol>\n<li><span style=\"font-weight: 400;\">Sissejuhatus teemasse (muinasjutt) \u2013 \u00f5petaja jutustab interaktiivse muinasjutu \u00d5lepullikesest-T\u00f5rvamullikesest. \u00d5petaja haarab \u00f5pilased jutustuse k\u00e4iku k\u00fcsimuste ja uute m\u00f5istete selgitamisega. Muinasjutu juhtidee on s\u00f5prus. Edasi on hea arutada, miks on s\u00f5pru vaja ja kas lastel on kodus ka m\u00f5ni lemmikloom (v\u00f5i unistatakse kellestki ja miks). Veebi\u00fclesannete t\u00e4itmise k\u00e4igus ristatakse samm-sammult kokku selline tegelane, kelle kujutamise peale tavaline viiendik ise ei tuleks. Kogu kavandamine tehakse tahvelarvutitega veebis (nt m\u00f5ni lihtsam vabavaraline joonistus\u00e4pp), et p\u00f5hi\u00fclesande juurde j\u00f5udes oleks teostatavast juba ettekujutus. Ristamine: joonista oma lemmikloom -&gt; joonista paremal k\u00e4el istuva s\u00f5bra lemmikloom -&gt; joonista kahest loomast kokku \u00fcks loom, arvestades seejuures \u00f5petaja sosistatud omaduss\u00f5na (\u00f5petaja valib 6-7 erinevat varianti ja sosistab \u00fckshaaval iga\u00fchele s\u00f5na, nt pikk, l\u00fchike, suur, v\u00e4ike, triibuline, kandiline vms) -&gt; joonista sama loom uuesti, lisades talle emotsiooni (mis n\u00e4gu tal peas on? \u2013 r\u00f5\u00f5mus, kurb, \u00fcllatunud jne). L\u00f5puks aitab \u00f5petaja loomad ajaveebi (nt <\/span><a href=\"http:\/\/www.blogspot.com\"><span style=\"font-weight: 400;\">http:\/\/www.blogspot.com<\/span><\/a><span style=\"font-weight: 400;\">). \u00d5pilasi harjutatakse esialgu ajaveebi formaadiga, ilma neid otseselt kasutajaks tegemata (6. klassis \u00f5pivad), kuid juba selgitab \u00f5petaja, miks pannakse k\u00f5igile kasutaja-aliased (NB! Internetiturvalisus).<\/span><\/li>\n<li>Teemaarendus (praktiline t\u00f6\u00f6) \u2013 \u00f5pilased teostavad oma t\u00f6\u00f6 \u00f5lipastellidega, alustavad harilikuga alusjoonise tegemisest. T\u00f6\u00f6 tehakse A3 mustale joonistuspaberile, harilikku pliiatsit pole vaja kustutada \u2013 see ei j\u00e4\u00e4 paistma. \u00d5lipastelle saab vajadusel \u00fcle v\u00e4rvida ja sulatada \u2013 mugav vahend neile, kes kardavad eba\u00f5nnestuda.<\/li>\n<li>Teema kokkuv\u00f5te (arutelu) \u2013 \u00f5pilased l\u00f5petavad \u00f5lipastellimaali, pildistavad seda tahvelarvutitega, laevad koos \u00f5petajaga ajaveebi, reflekteerivad oma t\u00f6\u00f6d, v\u00f5rdlevad kavandit l\u00f5pptulemusega ja avastavad teiste omi, p\u00fc\u00fcavad m\u00f5istatada kaugemal istunud kaaslaste loomi (kellest on kokku pandud). Vestluse k\u00e4igus selgub, millise identiteedi on \u00f5pilased oma loomadele loonud (k\u00e4itumine, tegevused, eriv\u00f5imed, toidusedel jne). Arutatakse, millist hoolt ja elutingimusi lemmikloom vajab.<\/li>\n<\/ol>\n<p><span style=\"font-weight: 400;\">V\u00f5ib ka teha \u00f5pilaste koduklassi interaktiivse n\u00e4ituse, t\u00f6\u00f6de alla paigutatakse valged paberid, kuhu koolikaaslased saavad kirjutada oma pakkumise, nime ja klassi. Hiljem saab \u00f5igesti vastanute vahel auhindu loosida.<\/span><\/p>\n<p><b>L\u00f5iming:<\/b><span style=\"font-weight: 400;\"> kirjandus, loodus\u00f5petus, kultuuriline identiteet, disain, t\u00f6\u00f6\u00f5petus.<\/span><\/p>\n<p><b>Digip\u00e4devuste osaoskused:<\/b><\/p>\n<ul>\n<li><span style=\"font-weight: 400;\">INFO (II - 1.3. Info salvestamine ja taasesitamine)<\/span><\/li>\n<li><span style=\"font-weight: 400;\">SUHLEMINE (II - 2.4. Koost\u00f6\u00f6 digitehnoloogia toel)<\/span><\/li>\n<li><span style=\"font-weight: 400;\">TURVALISUS (II - 4.2. Isikuandmete kaitsmine)<\/span><\/li>\n<li><span style=\"font-weight: 400;\">PROBLEEMILAHENDUS (II - 5.3. Innovatsioon ja tehnoloogia loov kasutamine)<\/span><\/li>\n<\/ul>\n<hr \/>\n<h2>6. klass<\/h2>\n<h3>N\u00e4ide 1:\u00a0Vaikelu<\/h3>\n<p><b>Eesm\u00e4rk:<\/b><span style=\"font-weight: 400;\"> \u00f5ppida realistlikult kujutama ja v\u00f5rdlevat anal\u00fc\u00fcsi kirjutama.<\/span><\/p>\n<p><b>Kirjeldus<\/b><span style=\"font-weight: 400;\"> \u2013 teema jaguneb kolmeks tunniks.<\/span><\/p>\n<ol>\n<li><span style=\"font-weight: 400;\">Sissejuhatus teemasse (nat\u00fc\u00fcrmort) \u2013 \u00f5pilased tutvuvad veebis klassitsistlike nat\u00fc\u00fcrmortidega (nt KuMu digitaalne kunstikogu), otsivad v\u00e4hemalt \u00fche joonistamis\u00f5petuse (nt youtube), kuidas kujutada realistlikult (NB! Valgus ja vari, perspektiiv), kirjutavad 3 lemmikn\u00e4idet oma ajaveebi, mis neile varasematest n\u00e4idetest enim meeldis ja miks. \u00d5pilased uurivad v\u00e4lja, millest tuleb eesti keelde s\u00f5na nat\u00fc\u00fcrmort. \u00d5pilased pildistavad \u00f5petaja koostatud kompositsiooni, iga\u00fcks oma vaatenurgast. Info ja fotod salvestatakse m\u00f5nda ajaveebi (nt <\/span><a href=\"http:\/\/www.blogspot.com\"><span style=\"font-weight: 400;\">http:\/\/www.blogspot.com<\/span><\/a><span style=\"font-weight: 400;\">). Ajaveebis kasutatakse kasutaja-aliast (NB! internetiturvalisus!) Ajaveebi jagatakse \u00f5petajaga. \u00d5petaja kommenteerib vajadusel. Foto j\u00e4rgi alustavad \u00f5pilased alusjoonist.<\/span><\/li>\n<li>Teemaarendus (praktiline t\u00f6\u00f6) \u2013 \u00f5pilased l\u00f5petavad vaikelu alusjoonise ja alustavad akvarellimaali.<\/li>\n<li>Teema kokkuv\u00f5te (arutelu) \u2013 \u00f5pilased l\u00f5petavad akvarellimaali, pildistavad seda, laevad ajaveebi, kirjutavad samasse v\u00f5rdleva anal\u00fc\u00fcsi, reflekteerivad oma t\u00f6\u00f6d, panevad endale ise hinde ja p\u00f5hjendavad seda.<\/li>\n<\/ol>\n<p><b>L\u00f5iming:<\/b><span style=\"font-weight: 400;\"> ajalugu, tehnoloogia\u00f5petus.<\/span><\/p>\n<p><b>Digip\u00e4devuste osaoskused:<\/b><\/p>\n<ul>\n<li><span style=\"font-weight: 400;\">INFO (II - 1.1. Info otsimine ja sirvimine, II - 1.3. Info salvestamine ja taasesitamine)<\/span><\/li>\n<li><span style=\"font-weight: 400;\">SUHTLEMINE (II - 2.4. Koost\u00f6\u00f6 digitehnoloogia toel, II - 2.6. Digitaalse identiteedi haldamine)<\/span><\/li>\n<li><span style=\"font-weight: 400;\">TURVALISUS (II - 4.2. Isikuandmete kaitsmine)<\/span><\/li>\n<li><span style=\"font-weight: 400;\">PROBLEEMILAHENDUS (II - 5.3. Innovatsioon ja tehnoloogia loov kasutamine)<\/span><\/li>\n<\/ul>\n<p><strong>N\u00e4idete\u00a0autor:<\/strong> Tiina Niin (P\u00e4rnu \u00dclej\u00f5e P\u00f5hikool)<\/p>\n","protected":false},"excerpt":{"rendered":"<p>5. klass N\u00e4ide 1:\u00a0Ristatud lemmikloom Eesm\u00e4rk: \u00f5ppida tundma \u00fchise ajaveebi v\u00f5imalusi ja looma ainulaadset ulmetegelast. Kirjeldus \u2013 teema jaguneb kolmeks tunniks. Sissejuhatus teemasse (muinasjutt) \u2013 \u00f5petaja jutustab interaktiivse muinasjutu \u00d5lepullikesest-T\u00f5rvamullikesest. \u00d5petaja haarab \u00f5pilased jutustuse k\u00e4iku k\u00fcsimuste ja uute m\u00f5istete selgitamisega. Muinasjutu juhtidee on s\u00f5prus. Edasi on hea arutada, miks on s\u00f5pru vaja ja kas lastel <a class=\"read-more\" href=\"https:\/\/oppevara.edu.ee\/opilood\/oppekava-digipadevuse-naited\/kunstiained\/ii-kooliaste-kunstiopetus\/\">...continue reading <span class=\"meta-nav\">&rarr;<\/span><\/a><\/p>\n","protected":false},"author":3,"featured_media":0,"parent":522,"menu_order":2,"comment_status":"closed","ping_status":"closed","template":"page-templates\/full-width.php","meta":[],"_links":{"self":[{"href":"https:\/\/oppevara.edu.ee\/opilood\/wp-json\/wp\/v2\/pages\/579"}],"collection":[{"href":"https:\/\/oppevara.edu.ee\/opilood\/wp-json\/wp\/v2\/pages"}],"about":[{"href":"https:\/\/oppevara.edu.ee\/opilood\/wp-json\/wp\/v2\/types\/page"}],"author":[{"embeddable":true,"href":"https:\/\/oppevara.edu.ee\/opilood\/wp-json\/wp\/v2\/users\/3"}],"replies":[{"embeddable":true,"href":"https:\/\/oppevara.edu.ee\/opilood\/wp-json\/wp\/v2\/comments?post=579"}],"version-history":[{"count":13,"href":"https:\/\/oppevara.edu.ee\/opilood\/wp-json\/wp\/v2\/pages\/579\/revisions"}],"predecessor-version":[{"id":1382,"href":"https:\/\/oppevara.edu.ee\/opilood\/wp-json\/wp\/v2\/pages\/579\/revisions\/1382"}],"up":[{"embeddable":true,"href":"https:\/\/oppevara.edu.ee\/opilood\/wp-json\/wp\/v2\/pages\/522"}],"wp:attachment":[{"href":"https:\/\/oppevara.edu.ee\/opilood\/wp-json\/wp\/v2\/media?parent=579"}],"curies":[{"name":"wp","href":"https:\/\/api.w.org\/{rel}","templated":true}]}}