{"id":566,"date":"2016-03-18T12:13:23","date_gmt":"2016-03-18T10:13:23","guid":{"rendered":"http:\/\/oppevara.hitsa.ee\/opilood\/?page_id=566"},"modified":"2016-07-25T09:42:00","modified_gmt":"2016-07-25T07:42:00","slug":"i-kooliaste-tehnoloogiaopetus","status":"publish","type":"page","link":"https:\/\/oppevara.edu.ee\/opilood\/oppekava-digipadevuse-naited\/tehnoloogia\/i-kooliaste-tehnoloogiaopetus\/","title":{"rendered":"T\u00f6\u00f6\u00f5petus &#8211; I kooliaste"},"content":{"rendered":"<h2>1. klass<\/h2>\n<h3><b>N\u00e4ide 1:\u00a0<\/b><b>Lumehelbe kujundamine<\/b><\/h3>\n<p><span style=\"font-weight: 400;\"><strong>Eesm\u00e4rk:<\/strong> programmi abil lumehelbe modelleerimine<\/span><\/p>\n<p>\u00d5pilased modelleerivad tahvelarvutis lumehelbeid.<\/p>\n<p>T\u00f6\u00f6vahendid lumehelbe modelleerimiseks:<\/p>\n<ul>\n<li><span style=\"font-weight: 400;\">Make a Flake\u00a0<\/span><span style=\"font-weight: 400;\"><a href=\"http:\/\/snowflakes.barkleyus.com\/\">http:\/\/snowflakes.barkleyus.com\/<\/a><\/span><\/li>\n<li><span style=\"font-weight: 400;\">Happy Snowflake (IOS)\u00a0<\/span><span style=\"font-weight: 400;\"><a href=\"https:\/\/itunes.apple.com\/us\/app\/happy-snowflake\/id488716646?mt=8\">https:\/\/itunes.apple.com\/us\/app\/happy-snowflake\/id488716646?mt=8<\/a><\/span><\/li>\n<li style=\"text-align: left;\"><span style=\"font-weight: 400;\">Happy Snowflake Christmas fun (Android)\u00a0<\/span><a href=\"https:\/\/play.google.com\/store\/apps\/details?id=air.com.candygrill.happysnowflakecfgame\"><span style=\"font-weight: 400;\">https:\/\/play.google.com\/store\/apps\/details?id=air.com.candygrill.happysnowflakecfgame<\/span><\/a><\/li>\n<\/ul>\n<p><b>Digip\u00e4devuste osaoskused:<\/b><\/p>\n<ul>\n<li style=\"font-weight: 400;\">SISULOOME (I - 3.1. Digitaalne sisuloome)<\/li>\n<li style=\"font-weight: 400;\"><span style=\"font-weight: 400;\">TURVALISUS (I - 4.1. Seadmete kaitsmine, I - 4.3. Tervise kaitsmine)<\/span><\/li>\n<li style=\"font-weight: 400;\"><span style=\"font-weight: 400;\">PROBLEEMILAHENDUS (I - 5.3. Innovatsioon ja tehnoloogia loov kasutamine)<\/span><\/li>\n<\/ul>\n<hr \/>\n<h2>2. klass<\/h2>\n<h3><b>N\u00e4ide 1:\u00a0<\/b><b>Objekti voltimine<\/b><\/h3>\n<p><span style=\"font-weight: 400;\"><strong>Eesm\u00e4rk:<\/strong> videojuhendi v\u00f5i rakenduse juhendi alusel objekti voltimine<\/span><\/p>\n<p>\u00d5pilased avavad sobiva rakenduse v\u00f5i veebilehe ja voldivad juhendi j\u00e4rgi etteantud objekti (j\u00f5uluvana, seene, laeva vms).<\/p>\n<p><span style=\"font-weight: 400;\">T\u00f6\u00f6vahendid voltimiseks: <\/span><\/p>\n<ul>\n<li style=\"text-align: left;\"><span style=\"font-weight: 400;\">How to Make Origami (iOS)\u00a0<\/span><span style=\"font-weight: 400;\"><a href=\"https:\/\/itunes.apple.com\/us\/app\/how-to-make-origami\/id472936700?mt=8\">https:\/\/itunes.apple.com\/us\/app\/how-to-make-origami\/id472936700?mt=8<\/a><\/span><\/li>\n<li style=\"text-align: left;\"><span style=\"font-weight: 400;\">Origami Instructions Free (Android)\u00a0<\/span><span style=\"font-weight: 400;\"><a href=\"https:\/\/play.google.com\/store\/apps\/details?id=com.artelplus.origami\">https:\/\/play.google.com\/store\/apps\/details?id=com.artelplus.origami<\/a><\/span><\/li>\n<li style=\"text-align: left;\"><span style=\"font-weight: 400;\">veebileht <\/span><span style=\"font-weight: 400;\"><a href=\"http:\/\/www.origami-instructions.com\/origami-for-kids.html\">http:\/\/www.origami-instructions.com\/origami-for-kids.html<\/a><\/span><\/li>\n<li style=\"text-align: left;\"><span style=\"font-weight: 400;\">veebileht <\/span><a href=\"http:\/\/en.origami-club.com\/\"><span style=\"font-weight: 400;\">http:\/\/en.origami-club.com\/<\/span><\/a><\/li>\n<\/ul>\n<p><b>Digip\u00e4devuste osaoskused:<\/b><\/p>\n<ul>\n<li style=\"font-weight: 400;\"><span style=\"font-weight: 400;\">TURVALISUS (I - 4.1. Seadmete kaitsmine, I - 4.3. Tervise kaitsmine)<\/span><\/li>\n<li style=\"font-weight: 400;\"><span style=\"font-weight: 400;\">PROBLEEMILAHENDUS (I - 5.3. Innovatsioon ja tehnoloogia loov kasutamine)<\/span><\/li>\n<\/ul>\n<hr \/>\n<h2>3. klass<\/h2>\n<h3><b>N\u00e4ide 1:\u00a0<\/b><b>3D tarkvaraga v\u00f5tmehoidja modelleerimine<\/b><\/h3>\n<p><span style=\"font-weight: 400;\"><strong>Eesm\u00e4rk:<\/strong> modelleerida 3D tarkvara abil oma kujundusega v\u00f5tmehoidja<\/span><\/p>\n<p>\u00d5pilane loob 3D tarkvara kasutades juhendi abil oman\u00e4olise v\u00f5tmehoidja.<\/p>\n<p><span style=\"font-weight: 400;\">T\u00f6\u00f6vahendid 3D modelleerimiseks: <\/span><\/p>\n<ul>\n<li><span style=\"font-weight: 400;\">Tinkercad <\/span><span style=\"font-weight: 400;\"><a href=\"https:\/\/www.tinkercad.com\/\">https:\/\/www.tinkercad.com\/<\/a>\u00a0(Juhend:\u00a0<\/span><a href=\"http:\/\/koolielu.ee\/tools\/read\/161561\"><span style=\"font-weight: 400;\">http:\/\/koolielu.ee\/tools\/read\/161561<\/span><\/a><span style=\"font-weight: 400;\">)<\/span><\/li>\n<\/ul>\n<p><b>Digip\u00e4devuste osaoskused:<\/b><\/p>\n<ul>\n<li style=\"font-weight: 400;\"><span style=\"font-weight: 400;\">INFO (I - 1.1. Info otsimine ja sirvimine, I - 1.2. Info hindamine, I - 1.3. Info salvestamine ja taasesitamine)<\/span><\/li>\n<li style=\"font-weight: 400;\"><span style=\"font-weight: 400;\">SISULOOME (I - 3.1. Digitaalne sisuloome, I - 3.2. Uue teadmise loomine, I - 3.3. Autori\u00f5igus ja litsentsid, I - 3.4. Programmeerimine)<\/span><\/li>\n<li style=\"font-weight: 400;\"><span style=\"font-weight: 400;\">TURVALISUS (I - 4.1. Seadmete kaitsmine, I - 4.3. Tervise kaitsmine)<\/span><\/li>\n<li style=\"font-weight: 400;\"><span style=\"font-weight: 400;\">PROBLEEMILAHENDUS (I - 5.3. Innovatsioon ja tehnoloogia loov kasutamine)<\/span><\/li>\n<\/ul>\n<p><strong>N\u00e4idete autorid:\u00a0<\/strong>Tuuli Koitj\u00e4rv (Tallinna Vanalinna Haridustekolleegium),\u00a0Kristi Rahn (Gustav Adolfi G\u00fcmnaasium),\u00a0Tiia Salm (J\u00e4neda Kool)<\/p>\n","protected":false},"excerpt":{"rendered":"<p>1. klass N\u00e4ide 1:\u00a0Lumehelbe kujundamine Eesm\u00e4rk: programmi abil lumehelbe modelleerimine \u00d5pilased modelleerivad tahvelarvutis lumehelbeid. T\u00f6\u00f6vahendid lumehelbe modelleerimiseks: Make a Flake\u00a0http:\/\/snowflakes.barkleyus.com\/ Happy Snowflake (IOS)\u00a0https:\/\/itunes.apple.com\/us\/app\/happy-snowflake\/id488716646?mt=8 Happy Snowflake Christmas fun (Android)\u00a0https:\/\/play.google.com\/store\/apps\/details?id=air.com.candygrill.happysnowflakecfgame Digip\u00e4devuste osaoskused: SISULOOME (I - 3.1. Digitaalne sisuloome) TURVALISUS (I - 4.1. Seadmete kaitsmine, I - 4.3. Tervise kaitsmine) PROBLEEMILAHENDUS (I - 5.3. Innovatsioon ja tehnoloogia loov <a class=\"read-more\" href=\"https:\/\/oppevara.edu.ee\/opilood\/oppekava-digipadevuse-naited\/tehnoloogia\/i-kooliaste-tehnoloogiaopetus\/\">...continue reading <span class=\"meta-nav\">&rarr;<\/span><\/a><\/p>\n","protected":false},"author":3,"featured_media":0,"parent":525,"menu_order":1,"comment_status":"closed","ping_status":"closed","template":"page-templates\/full-width.php","meta":[],"_links":{"self":[{"href":"https:\/\/oppevara.edu.ee\/opilood\/wp-json\/wp\/v2\/pages\/566"}],"collection":[{"href":"https:\/\/oppevara.edu.ee\/opilood\/wp-json\/wp\/v2\/pages"}],"about":[{"href":"https:\/\/oppevara.edu.ee\/opilood\/wp-json\/wp\/v2\/types\/page"}],"author":[{"embeddable":true,"href":"https:\/\/oppevara.edu.ee\/opilood\/wp-json\/wp\/v2\/users\/3"}],"replies":[{"embeddable":true,"href":"https:\/\/oppevara.edu.ee\/opilood\/wp-json\/wp\/v2\/comments?post=566"}],"version-history":[{"count":7,"href":"https:\/\/oppevara.edu.ee\/opilood\/wp-json\/wp\/v2\/pages\/566\/revisions"}],"predecessor-version":[{"id":1369,"href":"https:\/\/oppevara.edu.ee\/opilood\/wp-json\/wp\/v2\/pages\/566\/revisions\/1369"}],"up":[{"embeddable":true,"href":"https:\/\/oppevara.edu.ee\/opilood\/wp-json\/wp\/v2\/pages\/525"}],"wp:attachment":[{"href":"https:\/\/oppevara.edu.ee\/opilood\/wp-json\/wp\/v2\/media?parent=566"}],"curies":[{"name":"wp","href":"https:\/\/api.w.org\/{rel}","templated":true}]}}