{"id":563,"date":"2016-03-18T12:05:28","date_gmt":"2016-03-18T10:05:28","guid":{"rendered":"http:\/\/oppevara.hitsa.ee\/opilood\/?page_id=563"},"modified":"2016-07-25T09:57:10","modified_gmt":"2016-07-25T07:57:10","slug":"i-kooliaste-inimeseopetus","status":"publish","type":"page","link":"https:\/\/oppevara.edu.ee\/opilood\/oppekava-digipadevuse-naited\/sotsiaalained\/i-kooliaste-inimeseopetus\/","title":{"rendered":"Inimese\u00f5petus &#8211; I kooliaste"},"content":{"rendered":"<h2>2. klass<\/h2>\n<h3><b>N\u00e4ide:\u00a0<\/b><b>Mina: aeg ja asjad, aja planeerimine ja p\u00e4evaplaani koostamine<\/b><\/h3>\n<p><span style=\"font-weight: 400;\"><strong>Eesm\u00e4rk:<\/strong> oskab koostada p\u00e4evakava, v\u00e4\u00e4rtustades aktiivset vaba aja veetmist.<\/span><\/p>\n<p><span style=\"font-weight: 400;\">P\u00e4evaplaani loomine veebis v\u00f5i nutiseadmes<\/span><\/p>\n<p>T\u00f6\u00f6vahendid ajatelje koostamiseks:<\/p>\n<ul>\n<li style=\"text-align: left;\"><span style=\"font-weight: 400;\">Timeline veebis <\/span><span style=\"font-weight: 400;\"><a href=\"http:\/\/www.readwritethink.org\/files\/resources\/interactives\/timeline_2\/\">http:\/\/www.readwritethink.org\/files\/resources\/interactives\/timeline_2\/<\/a><\/span><\/li>\n<li style=\"text-align: left;\"><span style=\"font-weight: 400;\">RWT Timeline (iOS\u00a0<\/span><span style=\"font-weight: 400;\"><a href=\"https:\/\/itunes.apple.com\/us\/app\/rwt-timeline\/id724817238?mt=8\">https:\/\/itunes.apple.com\/us\/app\/rwt-timeline\/id724817238?mt=8<\/a>),\u00a0(<\/span><span style=\"font-weight: 400;\">Android\u00a0<\/span><span style=\"font-weight: 400;\"><a href=\"https:\/\/play.google.com\/store\/apps\/details?id=air.org.reading.timeline\">https:\/\/play.google.com\/store\/apps\/details?id=air.org.reading.timeline<\/a>)<\/span><\/li>\n<\/ul>\n<p><b>Digip\u00e4devuste osaoskused:<\/b><\/p>\n<ul>\n<li style=\"font-weight: 400;\"><span style=\"font-weight: 400;\">SISULOOME (I - 3.1. Digitaalne sisuloome, I - 3.3. Autori\u00f5igus ja litsentsid)<\/span><\/li>\n<li style=\"font-weight: 400;\"><span style=\"font-weight: 400;\">TURVALISUS (I - 4.3. Tervise kaitsmine)<\/span><\/li>\n<li style=\"font-weight: 400;\"><span style=\"font-weight: 400;\">PROBLEEMILAHENDUS (I - 5.3. Innovatsioon ja tehnoloogia loov kasutamine)<\/span><\/li>\n<\/ul>\n<hr \/>\n<h2>3. klass<\/h2>\n<h3><b>N\u00e4ide:\u00a0<\/b><b>Mina ja tervis, tervislikud eluviisid<\/b><\/h3>\n<p><span style=\"font-weight: 400;\"><strong>Eesm\u00e4rk:<\/strong> Tervisliku eluviisi v\u00e4\u00e4rtustamine<\/span><\/p>\n<p><span style=\"font-weight: 400;\">Ajur\u00fcnnak: \"Mida saan oma tervise jaoks teha KEVADEL, SUVEL, S\u00dcGISEL, TALVEL?\"<\/span><\/p>\n<p>Klassis moodustatakse 4 r\u00fchma, \u00f5petaja loob Answergarden keskkonnas ajur\u00fcnnaku jaoks 4 veebitahvlit: kevad, suvi s\u00fcgis ja talv. \u00d5pilased sisestavad m\u00f5tted oma r\u00fchma veebitahvlile.<\/p>\n<p><span style=\"font-weight: 400;\">T\u00f6\u00f6vahendid ajur\u00fcnnakuks:<\/span><\/p>\n<ul>\n<li style=\"text-align: left;\"><span style=\"font-weight: 400;\">Answer Garden <\/span><span style=\"font-weight: 400;\"><a href=\"https:\/\/answergarden.ch\/\">https:\/\/answergarden.ch\/<\/a>,\u00a0IOS <a href=\"https:\/\/itunes.apple.com\/app\/id886601928\">https:\/\/itunes.apple.com\/app\/id886601928<\/a><\/span><span style=\"font-weight: 400;\">\u00a0(juhend: <a href=\"http:\/\/koolielu.ee\/tools\/read\/121188\" target=\"_blank\">http:\/\/koolielu.ee\/tools\/read\/121188<\/a>)<\/span><\/li>\n<\/ul>\n<p style=\"text-align: left;\"><b>Digip\u00e4devuste osaoskused:<\/b><\/p>\n<ul>\n<li style=\"font-weight: 400;\"><span style=\"font-weight: 400;\">SUHTLUS (I - 2.2. Info ja sisu jagamine, I - 2.4. Koost\u00f6\u00f6 digitehnoloogia toel)<\/span><\/li>\n<li style=\"font-weight: 400;\"><span style=\"font-weight: 400;\">SISULOOME (I - 3.1. Digitaalne sisuloome, I - 3.2. Uue teadmise loomine)<\/span><\/li>\n<li style=\"font-weight: 400;\"><span style=\"font-weight: 400;\">TURVALISUS (I - 4.1. Seadmete kaitsmine, I - 4.3. Tervise kaitsmine)<\/span><\/li>\n<li style=\"font-weight: 400;\"><span style=\"font-weight: 400;\">PROBLEEMILAHENDUS (I - 5.3. Innovatsioon ja tehnoloogia loov kasutamine)<\/span><\/li>\n<\/ul>\n<p><strong>N\u00e4idete autorid:<\/strong>\u00a0Kristi Rahn (Gustav Adolfi G\u00fcmnaasium),\u00a0Tuuli Koitj\u00e4rv (Tallinna Vanalinna Haridustekolleegium),\u00a0Tiia Salm (J\u00e4neda Kool)<\/p>\n","protected":false},"excerpt":{"rendered":"<p>2. klass N\u00e4ide:\u00a0Mina: aeg ja asjad, aja planeerimine ja p\u00e4evaplaani koostamine Eesm\u00e4rk: oskab koostada p\u00e4evakava, v\u00e4\u00e4rtustades aktiivset vaba aja veetmist. P\u00e4evaplaani loomine veebis v\u00f5i nutiseadmes T\u00f6\u00f6vahendid ajatelje koostamiseks: Timeline veebis http:\/\/www.readwritethink.org\/files\/resources\/interactives\/timeline_2\/ RWT Timeline (iOS\u00a0https:\/\/itunes.apple.com\/us\/app\/rwt-timeline\/id724817238?mt=8),\u00a0(Android\u00a0https:\/\/play.google.com\/store\/apps\/details?id=air.org.reading.timeline) Digip\u00e4devuste osaoskused: SISULOOME (I - 3.1. Digitaalne sisuloome, I - 3.3. Autori\u00f5igus ja litsentsid) TURVALISUS (I - 4.3. Tervise kaitsmine) PROBLEEMILAHENDUS <a class=\"read-more\" href=\"https:\/\/oppevara.edu.ee\/opilood\/oppekava-digipadevuse-naited\/sotsiaalained\/i-kooliaste-inimeseopetus\/\">...continue reading <span class=\"meta-nav\">&rarr;<\/span><\/a><\/p>\n","protected":false},"author":3,"featured_media":0,"parent":520,"menu_order":5,"comment_status":"closed","ping_status":"closed","template":"page-templates\/full-width.php","meta":[],"_links":{"self":[{"href":"https:\/\/oppevara.edu.ee\/opilood\/wp-json\/wp\/v2\/pages\/563"}],"collection":[{"href":"https:\/\/oppevara.edu.ee\/opilood\/wp-json\/wp\/v2\/pages"}],"about":[{"href":"https:\/\/oppevara.edu.ee\/opilood\/wp-json\/wp\/v2\/types\/page"}],"author":[{"embeddable":true,"href":"https:\/\/oppevara.edu.ee\/opilood\/wp-json\/wp\/v2\/users\/3"}],"replies":[{"embeddable":true,"href":"https:\/\/oppevara.edu.ee\/opilood\/wp-json\/wp\/v2\/comments?post=563"}],"version-history":[{"count":8,"href":"https:\/\/oppevara.edu.ee\/opilood\/wp-json\/wp\/v2\/pages\/563\/revisions"}],"predecessor-version":[{"id":1375,"href":"https:\/\/oppevara.edu.ee\/opilood\/wp-json\/wp\/v2\/pages\/563\/revisions\/1375"}],"up":[{"embeddable":true,"href":"https:\/\/oppevara.edu.ee\/opilood\/wp-json\/wp\/v2\/pages\/520"}],"wp:attachment":[{"href":"https:\/\/oppevara.edu.ee\/opilood\/wp-json\/wp\/v2\/media?parent=563"}],"curies":[{"name":"wp","href":"https:\/\/api.w.org\/{rel}","templated":true}]}}