{"id":559,"date":"2016-03-18T11:35:59","date_gmt":"2016-03-18T09:35:59","guid":{"rendered":"http:\/\/oppevara.hitsa.ee\/opilood\/?page_id=559"},"modified":"2016-07-26T11:57:50","modified_gmt":"2016-07-26T09:57:50","slug":"i-kooliaste-loodusopetus","status":"publish","type":"page","link":"https:\/\/oppevara.edu.ee\/opilood\/oppekava-digipadevuse-naited\/loodusained\/i-kooliaste-loodusopetus\/","title":{"rendered":"Loodus\u00f5petus &#8211; I kooliaste"},"content":{"rendered":"<h2>1. klass<\/h2>\n<h3><b>N\u00e4ide 1:\u00a0<\/b><b>Aastaajad<\/b><\/h3>\n<p><span style=\"font-weight: 400;\">Eesm\u00e4rk: muutuste m\u00e4rkamine looduses erinevatel aastaaegadel<\/span><\/p>\n<p><span style=\"font-weight: 400;\">\u00d5pilased pildistavad \u00f5ppek\u00e4igul nutivahenditega loodust ning loovad kollaa\u017ei. Lapsed pealkirjastavad fotod.<\/span><\/p>\n<p><span style=\"font-weight: 400;\">\u00d5ppek\u00e4ik: pildid, kollaa\u017e<\/span><\/p>\n<p>T\u00f6\u00f6vahendid kollaa\u017eide loomiseks:<\/p>\n<ul>\n<li style=\"text-align: left;\"><span style=\"font-weight: 400;\">Pic Collage (Android, iOS seadmele) <\/span><span style=\"font-weight: 400;\"><a href=\"https:\/\/itunes.apple.com\/us\/app\/pic-collage-photo-editor-valentine\/id448639966?mt=8\">https:\/\/itunes.apple.com\/us\/app\/pic-collage-photo-editor-valentine\/id448639966?mt=8<\/a><\/span><\/li>\n<li style=\"text-align: left;\"><span style=\"font-weight: 400;\">PiZap <\/span><a href=\"http:\/\/pizap.com\/\"><span style=\"font-weight: 400;\">http:\/\/pizap.com\/<\/span><\/a><span style=\"font-weight: 400;\"> (veebip\u00f5hine, iOS seadmele, androidile)<\/span><\/li>\n<li style=\"text-align: left;\"><span style=\"font-weight: 400;\">Pic Monkey (veebis) <\/span><span style=\"font-weight: 400;\"><a href=\"http:\/\/www.picmonkey.com\/\">http:\/\/www.picmonkey.com\/<\/a>\u00a0(juhend:\u00a0<a href=\"http:\/\/koolielu.ee\/tools\/read\/176017\" target=\"_blank\">http:\/\/koolielu.ee\/tools\/read\/176017<\/a>)<\/span><\/li>\n<\/ul>\n<p><b>Digip\u00e4devuste osaoskused:<\/b><span style=\"font-weight: 400;\"><br \/>\n<\/span><\/p>\n<ul>\n<li style=\"font-weight: 400;\"><span style=\"font-weight: 400;\">INFO (I - 1.1. Info otsimine ja sirvimine, I - 1.2. Info hindamine, I - 1.3. Info salvestamine ja taasesitamine)<\/span><\/li>\n<li style=\"font-weight: 400;\"><span style=\"font-weight: 400;\">SUHTLUS (I - 2.4. Koost\u00f6\u00f6 digitehnoloogia toel)<\/span><\/li>\n<li style=\"font-weight: 400;\"><span style=\"font-weight: 400;\">SISULOOME (I - 3.1. Digitaalne sisuloome, I - 3.3. Autori\u00f5igus ja litsentsid)<\/span><\/li>\n<li style=\"font-weight: 400;\"><span style=\"font-weight: 400;\">TURVALISUS (I - 4.2. Isikuandmete kaitsmine, I - 4.3. Tervise kaitsmine)<\/span><\/li>\n<li style=\"font-weight: 400;\"><span style=\"font-weight: 400;\">PROBLEEMILAHENDUS (I - 5.3. Innovatsioon ja tehnoloogia loov kasutamine)<\/span><\/li>\n<\/ul>\n<hr \/>\n<h2>2. klass<\/h2>\n<h3><b>N\u00e4ide 1:\u00a0<\/b><b>Ilm <\/b><\/h3>\n<p><span style=\"font-weight: 400;\">Eesm\u00e4rk: Ilmastikun\u00e4htuste kaardistamine<\/span><\/p>\n<p><span style=\"font-weight: 400;\">\u00d5pilane loob ideekaardi ilmastikun\u00e4htuste kohta. Ideekardile kirjutatakse erinevad ilmastikun\u00e4htused ning lisatakse juurde pilt.<\/span><\/p>\n<p>T\u00f6\u00f6vahendid ideekaardi loomiseks:<\/p>\n<ul>\n<li><a href=\"http:\/\/popplet.com\/\"><span style=\"font-weight: 400;\">http:\/\/popplet.com\/<\/span><\/a><span style=\"font-weight: 400;\"> (veebis, iOS seadmele)<\/span><\/li>\n<\/ul>\n<p><b>Digip\u00e4devuste osaoskused:<\/b><\/p>\n<ul>\n<li style=\"font-weight: 400;\"><span style=\"font-weight: 400;\">INFO (I - 1.1. Info otsimine ja sirvimine, I - 1.2. Info hindamine, I - 1.3. Info salvestamine ja taasesitamine)<\/span><\/li>\n<li style=\"font-weight: 400;\"><span style=\"font-weight: 400;\">SUHTLUS (I - 2.2. Info ja sisu jagamine)<\/span><\/li>\n<li style=\"font-weight: 400;\"><span style=\"font-weight: 400;\">SISULOOME (I - 3.1. Digitaalne sisuloome, I - 3.3. Autori\u00f5igus ja litsentsid)<\/span><\/li>\n<li style=\"font-weight: 400;\"><span style=\"font-weight: 400;\">TURVALISUS (I - 4.2. Isikuandmete kaitsmine, I - 4.3. Tervise kaitsmine)<\/span><\/li>\n<li style=\"font-weight: 400;\"><span style=\"font-weight: 400;\">PROBLEEMILAHENDUS (I - 5.3. Innovatsioon ja tehnoloogia loov kasutamine)<\/span><\/li>\n<\/ul>\n<hr \/>\n<h3><b>N\u00e4ide 2:\u00a0<\/b><b>Taimed, loomad<\/b><\/h3>\n<p>Eesm\u00e4rk: \u00fche taime- v\u00f5i loomaliigi kohta \u00f5ppematerjali tegemine.<\/p>\n<p><span style=\"font-weight: 400;\">\u00d5pilased otsivad r\u00fchmat\u00f6\u00f6na \u00fche looma- v\u00f5i taimeliigi kohta infot ja loovad piltide ja teksti abil \u00f5ppematerjali. P\u00e4rast esitlevad klassikaaslastele seda, mida teada said.<\/span><\/p>\n<p>T\u00f6\u00f6vahendid \u00f5ppematerjali loomiseks:<\/p>\n<ul>\n<li style=\"text-align: left;\"><span style=\"font-weight: 400;\">arvutiga MS Power Point v\u00f5i Libre Office Impress<\/span><\/li>\n<li style=\"text-align: left;\"><span style=\"font-weight: 400;\">Lensoo Create (android, iPad) <\/span><span style=\"font-weight: 400;\"><a href=\"https:\/\/create.lensoo.com\/\">https:\/\/create.lensoo.com\/<\/a>\u00a0(juhend:\u00a0<a href=\"http:\/\/koolielu.ee\/tools\/read\/405499\" target=\"_blank\">http:\/\/koolielu.ee\/tools\/read\/405499<\/a>)<\/span><\/li>\n<li style=\"text-align: left;\"><span style=\"font-weight: 400;\">Educreations (iPad) <\/span><a href=\"https:\/\/itunes.apple.com\/us\/app\/educreations-interactive-whiteboard\/id478617061?mt=8\"><span style=\"font-weight: 400;\">https:\/\/itunes.apple.com\/us\/app\/educreations-interactive-whiteboard\/id478617061?mt=8<\/span><\/a><\/li>\n<\/ul>\n<p><b>Digip\u00e4devuste osaoskused:<\/b><\/p>\n<ul>\n<li style=\"font-weight: 400;\"><span style=\"font-weight: 400;\">INFO (I - 1.1. Info otsimine ja sirvimine, I - 1.2. Info hindamine, I - 1.3. Info salvestamine ja taasesitamine)<\/span><\/li>\n<li style=\"font-weight: 400;\"><span style=\"font-weight: 400;\">SUHTLUS (I - 2.2. Info ja sisu jagamine, I - 2.4. Koost\u00f6\u00f6 digitehnoloogia toel)<\/span><\/li>\n<li style=\"font-weight: 400;\"><span style=\"font-weight: 400;\">SISULOOME (I - 3.1. Digitaalne sisuloome, I - 3.2. Uue teadmise loomine, I - 3.3. Autori\u00f5igus ja litsentsid)<\/span><\/li>\n<li style=\"font-weight: 400;\"><span style=\"font-weight: 400;\">TURVALISUS (I - 4.1. Seadmete kaitsmine, I - 4.3. Tervise kaitsmine)<\/span><\/li>\n<li style=\"font-weight: 400;\"><span style=\"font-weight: 400;\">PROBLEEMILAHENDUS (I - 5.3. Innovatsioon ja tehnoloogia loov kasutamine)<\/span><\/li>\n<\/ul>\n<hr \/>\n<h2>3. klass<\/h2>\n<h3><b>N\u00e4ide 1:\u00a0<\/b><b>GPS-m\u00e4ng, kaardi j\u00e4rgi orienteerumine<\/b><\/h3>\n<p><span style=\"font-weight: 400;\">Eesm\u00e4rk: Plaani j\u00e4rgi liikumine kooli\u00fcmbruses. \u00d5pilased orienteeruvad kaardi abil ning lahendavad kontrollpunktides erinevaid \u00fclesandeid.<\/span><\/p>\n<p><span style=\"font-weight: 400;\">Vahendid GPS-m\u00e4ngu loomiseks:<\/span><\/p>\n<ul>\n<li><span style=\"font-weight: 400;\">Loquiz <\/span><a href=\"http:\/\/loquiz.com\/\"><span style=\"font-weight: 400;\">http:\/\/loquiz.com\/<\/span><\/a><span style=\"font-weight: 400;\"> \u00a0(juhend: <a href=\"http:\/\/koolielu.ee\/tools\/read\/470700\" target=\"_blank\">http:\/\/koolielu.ee\/tools\/read\/470700<\/a>)<\/span><\/li>\n<\/ul>\n<p><b>Digip\u00e4devuste osaoskused:<\/b><\/p>\n<ul>\n<li style=\"font-weight: 400;\"><span style=\"font-weight: 400;\">INFO (I - 1.1. Info otsimine ja sirvimine, I - 1.2. Info hindamine, I - 1.3. Info salvestamine ja taasesitamine)<\/span><\/li>\n<li style=\"font-weight: 400;\"><span style=\"font-weight: 400;\">SUHTLUS (I - 2.4. Koost\u00f6\u00f6 digitehnoloogia toel)<\/span><\/li>\n<li style=\"font-weight: 400;\"><span style=\"font-weight: 400;\">TURVALISUS (I - 4.1. Seadmete kaitsmine, I - 4.3. Tervise kaitsmine)<\/span><\/li>\n<li style=\"font-weight: 400;\"><span style=\"font-weight: 400;\">PROBLEEMILAHENDUS (I - 5.3. Innovatsioon ja tehnoloogia loov kasutamine)<\/span><\/li>\n<\/ul>\n<hr \/>\n<h3><b>N\u00e4ide 2:\u00a0<\/b><b>Seened<\/b><\/h3>\n<p><span style=\"font-weight: 400;\">Eesm\u00e4rk: erinevate seente (s\u00f6\u00f6giseened, m\u00fcrgised seened, haliitusseened) kohta \u00fclevaatliku veebitahvli\u00a0tegemine<\/span><\/p>\n<p><span style=\"font-weight: 400;\">\u00d5pilased otsivad r\u00fchmat\u00f6\u00f6na internetist seente kohta infot ja loovad \u00fclevaatliku veebitahvli. Siin peab veel arutama.<\/span><\/p>\n<p>Vahendid veebitahvli loomiseks:<\/p>\n<ul>\n<li><span style=\"font-weight: 400;\">Padlet <\/span><a href=\"https:\/\/padlet.com\/my\/dashboard\"><span style=\"font-weight: 400;\">https:\/\/padlet.com<\/span><\/a><span style=\"font-weight: 400;\"> (juhend:\u00a0<a href=\"http:\/\/koolielu.ee\/tools\/read\/29174\" target=\"_blank\">http:\/\/koolielu.ee\/tools\/read\/29174<\/a>)<\/span><\/li>\n<\/ul>\n<p><b>Digip\u00e4devuste osaoskused:<\/b><\/p>\n<ul>\n<li style=\"font-weight: 400;\"><span style=\"font-weight: 400;\">INFO (I - 1.1. Info otsimine ja sirvimine, I - 1.2. Info hindamine, I - 1.3. Info salvestamine ja taasesitamine)<\/span><\/li>\n<li style=\"font-weight: 400;\"><span style=\"font-weight: 400;\">SUHTLUS (I - 2.2. Info ja sisu jagamine, I - 2.4. Koost\u00f6\u00f6 digitehnoloogia toel)<\/span><\/li>\n<li style=\"font-weight: 400;\"><span style=\"font-weight: 400;\">SISULOOME (I - 3.1. Digitaalne sisuloome, I - 3.2. Uue teadmise loomine, I - 3.3. Autori\u00f5igus ja litsentsid)<\/span><\/li>\n<li style=\"font-weight: 400;\"><span style=\"font-weight: 400;\">TURVALISUS (I - 4.1. Seadmete kaitsmine, I - 4.3. Tervise kaitsmine)<\/span><\/li>\n<li style=\"font-weight: 400;\"><span style=\"font-weight: 400;\">PROBLEEMILAHENDUS (I - 5.3. Innovatsioon ja tehnoloogia loov kasutamine)<\/span><\/li>\n<\/ul>\n<hr \/>\n<h3><strong>N\u00e4ide 3: Kodu- ja lemmikloomad<\/strong><\/h3>\n<p>Eesm\u00e4rk: Lemmik- ja koduloomade kohta info otsimine.\u00a0(kirjeldab loomade v\u00e4lisehitust, seostab seda elukeskkonnaga ning toob n\u00e4iteid nende t\u00e4htsuse kohta looduses)<\/p>\n<p>\u00d5pilane leiab teda huvitava looma kohta video ning lisab kokkuv\u00f5tte kommentaaridesse. Kommentaari sisu osas annab \u00f5petaja eelnevalt abistavad k\u00fcsimused.<\/p>\n<p style=\"text-align: left;\">\u00d5ppevideod kodu- ja lemmikloomade kohta: <a href=\"http:\/\/etv.err.ee\/search3#?to=&amp;from=&amp;phrase=minu%20lemmikloom&amp;category=0&amp;filteroption=5&amp;portalid=669\" target=\"_blank\">http:\/\/etv.err.ee\/search3#?to=&amp;from=&amp;phrase=minu%20lemmikloom&amp;category=0&amp;filteroption=5&amp;portalid=669<\/a><\/p>\n<p><strong>Digip\u00e4devuste osaoskused:<\/strong><\/p>\n<ul>\n<li>INFO (I - 1.1. Info otsimine ja sirvimine, I - 1.2. Info hindamine, I - 1.3. Info salvestamine ja taasesitamine)<\/li>\n<li>SUHTLUS (I - 2.4. Koost\u00f6\u00f6 digitehnoloogia toel)<\/li>\n<li>SISULOOME (I - 3.1. Digitaalne sisuloome, I - 3.3. Autori\u00f5igus ja litsentsid)<\/li>\n<li>TURVALISUS (I - 4.2. Isikuandmete kaitsmine, I - 4.3. Tervise kaitsmine)<\/li>\n<li>PROBLEEMILAHENDUS (I - 5.3. Innovatsioon ja tehnoloogia loov kasutamine)<\/li>\n<\/ul>\n<p><strong>N\u00e4idete autorid:\u00a0<\/strong>Kristi Rahn (Gustav Adolfi G\u00fcmnaasium),\u00a0Tuuli Koitj\u00e4rv (Tallinna Vanalinna Haridustekolleegium),\u00a0Tiia Salm (J\u00e4neda Kool)<\/p>\n","protected":false},"excerpt":{"rendered":"<p>1. klass N\u00e4ide 1:\u00a0Aastaajad Eesm\u00e4rk: muutuste m\u00e4rkamine looduses erinevatel aastaaegadel \u00d5pilased pildistavad \u00f5ppek\u00e4igul nutivahenditega loodust ning loovad kollaa\u017ei. Lapsed pealkirjastavad fotod. \u00d5ppek\u00e4ik: pildid, kollaa\u017e T\u00f6\u00f6vahendid kollaa\u017eide loomiseks: Pic Collage (Android, iOS seadmele) https:\/\/itunes.apple.com\/us\/app\/pic-collage-photo-editor-valentine\/id448639966?mt=8 PiZap http:\/\/pizap.com\/ (veebip\u00f5hine, iOS seadmele, androidile) Pic Monkey (veebis) http:\/\/www.picmonkey.com\/\u00a0(juhend:\u00a0http:\/\/koolielu.ee\/tools\/read\/176017) Digip\u00e4devuste osaoskused: INFO (I - 1.1. Info otsimine ja sirvimine, I - <a class=\"read-more\" href=\"https:\/\/oppevara.edu.ee\/opilood\/oppekava-digipadevuse-naited\/loodusained\/i-kooliaste-loodusopetus\/\">...continue reading <span class=\"meta-nav\">&rarr;<\/span><\/a><\/p>\n","protected":false},"author":3,"featured_media":0,"parent":518,"menu_order":1,"comment_status":"closed","ping_status":"closed","template":"page-templates\/full-width.php","meta":[],"_links":{"self":[{"href":"https:\/\/oppevara.edu.ee\/opilood\/wp-json\/wp\/v2\/pages\/559"}],"collection":[{"href":"https:\/\/oppevara.edu.ee\/opilood\/wp-json\/wp\/v2\/pages"}],"about":[{"href":"https:\/\/oppevara.edu.ee\/opilood\/wp-json\/wp\/v2\/types\/page"}],"author":[{"embeddable":true,"href":"https:\/\/oppevara.edu.ee\/opilood\/wp-json\/wp\/v2\/users\/3"}],"replies":[{"embeddable":true,"href":"https:\/\/oppevara.edu.ee\/opilood\/wp-json\/wp\/v2\/comments?post=559"}],"version-history":[{"count":12,"href":"https:\/\/oppevara.edu.ee\/opilood\/wp-json\/wp\/v2\/pages\/559\/revisions"}],"predecessor-version":[{"id":1494,"href":"https:\/\/oppevara.edu.ee\/opilood\/wp-json\/wp\/v2\/pages\/559\/revisions\/1494"}],"up":[{"embeddable":true,"href":"https:\/\/oppevara.edu.ee\/opilood\/wp-json\/wp\/v2\/pages\/518"}],"wp:attachment":[{"href":"https:\/\/oppevara.edu.ee\/opilood\/wp-json\/wp\/v2\/media?parent=559"}],"curies":[{"name":"wp","href":"https:\/\/api.w.org\/{rel}","templated":true}]}}