{"id":555,"date":"2016-03-18T11:31:56","date_gmt":"2016-03-18T09:31:56","guid":{"rendered":"http:\/\/oppevara.hitsa.ee\/opilood\/?page_id=555"},"modified":"2016-07-26T09:35:49","modified_gmt":"2016-07-26T07:35:49","slug":"i-kooliaste-eesti-keel","status":"publish","type":"page","link":"https:\/\/oppevara.edu.ee\/opilood\/oppekava-digipadevuse-naited\/keel-ja-kirjandus\/i-kooliaste-eesti-keel\/","title":{"rendered":"Eesti keel &#8211; I kooliaste"},"content":{"rendered":"<h1>1. klass<\/h1>\n<h3><b>N\u00e4ide 1:\u00a0<\/b><b>Tervitus, \u00f5nnesoov, teade <\/b><span style=\"font-weight: 400;\">\u00a0<\/span><\/h3>\n<p><span style=\"font-weight: 400;\"><strong>Eesm\u00e4rk:<\/strong> Sobivate k\u00f5netuste valimine suhtlemisel<\/span><\/p>\n<p><span style=\"font-weight: 400;\">\u00d5pilased loovad r\u00e4\u00e4kiva pildi v\u00f5i animatsiooni teate edastamiseks, n\u00e4iteks \u00f5nnitlus, teade, kuulutus.<\/span><\/p>\n<p><span style=\"font-weight: 400;\">T\u00f6\u00f6vahendid kasutamiseks:<\/span><\/p>\n<ul>\n<li style=\"text-align: left;\"><span style=\"font-weight: 400;\">Comic Puppet Gif Maker <\/span><span style=\"font-weight: 400;\"><a href=\"https:\/\/www.androidpit.com\/app\/air.bahraniapps.comicpuppetgifmaker\">https:\/\/www.androidpit.com\/app\/air.bahraniapps.comicpuppetgifmaker<\/a>,\u00a0<\/span><span style=\"font-weight: 400;\"><a href=\"https:\/\/itunes.apple.com\/ua\/app\/comic-puppet-gif-maker\/id1069585274?mt=8\">https:\/\/itunes.apple.com\/ua\/app\/comic-puppet-gif-maker\/id1069585274?mt=8<\/a><\/span><\/li>\n<li style=\"text-align: left;\">Tellagami <span style=\"font-weight: 400;\"><a href=\"https:\/\/itunes.apple.com\/us\/app\/gami\/id572737805?ls=1&amp;mt=8\">https:\/\/itunes.apple.com\/us\/app\/gami\/id572737805?ls=1&amp;mt=8<\/a>\u00a0(juhend:\u00a0<a href=\"http:\/\/koolielu.ee\/tools\/read\/346923\" target=\"_blank\">http:\/\/koolielu.ee\/tools\/read\/346923<\/a>)<\/span><\/li>\n<li style=\"text-align: left;\">Fotobabble <span style=\"font-weight: 400;\"><a href=\"http:\/\/www.fotobabble.com\/\">http:\/\/www.fotobabble.com\/<\/a>\u00a0(juhend:\u00a0<a href=\"http:\/\/koolielu.ee\/tools\/read\/30608\" target=\"_blank\">http:\/\/koolielu.ee\/tools\/read\/30608<\/a>)<\/span><\/li>\n<li style=\"text-align: left;\"><span style=\"font-weight: 400;\">ChatterPix Kids<\/span>\u00a0(<span style=\"font-weight: 400;\"><a href=\"https:\/\/itunes.apple.com\/us\/app\/chatterpix-kids-by-duck-duck\/id734046126?mt=8\">https:\/\/itunes.apple.com\/us\/app\/chatterpix-kids-by-duck-duck\/id734046126?mt=8<\/a>)<\/span><\/li>\n<\/ul>\n<p><b>Digip\u00e4devuste osaoskused:<\/b><\/p>\n<ul>\n<li style=\"font-weight: 400;\">INFO (I - 1.3. Info salvestamine ja taasesitamine)<\/li>\n<li style=\"font-weight: 400;\"><span style=\"font-weight: 400;\">SUHTLUS (I - 2.4. Koost\u00f6\u00f6 digitehnoloogia toel)<\/span><\/li>\n<li style=\"font-weight: 400;\">SISULOOME (I - 3.1. Digitaalne sisuloome; I - 3.2. Uue teadmise loomine; I - 3.3. Autori\u00f5igus ja litsentsid)<\/li>\n<li style=\"font-weight: 400;\"><span style=\"font-weight: 400;\">TURVALISUS (I - 4.2. Isikuandmete kaitsmine; I - 4.3. Tervise kaitsmine)<\/span><\/li>\n<li style=\"font-weight: 400;\"><span style=\"font-weight: 400;\">PROBLEEMILAHENDUS (I - 5.3. Innovatsioon ja tehnoloogia loov kasutamine)<\/span><\/li>\n<\/ul>\n<hr \/>\n<h2>2. klass<\/h2>\n<h3><b>N\u00e4ide 1:\u00a0<\/b><b>Muinasjutu kirjutamine<\/b><\/h3>\n<p><span style=\"font-weight: 400;\"><strong>Eesm\u00e4rk:<\/strong> Loovt\u00f6\u00f6 kirjutamine<\/span><\/p>\n<p><span style=\"font-weight: 400;\">Lapsed loovad erinevaid meediaelemente kasutades omaloomingulise raamatu. On v\u00f5imalik luua lastele eraldi kontod v\u00f5i koost\u00f6\u00f6s luua raamat \u00f5petaja konto alt.<\/span><\/p>\n<p><span style=\"font-weight: 400;\">T\u00f6\u00f6vahendid raamatu loomiseks:<\/span><\/p>\n<ul>\n<li><span style=\"font-weight: 400;\">Little Bird Tales <\/span><span style=\"font-weight: 400;\"><a href=\"https:\/\/www.littlebirdtales.com\/\">https:\/\/www.littlebirdtales.com\/<\/a>\u00a0(juhend:\u00a0<a href=\"http:\/\/koolielu.ee\/tools\/read\/148069\" target=\"_blank\">http:\/\/koolielu.ee\/tools\/read\/148069<\/a>)<\/span><\/li>\n<li><span style=\"font-weight: 400;\">Cliptomize <\/span><span style=\"font-weight: 400;\"><a href=\"http:\/\/cliptomize.com\/\">http:\/\/cliptomize.com\/<\/a>\u00a0(juhend:\u00a0<a href=\"http:\/\/koolielu.ee\/tools\/read\/496439\" target=\"_blank\">http:\/\/koolielu.ee\/tools\/read\/496439<\/a>)<\/span><\/li>\n<li><span style=\"font-weight: 400;\">My Storybook <\/span><a href=\"https:\/\/www.mystorybook.com\/\"><span style=\"font-weight: 400;\">https:\/\/www.mystorybook.com\/<\/span><\/a> <span style=\"font-weight: 400;\">\u00a0(juhend:\u00a0<a href=\"http:\/\/koolielu.ee\/tools\/read\/404788\" target=\"_blank\">http:\/\/koolielu.ee\/tools\/read\/404788<\/a>)<\/span><\/li>\n<\/ul>\n<p><span style=\"font-weight: 400;\">N\u00e4ited valminud raamatutest:<\/span><\/p>\n<ul>\n<li><span style=\"font-weight: 400;\">KUNINGANNA METALLIST (KULLAST) KODU (joonistused + lugu) <\/span><a href=\"https:\/\/littlebirdtales.com\/tales\/view\/story_id\/326356\/\"><span style=\"font-weight: 400;\">https:\/\/littlebirdtales.com\/tales\/view\/story_id\/326356\/<\/span><\/a><span style=\"font-weight: 400;\"> (Anu Peri Tuulelipu r\u00fchma poiste omalooming)<\/span><\/li>\n<li><span style=\"font-weight: 400;\">Minu kodupaik (luuletused + joonistused) <\/span><a href=\"https:\/\/www.littlebirdtales.com\/tales\/view\/story_id\/443741\/\"><span style=\"font-weight: 400;\">https:\/\/www.littlebirdtales.com\/tales\/view\/story_id\/443741\/<\/span><\/a><span style=\"font-weight: 400;\"> (Tiia Salmi \u00f5pilased J\u00e4neda Koolist)<\/span><\/li>\n<\/ul>\n<p><b>Digip\u00e4devuste osaoskused:<\/b><\/p>\n<ul>\n<li style=\"font-weight: 400;\">INFO (I - 1.3. Info salvestamine ja taasesitamine)<\/li>\n<li style=\"font-weight: 400;\"><span style=\"font-weight: 400;\">SUHTLUS (I - 2.4. Koost\u00f6\u00f6 digitehnoloogia toel)<\/span><\/li>\n<li style=\"font-weight: 400;\"><span style=\"font-weight: 400;\">SISULOOME (I - 3.1. Digitaalne sisuloome; I - 3.2. Uue teadmise loomine; I - 3.3. Autori\u00f5igus ja litsentsid)<\/span><\/li>\n<li style=\"font-weight: 400;\"><span style=\"font-weight: 400;\">TURVALISUS (I - 4.2. Isikuandmete kaitsmine; I - 4.3. Tervise kaitsmine)<\/span><\/li>\n<li style=\"font-weight: 400;\">PROBLEEMILAHENDUS (I - 5.3. Innovatsioon ja tehnoloogia loov kasutamine)<\/li>\n<\/ul>\n<hr \/>\n<h3><b>N\u00e4ide 2:\u00a0<\/b><b>Kuuldem\u00e4ng muinasjutust<\/b><\/h3>\n<p><span style=\"font-weight: 400;\"><strong>Eesm\u00e4rk:<\/strong> Muinasjutu esitamine kuuldem\u00e4nguna<\/span><\/p>\n<p><span style=\"font-weight: 400;\">\u00d5pilased loovad muinasjutust kuuldem\u00e4ngu. Lapsed lisavad kuuldem\u00e4ngule erinevaid heliefekte.<\/span><\/p>\n<p>Vahendid heli salvestamiseks:<\/p>\n<ul>\n<li><span style=\"font-weight: 400;\">nutitelefonide helisalvestaja<\/span><\/li>\n<li><span style=\"font-weight: 400;\">Voice Recorder (iPad) <\/span><span style=\"font-weight: 400;\"><a href=\"https:\/\/itunes.apple.com\/us\/app\/voice-recorder-free\/id685310398?mt=8\">https:\/\/itunes.apple.com\/us\/app\/voice-recorder-free\/id685310398?mt=8<\/a>\u00a0<\/span><\/li>\n<li><span style=\"font-weight: 400;\">Easy Voice Recorder\u00a0<a href=\"https:\/\/play.google.com\/store\/apps\/details?id=com.coffeebeanventures.easyvoicerecorder&amp;hl=et\" target=\"_blank\">https:\/\/play.google.com\/store\/apps\/details?id=com.coffeebeanventures.easyvoicerecorder&amp;hl=et<\/a> (juhend:\u00a0<a href=\"http:\/\/koolielu.ee\/tools\/read\/348889\" target=\"_blank\">http:\/\/koolielu.ee\/tools\/read\/348889<\/a>)<\/span><\/li>\n<li><span style=\"font-weight: 400;\">Audacity (arvutiga) <\/span><span style=\"font-weight: 400;\"><a href=\"http:\/\/www.audacityteam.org\/\">http:\/\/www.audacityteam.org\/<\/a>\u00a0(juhend:\u00a0<a href=\"http:\/\/koolielu.ee\/tools\/read\/10185\" target=\"_blank\">http:\/\/koolielu.ee\/tools\/read\/10185<\/a>)<\/span><\/li>\n<\/ul>\n<p><b>Digip\u00e4devuste osaoskused:<\/b><\/p>\n<ul>\n<li style=\"font-weight: 400;\"><span style=\"font-weight: 400;\">INFO (I - 1.3. Info salvestamine ja taasesitamine)<\/span><\/li>\n<li style=\"font-weight: 400;\"><span style=\"font-weight: 400;\">SUHTLUS (I - 2.4. Koost\u00f6\u00f6 digitehnoloogia toel)<\/span><\/li>\n<li style=\"font-weight: 400;\">SISULOOME (I - 3.1. Digitaalne sisuloome; I - 3.2. Uue teadmise loomine; I - 3.3. Autori\u00f5igus ja litsentsid)<\/li>\n<li style=\"font-weight: 400;\"><span style=\"font-weight: 400;\">TURVALISUS (I - 4.2. Isikuandmete kaitsmine; I - 4.3. Tervise kaitsmine)<\/span><\/li>\n<li style=\"font-weight: 400;\">PROBLEEMILAHENDUS (I - 5.3. Innovatsioon ja tehnoloogia loov kasutamine)<\/li>\n<\/ul>\n<hr \/>\n<h2>3. klass<\/h2>\n<h3><b>N\u00e4ide 1:\u00a0<\/b><b>Loovjutu kirjutamine <\/b><\/h3>\n<p><span style=\"font-weight: 400;\"><strong>Eesm\u00e4rk:<\/strong> koost\u00f6\u00f6s jutu kirjutamine<\/span><\/p>\n<p><span style=\"font-weight: 400;\">\u00d5pilased kirjutavad loovjutu. \u00dcks \u00f5pilane alustab, jagab teisega, teine kirjutab edasi, kolmas l\u00f5petab jutu.<\/span><\/p>\n<p><span style=\"font-weight: 400;\">Vahendid kooskirjutamiseks:<\/span><\/p>\n<ul>\n<li>Piratepad\u00a0<span style=\"font-weight: 400;\"><a href=\"http:\/\/piratepad.net\/front-page\/\">http:\/\/piratepad.net\/front-page\/<\/a>\u00a0(juhend:\u00a0<a href=\"http:\/\/koolielu.ee\/tools\/read\/201397\" target=\"_blank\">http:\/\/koolielu.ee\/tools\/read\/201397<\/a>)<\/span><\/li>\n<li>Titanpad\u00a0<span style=\"font-weight: 400;\"><a href=\"https:\/\/titanpad.com\/\">https:\/\/titanpad.com\/<\/a>\u00a0(juhend:\u00a0<a href=\"http:\/\/koolielu.ee\/tools\/read\/176014\" target=\"_blank\">http:\/\/koolielu.ee\/tools\/read\/176014<\/a>)<\/span><\/li>\n<li>Google Drive (juhend:\u00a0<a href=\"http:\/\/koolielu.ee\/tools\/read\/1719\" target=\"_blank\">http:\/\/koolielu.ee\/tools\/read\/1719<\/a>)<\/li>\n<\/ul>\n<p><b>Digip\u00e4devuste osaoskused:<\/b><\/p>\n<ul>\n<li style=\"font-weight: 400;\"><span style=\"font-weight: 400;\">INFO (I - 1.3. Info salvestamine ja taasesitamine)<\/span><\/li>\n<li style=\"font-weight: 400;\"><span style=\"font-weight: 400;\">SUHTLUS (I - 2.4. Koost\u00f6\u00f6 digitehnoloogia toel; I - 2.5. Netikett)<\/span><\/li>\n<li style=\"font-weight: 400;\">SISULOOME (I - 3.1. Digitaalne sisuloome; I - 3.2. Uue teadmise loomine; I - 3.3. Autori\u00f5igus ja litsentsid)<\/li>\n<li style=\"font-weight: 400;\">TURVALISUS (I - 4.2. Isikuandmete kaitsmine; I - 4.3. Tervise kaitsmine)<\/li>\n<li style=\"font-weight: 400;\"><span style=\"font-weight: 400;\">PROBLEEMILAHENDUS (I - 5.3. Innovatsioon ja tehnoloogia loov kasutamine)<\/span><\/li>\n<\/ul>\n<hr \/>\n<h3><b>N\u00e4ide 2:\u00a0<\/b><b>E-kiri<\/b><\/h3>\n<p><span style=\"font-weight: 400;\"><strong>Eesm\u00e4rk:<\/strong> korrektse e-kirja kirjutamine, info otsimine<\/span><\/p>\n<p><span style=\"font-weight: 400;\">\u00d5pilased kirjutavad\u00a0viisaka e-kirja, millel on korrektne p\u00f6\u00f6rdumine ja l\u00f5petus. Sisuks vastused \u00f5petaja poolt esitatud k\u00fcsimustele koos viidetega allikatele.<\/span><\/p>\n<p>N\u00e4ide e-kirja n\u00f5utest Gustav Adolfi G\u00fcmnaasiumis:\u00a0<a href=\"https:\/\/youtu.be\/Rz99P0HeuVQ\" target=\"_blank\">https:\/\/youtu.be\/Rz99P0HeuVQ<\/a><\/p>\n<p><b>Digip\u00e4devuste osaoskused:<\/b><\/p>\n<ul>\n<li style=\"font-weight: 400;\">INFO (I - 1.1. Info otsimine ja sirvimine; I - 1.2. Info hindamine;\u00a0I - 1.3. Info salvestamine ja taasesitamine)<\/li>\n<li style=\"font-weight: 400;\"><span style=\"font-weight: 400;\">SUHTLUS (I - 2.4. Koost\u00f6\u00f6 digitehnoloogia toel)<\/span><\/li>\n<li style=\"font-weight: 400;\"><span style=\"font-weight: 400;\">SISULOOME (I - 3.1. Digitaalne sisuloome; I - 3.3. Autori\u00f5igus ja litsentsid)<\/span><\/li>\n<li style=\"font-weight: 400;\"><span style=\"font-weight: 400;\">TURVALISUS (I - 4.2. Isikuandmete kaitsmine; I - 4.3. Tervise kaitsmine)<\/span><\/li>\n<li style=\"font-weight: 400;\">PROBLEEMILAHENDUS (I - 5.3. Innovatsioon ja tehnoloogia loov kasutamine)<\/li>\n<\/ul>\n<p style=\"text-align: left;\"><strong>N\u00e4idete autorid:\u00a0<\/strong>Kristi Rahn (Gustav Adolfi G\u00fcmnaasium),\u00a0Tiia Salm (J\u00e4neda Kool),\u00a0Tuuli Koitj\u00e4rv (Tallinna Vanalinna Haridustekolleegium)<\/p>\n","protected":false},"excerpt":{"rendered":"<p>1. klass N\u00e4ide 1:\u00a0Tervitus, \u00f5nnesoov, teade \u00a0 Eesm\u00e4rk: Sobivate k\u00f5netuste valimine suhtlemisel \u00d5pilased loovad r\u00e4\u00e4kiva pildi v\u00f5i animatsiooni teate edastamiseks, n\u00e4iteks \u00f5nnitlus, teade, kuulutus. T\u00f6\u00f6vahendid kasutamiseks: Comic Puppet Gif Maker https:\/\/www.androidpit.com\/app\/air.bahraniapps.comicpuppetgifmaker,\u00a0https:\/\/itunes.apple.com\/ua\/app\/comic-puppet-gif-maker\/id1069585274?mt=8 Tellagami https:\/\/itunes.apple.com\/us\/app\/gami\/id572737805?ls=1&amp;mt=8\u00a0(juhend:\u00a0http:\/\/koolielu.ee\/tools\/read\/346923) Fotobabble http:\/\/www.fotobabble.com\/\u00a0(juhend:\u00a0http:\/\/koolielu.ee\/tools\/read\/30608) ChatterPix Kids\u00a0(https:\/\/itunes.apple.com\/us\/app\/chatterpix-kids-by-duck-duck\/id734046126?mt=8) Digip\u00e4devuste osaoskused: INFO (I - 1.3. Info salvestamine ja taasesitamine) SUHTLUS (I - 2.4. Koost\u00f6\u00f6 digitehnoloogia toel) SISULOOME <a class=\"read-more\" href=\"https:\/\/oppevara.edu.ee\/opilood\/oppekava-digipadevuse-naited\/keel-ja-kirjandus\/i-kooliaste-eesti-keel\/\">...continue reading <span class=\"meta-nav\">&rarr;<\/span><\/a><\/p>\n","protected":false},"author":3,"featured_media":0,"parent":512,"menu_order":1,"comment_status":"closed","ping_status":"closed","template":"page-templates\/full-width.php","meta":[],"_links":{"self":[{"href":"https:\/\/oppevara.edu.ee\/opilood\/wp-json\/wp\/v2\/pages\/555"}],"collection":[{"href":"https:\/\/oppevara.edu.ee\/opilood\/wp-json\/wp\/v2\/pages"}],"about":[{"href":"https:\/\/oppevara.edu.ee\/opilood\/wp-json\/wp\/v2\/types\/page"}],"author":[{"embeddable":true,"href":"https:\/\/oppevara.edu.ee\/opilood\/wp-json\/wp\/v2\/users\/3"}],"replies":[{"embeddable":true,"href":"https:\/\/oppevara.edu.ee\/opilood\/wp-json\/wp\/v2\/comments?post=555"}],"version-history":[{"count":13,"href":"https:\/\/oppevara.edu.ee\/opilood\/wp-json\/wp\/v2\/pages\/555\/revisions"}],"predecessor-version":[{"id":1480,"href":"https:\/\/oppevara.edu.ee\/opilood\/wp-json\/wp\/v2\/pages\/555\/revisions\/1480"}],"up":[{"embeddable":true,"href":"https:\/\/oppevara.edu.ee\/opilood\/wp-json\/wp\/v2\/pages\/512"}],"wp:attachment":[{"href":"https:\/\/oppevara.edu.ee\/opilood\/wp-json\/wp\/v2\/media?parent=555"}],"curies":[{"name":"wp","href":"https:\/\/api.w.org\/{rel}","templated":true}]}}