{"id":54,"date":"2014-10-17T17:02:59","date_gmt":"2014-10-17T17:02:59","guid":{"rendered":"http:\/\/oppevara.hitsa.ee\/opilood\/?page_id=54"},"modified":"2017-01-09T20:23:34","modified_gmt":"2017-01-09T18:23:34","slug":"oppematerjali-loomine","status":"publish","type":"page","link":"https:\/\/oppevara.edu.ee\/opilood\/opiloo-struktuur-ja-etapid\/oppematerjali-loomine\/","title":{"rendered":"\u00d5ppematerjali loomine"},"content":{"rendered":"<blockquote><p>\u00d5pilased loovad ise \u00f5ppematerjale ning \u00f5petavad nende abil koolikaaslasi.<\/p><\/blockquote>\n<h4>Etapid<\/h4>\n<ul>\n<li><strong>Valmista ette<\/strong>: \u00f5petaja selgitab \u00f5ppijatele \u00fclesannet, protsessi, ajakava ja hindamist. Moodustatakse r\u00fchmad ning grupid arutavad, kuidas neile meeldib \u00f5ppida ning missuguse \u00f5ppematerjali v\u00f5iks luua.<\/li>\n<li><strong>Uuri ja otsi<\/strong>: \u00f5ppijad uurivad teemat ning vajadusel koguvad t\u00e4iendavat infot.<\/li>\n<li><strong>Kaardista ja anal\u00fc\u00fcsi<\/strong>: r\u00fchmad anal\u00fc\u00fcsivad kogutud infot ning teevad selle p\u00f5hjal l\u00f5plikud plaanid \u00f5ppematerjali loomiseks.<\/li>\n<li><strong>Loo<\/strong>: r\u00fchmad koostavad \u00f5ppematerjali ja jagavad seda teistega.<\/li>\n<li><strong>Esitle<\/strong>: \u00f5pilased tutvuvad \u00fcksteise \u00f5ppematerjalidega. V\u00f5imalusel \u00f5petatakse \u00fcksteist.<\/li>\n<li><strong>Reflekteeri<\/strong>: \u00f5ppijad v\u00f5ivad reflekteerida oma tegevust iga etapi l\u00f5pus v\u00f5i \u00f5piloo l\u00f5pus. Kasutada v\u00f5ib erinevaid refleksioonimudeleid.<\/li>\n<\/ul>\n<h4>\u00d5piloo n\u00e4ited<\/h4>\n<h5><a href=\"http:\/\/oppevara.hitsa.ee\/opilood\/wp-content\/uploads\/2014\/10\/siretl2.jpg\"><img loading=\"lazy\" class=\" size-full wp-image-110 alignright\" src=\"http:\/\/oppevara.hitsa.ee\/opilood\/wp-content\/uploads\/2014\/10\/siretl2.jpg\" alt=\"siretl2\" width=\"200\" height=\"100\" \/><\/a>1.\u00a0Loodus\u00f5petus, 5. ja 6. kl. Koostas Siret Lahemaa (Lauka P\u00f5hikool).\u00a0<a href=\"http:\/\/laukaitec.blogspot.com\/2014\/10\/2-stsenaarium.html\" target=\"_blank\">Loe edasi<\/a><\/h5>\n<h5><a href=\"http:\/\/oppevara.hitsa.ee\/opilood\/wp-content\/uploads\/2014\/11\/20140503_151925-e1426354465413.jpg\"><img loading=\"lazy\" class=\" wp-image-297 alignright\" src=\"http:\/\/oppevara.hitsa.ee\/opilood\/wp-content\/uploads\/2014\/11\/20140503_151925-e1426354465413-300x103.jpg\" alt=\"\" width=\"200\" height=\"69\" srcset=\"https:\/\/oppevara.edu.ee\/opilood\/wp-content\/uploads\/2014\/11\/20140503_151925-e1426354465413-300x103.jpg 300w, https:\/\/oppevara.edu.ee\/opilood\/wp-content\/uploads\/2014\/11\/20140503_151925-e1426354465413.jpg 640w\" sizes=\"(max-width: 200px) 100vw, 200px\" \/><\/a>2.\u00a0Inglise keel, 6. kl. Koostas Ingrid Maadvere (Gustav Adolfi G\u00fcmnaasium).\u00a0<a href=\"http:\/\/tiigrihypeharidustehnoloog.blogspot.com\/2012\/03\/oppimisloo-oppematerjalid-loomine.html\" target=\"_blank\">Loe edasi<\/a><\/h5>\n<h5><a href=\"http:\/\/oppevara.hitsa.ee\/opilood\/wp-content\/uploads\/2014\/10\/siretp2.jpg\"><img loading=\"lazy\" class=\" size-full wp-image-103 alignright\" src=\"http:\/\/oppevara.hitsa.ee\/opilood\/wp-content\/uploads\/2014\/10\/siretp2.jpg\" alt=\"siretp2\" width=\"200\" height=\"100\" \/><\/a>3.\u00a0Keemia, 8. ja 9. kl. Koostas Siret Piir (Sikupilli Keskkool)\u00a0<a href=\"https:\/\/sikuitec.wordpress.com\/2014\/10\/23\/itec-1-stsenaarium-oppematerjalide-loomine-8-ja-9-klass\/\" target=\"_blank\">Loe edasi<\/a><\/h5>\n<h5><a href=\"http:\/\/oppevara.hitsa.ee\/opilood\/wp-content\/uploads\/2014\/10\/marina2.jpg\"><img loading=\"lazy\" class=\" size-full wp-image-66 alignright\" src=\"http:\/\/oppevara.hitsa.ee\/opilood\/wp-content\/uploads\/2014\/10\/marina2.jpg\" alt=\"marina2\" width=\"200\" height=\"101\" \/><\/a>4.\u00a0Arvuti\u00f5petus, 9. ja 10. kl. Marina Kurvits (Tallinna Tehnikag\u00fcmnaasium).\u00a0<a href=\"https:\/\/docs.google.com\/document\/d\/1SZHzqw54z_uPzwWjmADMcaw8oG6JJV9m8X0HBN1YpK8\/edit?pli=1\" target=\"_blank\">Loe edasi<\/a><\/h5>\n<h5><a href=\"http:\/\/oppevara.hitsa.ee\/opilood\/wp-content\/uploads\/2014\/10\/merike2.jpg\"><img loading=\"lazy\" class=\" size-full wp-image-67 alignright\" src=\"http:\/\/oppevara.hitsa.ee\/opilood\/wp-content\/uploads\/2014\/10\/merike2.jpg\" alt=\"merike2\" width=\"200\" height=\"102\" \/><\/a>5.\u00a0Bioloogia, 10. kl. Koostas M. Hein (J. Poska G\u00fcmnaasium).\u00a0<a href=\"http:\/\/poskaitec2012.weebly.com\/\" target=\"_blank\">Loe edasi<\/a><\/h5>\n<h5>6. Bioloogia, 11. kl. <a href=\"http:\/\/oppevara.hitsa.ee\/opilood\/oppematerjali-loomine-bioloogia-11-klass\/\" target=\"_blank\">Loe edasi<\/a><\/h5>\n<h5>7. Inglise keel ja kodundus, 6. kl. Koostasid Ingrid Maadvere ja Lisete Lige (Gustav Adolfi G\u00fcmnaasium)\u00a0<a href=\"https:\/\/docs.google.com\/document\/d\/1gvjCnWnSDU54b1eyRjlQo0Bej3sUDvywC8hrzaSELdY\/edit?usp=sharing\" target=\"_blank\">Loe edasi<\/a><\/h5>\n<h5>8. K\u00f5rgkoolis \u00f5ppimine, k\u00f5rgkool. Koostas Anneli Rumm (Eesti Ettev\u00f5tlusk\u00f5rgkool Mainor).\u00a0<a href=\"https:\/\/docs.google.com\/document\/d\/16w9Zrq0RJAJgjqTZ2n754EtWl6C2ql-9lG9W3y1vlkY\/edit?usp=sharing\" target=\"_blank\">Loe edasi<\/a><\/h5>\n<h5>9. Loodus\u00f5petus, 4.-6. kl. Koostas Tiiu Leibur (P\u00e4rnu Koidula G\u00fcmnaasium). <a href=\"https:\/\/docs.google.com\/document\/d\/1e8y_cVoM8Y0iA-BGGB26EmfaqbA_oD9zfQOCzW0KCeA\/edit?usp=sharing\" target=\"_blank\">Loe edasi<\/a><\/h5>\n<h5>10. L\u00f5iming (loodus\u00f5petus, matemaatika, eesti keel, kunst, arvuti\u00f5petus), 3. kl.\u00a0Koostas Tiiu Leibur (P\u00e4rnu Koidula G\u00fcmnaasium). <a href=\"https:\/\/docs.google.com\/document\/d\/1eOp85cDbRozcHGE2MpFL6ItX7gcfK3jBwxX5FyaeIOs\/edit?usp=sharing\" target=\"_blank\">Loe edasi<\/a><\/h5>\n<h5>Vilve Lepik ja Ingrid M\u00e4esalu Tallinna Lillek\u00fcla G\u00fcmnaasiumist r\u00e4\u00e4givad, kuidas neil \u00f5piloo rakendamine l\u00e4ks<\/h5>\n<p><iframe loading=\"lazy\" src=\"https:\/\/www.youtube.com\/embed\/oOc9yciEV2c?rel=0\" width=\"560\" height=\"315\" frameborder=\"0\" allowfullscreen=\"allowfullscreen\"><\/iframe><\/p>\n","protected":false},"excerpt":{"rendered":"<p>\u00d5pilased loovad ise \u00f5ppematerjale ning \u00f5petavad nende abil koolikaaslasi. Etapid Valmista ette: \u00f5petaja selgitab \u00f5ppijatele \u00fclesannet, protsessi, ajakava ja hindamist. Moodustatakse r\u00fchmad ning grupid arutavad, kuidas neile meeldib \u00f5ppida ning missuguse \u00f5ppematerjali v\u00f5iks luua. Uuri ja otsi: \u00f5ppijad uurivad teemat ning vajadusel koguvad t\u00e4iendavat infot. Kaardista ja anal\u00fc\u00fcsi: r\u00fchmad anal\u00fc\u00fcsivad kogutud infot ning teevad selle <a class=\"read-more\" href=\"https:\/\/oppevara.edu.ee\/opilood\/opiloo-struktuur-ja-etapid\/oppematerjali-loomine\/\">...continue reading <span class=\"meta-nav\">&rarr;<\/span><\/a><\/p>\n","protected":false},"author":3,"featured_media":0,"parent":273,"menu_order":2,"comment_status":"closed","ping_status":"open","template":"page-templates\/full-width.php","meta":[],"_links":{"self":[{"href":"https:\/\/oppevara.edu.ee\/opilood\/wp-json\/wp\/v2\/pages\/54"}],"collection":[{"href":"https:\/\/oppevara.edu.ee\/opilood\/wp-json\/wp\/v2\/pages"}],"about":[{"href":"https:\/\/oppevara.edu.ee\/opilood\/wp-json\/wp\/v2\/types\/page"}],"author":[{"embeddable":true,"href":"https:\/\/oppevara.edu.ee\/opilood\/wp-json\/wp\/v2\/users\/3"}],"replies":[{"embeddable":true,"href":"https:\/\/oppevara.edu.ee\/opilood\/wp-json\/wp\/v2\/comments?post=54"}],"version-history":[{"count":23,"href":"https:\/\/oppevara.edu.ee\/opilood\/wp-json\/wp\/v2\/pages\/54\/revisions"}],"predecessor-version":[{"id":1738,"href":"https:\/\/oppevara.edu.ee\/opilood\/wp-json\/wp\/v2\/pages\/54\/revisions\/1738"}],"up":[{"embeddable":true,"href":"https:\/\/oppevara.edu.ee\/opilood\/wp-json\/wp\/v2\/pages\/273"}],"wp:attachment":[{"href":"https:\/\/oppevara.edu.ee\/opilood\/wp-json\/wp\/v2\/media?parent=54"}],"curies":[{"name":"wp","href":"https:\/\/api.w.org\/{rel}","templated":true}]}}