{"id":522,"date":"2016-03-18T09:56:13","date_gmt":"2016-03-18T07:56:13","guid":{"rendered":"http:\/\/oppevara.hitsa.ee\/opilood\/?page_id=522"},"modified":"2016-05-27T17:26:17","modified_gmt":"2016-05-27T15:26:17","slug":"kunstiained","status":"publish","type":"page","link":"https:\/\/oppevara.edu.ee\/opilood\/oppekava-digipadevuse-naited\/kunstiained\/","title":{"rendered":"Kunstiained"},"content":{"rendered":"<h3>Ainevaldkonna digip\u00e4devus<\/h3>\n<h4>P\u00d5HIKOOL<\/h4>\n<p>Kunstiaineid \u00f5ppides kasutatakse digivahendeid teabe otsimiseks, kogumiseks, t\u00f6\u00f6tlemiseks ja esitamiseks. Kogutud teavet rakendatakse loovt\u00f6\u00f6des eesm\u00e4rgip\u00e4raselt. \u00d5pitakse loominguga tegelemiseks valima ainespetsiifiliselt vajalikke digivahendeid. \u00d5ppides ning digitaalset sisu luues ja s\u00e4ilitades kasutatakse erinevaid audiovisuaalseid ning muid multimeediumi vahendeid ja rakendusi. Ollakse teadlik autori\u00f5iguste j\u00e4rgimise kohustusest digikeskkonnas. Suurendatakse teadlikkust digivahendite rakendamisega kaasneda v\u00f5ivatest terviseriskidest ja internetis loomingu jagamise turvalisusest.<\/p>\n<h4>G\u00dcMNAASIUM<\/h4>\n<p>Kunstiaineid \u00f5ppides kasutatakse digivahendeid teabe otsimiseks, kogumiseks, t\u00f6\u00f6tlemiseks ja esitamiseks. Kogutud teavet rakendatakse loovt\u00f6\u00f6des eesm\u00e4rgip\u00e4raselt. Loominguga tegelemiseks osatakse valida ainespetsiifiliselt vajalikke digivahendeid. \u00d5ppides ning digitaalset sisu luues ja s\u00e4ilitades kasutatakse erinevaid audiovisuaalseid ning muid multimeediumi vahendeid ja rakendusi. Oma loomingut jagades ning teiste loomingut kasutades j\u00e4rgitakse digikeskkonnas intellektuaalse omandiga kaasnevaid \u00f5igusi ning kohustusi. Ollakse teadlik digivahendite rakendamisega kaasneda v\u00f5ivatest terviseriskidest. Internetis loomingut jagades tegutsetakse vastutustundlikult.<\/p>\n","protected":false},"excerpt":{"rendered":"<p>Ainevaldkonna digip\u00e4devus P\u00d5HIKOOL Kunstiaineid \u00f5ppides kasutatakse digivahendeid teabe otsimiseks, kogumiseks, t\u00f6\u00f6tlemiseks ja esitamiseks. Kogutud teavet rakendatakse loovt\u00f6\u00f6des eesm\u00e4rgip\u00e4raselt. \u00d5pitakse loominguga tegelemiseks valima ainespetsiifiliselt vajalikke digivahendeid. \u00d5ppides ning digitaalset sisu luues ja s\u00e4ilitades kasutatakse erinevaid audiovisuaalseid ning muid multimeediumi vahendeid ja rakendusi. Ollakse teadlik autori\u00f5iguste j\u00e4rgimise kohustusest digikeskkonnas. Suurendatakse teadlikkust digivahendite rakendamisega kaasneda v\u00f5ivatest terviseriskidest ja <a class=\"read-more\" href=\"https:\/\/oppevara.edu.ee\/opilood\/oppekava-digipadevuse-naited\/kunstiained\/\">...continue reading <span class=\"meta-nav\">&rarr;<\/span><\/a><\/p>\n","protected":false},"author":3,"featured_media":0,"parent":509,"menu_order":6,"comment_status":"closed","ping_status":"closed","template":"","meta":[],"_links":{"self":[{"href":"https:\/\/oppevara.edu.ee\/opilood\/wp-json\/wp\/v2\/pages\/522"}],"collection":[{"href":"https:\/\/oppevara.edu.ee\/opilood\/wp-json\/wp\/v2\/pages"}],"about":[{"href":"https:\/\/oppevara.edu.ee\/opilood\/wp-json\/wp\/v2\/types\/page"}],"author":[{"embeddable":true,"href":"https:\/\/oppevara.edu.ee\/opilood\/wp-json\/wp\/v2\/users\/3"}],"replies":[{"embeddable":true,"href":"https:\/\/oppevara.edu.ee\/opilood\/wp-json\/wp\/v2\/comments?post=522"}],"version-history":[{"count":5,"href":"https:\/\/oppevara.edu.ee\/opilood\/wp-json\/wp\/v2\/pages\/522\/revisions"}],"predecessor-version":[{"id":1241,"href":"https:\/\/oppevara.edu.ee\/opilood\/wp-json\/wp\/v2\/pages\/522\/revisions\/1241"}],"up":[{"embeddable":true,"href":"https:\/\/oppevara.edu.ee\/opilood\/wp-json\/wp\/v2\/pages\/509"}],"wp:attachment":[{"href":"https:\/\/oppevara.edu.ee\/opilood\/wp-json\/wp\/v2\/media?parent=522"}],"curies":[{"name":"wp","href":"https:\/\/api.w.org\/{rel}","templated":true}]}}