{"id":520,"date":"2016-03-18T09:55:43","date_gmt":"2016-03-18T07:55:43","guid":{"rendered":"http:\/\/oppevara.hitsa.ee\/opilood\/?page_id=520"},"modified":"2016-05-27T17:25:27","modified_gmt":"2016-05-27T15:25:27","slug":"sotsiaalained","status":"publish","type":"page","link":"https:\/\/oppevara.edu.ee\/opilood\/oppekava-digipadevuse-naited\/sotsiaalained\/","title":{"rendered":"Sotsiaalained"},"content":{"rendered":"<p><strong>Sotsiaalained: ajalugu, \u00fchiskonna\u00f5petus, inimese\u00f5petus<\/strong><\/p>\n<h4>P\u00d5HIKOOL<\/h4>\n<p>Sotsiaalaineid \u00f5ppides kasutatakse digivahendeid teabe otsimiseks, kogumiseks ja esitamiseks. Saadud teavet rakendatakse \u00fchiskonna probleemide \u00fcle arutledes ja arvamust avaldades. Digitaalset sisu luuakse v\u00f5i koostatakse koosk\u00f5las autori\u00f5igustega ning osatakse kasutada digivahendeid individuaalses ja \u00fchisloomes. Arendatakse teadlikkust kodanikuaktiivsuse v\u00e4ljendamise v\u00f5imalustest erinevates suhtluskeskkondades ning oskust kasutada e-teenuseid. Suurendatakse teadlikkust digivahendite rakendamisega kaasneda v\u00f5ivatest terviseriskidest ja interneti turvalisusest.<\/p>\n<h4>G\u00dcMNAASIUM<\/h4>\n<p>Sotsiaalaineid \u00f5ppides kasutatakse digivahendeid teabe otsimiseks, kogumiseks, t\u00f6\u00f6tlemiseks ja esitamiseks. Saadud teavet rakendatakse \u00fchiskonna probleemide \u00fcle arutledes, neid anal\u00fc\u00fcsides ning alternatiivseid lahendusi pakkudes. Digitaalset sisu luues j\u00e4rgitakse autori\u00f5igusi ja m\u00f5istetakse intellektuaalse omandi kaitse vajadust. Digivahendeid kasutatakse individuaalses ja \u00fchisloomes. Arendatakse teadlikkust kodanikuaktiivsuse v\u00e4ljendamise v\u00f5imalustest erinevates suhtluskeskkondades ning oskust kasutada e-teenuseid, tegutsedes oma \u00f5iguste ja kohustuste kohaselt. Ollakse teadlik digivahendite rakendamisega kaasneda v\u00f5ivatest terviseriskidest ning tegutsetakse internetis vastutustundlikult nii enda kui ka teiste suhtes.<\/p>\n","protected":false},"excerpt":{"rendered":"<p>Sotsiaalained: ajalugu, \u00fchiskonna\u00f5petus, inimese\u00f5petus P\u00d5HIKOOL Sotsiaalaineid \u00f5ppides kasutatakse digivahendeid teabe otsimiseks, kogumiseks ja esitamiseks. Saadud teavet rakendatakse \u00fchiskonna probleemide \u00fcle arutledes ja arvamust avaldades. Digitaalset sisu luuakse v\u00f5i koostatakse koosk\u00f5las autori\u00f5igustega ning osatakse kasutada digivahendeid individuaalses ja \u00fchisloomes. Arendatakse teadlikkust kodanikuaktiivsuse v\u00e4ljendamise v\u00f5imalustest erinevates suhtluskeskkondades ning oskust kasutada e-teenuseid. Suurendatakse teadlikkust digivahendite rakendamisega kaasneda v\u00f5ivatest <a class=\"read-more\" href=\"https:\/\/oppevara.edu.ee\/opilood\/oppekava-digipadevuse-naited\/sotsiaalained\/\">...continue reading <span class=\"meta-nav\">&rarr;<\/span><\/a><\/p>\n","protected":false},"author":3,"featured_media":0,"parent":509,"menu_order":5,"comment_status":"closed","ping_status":"closed","template":"","meta":[],"_links":{"self":[{"href":"https:\/\/oppevara.edu.ee\/opilood\/wp-json\/wp\/v2\/pages\/520"}],"collection":[{"href":"https:\/\/oppevara.edu.ee\/opilood\/wp-json\/wp\/v2\/pages"}],"about":[{"href":"https:\/\/oppevara.edu.ee\/opilood\/wp-json\/wp\/v2\/types\/page"}],"author":[{"embeddable":true,"href":"https:\/\/oppevara.edu.ee\/opilood\/wp-json\/wp\/v2\/users\/3"}],"replies":[{"embeddable":true,"href":"https:\/\/oppevara.edu.ee\/opilood\/wp-json\/wp\/v2\/comments?post=520"}],"version-history":[{"count":3,"href":"https:\/\/oppevara.edu.ee\/opilood\/wp-json\/wp\/v2\/pages\/520\/revisions"}],"predecessor-version":[{"id":1240,"href":"https:\/\/oppevara.edu.ee\/opilood\/wp-json\/wp\/v2\/pages\/520\/revisions\/1240"}],"up":[{"embeddable":true,"href":"https:\/\/oppevara.edu.ee\/opilood\/wp-json\/wp\/v2\/pages\/509"}],"wp:attachment":[{"href":"https:\/\/oppevara.edu.ee\/opilood\/wp-json\/wp\/v2\/media?parent=520"}],"curies":[{"name":"wp","href":"https:\/\/api.w.org\/{rel}","templated":true}]}}