{"id":516,"date":"2016-03-18T09:54:17","date_gmt":"2016-03-18T07:54:17","guid":{"rendered":"http:\/\/oppevara.hitsa.ee\/opilood\/?page_id=516"},"modified":"2016-05-27T17:24:15","modified_gmt":"2016-05-27T15:24:15","slug":"matemaatika","status":"publish","type":"page","link":"https:\/\/oppevara.edu.ee\/opilood\/oppekava-digipadevuse-naited\/matemaatika\/","title":{"rendered":"Matemaatika"},"content":{"rendered":"<h3>Ainevaldkonna digip\u00e4devus<\/h3>\n<h4>P\u00d5HIKOOL<\/h4>\n<p>Matemaatikat \u00f5ppides kasutatakse digivahendeid teabe leidmiseks ning saadud teabega probleem\u00fclesannete lahendamiseks, sh loovate ja alternatiivsete lahendusk\u00e4ikude leidmiseks. Digivahendeid rakendatakse h\u00fcpoteese p\u00fcstitades ja kontrollides, matemaatilisi ja elulisi seoseid uurides ning visualiseerides. Digitaalse sisuloome oskust arendatakse uurimis- v\u00f5i loovt\u00f6\u00f6de koostamise ja vormistamise kaudu. Isikuandmeid sisaldavaid \u00fclesandeid koostades ja lahendades p\u00f6\u00f6ratakse t\u00e4helepanu interneti turvalisusele ning igap\u00e4evaelu v\u00e4\u00e4rtusp\u00f5him\u00f5tete j\u00e4rgimisele.<\/p>\n<h4>G\u00dcMNAASIUM<\/h4>\n<p>Matemaatikat \u00f5ppides kasutatakse digivahendeid teabe leidmiseks ning saadud teabe anal\u00fc\u00fcsimiseks, t\u00f6\u00f6tlemiseks ja probleem\u00fclesannete lahendamiseks, sh loovate ja alternatiivsete lahendusk\u00e4ikude leidmiseks. Digivahendeid rakendatakse h\u00fcpoteese p\u00fcstitades ning kontrollides, matemaatilisi ja elulisi seoseid uurides, modelleerides ning visualiseerides. \u00d5pitakse kasutama mitmekesist ja tasakaalustatud kombinatsiooni digitaalsetest ning mittedigitaalsetest vahenditest, lahendades erinevaid probleeme. Digitaalse sisuloome oskust arendatakse uurimis- v\u00f5i praktiliste t\u00f6\u00f6de koostamise ja vormistamise kaudu. Isikuandmeid sisaldavaid \u00fclesandeid koostades ning lahendades p\u00f6\u00f6ratakse t\u00e4helepanu interneti turvalisusele ja igap\u00e4evaelu v\u00e4\u00e4rtusp\u00f5him\u00f5tete j\u00e4rgimisele.<\/p>\n","protected":false},"excerpt":{"rendered":"<p>Ainevaldkonna digip\u00e4devus P\u00d5HIKOOL Matemaatikat \u00f5ppides kasutatakse digivahendeid teabe leidmiseks ning saadud teabega probleem\u00fclesannete lahendamiseks, sh loovate ja alternatiivsete lahendusk\u00e4ikude leidmiseks. Digivahendeid rakendatakse h\u00fcpoteese p\u00fcstitades ja kontrollides, matemaatilisi ja elulisi seoseid uurides ning visualiseerides. Digitaalse sisuloome oskust arendatakse uurimis- v\u00f5i loovt\u00f6\u00f6de koostamise ja vormistamise kaudu. Isikuandmeid sisaldavaid \u00fclesandeid koostades ja lahendades p\u00f6\u00f6ratakse t\u00e4helepanu interneti turvalisusele ning <a class=\"read-more\" href=\"https:\/\/oppevara.edu.ee\/opilood\/oppekava-digipadevuse-naited\/matemaatika\/\">...continue reading <span class=\"meta-nav\">&rarr;<\/span><\/a><\/p>\n","protected":false},"author":3,"featured_media":0,"parent":509,"menu_order":3,"comment_status":"closed","ping_status":"closed","template":"","meta":[],"_links":{"self":[{"href":"https:\/\/oppevara.edu.ee\/opilood\/wp-json\/wp\/v2\/pages\/516"}],"collection":[{"href":"https:\/\/oppevara.edu.ee\/opilood\/wp-json\/wp\/v2\/pages"}],"about":[{"href":"https:\/\/oppevara.edu.ee\/opilood\/wp-json\/wp\/v2\/types\/page"}],"author":[{"embeddable":true,"href":"https:\/\/oppevara.edu.ee\/opilood\/wp-json\/wp\/v2\/users\/3"}],"replies":[{"embeddable":true,"href":"https:\/\/oppevara.edu.ee\/opilood\/wp-json\/wp\/v2\/comments?post=516"}],"version-history":[{"count":4,"href":"https:\/\/oppevara.edu.ee\/opilood\/wp-json\/wp\/v2\/pages\/516\/revisions"}],"predecessor-version":[{"id":1238,"href":"https:\/\/oppevara.edu.ee\/opilood\/wp-json\/wp\/v2\/pages\/516\/revisions\/1238"}],"up":[{"embeddable":true,"href":"https:\/\/oppevara.edu.ee\/opilood\/wp-json\/wp\/v2\/pages\/509"}],"wp:attachment":[{"href":"https:\/\/oppevara.edu.ee\/opilood\/wp-json\/wp\/v2\/media?parent=516"}],"curies":[{"name":"wp","href":"https:\/\/api.w.org\/{rel}","templated":true}]}}