{"id":514,"date":"2016-03-18T09:53:59","date_gmt":"2016-03-18T07:53:59","guid":{"rendered":"http:\/\/oppevara.hitsa.ee\/opilood\/?page_id=514"},"modified":"2016-05-27T17:23:35","modified_gmt":"2016-05-27T15:23:35","slug":"voorkeeled","status":"publish","type":"page","link":"https:\/\/oppevara.edu.ee\/opilood\/oppekava-digipadevuse-naited\/voorkeeled\/","title":{"rendered":"V\u00f5\u00f5rkeeled"},"content":{"rendered":"<p><strong>V\u00f5\u00f5rkeeled: inglise, saksa, soome, rootsi, vene keel<\/strong><\/p>\n<h3>Ainevaldkonna digip\u00e4devus<\/h3>\n<h4>P\u00d5HIKOOL<\/h4>\n<p>V\u00f5\u00f5rkeelt \u00f5ppides kasutatakse digivahendeid internetis teabe\u00a0otsimiseks ning saadud teabe rakendamiseks, arutledes erinevate kultuuri- ja igap\u00e4evaeluteemade \u00fcle. Rakendatakse veebis\u00f5nastikke, t\u00f5lkeprogramme ja muid asjakohased digitaalseid rakendusi, luuakse sisu ning s\u00e4ilitatakse loodut digitaalsel kujul. Digikeskkonnas v\u00f5\u00f5rkeeles suheldes j\u00e4lgitakse teabe ohutut kasutamist ja jagamist. Eraelu kajastavaid, sh isikuandmeid sisaldavaid, tekste koostades ning jagades p\u00f6\u00f6ratakse t\u00e4helepanu interneti turvalisusele.<\/p>\n<h4>G\u00dcMNAASIUM<\/h4>\n<p>V\u00f5\u00f5rkeelt \u00f5ppides kasutatakse digivahendeid internetis teabe\u00a0otsimiseks ning saadud teabe rakendamiseks, arutledes erinevate kultuuri- ja igap\u00e4evaeluteemade \u00fcle v\u00f5\u00f5rkeeles. Kasutatakse veebis\u00f5nastikke ja t\u00f5lkeprogramme, luuakse ja vormistatakse uut sisu, j\u00e4rgides autori\u00f5igusi, ning s\u00e4ilitatakse loodut digitaalsel kujul. Digikeskkonnas suheldes arvestatakse igap\u00e4evaelu v\u00e4\u00e4rtusp\u00f5him\u00f5tteid ning j\u00e4lgitakse ohutut teabe kasutamist ja jagamist. Eraelu kajastavaid, sh isikuandmeid sisaldavaid, tekste koostades p\u00f6\u00f6ratakse t\u00e4helepanu interneti turvalisusele.<\/p>\n","protected":false},"excerpt":{"rendered":"<p>V\u00f5\u00f5rkeeled: inglise, saksa, soome, rootsi, vene keel Ainevaldkonna digip\u00e4devus P\u00d5HIKOOL V\u00f5\u00f5rkeelt \u00f5ppides kasutatakse digivahendeid internetis teabe\u00a0otsimiseks ning saadud teabe rakendamiseks, arutledes erinevate kultuuri- ja igap\u00e4evaeluteemade \u00fcle. Rakendatakse veebis\u00f5nastikke, t\u00f5lkeprogramme ja muid asjakohased digitaalseid rakendusi, luuakse sisu ning s\u00e4ilitatakse loodut digitaalsel kujul. Digikeskkonnas v\u00f5\u00f5rkeeles suheldes j\u00e4lgitakse teabe ohutut kasutamist ja jagamist. Eraelu kajastavaid, sh isikuandmeid sisaldavaid, <a class=\"read-more\" href=\"https:\/\/oppevara.edu.ee\/opilood\/oppekava-digipadevuse-naited\/voorkeeled\/\">...continue reading <span class=\"meta-nav\">&rarr;<\/span><\/a><\/p>\n","protected":false},"author":3,"featured_media":0,"parent":509,"menu_order":2,"comment_status":"closed","ping_status":"closed","template":"","meta":[],"_links":{"self":[{"href":"https:\/\/oppevara.edu.ee\/opilood\/wp-json\/wp\/v2\/pages\/514"}],"collection":[{"href":"https:\/\/oppevara.edu.ee\/opilood\/wp-json\/wp\/v2\/pages"}],"about":[{"href":"https:\/\/oppevara.edu.ee\/opilood\/wp-json\/wp\/v2\/types\/page"}],"author":[{"embeddable":true,"href":"https:\/\/oppevara.edu.ee\/opilood\/wp-json\/wp\/v2\/users\/3"}],"replies":[{"embeddable":true,"href":"https:\/\/oppevara.edu.ee\/opilood\/wp-json\/wp\/v2\/comments?post=514"}],"version-history":[{"count":4,"href":"https:\/\/oppevara.edu.ee\/opilood\/wp-json\/wp\/v2\/pages\/514\/revisions"}],"predecessor-version":[{"id":1237,"href":"https:\/\/oppevara.edu.ee\/opilood\/wp-json\/wp\/v2\/pages\/514\/revisions\/1237"}],"up":[{"embeddable":true,"href":"https:\/\/oppevara.edu.ee\/opilood\/wp-json\/wp\/v2\/pages\/509"}],"wp:attachment":[{"href":"https:\/\/oppevara.edu.ee\/opilood\/wp-json\/wp\/v2\/media?parent=514"}],"curies":[{"name":"wp","href":"https:\/\/api.w.org\/{rel}","templated":true}]}}