{"id":480,"date":"2016-01-30T18:56:10","date_gmt":"2016-01-30T16:56:10","guid":{"rendered":"http:\/\/oppevara.hitsa.ee\/opilood\/?page_id=480"},"modified":"2017-01-09T19:19:07","modified_gmt":"2017-01-09T17:19:07","slug":"muna-opetab-kana-ja-kukke","status":"publish","type":"page","link":"https:\/\/oppevara.edu.ee\/opilood\/opiloo-struktuur-ja-etapid\/muna-opetab-kana-ja-kukke\/","title":{"rendered":"Muna \u00f5petab kana ja kukke"},"content":{"rendered":"<blockquote><p>\u00d5pilased \u00f5petavad \u00fcksteist ja t\u00e4iskasvanuid<\/p><\/blockquote>\n<h4>Etapid:<\/h4>\n<ul>\n<li style=\"font-weight: 400;\"><b>Valmista ette: <\/b><span style=\"font-weight: 400;\">\u00d5petajad ja \u00f5pilased<\/span> <span style=\"font-weight: 400;\">lepivad kokku, mida \u00f5petatakse (teema) \u00d5pilased jaotatakse r\u00fchmadesse.<\/span><\/li>\n<li style=\"font-weight: 400;\"><b>Uuri ja otsi: <\/b><span style=\"font-weight: 400;\">Otsitakse vahendeid \/appe, mida \u00f5petada. Katsetatakse t\u00f6\u00f6kindlust, arusaadavust. M\u00f5eldakse erinevate platvormide peale.<\/span><\/li>\n<li style=\"font-weight: 400;\"><b>Kaardista ja anal\u00fc\u00fcsi: <\/b><span style=\"font-weight: 400;\">V\u00f5rreldakse vahendeid\/appe ning valitakse v\u00e4lja parimad (kokkulepitud kriteeriumite j\u00e4rgi). R\u00fchmades jagatakse rollid ja \u00fclesanded (kes ja mida \u00f5petab, kes toetab \u00f5ppijat, kes lahendab tehnilisi probleeme). Valmistatakse ette esitlus koos praktiliste \u00fclesannetega. Paneb kirja enda esitluse teksti.<\/span><\/li>\n<li style=\"font-weight: 400;\"><b>Esitle:<\/b><span style=\"font-weight: 400;\"> \u00d5petab valitud vahendit\/appi klassikaaslasele, saadakse tagasiside ja vajadusel muudetakse ja t\u00e4iendatakse esitlust. \u00d5petatakse t\u00e4iskasvanut vahendit\/ appi kasutama, tehakse ka praktilisi \u00fclesandeid.<\/span><\/li>\n<li style=\"font-weight: 400;\"><b>Reflekteeri: <\/b><span style=\"font-weight: 400;\">R\u00fchmad<\/span> <span style=\"font-weight: 400;\">reflekteerivad valikut ja esitlust. T\u00e4iskasvanud annavad tagasiside koolitusest.<\/span><\/li>\n<\/ul>\n<p>Ettekanne veebiseminarilt:<\/p>\n<h4><object width=\"425\" height=\"344\"><param name=\"movie\" value=\"http:\/\/swf.tubechop.com\/tubechop.swf?vurl=9WPR8uiQStI&amp;start=1460&amp;end=2895&amp;cid=7668947\" \/><embed allowfullscreen=\"allowfullscreen\" height=\"344\" src=\"http:\/\/swf.tubechop.com\/tubechop.swf?vurl=9WPR8uiQStI&amp;start=1460&amp;end=2895&amp;cid=7668947\" type=\"application\/x-shockwave-flash\" width=\"425\" \/><\/object><br \/>\n\u00d5piloo n\u00e4ited:<\/h4>\n<ol>\n<li>\n<h5>Programmeerimine, 3. kl. Koostanud: Ene Moppel. <a href=\"http:\/\/oppevara.hitsa.ee\/opilood\/muna-opetab-kana-ja-kukke-3-klass-programmeerimine\/\" target=\"_blank\">Loe edasi<\/a><\/h5>\n<\/li>\n<li>\n<h5>3D printimine. Koostanud: Ingrid Maadvere. <a href=\"http:\/\/oppevara.hitsa.ee\/opilood\/muna-opetab-kana-ja-kukke-3d-printimine\/\" target=\"_blank\">Loe edasi<\/a><\/h5>\n<\/li>\n<\/ol>\n","protected":false},"excerpt":{"rendered":"<p>\u00d5pilased \u00f5petavad \u00fcksteist ja t\u00e4iskasvanuid Etapid: Valmista ette: \u00d5petajad ja \u00f5pilased lepivad kokku, mida \u00f5petatakse (teema) \u00d5pilased jaotatakse r\u00fchmadesse. Uuri ja otsi: Otsitakse vahendeid \/appe, mida \u00f5petada. Katsetatakse t\u00f6\u00f6kindlust, arusaadavust. M\u00f5eldakse erinevate platvormide peale. Kaardista ja anal\u00fc\u00fcsi: V\u00f5rreldakse vahendeid\/appe ning valitakse v\u00e4lja parimad (kokkulepitud kriteeriumite j\u00e4rgi). R\u00fchmades jagatakse rollid ja \u00fclesanded (kes ja mida \u00f5petab, <a class=\"read-more\" href=\"https:\/\/oppevara.edu.ee\/opilood\/opiloo-struktuur-ja-etapid\/muna-opetab-kana-ja-kukke\/\">...continue reading <span class=\"meta-nav\">&rarr;<\/span><\/a><\/p>\n","protected":false},"author":3,"featured_media":0,"parent":273,"menu_order":9,"comment_status":"closed","ping_status":"closed","template":"page-templates\/full-width.php","meta":[],"_links":{"self":[{"href":"https:\/\/oppevara.edu.ee\/opilood\/wp-json\/wp\/v2\/pages\/480"}],"collection":[{"href":"https:\/\/oppevara.edu.ee\/opilood\/wp-json\/wp\/v2\/pages"}],"about":[{"href":"https:\/\/oppevara.edu.ee\/opilood\/wp-json\/wp\/v2\/types\/page"}],"author":[{"embeddable":true,"href":"https:\/\/oppevara.edu.ee\/opilood\/wp-json\/wp\/v2\/users\/3"}],"replies":[{"embeddable":true,"href":"https:\/\/oppevara.edu.ee\/opilood\/wp-json\/wp\/v2\/comments?post=480"}],"version-history":[{"count":5,"href":"https:\/\/oppevara.edu.ee\/opilood\/wp-json\/wp\/v2\/pages\/480\/revisions"}],"predecessor-version":[{"id":1727,"href":"https:\/\/oppevara.edu.ee\/opilood\/wp-json\/wp\/v2\/pages\/480\/revisions\/1727"}],"up":[{"embeddable":true,"href":"https:\/\/oppevara.edu.ee\/opilood\/wp-json\/wp\/v2\/pages\/273"}],"wp:attachment":[{"href":"https:\/\/oppevara.edu.ee\/opilood\/wp-json\/wp\/v2\/media?parent=480"}],"curies":[{"name":"wp","href":"https:\/\/api.w.org\/{rel}","templated":true}]}}