{"id":478,"date":"2016-01-30T18:52:52","date_gmt":"2016-01-30T16:52:52","guid":{"rendered":"http:\/\/oppevara.hitsa.ee\/opilood\/?page_id=478"},"modified":"2016-02-09T10:11:14","modified_gmt":"2016-02-09T08:11:14","slug":"opetajavaba-tund","status":"publish","type":"page","link":"https:\/\/oppevara.edu.ee\/opilood\/opiloo-struktuur-ja-etapid\/opetajavaba-tund\/","title":{"rendered":"\u00d5petajavaba tund"},"content":{"rendered":"<blockquote><p>\u00d5petaja roll tunnis on muutunud.<\/p><\/blockquote>\n<h4>Etapid:<\/h4>\n<ul>\n<li style=\"font-weight: 400;\"><span style=\"font-weight: 400;\"><strong>Valmista ette:<\/strong> \u00f5petaja valmistab ette juhised tunniks<\/span><\/li>\n<li style=\"font-weight: 400;\"><b>Uuri ja otsi<\/b>: \u00f5ppijad uurivad teemat ning vajadusel koguvad t\u00e4iendavat infot erinevatest allikatest\/suunatud allikatest.<\/li>\n<li style=\"font-weight: 400;\"><b>Kaardista ja anal\u00fc\u00fcs<\/b>i: r\u00fchm\/\u00f5pilane anal\u00fc\u00fcsib kogutud infot ning t\u00e4idab\/vad \u00fclesandeid<\/li>\n<li style=\"font-weight: 400;\"><b>Loo<\/b>: t\u00e4idetakse p\u00fcstitatud \u00fclesanded<\/li>\n<li style=\"font-weight: 400;\"><strong>Reflekteeri: <\/strong><span style=\"font-weight: 400;\">\u00f5ppijad v\u00f5ivad reflekteerida oma tegevust iga etapi l\u00f5pus v\u00f5i \u00f5piloo l\u00f5pus. Kasutada v\u00f5ib erinevaid refleksioonimudeleid <\/span><span style=\"font-weight: 400;\"><a href=\"http:\/\/tiigrihypeharidustehnoloog.blogspot.com\/2013\/08\/refleksioonist-ehk-kuidas-laks.html\">http:\/\/tiigrihypeharidustehnoloog.blogspot.com\/2013\/08\/refleksioonist-ehk-kuidas-laks.html<\/a><\/span><\/li>\n<\/ul>\n<p>Ettekanne veebiseminarilt:<\/p>\n<p><object width=\"425\" height=\"344\"><param name=\"movie\" value=\"http:\/\/swf.tubechop.com\/tubechop.swf?vurl=9WPR8uiQStI&amp;start=325&amp;end=1457&amp;cid=7668927\" \/><embed allowfullscreen=\"allowfullscreen\" height=\"344\" src=\"http:\/\/swf.tubechop.com\/tubechop.swf?vurl=9WPR8uiQStI&amp;start=325&amp;end=1457&amp;cid=7668927\" type=\"application\/x-shockwave-flash\" width=\"425\" \/><\/object><br \/>\n\u00d5piloo n\u00e4ited<\/p>\n<ol>\n<li>Algklassid. Koostasid Tiiu Leibur ja Tiiu vendel. <a href=\"http:\/\/oppevara.hitsa.ee\/opilood\/opetajavaba-tund-algklassid\/\" target=\"_blank\">Loe edasi<\/a><\/li>\n<li>Inglise keel, 6. kl. Koostanud: Ingrid Maadvere. <a href=\"http:\/\/oppevara.hitsa.ee\/opilood\/opetajavaba-tund-6-klass-inglise-keel\/\" target=\"_blank\">Loe edasi<\/a><\/li>\n<\/ol>\n","protected":false},"excerpt":{"rendered":"<p>\u00d5petaja roll tunnis on muutunud. Etapid: Valmista ette: \u00f5petaja valmistab ette juhised tunniks Uuri ja otsi: \u00f5ppijad uurivad teemat ning vajadusel koguvad t\u00e4iendavat infot erinevatest allikatest\/suunatud allikatest. Kaardista ja anal\u00fc\u00fcsi: r\u00fchm\/\u00f5pilane anal\u00fc\u00fcsib kogutud infot ning t\u00e4idab\/vad \u00fclesandeid Loo: t\u00e4idetakse p\u00fcstitatud \u00fclesanded Reflekteeri: \u00f5ppijad v\u00f5ivad reflekteerida oma tegevust iga etapi l\u00f5pus v\u00f5i \u00f5piloo l\u00f5pus. Kasutada v\u00f5ib <a class=\"read-more\" href=\"https:\/\/oppevara.edu.ee\/opilood\/opiloo-struktuur-ja-etapid\/opetajavaba-tund\/\">...continue reading <span class=\"meta-nav\">&rarr;<\/span><\/a><\/p>\n","protected":false},"author":3,"featured_media":0,"parent":273,"menu_order":8,"comment_status":"closed","ping_status":"closed","template":"page-templates\/full-width.php","meta":[],"_links":{"self":[{"href":"https:\/\/oppevara.edu.ee\/opilood\/wp-json\/wp\/v2\/pages\/478"}],"collection":[{"href":"https:\/\/oppevara.edu.ee\/opilood\/wp-json\/wp\/v2\/pages"}],"about":[{"href":"https:\/\/oppevara.edu.ee\/opilood\/wp-json\/wp\/v2\/types\/page"}],"author":[{"embeddable":true,"href":"https:\/\/oppevara.edu.ee\/opilood\/wp-json\/wp\/v2\/users\/3"}],"replies":[{"embeddable":true,"href":"https:\/\/oppevara.edu.ee\/opilood\/wp-json\/wp\/v2\/comments?post=478"}],"version-history":[{"count":5,"href":"https:\/\/oppevara.edu.ee\/opilood\/wp-json\/wp\/v2\/pages\/478\/revisions"}],"predecessor-version":[{"id":503,"href":"https:\/\/oppevara.edu.ee\/opilood\/wp-json\/wp\/v2\/pages\/478\/revisions\/503"}],"up":[{"embeddable":true,"href":"https:\/\/oppevara.edu.ee\/opilood\/wp-json\/wp\/v2\/pages\/273"}],"wp:attachment":[{"href":"https:\/\/oppevara.edu.ee\/opilood\/wp-json\/wp\/v2\/media?parent=478"}],"curies":[{"name":"wp","href":"https:\/\/api.w.org\/{rel}","templated":true}]}}