{"id":449,"date":"2015-10-24T18:04:34","date_gmt":"2015-10-24T16:04:34","guid":{"rendered":"http:\/\/oppevara.hitsa.ee\/opilood\/?page_id=449"},"modified":"2019-05-31T14:38:56","modified_gmt":"2019-05-31T12:38:56","slug":"oppeained-aineti","status":"publish","type":"page","link":"https:\/\/oppevara.edu.ee\/opilood\/arhiiv\/oppeained-aineti\/","title":{"rendered":"iTEC projekti \u00f5pilood ainep\u00f5hiselt"},"content":{"rendered":"<table style=\"width: 884px;\">\n<tbody>\n<tr>\n<td style=\"width: 86px; text-align: center;\"><strong>\u00f5ppeaine<\/strong><\/td>\n<td style=\"width: 170px; text-align: center;\"><strong>I kooliaste<\/strong><\/td>\n<td style=\"width: 186px; text-align: center;\"><strong>II kooliaste<\/strong><\/td>\n<td style=\"width: 182.63px; text-align: center;\"><strong>III kooliaste<\/strong><\/td>\n<td style=\"width: 213.36px; text-align: center;\"><strong>g\u00fcmnaasium<\/strong><\/td>\n<\/tr>\n<tr>\n<td style=\"width: 86px;\"><strong>eesti keel, kirjandus<\/strong><\/td>\n<td style=\"width: 170px;\"><a href=\"https:\/\/opilugu3.wordpress.com\/\" target=\"_blank\" rel=\"noopener\">M\u00e4ngu loomine<\/a><br \/>\n(3., 8. kl, kordamine)<br \/>\n<a href=\"http:\/\/vkgluuletused.blogspot.com.ee\/\" target=\"_blank\" rel=\"noopener\">Loo jutustamine<\/a><br \/>\n(2. kl, luuletused)<\/td>\n<td style=\"width: 186px;\"><a href=\"http:\/\/oppevara.hitsa.ee\/opilood\/legoarendavadklotsid_4-klass_eestikeel\/\" target=\"_blank\" rel=\"noopener\">Jutu jutustamine<\/a><br \/>\n(4. kl, Lego arendavad klotsid)<\/td>\n<td style=\"width: 182.63px;\"><a href=\"https:\/\/opilugu3.wordpress.com\/\" target=\"_blank\" rel=\"noopener\">M\u00e4ngu loomine<\/a><br \/>\n(3., 8. kl, programmeerimine)<\/td>\n<td style=\"width: 213.36px;\"><a href=\"http:\/\/www.scribd.com\/doc\/123187386\/iTEC-1-tsukli-katsetamine\" target=\"_blank\" rel=\"noopener\">\u00d5ues\u00f5ppe projekt<\/a><br \/>\n(10. kl, intervjuu)<a href=\"http:\/\/oppevara.hitsa.ee\/opilood\/online-vaitlus-kirjandus-11-klass\/\" target=\"_blank\" rel=\"noopener\">Online-v\u00e4itlus<\/a><br \/>\n(11. kl, \"T\u00f5de ja \u00f5igus\")<\/p>\n<p>&nbsp;<\/td>\n<\/tr>\n<tr>\n<td style=\"width: 86px;\"><strong>matemaatika<\/strong><\/td>\n<td style=\"width: 170px;\"><a href=\"http:\/\/oppevara.hitsa.ee\/opilood\/lego-wedo-1-0-ja-2-0-2-ja-3-klass-loogika-ja-matemaatika\/\" target=\"_blank\" rel=\"noopener\">Loogilise m\u00f5tlemise arendamine<\/a><br \/>\n(3. kl, Lego WeDo)<\/td>\n<td style=\"width: 186px;\"><a href=\"http:\/\/oppevara.hitsa.ee\/opilood\/mangu-loomine-matemaatika-6-klass\/\">M\u00e4ngu loomine<\/a><br \/>\n(6. kl, programmeerimine)<a href=\"https:\/\/drive.google.com\/file\/d\/0Bz_TRrxXzvtEMFg3QUxwemlHWWM\/view\" target=\"_blank\" rel=\"noopener\">Loo jutustamine<\/a><br \/>\n(5. kl, programmeerimine)<\/p>\n<p><a href=\"https:\/\/opkar.wordpress.com\/umberpooratud-tunni-analuus\/\" target=\"_blank\" rel=\"noopener\">\u00dcmberp\u00f6\u00f6ratud klassiruum<\/a><br \/>\n(5. kl, risttahukas)<\/p>\n<p><a href=\"http:\/\/oppevara.hitsa.ee\/opilood\/miniarvuti-raspberry-pi_4-klass_matemaatika-loogikatund\/\" target=\"_blank\" rel=\"noopener\">Pelgu-vaarikad<\/a><br \/>\n(4. kl, Raspberry Pi)<\/p>\n<p><a href=\"http:\/\/oppevara.hitsa.ee\/opilood\/programmeerimisapp-cargobot_5-klass_matemaatika\/\" target=\"_blank\" rel=\"noopener\">V\u00f5istlusm\u00e4ng<\/a><br \/>\n(5. kl, Cargo-Bot)<br \/>\n<a href=\"http:\/\/oppevara.hitsa.ee\/opilood\/edison_5-klass_matemaatika\/\" target=\"_blank\" rel=\"noopener\">Tee pikkus, kiirus ja aeg<\/a><br \/>\n(5. kl, Meet Edison)<\/td>\n<td style=\"width: 182.63px;\"><a href=\"http:\/\/oppevara.hitsa.ee\/opilood\/lego-mindstorms-ev3_7-klass_matemaatika\/\" target=\"_blank\" rel=\"noopener\">Ringi pindala arvutamine<\/a><br \/>\n(7. kl, LEGO Mindstorms EV3)<\/td>\n<td style=\"width: 213.36px;\"><a href=\"http:\/\/oppevara.hitsa.ee\/opilood\/oppematerjali-hindamine-matemaatika-10-klass\/\" target=\"_blank\" rel=\"noopener\">\u00d5ppematerjali hindamine<\/a><br \/>\n(10. kl, kalkulaator)<\/td>\n<\/tr>\n<tr>\n<td style=\"width: 86px;\"><strong>inglise keel<\/strong><\/td>\n<td style=\"width: 170px;\"><\/td>\n<td style=\"width: 186px;\"><a href=\"http:\/\/tiigrihypeharidustehnoloog.blogspot.com.ee\/2011\/10\/innovaatilisi-stsenaariumeid-katsetamas.html\" target=\"_blank\" rel=\"noopener\">\u00d5ues\u00f5ppe projekt<\/a><br \/>\n(5. kl, English in Tallinn)<a href=\"http:\/\/tiigrihypeharidustehnoloog.blogspot.com.ee\/2012\/03\/oppimisloo-oppematerjalid-loomine.html\" target=\"_blank\" rel=\"noopener\">\u00d5ppematerjali loomine<\/a><br \/>\n(5.-6. kl, artikkel)<\/p>\n<p><a href=\"http:\/\/tiigrihypeharidustehnoloog.blogspot.com.ee\/2012\/07\/oppimisloo-mangu-loomine-katsetamine.html\" target=\"_blank\" rel=\"noopener\">M\u00e4ngu loomine<\/a><br \/>\n(5. kl, kordamine)<\/p>\n<p><a href=\"http:\/\/tiigrihypeharidustehnoloog.blogspot.com.ee\/2012\/12\/itec-4-tsukkel-loo-jutustamine.html\" target=\"_blank\" rel=\"noopener\">Loo jutustamine<\/a><br \/>\n(5. kl, grammatika)<\/p>\n<p><a href=\"https:\/\/docs.google.com\/document\/d\/1gvjCnWnSDU54b1eyRjlQo0Bej3sUDvywC8hrzaSELdY\/edit?usp=sharing\" target=\"_blank\" rel=\"noopener\">Loo jutustamine<\/a><br \/>\n(6. kl, Briti k\u00f6\u00f6k)<\/p>\n<p><a href=\"http:\/\/oppevara.hitsa.ee\/opilood\/umberpooratud-klassiruum-inglise-keel-5-klass\/\" target=\"_blank\" rel=\"noopener\">\u00dcmberp\u00f6\u00f6ratud klassiruum<\/a><br \/>\n(5. kl)<\/p>\n<p><a href=\"http:\/\/oppevara.hitsa.ee\/opilood\/oppematerjali-hindamine-inglise-keel-6-klass\/\" target=\"_blank\" rel=\"noopener\">\u00d5ppematerjali hindamine<\/a><br \/>\n(6. kl, ajad)<\/td>\n<td style=\"width: 182.63px;\"><\/td>\n<td style=\"width: 213.36px;\"><a href=\"http:\/\/padlet.com\/ingridmaadvere\/yesevent2015\" target=\"_blank\" rel=\"noopener\">Loo jutustamine<\/a><br \/>\n(integratsioon ja migratsioon)<\/td>\n<\/tr>\n<tr>\n<td style=\"width: 86px;\"><strong>loodus\u00f5petus, bioloogia<\/strong><\/td>\n<td style=\"width: 170px;\"><a href=\"https:\/\/opilood.wordpress.com\/\" target=\"_blank\" rel=\"noopener\">Loo jutustamine<\/a><br \/>\n(3. kl, s\u00fcgis)<\/td>\n<td style=\"width: 186px;\"><a href=\"http:\/\/laukaitec.blogspot.com.ee\/2014\/10\/2-stsenaarium.html\" target=\"_blank\" rel=\"noopener\">\u00d5ppematerjali loomine<\/a><br \/>\n(5.-6. kl, puud ja p\u00f5\u00f5sad)<br \/>\n<a href=\"http:\/\/oppevara.hitsa.ee\/opilood\/online-vaitlus-loodusopetus-6-klass\/\" target=\"_blank\" rel=\"noopener\">Online-v\u00e4itlus<\/a><br \/>\n(6. kl, asula)<a href=\"http:\/\/oppevara.hitsa.ee\/opilood\/tinytap_4-klass_loodusopetus\/\" target=\"_blank\" rel=\"noopener\">\u00d5ppem\u00e4ngu tegemine<\/a><br \/>\n(4. kl, TinyTap)<\/td>\n<td style=\"width: 182.63px;\"><a href=\"https:\/\/sikuitec.wordpress.com\/2014\/10\/23\/itec-3-stsenaarium-mangu-loomine-7-klass\/\" target=\"_blank\" rel=\"noopener\">M\u00e4ngu loomine<\/a><br \/>\n(7. kl, kordamine)<a href=\"https:\/\/sikuitec.wordpress.com\/2014\/10\/23\/itec-2-stsenaarium-mangu-loomine-8-klass\/\" target=\"_blank\" rel=\"noopener\">M\u00e4ngu loomine<\/a><br \/>\n(8. kl, kordamine)<\/td>\n<td style=\"width: 213.36px;\"><a href=\"http:\/\/oppevara.hitsa.ee\/opilood\/oppematerjali-loomine-bioloogia-11-klass\/\" target=\"_blank\" rel=\"noopener\">\u00d5ppematerjali loomine<\/a><br \/>\n(11. kl, kordamine)<\/td>\n<\/tr>\n<tr>\n<td style=\"width: 86px;\"><strong>keemia<\/strong><\/td>\n<td style=\"width: 170px;\"><\/td>\n<td style=\"width: 186px;\"><\/td>\n<td style=\"width: 182.63px;\"><a href=\"http:\/\/laukaitec.blogspot.com.ee\/2014\/10\/1-stsenaarium.html\" target=\"_blank\" rel=\"noopener\">\u00d5ues\u00f5ppe projekt<\/a> (8. kl, vesi)<\/p>\n<p><a href=\"https:\/\/sikuitec.wordpress.com\/2014\/10\/23\/itec-1-stsenaarium-oppematerjalide-loomine-8-ja-9-klass\/\" target=\"_blank\" rel=\"noopener\">\u00d5ppematerjali loomine<\/a><br \/>\n(8.-9. kl, kordamine)<\/td>\n<td style=\"width: 213.36px;\"><a href=\"https:\/\/sikuitec.wordpress.com\/2014\/10\/23\/itec-1-stsenaarium-ouesoppe-projekt-10-klass\/\" target=\"_blank\" rel=\"noopener\">\u00d5ues\u00f5ppe projekt<\/a> (10. kl, narkootikumid)<\/td>\n<\/tr>\n<tr>\n<td style=\"width: 86px;\"><strong>f\u00fc\u00fcsika<\/strong><\/td>\n<td style=\"width: 170px;\"><\/td>\n<td style=\"width: 186px;\"><\/td>\n<td style=\"width: 182.63px;\"><a href=\"http:\/\/oppevara.hitsa.ee\/opilood\/loo-jutustamine-8-klass-fuusika\/\" target=\"_blank\" rel=\"noopener\">Loo jutustamine<\/a><br \/>\n(8. kl, h\u00f5\u00f5rdumine)<\/td>\n<td style=\"width: 213.36px;\"><\/td>\n<\/tr>\n<tr>\n<td style=\"width: 86px;\"><strong>geograafia<\/strong><\/td>\n<td style=\"width: 170px;\"><\/td>\n<td style=\"width: 186px;\"><\/td>\n<td style=\"width: 182.63px;\"><a href=\"https:\/\/sikuitec.wordpress.com\/2014\/10\/23\/itec-1-stsenaarium-ouesoppe-projekt-9-klass\/\" target=\"_blank\" rel=\"noopener\">\u00d5ues\u00f5ppe projekt<\/a> (9. kl, loodus- ja inimgeograafia)<\/td>\n<td style=\"width: 213.36px;\"><\/td>\n<\/tr>\n<tr>\n<td style=\"width: 86px;\"><strong>ajalugu<\/strong><\/td>\n<td style=\"width: 170px;\"><\/td>\n<td style=\"width: 186px;\"><a href=\"http:\/\/oppevara.hitsa.ee\/opilood\/ouesoppe-projekt-ajalugu-5-klass\/\" target=\"_blank\" rel=\"noopener\">\u00d5ues\u00f5ppe projekt<\/a> (5. kl, kodukoht)<\/td>\n<td style=\"width: 182.63px;\"><\/td>\n<td style=\"width: 213.36px;\"><\/td>\n<\/tr>\n<tr>\n<td style=\"width: 86px;\"><strong>joonestamine<\/strong><\/td>\n<td style=\"width: 170px;\"><\/td>\n<td style=\"width: 186px;\"><\/td>\n<td style=\"width: 182.63px;\"><\/td>\n<td style=\"width: 213.36px;\"><a href=\"http:\/\/oppevara.hitsa.ee\/opilood\/autocad-ja-inventor_10-ja-11-klass_valikkursuse-cad-joonestamise-tunnid\/\" target=\"_blank\" rel=\"noopener\">Mudeli loomine <\/a>(10., 11. kl, AutoCAD)<\/p>\n<p><a href=\"http:\/\/oppevara.hitsa.ee\/opilood\/solid-edge-tarkvara_gymnaasium_3d-ja-joonestamine\/\" target=\"_blank\" rel=\"noopener\">3D modelleerimine ja joonestamise baaskursus<\/a><br \/>\n(10., 11. ja 12. kl, Solid Edge)<\/td>\n<\/tr>\n<tr>\n<td style=\"width: 86px;\"><strong>kunst<\/strong><\/td>\n<td style=\"width: 170px;\"><\/td>\n<td style=\"width: 186px;\"><a href=\"http:\/\/oppevara.hitsa.ee\/opilood\/haridusrobot-bee-bot_2-5-ja-7-klass_kunstiopetus\/\" target=\"_blank\" rel=\"noopener\">Tehnoloogia loov kasutamine<\/a><br \/>\n(2., 5. ja 7. kl, Bee-bot)<\/td>\n<td style=\"width: 182.63px;\"><\/td>\n<td style=\"width: 213.36px;\"><\/td>\n<\/tr>\n<tr>\n<td style=\"width: 86px;\"><strong>muusika<\/strong><\/td>\n<td style=\"width: 170px;\"><a href=\"http:\/\/oppevara.hitsa.ee\/opilood\/sonic-pi_2-7-klass_informaatikatund\/\" target=\"_blank\" rel=\"noopener\">Muusika programmeerimine<\/a> (2.-7. klass, Sonic Pi)<\/td>\n<td style=\"width: 186px;\"><\/td>\n<td style=\"width: 182.63px;\"><a href=\"http:\/\/oppevara.hitsa.ee\/opilood\/littlebits_8-klass_muusikaopetus\/\" target=\"_blank\" rel=\"noopener\">Elektrooniline heli<\/a> (8. kl, LittleBits)<\/td>\n<td style=\"width: 213.36px;\">\"<a href=\"http:\/\/oppevara.hitsa.ee\/opilood\/audacity_11-klass_muusika-ja-meediaopetus\/\" target=\"_blank\" rel=\"noopener\">Kuuldem\u00e4ng kui raadio\u017eanr<\/a>\" (11. kl, meedia, Audacity)<\/td>\n<\/tr>\n<tr>\n<td style=\"width: 86px;\"><strong>arvuti\u00f5petus, informaatika<\/strong><\/td>\n<td style=\"width: 170px;\"><a href=\"http:\/\/oppevara.hitsa.ee\/opilood\/code-org_3-klass_informaatikatund\/\" target=\"_blank\" rel=\"noopener\">Programmeerimise algus<\/a><br \/>\n(3. kl, Code.org)<a href=\"http:\/\/oppevara.hitsa.ee\/opilood\/learningapps_3-klass_informaatikatund\/\" target=\"_blank\" rel=\"noopener\">Arvutikomplekti osad<\/a><br \/>\n(3. kl, LearningApps)<\/td>\n<td style=\"width: 186px;\"><a href=\"http:\/\/laukaitec.blogspot.com.ee\/2014\/10\/3-stsenaarium.html\" target=\"_blank\" rel=\"noopener\">M\u00e4ngu loomine<\/a> (5. kl)<\/td>\n<td style=\"width: 182.63px;\"><a href=\"https:\/\/docs.google.com\/document\/d\/1SZHzqw54z_uPzwWjmADMcaw8oG6JJV9m8X0HBN1YpK8\/edit?pli=1\" target=\"_blank\" rel=\"noopener\">\u00d5ppematerjali loomine<\/a> (9. kl, Prezi)<\/p>\n<p><a href=\"http:\/\/tpkinformaatika.pbworks.com\/w\/page\/62250010\/%C3%95ppem%C3%A4ngud\" target=\"_blank\" rel=\"noopener\">M\u00e4ngu loomine<\/a><br \/>\n(7. kl, programmeerimine)<\/td>\n<td style=\"width: 213.36px;\"><a href=\"https:\/\/docs.google.com\/document\/d\/1SZHzqw54z_uPzwWjmADMcaw8oG6JJV9m8X0HBN1YpK8\/edit?pli=1\" target=\"_blank\" rel=\"noopener\">\u00d5ppematerjali loomine<\/a><br \/>\n(10. kl, Creative commons)<a href=\"https:\/\/docs.google.com\/document\/d\/1SZHzqw54z_uPzwWjmADMcaw8oG6JJV9m8X0HBN1YpK8\/edit?pli=1\" target=\"_blank\" rel=\"noopener\">\u00d5ppematerjali loomine<\/a><br \/>\n(10. kl, Google Sites)<\/td>\n<\/tr>\n<tr>\n<td style=\"width: 86px;\"><strong>l\u00f5iming<\/strong><\/td>\n<td style=\"width: 170px;\"><a href=\"http:\/\/oppevara.hitsa.ee\/opilood\/audacity-ja-windows-live-movie-maker_3-klass_eesti-keel-ja-kunstiopetus\/\" target=\"_blank\" rel=\"noopener\">Muinasjutu animatsioon<\/a><br \/>\n(3. kl, Movie Maker, Audacity)<a href=\"http:\/\/oppevara.hitsa.ee\/opilood\/haridusrobot-bee-bot_1-2-klass_robootika-ja-matemaatika\/\" target=\"_blank\" rel=\"noopener\">Loogilise ja ruumilise m\u00f5tlemise arendamine<\/a><br \/>\n(1.-2. kl, robootika, matemaatika, Bee-bot)<\/p>\n<p><a href=\"http:\/\/oppevara.hitsa.ee\/opilood\/elektrooniline-leiutamiskomplekt-makeymakey_3-ja-4-klass\/\" target=\"_blank\" rel=\"noopener\">Leiutamine<\/a> (3.-4. kl, matemaatika, muusika, Makey Makey)<\/td>\n<td style=\"width: 186px;\"><a href=\"http:\/\/oppevara.hitsa.ee\/opilood\/programmeerimisapp-hopscotch_4-klass_eesti-keel-ja-matemaatika\/\" target=\"_blank\" rel=\"noopener\">Animatsiooni loomine<\/a><br \/>\n(4. kl, eesti k, matemaatika, programmeerimine, Hopscotch)<a href=\"http:\/\/laukaitec.blogspot.com.ee\/2014\/10\/1-stsenaarium.html\" target=\"_blank\" rel=\"noopener\">\u00d5ues\u00f5ppe projekt<\/a><br \/>\n(5.-6. kl, matem, kunst, arvuti\u00f5p)<\/p>\n<p><a href=\"https:\/\/toikad.wordpress.com\/2012\/11\/\" target=\"_blank\" rel=\"noopener\">M\u00e4ngu loomine<\/a><br \/>\n(4., 5., 10., 11. kl, Virumaa)<\/p>\n<p><a href=\"https:\/\/docs.google.com\/document\/d\/1gvjCnWnSDU54b1eyRjlQo0Bej3sUDvywC8hrzaSELdY\/edit?usp=sharing\" target=\"_blank\" rel=\"noopener\">\u00d5ppematerjali loomine<br \/>\n<\/a>(6. kl, inglise k, kunsti\u00f5p, kodundus)<\/td>\n<td style=\"width: 182.63px;\"><\/td>\n<td style=\"width: 213.36px;\"><a href=\"http:\/\/poskaitec2012.weebly.com\/\" target=\"_blank\" rel=\"noopener\">\u00d5ppematerjali loomine<\/a><br \/>\n(10. kl, biol, arvuti\u00f5p)<a href=\"https:\/\/toikad.wordpress.com\/2012\/11\/\" target=\"_blank\" rel=\"noopener\">M\u00e4ngu loomine<\/a><br \/>\n(4., 5., 10., 11. kl, Virumaa)<\/p>\n<p><a href=\"http:\/\/padlet.com\/ingridmaadvere\/yesevent2015\" target=\"_blank\" rel=\"noopener\">Loo jutustamine<\/a> (ing k, \u00fchiskonna\u00f5p, intergratsioon ja migratsioon)<\/td>\n<\/tr>\n<tr>\n<td style=\"width: 86px;\"><strong>program-meerimine ja robootika<\/strong><\/td>\n<td style=\"width: 170px;\"><\/td>\n<td style=\"width: 186px;\"><a href=\"http:\/\/oppevara.hitsa.ee\/opilood\/mangu-loomine-matemaatika-6-klass\/\">M\u00e4ngu loomine<\/a><br \/>\n(6. kl, programmeerimine)<a href=\"https:\/\/drive.google.com\/file\/d\/0Bz_TRrxXzvtEMFg3QUxwemlHWWM\/view\" target=\"_blank\" rel=\"noopener\">Loo jutustamine<\/a><br \/>\n(5. kl, programmeerimine)<\/p>\n<p><a href=\"https:\/\/docs.google.com\/document\/d\/1gvjCnWnSDU54b1eyRjlQo0Bej3sUDvywC8hrzaSELdY\/edit?usp=sharing\" target=\"_blank\" rel=\"noopener\">\u00d5ppematerjali loomine<\/a> (6. kl, 3D)<\/p>\n<p><a href=\"http:\/\/oppevara.hitsa.ee\/opilood\/scratch-2-0_5-klass_programmeerimine\/\" target=\"_blank\" rel=\"noopener\">\u00d5piobjekti loomine <\/a>(5. kl, Scratch<\/p>\n<p><a href=\"http:\/\/oppevara.hitsa.ee\/opilood\/vex-robot_4-5-klass_robootikaring\/\" target=\"_blank\" rel=\"noopener\">Valmistumine robootika v\u00f5istluseks<\/a> (4.-5. kl, robootikaring, VEX.IQ)<\/td>\n<td style=\"width: 182.63px;\"><a href=\"https:\/\/opilugu3.wordpress.com\/\" target=\"_blank\" rel=\"noopener\">M\u00e4ngu loomine<\/a><br \/>\n(3., 8. kl, programmeerimine)<a href=\"http:\/\/tpkinformaatika.pbworks.com\/w\/page\/62250010\/%C3%95ppem%C3%A4ngud\" target=\"_blank\" rel=\"noopener\">M\u00e4ngu loomine<\/a><br \/>\n(7. kl, programmeerimine)<\/p>\n<p><a href=\"http:\/\/oppevara.hitsa.ee\/opilood\/mobiilirakenduste-programmeerimiskeskkond-app-inventor_7-klass_programmeerimine\/\" target=\"_blank\" rel=\"noopener\">\u00c4pi\u00a0valmistamine<\/a><br \/>\n(7. kl, App Inventor)<\/td>\n<td style=\"width: 213.36px;\"><a href=\"http:\/\/oppevara.hitsa.ee\/opilood\/arduino-mikrokontrollerid_11-ja-12-klass_programmeerimise-tunnid-majanduse-ja-it-oppesuunal\/\" target=\"_blank\" rel=\"noopener\">M\u00e4ngud mikrokontrolleriga <\/a>(11., 12. kl, Arduino)<\/p>\n<p><a href=\"http:\/\/oppevara.hitsa.ee\/opilood\/robootika-kodulabor-10-11-ja-12-klass-robootika-valikaine\/\" target=\"_blank\" rel=\"noopener\">Robootika valikaine<\/a> (10., 11. ja 12. kl, Robootika kodulabor)<\/p>\n<p><a href=\"http:\/\/oppevara.hitsa.ee\/opilood\/cura_3d-printimise-tarkvara_gymnaasium_robootika\/\" target=\"_blank\" rel=\"noopener\">Robootika valikaine <\/a>(10., 11. ja 12. kl, Cura)<\/p>\n<p>&nbsp;<\/td>\n<\/tr>\n<\/tbody>\n<\/table>\n<p>&nbsp;<\/p>\n","protected":false},"excerpt":{"rendered":"<p>\u00f5ppeaine I kooliaste II kooliaste III kooliaste g\u00fcmnaasium eesti keel, kirjandus M\u00e4ngu loomine (3., 8. kl, kordamine) Loo jutustamine (2. kl, luuletused) Jutu jutustamine (4. kl, Lego arendavad klotsid) M\u00e4ngu loomine (3., 8. kl, programmeerimine) \u00d5ues\u00f5ppe projekt (10. kl, intervjuu)Online-v\u00e4itlus (11. kl, \"T\u00f5de ja \u00f5igus\") &nbsp; matemaatika Loogilise m\u00f5tlemise arendamine (3. kl, Lego WeDo) M\u00e4ngu <a class=\"read-more\" href=\"https:\/\/oppevara.edu.ee\/opilood\/arhiiv\/oppeained-aineti\/\">...continue reading <span class=\"meta-nav\">&rarr;<\/span><\/a><\/p>\n","protected":false},"author":3,"featured_media":0,"parent":1776,"menu_order":0,"comment_status":"closed","ping_status":"closed","template":"page-templates\/full-width.php","meta":[],"_links":{"self":[{"href":"https:\/\/oppevara.edu.ee\/opilood\/wp-json\/wp\/v2\/pages\/449"}],"collection":[{"href":"https:\/\/oppevara.edu.ee\/opilood\/wp-json\/wp\/v2\/pages"}],"about":[{"href":"https:\/\/oppevara.edu.ee\/opilood\/wp-json\/wp\/v2\/types\/page"}],"author":[{"embeddable":true,"href":"https:\/\/oppevara.edu.ee\/opilood\/wp-json\/wp\/v2\/users\/3"}],"replies":[{"embeddable":true,"href":"https:\/\/oppevara.edu.ee\/opilood\/wp-json\/wp\/v2\/comments?post=449"}],"version-history":[{"count":80,"href":"https:\/\/oppevara.edu.ee\/opilood\/wp-json\/wp\/v2\/pages\/449\/revisions"}],"predecessor-version":[{"id":1778,"href":"https:\/\/oppevara.edu.ee\/opilood\/wp-json\/wp\/v2\/pages\/449\/revisions\/1778"}],"up":[{"embeddable":true,"href":"https:\/\/oppevara.edu.ee\/opilood\/wp-json\/wp\/v2\/pages\/1776"}],"wp:attachment":[{"href":"https:\/\/oppevara.edu.ee\/opilood\/wp-json\/wp\/v2\/media?parent=449"}],"curies":[{"name":"wp","href":"https:\/\/api.w.org\/{rel}","templated":true}]}}