{"id":407,"date":"2015-10-19T20:56:23","date_gmt":"2015-10-19T18:56:23","guid":{"rendered":"http:\/\/oppevara.hitsa.ee\/opilood\/?page_id=407"},"modified":"2019-05-31T14:41:02","modified_gmt":"2019-05-31T12:41:02","slug":"konkurss-2015","status":"publish","type":"page","link":"https:\/\/oppevara.edu.ee\/opilood\/arhiiv\/konkurss-2015\/","title":{"rendered":"\u00d5pilugude konkurss 2015"},"content":{"rendered":"<blockquote><p>HITSA Innovatsioonikeskus viis 2015. aastal l\u00e4bi konkursi \"Tipptund\", kuhu ootasime uusi innovaatilisi \u00f5pilugusid.<\/p><\/blockquote>\n<p>Konkursile tuli loodud \u00f5pilood esitada kokkuv\u00f5tvate videotena, et\u00a0\u00a0neid heade praktikatena laiemalt levitada. Konkursi tulemustega saate tutvuda siin ning proovida nendes esitatud metoodikaid oma tundides katsetada.<\/p>\n<table border=\"1\" cellspacing=\"1\" cellpadding=\"1\">\n<tbody>\n<tr>\n<td><strong>Koht<\/strong><\/td>\n<td><strong>T\u00f6\u00f6 nimi<\/strong><\/td>\n<td><strong>\u00d5ppeasutus<\/strong><\/td>\n<td><strong>Autorid<\/strong><\/td>\n<\/tr>\n<tr>\n<td>I koht<\/td>\n<td><a href=\"http:\/\/youtu.be\/ynzKk4gEyIM\" target=\"_blank\" rel=\"noopener\"><strong>Bioloogiatunnis rakke tegemas<\/strong><\/a><\/td>\n<td>Gustav Adolfi G\u00fcmnaasium<\/td>\n<td>Tiina Naissoo<\/td>\n<\/tr>\n<tr>\n<td>II koht<\/td>\n<td><a href=\"https:\/\/vimeo.com\/121446155\" target=\"_blank\" rel=\"noopener\"><strong>\"Digivahetund\" ehk v\u00f5ti haridustehnoloogile koolis<\/strong><\/a><\/td>\n<td>P\u00e4rnu Vanalinna P\u00f5hikool<\/td>\n<td>Diana Veskim\u00e4gi<\/td>\n<\/tr>\n<tr>\n<td>III koht<\/td>\n<td><a href=\"http:\/\/youtu.be\/qX2zUf3fkcs\" target=\"_blank\" rel=\"noopener\"><strong>Muusika\u00f5petus keelek\u00fcmblusklassis tahvelarvutite abil<\/strong><\/a><\/td>\n<td>Valga Vene G\u00fcmnaasium<\/td>\n<td>Svetlana Kuzmenko, Eva T\u0161epurko<\/td>\n<\/tr>\n<tr>\n<td>Finalist ja eripreemia<\/td>\n<td><a href=\"https:\/\/vimeo.com\/121536694\" target=\"_blank\" rel=\"noopener\"><strong>Erivajadus pole takistus<\/strong><\/a><\/td>\n<td>Tartu Kutsehariduskeskus<\/td>\n<td>Kerstin Kesler<\/td>\n<\/tr>\n<tr>\n<td>Finalist<\/td>\n<td><a href=\"http:\/\/youtu.be\/D030Z2PWqMM\" target=\"_blank\" rel=\"noopener\"><strong>Demokraatia p\u00f5him\u00f5tted ja selle toimimine<\/strong><\/a><\/td>\n<td>Tabivere P\u00f5hikool<\/td>\n<td>Piret Siivelt, Lembe L\u00f5hmus<\/td>\n<\/tr>\n<tr>\n<td>Finalist<\/td>\n<td><a href=\"https:\/\/www.youtube.com\/watch?v=d0RgsUeB2wM\" target=\"_blank\" rel=\"noopener\"><strong>Liigu kokku, h\u00fcppa lahku!<\/strong><\/a><\/td>\n<td>Virtsu Kool<\/td>\n<td>\n<div>Airi Aavik<\/div>\n<\/td>\n<\/tr>\n<tr>\n<td>\u00c4ram\u00e4rgitud t\u00f6\u00f6<\/td>\n<td><a href=\"http:\/\/youtu.be\/JLGf8OZwtt0\" target=\"_blank\" rel=\"noopener\"><strong>Let's Go Travelling<\/strong><\/a><\/td>\n<td>V\u00e4\u00e4tsa P\u00f5hikool<\/td>\n<td>Anneli Tumanski<\/td>\n<\/tr>\n<tr>\n<td>eTwinning eripreemia<\/td>\n<td><a href=\"http:\/\/youtu.be\/SVnXM0ZvRzo\" target=\"_blank\" rel=\"noopener\"><strong>\u00c4pigalerii<\/strong><\/a><\/td>\n<td>P\u00f5lva P\u00f5hikool\/Mammaste Kool ja Valga Vene\u00a0G\u00fcmnaasium<\/td>\n<td>Aimi J\u00f5esalu,<\/p>\n<p>Eva T\u0161epurko<\/td>\n<\/tr>\n<\/tbody>\n<\/table>\n","protected":false},"excerpt":{"rendered":"<p>HITSA Innovatsioonikeskus viis 2015. aastal l\u00e4bi konkursi \"Tipptund\", kuhu ootasime uusi innovaatilisi \u00f5pilugusid. Konkursile tuli loodud \u00f5pilood esitada kokkuv\u00f5tvate videotena, et\u00a0\u00a0neid heade praktikatena laiemalt levitada. Konkursi tulemustega saate tutvuda siin ning proovida nendes esitatud metoodikaid oma tundides katsetada. Koht T\u00f6\u00f6 nimi \u00d5ppeasutus Autorid I koht Bioloogiatunnis rakke tegemas Gustav Adolfi G\u00fcmnaasium Tiina Naissoo II koht <a class=\"read-more\" href=\"https:\/\/oppevara.edu.ee\/opilood\/arhiiv\/konkurss-2015\/\">...continue reading <span class=\"meta-nav\">&rarr;<\/span><\/a><\/p>\n","protected":false},"author":3,"featured_media":0,"parent":1776,"menu_order":0,"comment_status":"closed","ping_status":"closed","template":"page-templates\/full-width.php","meta":[],"_links":{"self":[{"href":"https:\/\/oppevara.edu.ee\/opilood\/wp-json\/wp\/v2\/pages\/407"}],"collection":[{"href":"https:\/\/oppevara.edu.ee\/opilood\/wp-json\/wp\/v2\/pages"}],"about":[{"href":"https:\/\/oppevara.edu.ee\/opilood\/wp-json\/wp\/v2\/types\/page"}],"author":[{"embeddable":true,"href":"https:\/\/oppevara.edu.ee\/opilood\/wp-json\/wp\/v2\/users\/3"}],"replies":[{"embeddable":true,"href":"https:\/\/oppevara.edu.ee\/opilood\/wp-json\/wp\/v2\/comments?post=407"}],"version-history":[{"count":4,"href":"https:\/\/oppevara.edu.ee\/opilood\/wp-json\/wp\/v2\/pages\/407\/revisions"}],"predecessor-version":[{"id":1779,"href":"https:\/\/oppevara.edu.ee\/opilood\/wp-json\/wp\/v2\/pages\/407\/revisions\/1779"}],"up":[{"embeddable":true,"href":"https:\/\/oppevara.edu.ee\/opilood\/wp-json\/wp\/v2\/pages\/1776"}],"wp:attachment":[{"href":"https:\/\/oppevara.edu.ee\/opilood\/wp-json\/wp\/v2\/media?parent=407"}],"curies":[{"name":"wp","href":"https:\/\/api.w.org\/{rel}","templated":true}]}}