{"id":400,"date":"2015-10-19T19:07:08","date_gmt":"2015-10-19T17:07:08","guid":{"rendered":"http:\/\/oppevara.hitsa.ee\/opilood\/?page_id=400"},"modified":"2016-03-19T10:40:11","modified_gmt":"2016-03-19T08:40:11","slug":"online-vaitlus","status":"publish","type":"page","link":"https:\/\/oppevara.edu.ee\/opilood\/opiloo-struktuur-ja-etapid\/online-vaitlus\/","title":{"rendered":"Online-v\u00e4itlus"},"content":{"rendered":"<blockquote><p>\u00d5pilased v\u00e4itlevad \u00f5pitud teemal veebis.<\/p><\/blockquote>\n<h4>Etapid:<\/h4>\n<ul>\n<li><b>Valmista ette: <\/b>\u00f5petaja valmistab \u00fcksi v\u00f5i koos \u00f5pilastega koos ette k\u00fcsimused.<\/li>\n<li><b><b>Uuri ja otsi: <\/b><\/b>r\u00fchmad otsivad k\u00fcsimustele vastuseid. Lisatakse allikad.<\/li>\n<li><b><b>Anal\u00fc\u00fcsi ja loo:\u00a0<\/b><\/b>vastuste p\u00f5hjal kirjutatakse artikkel.<\/li>\n<li><b><b>V\u00e4itle:\u00a0<\/b><\/b>teadmiste kontroll toimub v\u00e4itlusena.<\/li>\n<li><b><b>Reflekteeri:\u00a0<\/b><\/b><span style=\"font-weight: 400;\">\u00f5ppijad v\u00f5ivad reflekteerida oma tegevust iga etapi l\u00f5pus v\u00f5i \u00f5piloo l\u00f5pus. Kasutada v\u00f5ib erinevaid refleksioonimudeleid <\/span><a href=\"http:\/\/tiigrihypeharidustehnoloog.blogspot.com\/2013\/08\/refleksioonist-ehk-kuidas-laks.html\"><span style=\"font-weight: 400;\">http:\/\/tiigrihypeharidustehnoloog.blogspot.com\/2013\/08\/refleksioonist-ehk-kuidas-laks.html<\/span><\/a><\/li>\n<\/ul>\n<p>Lisamaterjalid:\u00a0<a href=\"http:\/\/www.debate.ee\/files\/arutlev_haridus_opik.pdf\">http:\/\/www.debate.ee\/files\/arutlev_haridus_opik.pdf<\/a>\u00a0(lk 8-16)<\/p>\n<p>Veebiseminari salvestus:<br \/>\n<iframe loading=\"lazy\" src=\"https:\/\/www.youtube.com\/embed\/YMAX6FEB2Nk\" width=\"560\" height=\"315\" frameborder=\"0\" allowfullscreen=\"allowfullscreen\"><\/iframe><\/p>\n<h4>\u00d5piloo n\u00e4ited<\/h4>\n<h5><b>1. Loodus\u00f5petus, 6. kl. <a href=\"http:\/\/oppevara.hitsa.ee\/opilood\/online-vaitlus-loodusopetus-6-klass\/\" target=\"_blank\">Loe edasi<\/a><\/b><\/h5>\n<h5><strong>2. Kirjandus, 11. kl. <a href=\"http:\/\/oppevara.hitsa.ee\/opilood\/online-vaitlus-kirjandus-11-klass\/\" target=\"_blank\">Loe edasi<\/a><\/strong><\/h5>\n<h5>3. Eesti keel, 8. kl. <a href=\"https:\/\/docs.google.com\/document\/d\/19gBAwvu4Zr-VkNljg-0YDfP19PCItBmPnPfeWXzXC9Q\/edit?usp=sharing\" target=\"_blank\">Loe edasi<\/a><\/h5>\n<h5>4. Eesti keel, 6. kl. <a href=\"https:\/\/opilugu.wordpress.com\/2016\/01\/15\/online-vaitlus-reklaami-mojutamisvotted-eesti-keel\/\" target=\"_blank\">Loe edasi<\/a><\/h5>\n<p>&nbsp;<\/p>\n","protected":false},"excerpt":{"rendered":"<p>\u00d5pilased v\u00e4itlevad \u00f5pitud teemal veebis. Etapid: Valmista ette: \u00f5petaja valmistab \u00fcksi v\u00f5i koos \u00f5pilastega koos ette k\u00fcsimused. Uuri ja otsi: r\u00fchmad otsivad k\u00fcsimustele vastuseid. Lisatakse allikad. Anal\u00fc\u00fcsi ja loo:\u00a0vastuste p\u00f5hjal kirjutatakse artikkel. V\u00e4itle:\u00a0teadmiste kontroll toimub v\u00e4itlusena. Reflekteeri:\u00a0\u00f5ppijad v\u00f5ivad reflekteerida oma tegevust iga etapi l\u00f5pus v\u00f5i \u00f5piloo l\u00f5pus. Kasutada v\u00f5ib erinevaid refleksioonimudeleid http:\/\/tiigrihypeharidustehnoloog.blogspot.com\/2013\/08\/refleksioonist-ehk-kuidas-laks.html Lisamaterjalid:\u00a0http:\/\/www.debate.ee\/files\/arutlev_haridus_opik.pdf\u00a0(lk 8-16) Veebiseminari <a class=\"read-more\" href=\"https:\/\/oppevara.edu.ee\/opilood\/opiloo-struktuur-ja-etapid\/online-vaitlus\/\">...continue reading <span class=\"meta-nav\">&rarr;<\/span><\/a><\/p>\n","protected":false},"author":3,"featured_media":0,"parent":273,"menu_order":7,"comment_status":"closed","ping_status":"closed","template":"page-templates\/full-width.php","meta":[],"_links":{"self":[{"href":"https:\/\/oppevara.edu.ee\/opilood\/wp-json\/wp\/v2\/pages\/400"}],"collection":[{"href":"https:\/\/oppevara.edu.ee\/opilood\/wp-json\/wp\/v2\/pages"}],"about":[{"href":"https:\/\/oppevara.edu.ee\/opilood\/wp-json\/wp\/v2\/types\/page"}],"author":[{"embeddable":true,"href":"https:\/\/oppevara.edu.ee\/opilood\/wp-json\/wp\/v2\/users\/3"}],"replies":[{"embeddable":true,"href":"https:\/\/oppevara.edu.ee\/opilood\/wp-json\/wp\/v2\/comments?post=400"}],"version-history":[{"count":8,"href":"https:\/\/oppevara.edu.ee\/opilood\/wp-json\/wp\/v2\/pages\/400\/revisions"}],"predecessor-version":[{"id":680,"href":"https:\/\/oppevara.edu.ee\/opilood\/wp-json\/wp\/v2\/pages\/400\/revisions\/680"}],"up":[{"embeddable":true,"href":"https:\/\/oppevara.edu.ee\/opilood\/wp-json\/wp\/v2\/pages\/273"}],"wp:attachment":[{"href":"https:\/\/oppevara.edu.ee\/opilood\/wp-json\/wp\/v2\/media?parent=400"}],"curies":[{"name":"wp","href":"https:\/\/api.w.org\/{rel}","templated":true}]}}