{"id":393,"date":"2015-10-02T18:44:51","date_gmt":"2015-10-02T16:44:51","guid":{"rendered":"http:\/\/oppevara.hitsa.ee\/opilood\/?page_id=393"},"modified":"2017-01-09T18:02:01","modified_gmt":"2017-01-09T16:02:01","slug":"oppematerjali-hindamine","status":"publish","type":"page","link":"https:\/\/oppevara.edu.ee\/opilood\/opiloo-struktuur-ja-etapid\/oppematerjali-hindamine\/","title":{"rendered":"\u00d5ppematerjali hindamine"},"content":{"rendered":"<blockquote><p>\u00d5pilased hindavad \u00f5ppematerjale v\u00f5i t\u00f6\u00f6vahendeid.<\/p><\/blockquote>\n<p><span style=\"font-weight: 400;\">Etapid: <\/span><\/p>\n<ul>\n<li><b><b>Valmista ette:\u00a0<\/b><\/b>Lepitakse kokku, milliseid \u00f5ppematerjale\/t\u00f6\u00f6vahendeid hakatakse hindama.<\/li>\n<li><b><b>Uuri ja otsi:\u00a0<\/b><\/b>Otsitakse \u00f5ppematerjale\/t\u00f6\u00f6vahendeid<\/li>\n<li><b><b>Kaardista ja anal\u00fc\u00fcsi:\u00a0<\/b><\/b>Leitud n\u00e4ited kogutakse kokku ning anal\u00fc\u00fcsitakse neid. Luuakse hindamiseks hindamismudel.<\/li>\n<li><b><b>Esitle:\u00a0<\/b><\/b>Anal\u00fc\u00fcsitud \u00f5ppematerjale\/t\u00f6\u00f6vahendeid tutvustatakse klassikaaslastele. Sobivad materjalid v\u00f5etakse edaspidi kasutusele.<\/li>\n<li><b><b>Reflekteeri:\u00a0<\/b><\/b><span style=\"font-weight: 400;\">\u00d5ppijad v\u00f5ivad reflekteerida oma tegevust iga etapi l\u00f5pus v\u00f5i \u00f5piloo l\u00f5pus. Kasutada v\u00f5ib erinevaid refleksioonimudeleid <\/span><a href=\"http:\/\/tiigrihypeharidustehnoloog.blogspot.com\/2013\/08\/refleksioonist-ehk-kuidas-laks.html\"><span style=\"font-weight: 400;\">http:\/\/tiigrihypeharidustehnoloog.blogspot.com\/2013\/08\/refleksioonist-ehk-kuidas-laks.html<\/span><\/a><\/li>\n<\/ul>\n<h4>\u00d5piloo n\u00e4ited<\/h4>\n<h5><b>1.\u00a0Inglise keel, 6.kl. <a href=\"http:\/\/oppevara.hitsa.ee\/opilood\/oppematerjali-hindamine-inglise-keel-6-klass\/\" target=\"_blank\">Loe edasi<\/a><\/b><\/h5>\n<h5><b>2. Matemaatika, 10. kl. <a href=\"http:\/\/oppevara.hitsa.ee\/opilood\/oppematerjali-hindamine-matemaatika-10-klass\/\" target=\"_blank\">Loe edasi<\/a><\/b><\/h5>\n<h5>3. Eesti keel, 5. kl. <a href=\"https:\/\/opilugu4.wordpress.com\/\" target=\"_blank\">Loe edasi<\/a><\/h5>\n<h5>4. Loovt\u00f6\u00f6, 7. kl. <a href=\"https:\/\/docs.google.com\/document\/d\/1FOwblMQRW9xfP9vCSk2u1h0AHkJ9gItUVK2RcqGhC9k\/edit?usp=sharing\" target=\"_blank\">Loe edasi<\/a><\/h5>\n","protected":false},"excerpt":{"rendered":"<p>\u00d5pilased hindavad \u00f5ppematerjale v\u00f5i t\u00f6\u00f6vahendeid. Etapid: Valmista ette:\u00a0Lepitakse kokku, milliseid \u00f5ppematerjale\/t\u00f6\u00f6vahendeid hakatakse hindama. Uuri ja otsi:\u00a0Otsitakse \u00f5ppematerjale\/t\u00f6\u00f6vahendeid Kaardista ja anal\u00fc\u00fcsi:\u00a0Leitud n\u00e4ited kogutakse kokku ning anal\u00fc\u00fcsitakse neid. Luuakse hindamiseks hindamismudel. Esitle:\u00a0Anal\u00fc\u00fcsitud \u00f5ppematerjale\/t\u00f6\u00f6vahendeid tutvustatakse klassikaaslastele. Sobivad materjalid v\u00f5etakse edaspidi kasutusele. Reflekteeri:\u00a0\u00d5ppijad v\u00f5ivad reflekteerida oma tegevust iga etapi l\u00f5pus v\u00f5i \u00f5piloo l\u00f5pus. Kasutada v\u00f5ib erinevaid refleksioonimudeleid http:\/\/tiigrihypeharidustehnoloog.blogspot.com\/2013\/08\/refleksioonist-ehk-kuidas-laks.html \u00d5piloo <a class=\"read-more\" href=\"https:\/\/oppevara.edu.ee\/opilood\/opiloo-struktuur-ja-etapid\/oppematerjali-hindamine\/\">...continue reading <span class=\"meta-nav\">&rarr;<\/span><\/a><\/p>\n","protected":false},"author":3,"featured_media":0,"parent":273,"menu_order":6,"comment_status":"closed","ping_status":"closed","template":"page-templates\/full-width.php","meta":[],"_links":{"self":[{"href":"https:\/\/oppevara.edu.ee\/opilood\/wp-json\/wp\/v2\/pages\/393"}],"collection":[{"href":"https:\/\/oppevara.edu.ee\/opilood\/wp-json\/wp\/v2\/pages"}],"about":[{"href":"https:\/\/oppevara.edu.ee\/opilood\/wp-json\/wp\/v2\/types\/page"}],"author":[{"embeddable":true,"href":"https:\/\/oppevara.edu.ee\/opilood\/wp-json\/wp\/v2\/users\/3"}],"replies":[{"embeddable":true,"href":"https:\/\/oppevara.edu.ee\/opilood\/wp-json\/wp\/v2\/comments?post=393"}],"version-history":[{"count":8,"href":"https:\/\/oppevara.edu.ee\/opilood\/wp-json\/wp\/v2\/pages\/393\/revisions"}],"predecessor-version":[{"id":1709,"href":"https:\/\/oppevara.edu.ee\/opilood\/wp-json\/wp\/v2\/pages\/393\/revisions\/1709"}],"up":[{"embeddable":true,"href":"https:\/\/oppevara.edu.ee\/opilood\/wp-json\/wp\/v2\/pages\/273"}],"wp:attachment":[{"href":"https:\/\/oppevara.edu.ee\/opilood\/wp-json\/wp\/v2\/media?parent=393"}],"curies":[{"name":"wp","href":"https:\/\/api.w.org\/{rel}","templated":true}]}}