{"id":273,"date":"2015-03-14T00:50:14","date_gmt":"2015-03-13T22:50:14","guid":{"rendered":"http:\/\/oppevara.hitsa.ee\/opilood\/?page_id=273"},"modified":"2019-05-31T14:44:35","modified_gmt":"2019-05-31T12:44:35","slug":"opiloo-struktuur-ja-etapid","status":"publish","type":"page","link":"https:\/\/oppevara.edu.ee\/opilood\/opiloo-struktuur-ja-etapid\/","title":{"rendered":"\u00d5pilood (2010-2014)"},"content":{"rendered":"<blockquote><p>\u00d5pilugu ehk \u00f5pistsenaarium on \u00f5ppimise ja \u00f5petamise kogemuse kirjeldus, kus on \u00e4ra toodud \u00f5petaja ja \u00f5pilase tegevused, digivahendid, \u00f5pikeskkonnad jne.<\/p><\/blockquote>\n<p>Vaata Ingrid Maadvere esitlust, mis selgitab t\u00e4psemalt lahti \u00f5piloo m\u00f5iste.<\/p>\n<p><iframe loading=\"lazy\" src=\"https:\/\/www.youtube.com\/embed\/hJhWNC1Mu0k\" width=\"560\" height=\"315\" frameborder=\"0\" allowfullscreen=\"allowfullscreen\"><\/iframe><\/p>\n<p>HITSA \u00f5pilugude t\u00f6\u00f6r\u00fchm on kokku kogunud \u00f5pilood, mis on loodud alates 2010. aastast. Esimesed \u00f5pilood said alguse <a href=\"https:\/\/iteceesti.wordpress.com\/\" target=\"_blank\" rel=\"noopener\">iTEC rahvusvahelisest projektist<\/a> (<em>Innovative Technologies for Engaging Classrooms<\/em>, 2010-2014), kus loodi \u00f5pilugusid teemade kaupa. Projektis l\u00f5id kaasa 11 kooli \u00fcle Eesti, kes l\u00f5id nende teemade alla uusi innovaatilisi \u00f5pilugusid ning katsetasid neid oma \u00f5pilastega. Kuna tagasiside nii \u00f5petajatelt kui \u00f5pilastelt oli v\u00e4ga hea, siis otsustas HITSA \u00f5pilugude loomise toetamisega j\u00e4tkata. T\u00f6\u00f6r\u00fchma liikmed on loonud alates 2014. aastast juurde mitmeid uusi lugusid. K\u00f5ik loodud \u00f5pilood oleme koondanud sellele kodulehele, mida saate oma tundides ka ise j\u00e4rgi proovida. Et lood oleksid leitavad ka ainete ja klasside l\u00f5ikes, lisasime need eraldi tabelina, mille leiate men\u00fc\u00fcst <a href=\"http:\/\/oppevara.hitsa.ee\/opilood\/oppeained-aineti\/\">\u00d5pilood ainep\u00f5hiselt<\/a>.<\/p>\n<p><strong>Hariduse Infotehnoloogia Sihtasutuse koordineeritud \u00f5pilugude loomisele aitab kaasa t\u00f6\u00f6r\u00fchm<\/strong> koosseisus Ingrid Maadvere (Gustav Adolfi G\u00fcmnaasium, HITSA), Meeri Sild (Tallinna Lillek\u00fcla G\u00fcmnaasium), Siret Lahemaa (Lauka P\u00f5hikool), Siret Piir (Tabasalu \u00dchisg\u00fcmnaasium), Ene Moppel (V\u00f5ru Kreutzwaldi G\u00fcmnaasium), \u00dclle Salum\u00e4e (Gustav Adolfi G\u00fcmnaasium), Piret Rusalepp (Kadrina Keskkool), Tiiu Leibur (P\u00e4rnu Mai Kool), Tiiu Vendel (P\u00e4rnu Mai Kool), Anneli Rumm (Eesti Ettev\u00f5tlusk\u00f5rgkool Mainor), Tiina Naissoo (Gustav Adolfi G\u00fcmnaasium).<\/p>\n","protected":false},"excerpt":{"rendered":"<p>\u00d5pilugu ehk \u00f5pistsenaarium on \u00f5ppimise ja \u00f5petamise kogemuse kirjeldus, kus on \u00e4ra toodud \u00f5petaja ja \u00f5pilase tegevused, digivahendid, \u00f5pikeskkonnad jne. Vaata Ingrid Maadvere esitlust, mis selgitab t\u00e4psemalt lahti \u00f5piloo m\u00f5iste. HITSA \u00f5pilugude t\u00f6\u00f6r\u00fchm on kokku kogunud \u00f5pilood, mis on loodud alates 2010. aastast. Esimesed \u00f5pilood said alguse iTEC rahvusvahelisest projektist (Innovative Technologies for Engaging Classrooms, <a class=\"read-more\" href=\"https:\/\/oppevara.edu.ee\/opilood\/opiloo-struktuur-ja-etapid\/\">...continue reading <span class=\"meta-nav\">&rarr;<\/span><\/a><\/p>\n","protected":false},"author":2,"featured_media":0,"parent":0,"menu_order":1,"comment_status":"closed","ping_status":"open","template":"","meta":[],"_links":{"self":[{"href":"https:\/\/oppevara.edu.ee\/opilood\/wp-json\/wp\/v2\/pages\/273"}],"collection":[{"href":"https:\/\/oppevara.edu.ee\/opilood\/wp-json\/wp\/v2\/pages"}],"about":[{"href":"https:\/\/oppevara.edu.ee\/opilood\/wp-json\/wp\/v2\/types\/page"}],"author":[{"embeddable":true,"href":"https:\/\/oppevara.edu.ee\/opilood\/wp-json\/wp\/v2\/users\/2"}],"replies":[{"embeddable":true,"href":"https:\/\/oppevara.edu.ee\/opilood\/wp-json\/wp\/v2\/comments?post=273"}],"version-history":[{"count":10,"href":"https:\/\/oppevara.edu.ee\/opilood\/wp-json\/wp\/v2\/pages\/273\/revisions"}],"predecessor-version":[{"id":1782,"href":"https:\/\/oppevara.edu.ee\/opilood\/wp-json\/wp\/v2\/pages\/273\/revisions\/1782"}],"wp:attachment":[{"href":"https:\/\/oppevara.edu.ee\/opilood\/wp-json\/wp\/v2\/media?parent=273"}],"curies":[{"name":"wp","href":"https:\/\/api.w.org\/{rel}","templated":true}]}}