{"id":2,"date":"2014-10-14T12:29:06","date_gmt":"2014-10-14T12:29:06","guid":{"rendered":"http:\/\/oppevara.hitsa.ee\/opilood\/?page_id=2"},"modified":"2015-10-24T17:54:36","modified_gmt":"2015-10-24T15:54:36","slug":"ouesoppe-projekt","status":"publish","type":"page","link":"https:\/\/oppevara.edu.ee\/opilood\/opiloo-struktuur-ja-etapid\/ouesoppe-projekt\/","title":{"rendered":"\u00d5ues\u00f5ppe projekt"},"content":{"rendered":"<blockquote><p>\u00d5petaja saadab \u00f5pilased klassiruumist\u00a0v\u00e4lja infot koguma. Kogutud info p\u00f5hjal loovad \u00f5pilased multimeediaesitluse.<\/p><\/blockquote>\n<h4>Etapid<\/h4>\n<ul>\n<li><b>Valmista ette: <\/b>\u00f5petaja selgitab \u00f5ppijatele \u00fclesannet, protsessi, ajakava ja hindamist. Moodustatakse r\u00fchmad ning r\u00fchmad arutavad, kuidas ja kust koguda infot.<em>\u00a0<\/em><\/li>\n<li><strong>Uuri ja otsi:\u00a0<\/strong>\u00f5ppijad uurivad teemat ning vajadusel koguvad juurde infot v\u00e4ljaspool klassiruumi.<\/li>\n<li><strong>Kaardista ja anal\u00fc\u00fcsi:\u00a0<\/strong>r\u00fchmad anal\u00fc\u00fcsivad kogutud infot..<\/li>\n<li><b>Loo<\/b>: r\u00fchmad loovad multimeediaesitluse.<\/li>\n<li><strong>Esitle:\u00a0<\/strong>multimeediaesitlusi n\u00e4idatakse huvilistele.<\/li>\n<li><strong>Reflekteeri<\/strong>: \u00f5ppijad v\u00f5ivad reflekteerida oma tegevust iga etapi l\u00f5pus v\u00f5i \u00f5piloo l\u00f5pus. Kasutada v\u00f5ib erinevaid refleksioonimudeleid.<\/li>\n<\/ul>\n<h4>\u00d5piloo n\u00e4ited<\/h4>\n<h5><a href=\"http:\/\/oppevara.hitsa.ee\/opilood\/wp-content\/uploads\/2014\/10\/siretl1.jpg\"><img loading=\"lazy\" class=\" size-full wp-image-112 alignright\" src=\"http:\/\/oppevara.hitsa.ee\/opilood\/wp-content\/uploads\/2014\/10\/siretl1.jpg\" alt=\"siretl1\" width=\"200\" height=\"100\" \/><\/a>1.\u00a0<b>Ainete l\u00f5iming<\/b>, 5. , 6. ja 8. kl. Koostas Siret Lahemaa (Lauka P\u00f5hikool).\u00a0<a href=\"http:\/\/laukaitec.blogspot.com\/2014\/10\/1-stsenaarium.html\" target=\"_blank\">Loe edasi<\/a><\/h5>\n<h5><a href=\"http:\/\/oppevara.hitsa.ee\/opilood\/wp-content\/uploads\/2014\/10\/ingrid1.jpg\"><img loading=\"lazy\" class=\" size-full wp-image-42 alignright\" src=\"http:\/\/oppevara.hitsa.ee\/opilood\/wp-content\/uploads\/2014\/10\/ingrid1.jpg\" alt=\"ingrid1\" width=\"200\" height=\"100\" \/><\/a>2.\u00a0Inglise keel, 5. kl. Koostas Ingrid Maadvere (Gustav Adolfi G\u00fcmnaasium).\u00a0<a href=\"http:\/\/tiigrihypeharidustehnoloog.blogspot.com\/2011\/10\/innovaatilisi-stsenaariumeid-katsetamas.html\" target=\"_blank\">Loe edasi<\/a><\/h5>\n<h5><a href=\"http:\/\/oppevara.hitsa.ee\/opilood\/wp-content\/uploads\/2014\/10\/siretp11.jpg\"><img loading=\"lazy\" class=\" size-full wp-image-96 alignright\" src=\"http:\/\/oppevara.hitsa.ee\/opilood\/wp-content\/uploads\/2014\/10\/siretp11.jpg\" alt=\"siretp11\" width=\"200\" height=\"100\" \/><\/a>3.\u00a0Geograafia, 9. kl. Koostas Siret Piir (Sikupilli Keskkool).\u00a0<a href=\"https:\/\/sikuitec.wordpress.com\/2014\/10\/23\/itec-1-stsenaarium-ouesoppe-projekt-9-klass\/\" target=\"_blank\">Loe edasi<\/a><\/h5>\n<h5><a href=\"http:\/\/oppevara.hitsa.ee\/opilood\/wp-content\/uploads\/2014\/10\/siretp12.jpg\"><img loading=\"lazy\" class=\" size-full wp-image-97 alignright\" src=\"http:\/\/oppevara.hitsa.ee\/opilood\/wp-content\/uploads\/2014\/10\/siretp12.jpg\" alt=\"siretp12\" width=\"200\" height=\"100\" \/><\/a>4.\u00a0Keemia, 10. kl. Koostas Siret Piir (Sikupilli Keskkool).\u00a0<a href=\"https:\/\/sikuitec.wordpress.com\/2014\/10\/23\/itec-1-stsenaarium-ouesoppe-projekt-10-klass\/\" target=\"_blank\">Loe edasi<\/a><\/h5>\n<h5><a href=\"http:\/\/oppevara.hitsa.ee\/opilood\/wp-content\/uploads\/2014\/10\/inga1.jpg\"><img loading=\"lazy\" class=\" size-full wp-image-34 alignright\" src=\"http:\/\/oppevara.hitsa.ee\/opilood\/wp-content\/uploads\/2014\/10\/inga1.jpg\" alt=\"inga1\" width=\"200\" height=\"101\" \/><\/a>5.\u00a0Eesti keel, 10. kl. Koostas I. Laidna (Gustav Adolfi G\u00fcmnaasium).\u00a0<a href=\"http:\/\/www.scribd.com\/doc\/123187386\/iTEC-1-tsukli-katsetamine\" target=\"_blank\">Loe edasi<\/a><\/h5>\n<h5>6. Ajalugu, 5. kl. <a href=\"http:\/\/oppevara.hitsa.ee\/opilood\/ouesoppe-projekt-ajalugu-5-klass\/\" target=\"_blank\">Loe edasi<\/a><\/h5>\n<p>&nbsp;<\/p>\n","protected":false},"excerpt":{"rendered":"<p>\u00d5petaja saadab \u00f5pilased klassiruumist\u00a0v\u00e4lja infot koguma. Kogutud info p\u00f5hjal loovad \u00f5pilased multimeediaesitluse. Etapid Valmista ette: \u00f5petaja selgitab \u00f5ppijatele \u00fclesannet, protsessi, ajakava ja hindamist. Moodustatakse r\u00fchmad ning r\u00fchmad arutavad, kuidas ja kust koguda infot.\u00a0 Uuri ja otsi:\u00a0\u00f5ppijad uurivad teemat ning vajadusel koguvad juurde infot v\u00e4ljaspool klassiruumi. Kaardista ja anal\u00fc\u00fcsi:\u00a0r\u00fchmad anal\u00fc\u00fcsivad kogutud infot.. Loo: r\u00fchmad loovad multimeediaesitluse. <a class=\"read-more\" href=\"https:\/\/oppevara.edu.ee\/opilood\/opiloo-struktuur-ja-etapid\/ouesoppe-projekt\/\">...continue reading <span class=\"meta-nav\">&rarr;<\/span><\/a><\/p>\n","protected":false},"author":5,"featured_media":0,"parent":273,"menu_order":1,"comment_status":"closed","ping_status":"open","template":"page-templates\/full-width.php","meta":[],"_links":{"self":[{"href":"https:\/\/oppevara.edu.ee\/opilood\/wp-json\/wp\/v2\/pages\/2"}],"collection":[{"href":"https:\/\/oppevara.edu.ee\/opilood\/wp-json\/wp\/v2\/pages"}],"about":[{"href":"https:\/\/oppevara.edu.ee\/opilood\/wp-json\/wp\/v2\/types\/page"}],"author":[{"embeddable":true,"href":"https:\/\/oppevara.edu.ee\/opilood\/wp-json\/wp\/v2\/users\/5"}],"replies":[{"embeddable":true,"href":"https:\/\/oppevara.edu.ee\/opilood\/wp-json\/wp\/v2\/comments?post=2"}],"version-history":[{"count":26,"href":"https:\/\/oppevara.edu.ee\/opilood\/wp-json\/wp\/v2\/pages\/2\/revisions"}],"predecessor-version":[{"id":431,"href":"https:\/\/oppevara.edu.ee\/opilood\/wp-json\/wp\/v2\/pages\/2\/revisions\/431"}],"up":[{"embeddable":true,"href":"https:\/\/oppevara.edu.ee\/opilood\/wp-json\/wp\/v2\/pages\/273"}],"wp:attachment":[{"href":"https:\/\/oppevara.edu.ee\/opilood\/wp-json\/wp\/v2\/media?parent=2"}],"curies":[{"name":"wp","href":"https:\/\/api.w.org\/{rel}","templated":true}]}}