{"id":1829,"date":"2019-06-01T09:45:54","date_gmt":"2019-06-01T07:45:54","guid":{"rendered":"http:\/\/oppevara.hitsa.ee\/opilood\/?page_id=1829"},"modified":"2019-09-11T08:42:59","modified_gmt":"2019-09-11T06:42:59","slug":"kasitoo","status":"publish","type":"page","link":"https:\/\/oppevara.edu.ee\/opilood\/opilood-2019\/tehnoloogia\/kasitoo\/","title":{"rendered":"K\u00e4sit\u00f6\u00f6"},"content":{"rendered":"\n<p><a href=\"https:\/\/drive.google.com\/file\/d\/1UaCUe9cXCmKdW6huultrXmBfuGen4USJ\/view?usp=sharing\" target=\"_blank\" rel=\"noopener noreferrer\">K\u00e4sit\u00f6\u00f6 II kooliaste - rahvuslikud kindad<\/a><\/p>\n<p><a href=\"https:\/\/drive.google.com\/file\/d\/1pavzR6R_9GNTamnpQ5cNRt7r0oO1qSaG\/view?usp=sharing\" target=\"_blank\" rel=\"noopener noreferrer\">K\u00e4sit\u00f6\u00f6 III kooliaste - kangatr\u00fckk<\/a><\/p>\n<p>\u00a0<\/p>\n","protected":false},"excerpt":{"rendered":"<p>K\u00e4sit\u00f6\u00f6 II kooliaste - rahvuslikud kindad K\u00e4sit\u00f6\u00f6 III kooliaste - kangatr\u00fckk \u00a0<\/p>\n","protected":false},"author":15,"featured_media":0,"parent":1827,"menu_order":0,"comment_status":"closed","ping_status":"closed","template":"","meta":[],"_links":{"self":[{"href":"https:\/\/oppevara.edu.ee\/opilood\/wp-json\/wp\/v2\/pages\/1829"}],"collection":[{"href":"https:\/\/oppevara.edu.ee\/opilood\/wp-json\/wp\/v2\/pages"}],"about":[{"href":"https:\/\/oppevara.edu.ee\/opilood\/wp-json\/wp\/v2\/types\/page"}],"author":[{"embeddable":true,"href":"https:\/\/oppevara.edu.ee\/opilood\/wp-json\/wp\/v2\/users\/15"}],"replies":[{"embeddable":true,"href":"https:\/\/oppevara.edu.ee\/opilood\/wp-json\/wp\/v2\/comments?post=1829"}],"version-history":[{"count":3,"href":"https:\/\/oppevara.edu.ee\/opilood\/wp-json\/wp\/v2\/pages\/1829\/revisions"}],"predecessor-version":[{"id":1847,"href":"https:\/\/oppevara.edu.ee\/opilood\/wp-json\/wp\/v2\/pages\/1829\/revisions\/1847"}],"up":[{"embeddable":true,"href":"https:\/\/oppevara.edu.ee\/opilood\/wp-json\/wp\/v2\/pages\/1827"}],"wp:attachment":[{"href":"https:\/\/oppevara.edu.ee\/opilood\/wp-json\/wp\/v2\/media?parent=1829"}],"curies":[{"name":"wp","href":"https:\/\/api.w.org\/{rel}","templated":true}]}}