{"id":1825,"date":"2019-06-01T09:44:01","date_gmt":"2019-06-01T07:44:01","guid":{"rendered":"http:\/\/oppevara.hitsa.ee\/opilood\/?page_id=1825"},"modified":"2019-09-11T08:49:25","modified_gmt":"2019-09-11T06:49:25","slug":"muusika","status":"publish","type":"page","link":"https:\/\/oppevara.edu.ee\/opilood\/opilood-2019\/kunstiained\/muusika\/","title":{"rendered":"Muusika"},"content":{"rendered":"\n<p><a href=\"https:\/\/drive.google.com\/file\/d\/1egjjwME7QXVWf3hXYqHZqG38AUGDFrd2\/view?usp=sharing\" target=\"_blank\" rel=\"noopener noreferrer\">Muusika\u00f5petus I kooliaste - Ostinato loomine laulule<\/a><\/p>\n<p><a href=\"https:\/\/drive.google.com\/file\/d\/1PWXjv7ls-XBWonbnZwW0eY0B-VBDKPRU\/view?usp=sharing\" target=\"_blank\" rel=\"noopener noreferrer\">Muusika\u00f5petus II kooliaste - omaloominguline muusikapala<\/a><\/p>\n<p><a href=\"https:\/\/drive.google.com\/file\/d\/13r6w_v8909izUFtmWtqFMd-wKt91Xei2\/view?usp=sharing\" target=\"_blank\" rel=\"noopener noreferrer\">Muusika\u00f5petus III kooliaste - helid meie \u00fcmber<\/a><\/p>\n<p><a href=\"https:\/\/drive.google.com\/file\/d\/1SqsOCljbhZa5I2QP7vhgdLisPtxqehpH\/view?usp=sharing\" target=\"_blank\" rel=\"noopener noreferrer\">Muusika\u00f5petus IV kooliaste - t\u00f6\u00f6vestlus heliloojaga aega tagant<\/a><\/p>\n","protected":false},"excerpt":{"rendered":"<p>Muusika\u00f5petus I kooliaste - Ostinato loomine laulule Muusika\u00f5petus II kooliaste - omaloominguline muusikapala Muusika\u00f5petus III kooliaste - helid meie \u00fcmber Muusika\u00f5petus IV kooliaste - t\u00f6\u00f6vestlus heliloojaga aega tagant<\/p>\n","protected":false},"author":15,"featured_media":0,"parent":1821,"menu_order":0,"comment_status":"closed","ping_status":"closed","template":"","meta":[],"_links":{"self":[{"href":"https:\/\/oppevara.edu.ee\/opilood\/wp-json\/wp\/v2\/pages\/1825"}],"collection":[{"href":"https:\/\/oppevara.edu.ee\/opilood\/wp-json\/wp\/v2\/pages"}],"about":[{"href":"https:\/\/oppevara.edu.ee\/opilood\/wp-json\/wp\/v2\/types\/page"}],"author":[{"embeddable":true,"href":"https:\/\/oppevara.edu.ee\/opilood\/wp-json\/wp\/v2\/users\/15"}],"replies":[{"embeddable":true,"href":"https:\/\/oppevara.edu.ee\/opilood\/wp-json\/wp\/v2\/comments?post=1825"}],"version-history":[{"count":2,"href":"https:\/\/oppevara.edu.ee\/opilood\/wp-json\/wp\/v2\/pages\/1825\/revisions"}],"predecessor-version":[{"id":1852,"href":"https:\/\/oppevara.edu.ee\/opilood\/wp-json\/wp\/v2\/pages\/1825\/revisions\/1852"}],"up":[{"embeddable":true,"href":"https:\/\/oppevara.edu.ee\/opilood\/wp-json\/wp\/v2\/pages\/1821"}],"wp:attachment":[{"href":"https:\/\/oppevara.edu.ee\/opilood\/wp-json\/wp\/v2\/media?parent=1825"}],"curies":[{"name":"wp","href":"https:\/\/api.w.org\/{rel}","templated":true}]}}