{"id":1814,"date":"2019-06-01T09:26:40","date_gmt":"2019-06-01T07:26:40","guid":{"rendered":"http:\/\/oppevara.hitsa.ee\/opilood\/?page_id=1814"},"modified":"2019-09-19T13:51:08","modified_gmt":"2019-09-19T11:51:08","slug":"uhiskonnaopetus","status":"publish","type":"page","link":"https:\/\/oppevara.edu.ee\/opilood\/opilood-2019\/sotsiaalained\/uhiskonnaopetus\/","title":{"rendered":"\u00dchiskonna\u00f5petus"},"content":{"rendered":"\n<p>Koolitusprogrammi Digiv\u00f5ti \u00fchiskonna\u00f5petuse ainevaldkonna \u00f5pilood.<\/p>\n<p><a href=\"https:\/\/drive.google.com\/file\/d\/1Bxgss-m1v1-hBfIWarsB1UjEgwGBrfeW\/view?usp=sharing\" target=\"_blank\" rel=\"noopener noreferrer\">\u00dchiskonna\u00f5petus - sotsiaalreklaam<\/a><\/p>\n","protected":false},"excerpt":{"rendered":"<p>Koolitusprogrammi Digiv\u00f5ti \u00fchiskonna\u00f5petuse ainevaldkonna \u00f5pilood. \u00dchiskonna\u00f5petus - sotsiaalreklaam<\/p>\n","protected":false},"author":15,"featured_media":0,"parent":1810,"menu_order":2,"comment_status":"closed","ping_status":"closed","template":"","meta":[],"_links":{"self":[{"href":"https:\/\/oppevara.edu.ee\/opilood\/wp-json\/wp\/v2\/pages\/1814"}],"collection":[{"href":"https:\/\/oppevara.edu.ee\/opilood\/wp-json\/wp\/v2\/pages"}],"about":[{"href":"https:\/\/oppevara.edu.ee\/opilood\/wp-json\/wp\/v2\/types\/page"}],"author":[{"embeddable":true,"href":"https:\/\/oppevara.edu.ee\/opilood\/wp-json\/wp\/v2\/users\/15"}],"replies":[{"embeddable":true,"href":"https:\/\/oppevara.edu.ee\/opilood\/wp-json\/wp\/v2\/comments?post=1814"}],"version-history":[{"count":3,"href":"https:\/\/oppevara.edu.ee\/opilood\/wp-json\/wp\/v2\/pages\/1814\/revisions"}],"predecessor-version":[{"id":1893,"href":"https:\/\/oppevara.edu.ee\/opilood\/wp-json\/wp\/v2\/pages\/1814\/revisions\/1893"}],"up":[{"embeddable":true,"href":"https:\/\/oppevara.edu.ee\/opilood\/wp-json\/wp\/v2\/pages\/1810"}],"wp:attachment":[{"href":"https:\/\/oppevara.edu.ee\/opilood\/wp-json\/wp\/v2\/media?parent=1814"}],"curies":[{"name":"wp","href":"https:\/\/api.w.org\/{rel}","templated":true}]}}