{"id":1806,"date":"2019-06-01T09:25:44","date_gmt":"2019-06-01T07:25:44","guid":{"rendered":"http:\/\/oppevara.hitsa.ee\/opilood\/?page_id=1806"},"modified":"2020-06-16T15:06:05","modified_gmt":"2020-06-16T13:06:05","slug":"bioloogia","status":"publish","type":"page","link":"https:\/\/oppevara.edu.ee\/opilood\/opilood-2019\/loodusained\/bioloogia\/","title":{"rendered":"Bioloogia ja loodus\u00f5petus"},"content":{"rendered":"\n<p><a href=\"https:\/\/drive.google.com\/file\/d\/19lVIYsJ55YJEwQG1cw8qt-zr3umY2j7G\/view?usp=sharing\" target=\"_blank\" rel=\"noopener noreferrer\">Asula elustiku uurimine loodusvaatluste rakenduse abil<\/a><\/p>\n<p><a href=\"https:\/\/drive.google.com\/file\/d\/1SPDhm10Mn3kqaKeXB7GzNlDzHuKl-T8_\/view?usp=sharing\" target=\"_blank\" rel=\"noopener noreferrer\">Evolutsioon - ajajoone loomine<\/a><\/p>\n<p><a href=\"https:\/\/drive.google.com\/file\/d\/1lZ2DRXHXeVjNSkdJoXeTaQsCdrBWVE7Z\/view?usp=sharing\" target=\"_blank\" rel=\"noopener noreferrer\">Looduslik valik - \u00fclesanne simulatsiooniga<\/a><\/p>\n<p><a href=\"https:\/\/drive.google.com\/file\/d\/12Rkr1y422YYZfci-DBcwaT79w9L_2m0z\/view?usp=sharing\" target=\"_blank\" rel=\"noopener noreferrer\">Selgroogsete kaitse - koomiks<\/a><\/p>\n<p><a href=\"https:\/\/drive.google.com\/file\/d\/19aoEWfm4IT7iNL1WrO3VjsaOgBKtQU4r\/view?usp=sharing\" target=\"_blank\" rel=\"noopener noreferrer\">Selgroogsete paljunemine - skeemi loomine<\/a><\/p>\n<p><a href=\"https:\/\/docs.google.com\/document\/d\/1ljL34JEngLwpGo5lfq1obTXHJaDkZeshVA9Puhr5STM\/edit?usp=sharing\" target=\"_blank\" rel=\"noopener noreferrer\">Ilm ja ilmakaartide anal\u00fc\u00fcs<\/a><\/p>\n<p><a href=\"https:\/\/docs.google.com\/document\/d\/11E5Gnc_fZmkSAM8MOz9VHHWpT2b9_GH6y-M86j_5Szo\/edit?usp=sharing\" target=\"_blank\" rel=\"noopener noreferrer\">Lindude t\u00e4htsus looduses<\/a><\/p>\n<p><a href=\"https:\/\/docs.google.com\/document\/d\/1ICnapzeTzg_eT6x_1SIkZ7xqfJVEFD4Faj8---YiTac\/edit?usp=sharing\" target=\"_blank\" rel=\"noopener noreferrer\">\u00d6koloogia kordamistest<\/a><\/p>\n<p><a href=\"https:\/\/docs.google.com\/document\/d\/1o0enSQElSe0Io6ZUdOtz0m17S3rjkBSk9lWG9l6-8B4\/edit?usp=sharing\" target=\"_blank\" rel=\"noopener noreferrer\">S\u00fcdame t\u00f6\u00f6<\/a><\/p>\n<p><a href=\"https:\/\/docs.google.com\/document\/d\/186A5Jc0giKQNkr1GG1agZ8C3WIhJefbD-1QYgeUxQos\/edit?usp=sharing\" target=\"_blank\" rel=\"noopener noreferrer\">Aineringed<\/a><\/p>\n<p><a href=\"https:\/\/drive.google.com\/file\/d\/1vHNCykx9kNEUVlFNVoFvmv4ry7gdfYDg\/view?usp=sharing\" target=\"_blank\" rel=\"noopener noreferrer\">L\u00e4\u00e4nemeri<\/a><\/p>\n","protected":false},"excerpt":{"rendered":"<p>Asula elustiku uurimine loodusvaatluste rakenduse abil Evolutsioon - ajajoone loomine Looduslik valik - \u00fclesanne simulatsiooniga Selgroogsete kaitse - koomiks Selgroogsete paljunemine - skeemi loomine Ilm ja ilmakaartide anal\u00fc\u00fcs Lindude t\u00e4htsus looduses \u00d6koloogia kordamistest S\u00fcdame t\u00f6\u00f6 Aineringed L\u00e4\u00e4nemeri<\/p>\n","protected":false},"author":15,"featured_media":0,"parent":1800,"menu_order":0,"comment_status":"closed","ping_status":"closed","template":"","meta":[],"_links":{"self":[{"href":"https:\/\/oppevara.edu.ee\/opilood\/wp-json\/wp\/v2\/pages\/1806"}],"collection":[{"href":"https:\/\/oppevara.edu.ee\/opilood\/wp-json\/wp\/v2\/pages"}],"about":[{"href":"https:\/\/oppevara.edu.ee\/opilood\/wp-json\/wp\/v2\/types\/page"}],"author":[{"embeddable":true,"href":"https:\/\/oppevara.edu.ee\/opilood\/wp-json\/wp\/v2\/users\/15"}],"replies":[{"embeddable":true,"href":"https:\/\/oppevara.edu.ee\/opilood\/wp-json\/wp\/v2\/comments?post=1806"}],"version-history":[{"count":8,"href":"https:\/\/oppevara.edu.ee\/opilood\/wp-json\/wp\/v2\/pages\/1806\/revisions"}],"predecessor-version":[{"id":1929,"href":"https:\/\/oppevara.edu.ee\/opilood\/wp-json\/wp\/v2\/pages\/1806\/revisions\/1929"}],"up":[{"embeddable":true,"href":"https:\/\/oppevara.edu.ee\/opilood\/wp-json\/wp\/v2\/pages\/1800"}],"wp:attachment":[{"href":"https:\/\/oppevara.edu.ee\/opilood\/wp-json\/wp\/v2\/media?parent=1806"}],"curies":[{"name":"wp","href":"https:\/\/api.w.org\/{rel}","templated":true}]}}