{"id":1794,"date":"2019-06-01T09:23:32","date_gmt":"2019-06-01T07:23:32","guid":{"rendered":"http:\/\/oppevara.hitsa.ee\/opilood\/?page_id=1794"},"modified":"2020-01-30T13:36:32","modified_gmt":"2020-01-30T11:36:32","slug":"saksa-keel","status":"publish","type":"page","link":"https:\/\/oppevara.edu.ee\/opilood\/opilood-2019\/voorkeeled\/saksa-keel\/","title":{"rendered":"Saksa keel"},"content":{"rendered":"\n<p>Koolitusprogrammi Digiv\u00f5ti saksa keele ainevaldkonna \u00f5pilood.<\/p>\n<p><a href=\"https:\/\/drive.google.com\/file\/d\/1yXw_Os55bXIC5NGcUTG7BzaOxGplx2ow\/view?usp=sharing\" target=\"_blank\" rel=\"noopener noreferrer\">Saksa keel g\u00fcmnaasiumile<\/a><\/p>\n<p><a href=\"https:\/\/docs.google.com\/document\/d\/1hXKPg90ClWxejC--mGGkwhsQDm7GHRbau8ZNXdM7pfc\/edit?usp=sharing\" target=\"_blank\" rel=\"noopener noreferrer\">M\u00f6\u00f6bel ja eess\u00f5nad<\/a><\/p>\n","protected":false},"excerpt":{"rendered":"<p>Koolitusprogrammi Digiv\u00f5ti saksa keele ainevaldkonna \u00f5pilood. Saksa keel g\u00fcmnaasiumile M\u00f6\u00f6bel ja eess\u00f5nad<\/p>\n","protected":false},"author":15,"featured_media":0,"parent":1790,"menu_order":0,"comment_status":"closed","ping_status":"closed","template":"","meta":[],"_links":{"self":[{"href":"https:\/\/oppevara.edu.ee\/opilood\/wp-json\/wp\/v2\/pages\/1794"}],"collection":[{"href":"https:\/\/oppevara.edu.ee\/opilood\/wp-json\/wp\/v2\/pages"}],"about":[{"href":"https:\/\/oppevara.edu.ee\/opilood\/wp-json\/wp\/v2\/types\/page"}],"author":[{"embeddable":true,"href":"https:\/\/oppevara.edu.ee\/opilood\/wp-json\/wp\/v2\/users\/15"}],"replies":[{"embeddable":true,"href":"https:\/\/oppevara.edu.ee\/opilood\/wp-json\/wp\/v2\/comments?post=1794"}],"version-history":[{"count":3,"href":"https:\/\/oppevara.edu.ee\/opilood\/wp-json\/wp\/v2\/pages\/1794\/revisions"}],"predecessor-version":[{"id":1910,"href":"https:\/\/oppevara.edu.ee\/opilood\/wp-json\/wp\/v2\/pages\/1794\/revisions\/1910"}],"up":[{"embeddable":true,"href":"https:\/\/oppevara.edu.ee\/opilood\/wp-json\/wp\/v2\/pages\/1790"}],"wp:attachment":[{"href":"https:\/\/oppevara.edu.ee\/opilood\/wp-json\/wp\/v2\/media?parent=1794"}],"curies":[{"name":"wp","href":"https:\/\/api.w.org\/{rel}","templated":true}]}}