{"id":1792,"date":"2019-06-01T09:23:18","date_gmt":"2019-06-01T07:23:18","guid":{"rendered":"http:\/\/oppevara.hitsa.ee\/opilood\/?page_id=1792"},"modified":"2020-08-25T11:08:39","modified_gmt":"2020-08-25T09:08:39","slug":"inglise-keel","status":"publish","type":"page","link":"https:\/\/oppevara.edu.ee\/opilood\/opilood-2019\/voorkeeled\/inglise-keel\/","title":{"rendered":"Inglise keel"},"content":{"rendered":"\n<p>Koolitusprogrammi Digiv\u00f5ti inglise keele ainevaldkonna \u00f5pilood.<\/p>\n<p><a href=\"https:\/\/drive.google.com\/file\/d\/1G3u3tsjdL4GdiAZytQPu9-6TJ_GqXOcj\/view?usp=sharing\" target=\"_blank\" rel=\"noopener noreferrer\">Inglise keel g\u00fcmnaasiumile<\/a><\/p>\n<p><a href=\"https:\/\/drive.google.com\/file\/d\/1J3UxQIJCWcrVHNMBx2V6X0FNoNphQbNx\/view?usp=sharing\" target=\"_blank\" rel=\"noopener noreferrer\">Aed kui elukeskkond<\/a><\/p>\n<p><a href=\"https:\/\/drive.google.com\/file\/d\/1bO3SV2wXn5de1yxd9ANHtVGFkxNOnwj4\/view?usp=sharing\" target=\"_blank\" rel=\"noopener noreferrer\">Ajateenistus erinevates Euroopa riikides<\/a><\/p>\n","protected":false},"excerpt":{"rendered":"<p>Koolitusprogrammi Digiv\u00f5ti inglise keele ainevaldkonna \u00f5pilood. Inglise keel g\u00fcmnaasiumile Aed kui elukeskkond Ajateenistus erinevates Euroopa riikides<\/p>\n","protected":false},"author":15,"featured_media":0,"parent":1790,"menu_order":0,"comment_status":"closed","ping_status":"closed","template":"","meta":[],"_links":{"self":[{"href":"https:\/\/oppevara.edu.ee\/opilood\/wp-json\/wp\/v2\/pages\/1792"}],"collection":[{"href":"https:\/\/oppevara.edu.ee\/opilood\/wp-json\/wp\/v2\/pages"}],"about":[{"href":"https:\/\/oppevara.edu.ee\/opilood\/wp-json\/wp\/v2\/types\/page"}],"author":[{"embeddable":true,"href":"https:\/\/oppevara.edu.ee\/opilood\/wp-json\/wp\/v2\/users\/15"}],"replies":[{"embeddable":true,"href":"https:\/\/oppevara.edu.ee\/opilood\/wp-json\/wp\/v2\/comments?post=1792"}],"version-history":[{"count":5,"href":"https:\/\/oppevara.edu.ee\/opilood\/wp-json\/wp\/v2\/pages\/1792\/revisions"}],"predecessor-version":[{"id":1938,"href":"https:\/\/oppevara.edu.ee\/opilood\/wp-json\/wp\/v2\/pages\/1792\/revisions\/1938"}],"up":[{"embeddable":true,"href":"https:\/\/oppevara.edu.ee\/opilood\/wp-json\/wp\/v2\/pages\/1790"}],"wp:attachment":[{"href":"https:\/\/oppevara.edu.ee\/opilood\/wp-json\/wp\/v2\/media?parent=1792"}],"curies":[{"name":"wp","href":"https:\/\/api.w.org\/{rel}","templated":true}]}}