{"id":1786,"date":"2019-06-01T09:16:39","date_gmt":"2019-06-01T07:16:39","guid":{"rendered":"http:\/\/oppevara.hitsa.ee\/opilood\/?page_id=1786"},"modified":"2019-09-19T14:01:37","modified_gmt":"2019-09-19T12:01:37","slug":"eesti-keel-ja-kirjandus","status":"publish","type":"page","link":"https:\/\/oppevara.edu.ee\/opilood\/opilood-2019\/eesti-keel-ja-kirjandus\/","title":{"rendered":"Eesti keel ja kirjandus"},"content":{"rendered":"<p>Koolitusprogrammi Digiv\u00f5ti eesti keele ja kirjanduse ainevaldkonna \u00f5pilood.<\/p>\n<p><a href=\"https:\/\/drive.google.com\/file\/d\/1XcHFLUsTIdoVGrWOB_vhLwsAWpaKZRQG\/view?usp=sharing\" target=\"_blank\" rel=\"noopener noreferrer\">Eesti keel ja kirjandus II kooliastmele<\/a><\/p>\n<p><a href=\"https:\/\/drive.google.com\/file\/d\/1uz5UC-eLPC6zWo4CLLTfU1N_fLxJQUnu\/view?usp=sharing\" target=\"_blank\" rel=\"noopener noreferrer\">Eesti keel ja kirjandus III kooliastmele<\/a><\/p>\n<p><a href=\"https:\/\/drive.google.com\/file\/d\/1g8gDZ7DbNwvz2u0ZecQMMMCfqW9hGihQ\/view?usp=sharing\" target=\"_blank\" rel=\"noopener noreferrer\">Eesti keel ja kirjandus g\u00fcmnaasiumile<\/a><\/p>\n","protected":false},"excerpt":{"rendered":"<p>Koolitusprogrammi Digiv\u00f5ti eesti keele ja kirjanduse ainevaldkonna \u00f5pilood. Eesti keel ja kirjandus II kooliastmele Eesti keel ja kirjandus III kooliastmele Eesti keel ja kirjandus g\u00fcmnaasiumile<\/p>\n","protected":false},"author":15,"featured_media":0,"parent":1784,"menu_order":1,"comment_status":"closed","ping_status":"closed","template":"","meta":[],"_links":{"self":[{"href":"https:\/\/oppevara.edu.ee\/opilood\/wp-json\/wp\/v2\/pages\/1786"}],"collection":[{"href":"https:\/\/oppevara.edu.ee\/opilood\/wp-json\/wp\/v2\/pages"}],"about":[{"href":"https:\/\/oppevara.edu.ee\/opilood\/wp-json\/wp\/v2\/types\/page"}],"author":[{"embeddable":true,"href":"https:\/\/oppevara.edu.ee\/opilood\/wp-json\/wp\/v2\/users\/15"}],"replies":[{"embeddable":true,"href":"https:\/\/oppevara.edu.ee\/opilood\/wp-json\/wp\/v2\/comments?post=1786"}],"version-history":[{"count":4,"href":"https:\/\/oppevara.edu.ee\/opilood\/wp-json\/wp\/v2\/pages\/1786\/revisions"}],"predecessor-version":[{"id":1897,"href":"https:\/\/oppevara.edu.ee\/opilood\/wp-json\/wp\/v2\/pages\/1786\/revisions\/1897"}],"up":[{"embeddable":true,"href":"https:\/\/oppevara.edu.ee\/opilood\/wp-json\/wp\/v2\/pages\/1784"}],"wp:attachment":[{"href":"https:\/\/oppevara.edu.ee\/opilood\/wp-json\/wp\/v2\/media?parent=1786"}],"curies":[{"name":"wp","href":"https:\/\/api.w.org\/{rel}","templated":true}]}}