{"id":1723,"date":"2017-01-09T18:45:56","date_gmt":"2017-01-09T16:45:56","guid":{"rendered":"http:\/\/oppevara.hitsa.ee\/opilood\/?page_id=1723"},"modified":"2017-01-09T20:01:51","modified_gmt":"2017-01-09T18:01:51","slug":"analuus-suntees","status":"publish","type":"page","link":"https:\/\/oppevara.edu.ee\/opilood\/opiloo-struktuur-ja-etapid\/analuus-suntees\/","title":{"rendered":"Anal\u00fc\u00fcs-s\u00fcntees"},"content":{"rendered":"<blockquote><p><span style=\"font-weight: 400;\">Anal\u00fc\u00fcsitakse erinevaid materjale ning luuakse nende p\u00f5hjal uus.<\/span><\/p><\/blockquote>\n<h4>Etapid<\/h4>\n<ul>\n<li><strong>Valmista ette<\/strong>: \u00f5petaja valib koos \u00f5ppijatega teema, millega hakatakse tegelema. Moodustatakse r\u00fchmad<\/li>\n<li><b>Uuri ja otsi<\/b>: \u00f5ppijad otsivad erinevaid materjale ning prindivad\/paljundavad neid.<\/li>\n<li><b>Kaardista ja anal\u00fc\u00fcsi: <\/b>\u00f5ppijad\u00a0v\u00f5rdlevad erinevaid materjale\u00a0r\u00fchmades. Tekstid l\u00f5igatakse ribadeks ja grupeeritakse otsides erinevusi ja sarnasusi<\/li>\n<li><b>Loo:<\/b> luuakse uus materjal antud teemal.<\/li>\n<li><b>Esitle:\u00a0<\/b>loodud materjale esitletakse huvigruppidele.<\/li>\n<li><b><b>Reflekteeri:\u00a0<\/b><\/b>\u00f5ppijad v\u00f5ivad reflekteerida oma tegevust iga etapi l\u00f5pus v\u00f5i \u00f5piloo l\u00f5pus. Kasutada v\u00f5ib erinevaid refleksioonimudeleid <a href=\"http:\/\/tiigrihypeharidustehnoloog.blogspot.com\/2013\/08\/refleksioonist-ehk-kuidas-laks.html\">http:\/\/tiigrihypeharidustehnoloog.blogspot.com\/2013\/08\/refleksioonist-ehk-kuidas-laks.html<\/a><\/li>\n<\/ul>\n<h4>\u00d5piloo n\u00e4ited<\/h4>\n<h5>1. Loodus\u00f5petus, 2. kl. Koostas Piret S\u00e4rg (Kadrina Keskkool). <a href=\"https:\/\/opilugu5.wordpress.com\/\" target=\"_blank\">Loe edasi<\/a><br \/>\n2. Eesti keel, 5. kl.\u00a0Koostas Piret S\u00e4rg (Kadrina Keskkool). <a href=\"https:\/\/docs.google.com\/document\/d\/1LuCKeAsqlhCPucia465ZwHLYS23tAIm7qxqj5xS1Lzw\/edit?usp=sharing\" target=\"_blank\">Loe edasi<\/a><\/h5>\n","protected":false},"excerpt":{"rendered":"<p>Anal\u00fc\u00fcsitakse erinevaid materjale ning luuakse nende p\u00f5hjal uus. Etapid Valmista ette: \u00f5petaja valib koos \u00f5ppijatega teema, millega hakatakse tegelema. Moodustatakse r\u00fchmad Uuri ja otsi: \u00f5ppijad otsivad erinevaid materjale ning prindivad\/paljundavad neid. Kaardista ja anal\u00fc\u00fcsi: \u00f5ppijad\u00a0v\u00f5rdlevad erinevaid materjale\u00a0r\u00fchmades. Tekstid l\u00f5igatakse ribadeks ja grupeeritakse otsides erinevusi ja sarnasusi Loo: luuakse uus materjal antud teemal. Esitle:\u00a0loodud materjale esitletakse <a class=\"read-more\" href=\"https:\/\/oppevara.edu.ee\/opilood\/opiloo-struktuur-ja-etapid\/analuus-suntees\/\">...continue reading <span class=\"meta-nav\">&rarr;<\/span><\/a><\/p>\n","protected":false},"author":3,"featured_media":0,"parent":273,"menu_order":14,"comment_status":"closed","ping_status":"closed","template":"","meta":[],"_links":{"self":[{"href":"https:\/\/oppevara.edu.ee\/opilood\/wp-json\/wp\/v2\/pages\/1723"}],"collection":[{"href":"https:\/\/oppevara.edu.ee\/opilood\/wp-json\/wp\/v2\/pages"}],"about":[{"href":"https:\/\/oppevara.edu.ee\/opilood\/wp-json\/wp\/v2\/types\/page"}],"author":[{"embeddable":true,"href":"https:\/\/oppevara.edu.ee\/opilood\/wp-json\/wp\/v2\/users\/3"}],"replies":[{"embeddable":true,"href":"https:\/\/oppevara.edu.ee\/opilood\/wp-json\/wp\/v2\/comments?post=1723"}],"version-history":[{"count":3,"href":"https:\/\/oppevara.edu.ee\/opilood\/wp-json\/wp\/v2\/pages\/1723\/revisions"}],"predecessor-version":[{"id":1736,"href":"https:\/\/oppevara.edu.ee\/opilood\/wp-json\/wp\/v2\/pages\/1723\/revisions\/1736"}],"up":[{"embeddable":true,"href":"https:\/\/oppevara.edu.ee\/opilood\/wp-json\/wp\/v2\/pages\/273"}],"wp:attachment":[{"href":"https:\/\/oppevara.edu.ee\/opilood\/wp-json\/wp\/v2\/media?parent=1723"}],"curies":[{"name":"wp","href":"https:\/\/api.w.org\/{rel}","templated":true}]}}