{"id":1721,"date":"2017-01-09T18:37:04","date_gmt":"2017-01-09T16:37:04","guid":{"rendered":"http:\/\/oppevara.hitsa.ee\/opilood\/?page_id=1721"},"modified":"2017-01-09T19:48:43","modified_gmt":"2017-01-09T17:48:43","slug":"positiivne-digitaalne-jalajalg","status":"publish","type":"page","link":"https:\/\/oppevara.edu.ee\/opilood\/opiloo-struktuur-ja-etapid\/positiivne-digitaalne-jalajalg\/","title":{"rendered":"Positiivne digitaalne jalaj\u00e4lg"},"content":{"rendered":"<blockquote><p>\u00d5ppijad kujundavad oma positiivset jalaj\u00e4lge.<\/p><\/blockquote>\n<p><b>Etapid<\/b><\/p>\n<ul>\n<li><b>Valmista ette<\/b><span style=\"font-weight: 400;\">: \u00f5petaja valmistab ette materjali digitaalse jalaj\u00e4lje kohta.<\/span><\/li>\n<li><b>Uuri ja otsi<\/b><span style=\"font-weight: 400;\">:<\/span><span style=\"font-weight: 400;\"> \u00f5ppijad vaatavad enda digitaalset jalaj\u00e4lge <\/span><span style=\"font-weight: 400;\">(google otsing).<\/span><\/li>\n<li><b>Kaardista ja anal\u00fc\u00fcsi<\/b><span style=\"font-weight: 400;\">: \u00f5ppijad kaardistavad <\/span><span style=\"font-weight: 400;\">leitud positiivse ja negatiivse info enda kohta.<\/span><\/li>\n<li><strong>Loo<\/strong>: \u00f5ppijad loovad endale \u00fche positiivse jalaj\u00e4lje.<\/li>\n<li><strong>Reflekteeri: <\/strong>\u00f5ppijad v\u00f5ivad reflekteerida oma tegevust iga etapi l\u00f5pus v\u00f5i \u00f5piloo l\u00f5pus. Kasutada v\u00f5ib erinevaid refleksioonimudeleid <a href=\"http:\/\/tiigrihypeharidustehnoloog.blogspot.com\/2013\/08\/refleksioonist-ehk-kuidas-laks.html\">http:\/\/tiigrihypeharidustehnoloog.blogspot.com\/2013\/08\/refleksioonist-ehk-kuidas-laks.html<\/a><\/li>\n<\/ul>\n<h4>\u00d5piloo n\u00e4ited<\/h4>\n<h5>1. Arvuti\u00f5petus, 5. kl. Koostas Ene Moppel (<strong>V\u00f5ru Kreutzwaldi Kool). <a href=\"https:\/\/docs.google.com\/document\/d\/1TlN_IdcMgiZGn2eoSX79G0rDcjHLB7XYViZxzJJhnJU\/edit?usp=sharing\" target=\"_blank\">Loe edasi<\/a><\/strong><\/h5>\n","protected":false},"excerpt":{"rendered":"<p>\u00d5ppijad kujundavad oma positiivset jalaj\u00e4lge. Etapid Valmista ette: \u00f5petaja valmistab ette materjali digitaalse jalaj\u00e4lje kohta. Uuri ja otsi: \u00f5ppijad vaatavad enda digitaalset jalaj\u00e4lge (google otsing). Kaardista ja anal\u00fc\u00fcsi: \u00f5ppijad kaardistavad leitud positiivse ja negatiivse info enda kohta. Loo: \u00f5ppijad loovad endale \u00fche positiivse jalaj\u00e4lje. Reflekteeri: \u00f5ppijad v\u00f5ivad reflekteerida oma tegevust iga etapi l\u00f5pus v\u00f5i \u00f5piloo <a class=\"read-more\" href=\"https:\/\/oppevara.edu.ee\/opilood\/opiloo-struktuur-ja-etapid\/positiivne-digitaalne-jalajalg\/\">...continue reading <span class=\"meta-nav\">&rarr;<\/span><\/a><\/p>\n","protected":false},"author":3,"featured_media":0,"parent":273,"menu_order":13,"comment_status":"closed","ping_status":"closed","template":"","meta":[],"_links":{"self":[{"href":"https:\/\/oppevara.edu.ee\/opilood\/wp-json\/wp\/v2\/pages\/1721"}],"collection":[{"href":"https:\/\/oppevara.edu.ee\/opilood\/wp-json\/wp\/v2\/pages"}],"about":[{"href":"https:\/\/oppevara.edu.ee\/opilood\/wp-json\/wp\/v2\/types\/page"}],"author":[{"embeddable":true,"href":"https:\/\/oppevara.edu.ee\/opilood\/wp-json\/wp\/v2\/users\/3"}],"replies":[{"embeddable":true,"href":"https:\/\/oppevara.edu.ee\/opilood\/wp-json\/wp\/v2\/comments?post=1721"}],"version-history":[{"count":3,"href":"https:\/\/oppevara.edu.ee\/opilood\/wp-json\/wp\/v2\/pages\/1721\/revisions"}],"predecessor-version":[{"id":1734,"href":"https:\/\/oppevara.edu.ee\/opilood\/wp-json\/wp\/v2\/pages\/1721\/revisions\/1734"}],"up":[{"embeddable":true,"href":"https:\/\/oppevara.edu.ee\/opilood\/wp-json\/wp\/v2\/pages\/273"}],"wp:attachment":[{"href":"https:\/\/oppevara.edu.ee\/opilood\/wp-json\/wp\/v2\/media?parent=1721"}],"curies":[{"name":"wp","href":"https:\/\/api.w.org\/{rel}","templated":true}]}}