{"id":1715,"date":"2017-01-09T18:23:31","date_gmt":"2017-01-09T16:23:31","guid":{"rendered":"http:\/\/oppevara.hitsa.ee\/opilood\/?page_id=1715"},"modified":"2017-01-09T19:43:06","modified_gmt":"2017-01-09T17:43:06","slug":"virtuaalne-reis","status":"publish","type":"page","link":"https:\/\/oppevara.edu.ee\/opilood\/opiloo-struktuur-ja-etapid\/virtuaalne-reis\/","title":{"rendered":"Virtuaalne reis"},"content":{"rendered":"<blockquote><p>\u00d5pilased reisivad virtuaalselt.<\/p><\/blockquote>\n<h4>Etapid:<\/h4>\n<ul>\n<li><strong>Valmista ette<\/strong>:<span style=\"font-weight: 400;\">\u00a0\u00f5petaja valmistab ette \u00a0virtuaalse reisi.<\/span><\/li>\n<li><strong>Uuri ja otsi<\/strong>: \u00f5<span style=\"font-weight: 400;\">ppija l\u00e4bib virtuaalse reisi ja teeb m\u00e4rkmeid ning vajadusel otsib lisamaterjali, et kirjutada reisi l\u00f5pus vastus p\u00fcstitatud \u00fclesandele.<\/span><\/li>\n<li><strong>Anal\u00fc\u00fcsi ja loo<\/strong>: \u00f5<span style=\"font-weight: 400;\">ppija koostab kogutud materjali p\u00f5hjal vastuse p\u00fcstitatud \u00fclesandele.<\/span><\/li>\n<li><strong>Reflekteeri: <\/strong>\u00f5ppijad v\u00f5ivad reflekteerida oma tegevust iga etapi l\u00f5pus v\u00f5i \u00f5piloo l\u00f5pus. Kasutada v\u00f5ib erinevaid refleksioonimudeleid <a href=\"http:\/\/tiigrihypeharidustehnoloog.blogspot.com\/2013\/08\/refleksioonist-ehk-kuidas-laks.html\">http:\/\/tiigrihypeharidustehnoloog.blogspot.com\/2013\/08\/refleksioonist-ehk-kuidas-laks.html<\/a><\/li>\n<\/ul>\n<h4>\u00d5piloo n\u00e4ited<\/h4>\n<h5>1. K\u00f5rgkool. Koostas Anneli Rumm (Eesti Ettev\u00f5tlusk\u00f5rgkool Mainor). <a href=\"https:\/\/docs.google.com\/document\/d\/1nZtPIA9f75OgKEKIfSXw3_acX4hHHppqGZe50hzAFm8\/edit?usp=sharing\" target=\"_blank\">Loe edasi<\/a><\/h5>\n","protected":false},"excerpt":{"rendered":"<p>\u00d5pilased reisivad virtuaalselt. Etapid: Valmista ette:\u00a0\u00f5petaja valmistab ette \u00a0virtuaalse reisi. Uuri ja otsi: \u00f5ppija l\u00e4bib virtuaalse reisi ja teeb m\u00e4rkmeid ning vajadusel otsib lisamaterjali, et kirjutada reisi l\u00f5pus vastus p\u00fcstitatud \u00fclesandele. Anal\u00fc\u00fcsi ja loo: \u00f5ppija koostab kogutud materjali p\u00f5hjal vastuse p\u00fcstitatud \u00fclesandele. Reflekteeri: \u00f5ppijad v\u00f5ivad reflekteerida oma tegevust iga etapi l\u00f5pus v\u00f5i \u00f5piloo l\u00f5pus. Kasutada <a class=\"read-more\" href=\"https:\/\/oppevara.edu.ee\/opilood\/opiloo-struktuur-ja-etapid\/virtuaalne-reis\/\">...continue reading <span class=\"meta-nav\">&rarr;<\/span><\/a><\/p>\n","protected":false},"author":3,"featured_media":0,"parent":273,"menu_order":12,"comment_status":"closed","ping_status":"closed","template":"","meta":[],"_links":{"self":[{"href":"https:\/\/oppevara.edu.ee\/opilood\/wp-json\/wp\/v2\/pages\/1715"}],"collection":[{"href":"https:\/\/oppevara.edu.ee\/opilood\/wp-json\/wp\/v2\/pages"}],"about":[{"href":"https:\/\/oppevara.edu.ee\/opilood\/wp-json\/wp\/v2\/types\/page"}],"author":[{"embeddable":true,"href":"https:\/\/oppevara.edu.ee\/opilood\/wp-json\/wp\/v2\/users\/3"}],"replies":[{"embeddable":true,"href":"https:\/\/oppevara.edu.ee\/opilood\/wp-json\/wp\/v2\/comments?post=1715"}],"version-history":[{"count":3,"href":"https:\/\/oppevara.edu.ee\/opilood\/wp-json\/wp\/v2\/pages\/1715\/revisions"}],"predecessor-version":[{"id":1732,"href":"https:\/\/oppevara.edu.ee\/opilood\/wp-json\/wp\/v2\/pages\/1715\/revisions\/1732"}],"up":[{"embeddable":true,"href":"https:\/\/oppevara.edu.ee\/opilood\/wp-json\/wp\/v2\/pages\/273"}],"wp:attachment":[{"href":"https:\/\/oppevara.edu.ee\/opilood\/wp-json\/wp\/v2\/media?parent=1715"}],"curies":[{"name":"wp","href":"https:\/\/api.w.org\/{rel}","templated":true}]}}