{"id":1028,"date":"2016-04-29T08:12:23","date_gmt":"2016-04-29T06:12:23","guid":{"rendered":"http:\/\/oppevara.hitsa.ee\/opilood\/?page_id=1028"},"modified":"2017-01-09T21:37:06","modified_gmt":"2017-01-09T19:37:06","slug":"second-hand-pildikogu","status":"publish","type":"page","link":"https:\/\/oppevara.edu.ee\/opilood\/opiloo-struktuur-ja-etapid\/second-hand-pildikogu\/","title":{"rendered":"Second-hand pildikogu"},"content":{"rendered":"<blockquote><p><span style=\"font-weight: 400;\">Kasutatakse pilte, mida tohib levitada.<\/span><\/p><\/blockquote>\n<p><strong>Etapid:<\/strong><\/p>\n<ul>\n<li style=\"font-weight: 400;\"><b>Valmista ette:<\/b><span style=\"font-weight: 400;\"> \u00f5petaja valmistab ette teemad, mille jaoks pilte otsima hakatakse.<\/span><\/li>\n<li style=\"font-weight: 400;\"><b>Uuri ja otsi<\/b><span style=\"font-weight: 400;\">: \u00f5ppijad tutvuvad autori\u00f5igustega ning otsivad sobivaid pilte.<\/span><\/li>\n<li style=\"font-weight: 400;\"><b>Loo<\/b><span style=\"font-weight: 400;\">: piltidest luuakse kogu<\/span><\/li>\n<li style=\"font-weight: 400;\"><b>Esitle<\/b><span style=\"font-weight: 400;\">: pildikogu tutvustatakse teistele<\/span><\/li>\n<li style=\"font-weight: 400;\"><b>Reflekteeri: <\/b><span style=\"font-weight: 400;\">\u00f5ppijad v\u00f5ivad reflekteerida oma tegevust iga etapi l\u00f5pus v\u00f5i \u00f5piloo l\u00f5pus. Kasutada v\u00f5ib erinevaid refleksioonimudeleid <\/span><a href=\"http:\/\/tiigrihypeharidustehnoloog.blogspot.com\/2013\/08\/refleksioonist-ehk-kuidas-laks.html\"><span style=\"font-weight: 400;\">http:\/\/tiigrihypeharidustehnoloog.blogspot.com\/2013\/08\/refleksioonist-ehk-kuidas-laks.html<\/span><\/a><\/li>\n<\/ul>\n<p><span style=\"font-weight: 400;\">\u00d5pilased kasutavad oma t\u00f6\u00f6des palju erinevaid pilte ning tihti ei m\u00f5elda sellele, et tegelikult on igal pildil autor ning autorile peab viitama. Arvestades seda, et t\u00e4nap\u00e4eval enamasti oma t\u00f6\u00f6d avaldatakse veebis on veelgi olulisem l\u00e4htuda autori\u00f5igustest.<\/span><\/p>\n<p><span style=\"font-weight: 400;\">\u00d5petaja valib v\u00e4lja teema, mille kohta v\u00f5iks otsida veebist pilte. Teema v\u00f5ib olla k\u00f5igil \u00fcks v\u00f5i iga\u00fchel erinev. \u00d5pilased v\u00f5ivad t\u00f6\u00f6tada r\u00fchmas v\u00f5i individuaalselt. Seej\u00e4rel tutvustab \u00f5petaja \u00f5pilastele autori\u00f5iguseid ja Creative Commons\u2019i litsentse l\u00e4htudes \u00f5ppijate vanusest.<\/span><\/p>\n<p><span style=\"font-weight: 400;\">Materjalid:<\/span><\/p>\n<ul>\n<li style=\"font-weight: 400;\"><a href=\"http:\/\/www.autor.ee\/teose-vaba-kasutamine\/\"><span style=\"font-weight: 400;\">http:\/\/www.autor.ee\/teose-vaba-kasutamine\/<\/span><\/a><\/li>\n<li style=\"font-weight: 400;\"><a href=\"http:\/\/www.slideshare.net\/hanspoldoja\/oppematerjalide-autorioigus\"><span style=\"font-weight: 400;\">http:\/\/www.slideshare.net\/hanspoldoja\/oppematerjalide-autorioigus<\/span><\/a><\/li>\n<li style=\"font-weight: 400;\"><a href=\"http:\/\/tiigrihypeharidustehnoloog.blogspot.com.ee\/search\/label\/autori%C3%B5igused\"><span style=\"font-weight: 400;\">http:\/\/tiigrihypeharidustehnoloog.blogspot.com.ee\/search\/label\/autori%C3%B5igused<\/span><\/a><\/li>\n<\/ul>\n<p><span style=\"font-weight: 400;\">Seej\u00e4rel valitakse v\u00e4lja keskkond, kuhu koondatakse pildid. See v\u00f5ib olla m\u00f5ni esitluse keskkond, tekstidokument, blogi jne. Oluline on peatud ka sellel, kuidas \u00f5igesti pildile viidata.<\/span><\/p>\n<p><span style=\"font-weight: 400;\">N\u00e4ide \u00f5igest viitamisest:<\/span><\/p>\n<p><a href=\"http:\/\/oppevara.hitsa.ee\/opilood\/wp-content\/uploads\/2016\/04\/800px-Vessertal_trollblumen.jpg\"><img loading=\"lazy\" class=\"alignnone size-medium wp-image-1029\" src=\"http:\/\/oppevara.hitsa.ee\/opilood\/wp-content\/uploads\/2016\/04\/800px-Vessertal_trollblumen-300x225.jpg\" alt=\"800px-Vessertal_trollblumen\" width=\"300\" height=\"225\" srcset=\"https:\/\/oppevara.edu.ee\/opilood\/wp-content\/uploads\/2016\/04\/800px-Vessertal_trollblumen-300x225.jpg 300w, https:\/\/oppevara.edu.ee\/opilood\/wp-content\/uploads\/2016\/04\/800px-Vessertal_trollblumen-768x576.jpg 768w, https:\/\/oppevara.edu.ee\/opilood\/wp-content\/uploads\/2016\/04\/800px-Vessertal_trollblumen.jpg 800w\" sizes=\"(max-width: 300px) 100vw, 300px\" \/><\/a><\/p>\n<p><a href=\"https:\/\/commons.wikimedia.org\/wiki\/Trollius#\/media\/File:Vessertal_trollblumen.jpg\"><span style=\"font-weight: 400;\">\u201cTrollius europaeus in the Vesser valley\u201d<\/span><\/a> <a href=\"https:\/\/commons.wikimedia.org\/wiki\/User:SehLax\"><span style=\"font-weight: 400;\">SehLax<\/span><\/a><span style=\"font-weight: 400;\">, <\/span><a href=\"http:\/\/creativecommons.org\/licenses\/by-sa\/3.0\/\"><span style=\"font-weight: 400;\">CC BY-SA 3.0<\/span><\/a><\/p>\n<p><span style=\"font-weight: 400;\">Vajadusel vaadatakse \u00fcle ka \u00f5ppevideo, kuidas pilte otsida ning kuidas neile viidata: <\/span><a href=\"https:\/\/youtu.be\/LknTHR0Ak4c\"><span style=\"font-weight: 400;\">https:\/\/youtu.be\/LknTHR0Ak4c<\/span><\/a><\/p>\n<p><span style=\"font-weight: 400;\">\u00d5pilased otsivad pilte ning lisavad neid kogusse. Hiljem vaadatakse pildid koos \u00fcle ning kommenteeritakse.<\/span><\/p>\n<p>&nbsp;<\/p>\n<p><span style=\"font-weight: 400;\">Kasutatud materjal: <\/span><\/p>\n<ul>\n<li><a href=\"http:\/\/www.autor.ee\/teose-vaba-kasutamine\/\"><span style=\"font-weight: 400;\">http:\/\/www.autor.ee\/teose-vaba-kasutamine\/<\/span><\/a><\/li>\n<li><a href=\"http:\/\/uudiskiri.e-ope.ee\/?p=2833\"><span style=\"font-weight: 400;\">http:\/\/uudiskiri.e-ope.ee\/?p=2833<\/span><\/a><\/li>\n<li><a href=\"https:\/\/wiki.creativecommons.org\/wiki\/Best_practices_for_attribution\"><span style=\"font-weight: 400;\">https:\/\/wiki.creativecommons.org\/wiki\/Best_practices_for_attribution<\/span><\/a><\/li>\n<li><a href=\"http:\/\/www.slideshare.net\/hanspoldoja\/oppematerjalide-autorioigus\"><span style=\"font-weight: 400;\">http:\/\/www.slideshare.net\/hanspoldoja\/oppematerjalide-autorioigus<\/span><\/a><\/li>\n<li><a href=\"http:\/\/foter.com\/blog\/how-to-attribute-creative-commons-photos\/\"><span style=\"font-weight: 400;\">http:\/\/foter.com\/blog\/how-to-attribute-creative-commons-photos\/<\/span><\/a><\/li>\n<li><a href=\"https:\/\/teacherchallenge.edublogs.org\/step-7-images-copyright-and-creative-commons\/\"><span style=\"font-weight: 400;\">https:\/\/teacherchallenge.edublogs.org\/step-7-images-copyright-and-creative-commons\/<\/span><\/a><\/li>\n<\/ul>\n<h4>\u00d5piloo n\u00e4ited<\/h4>\n<h5>1. Loodus\u00f5petus, 3. kl. Koostas Ene Moppel (V\u00f5ru Kreutzwaldi Kool). <a href=\"https:\/\/docs.google.com\/document\/d\/1iu8wimDBg8XVx3fUcHRrN_D_a4t-RK3mW9IDY_6BiHI\/edit?usp=sharing\" target=\"_blank\">Loe edasi<\/a><\/h5>\n<h5>2. Ajalugu, arvuti\u00f5petus, 8. kl. Koostas Siret Lahema (Lauka P\u00f5hikool). <a href=\"https:\/\/docs.google.com\/document\/d\/1eO7qXJbUatKydIjbppiFDwgJomZflQbp18x-zRFcOWE\/edit?usp=sharing\" target=\"_blank\">Loe edasi<\/a><\/h5>\n","protected":false},"excerpt":{"rendered":"<p>Kasutatakse pilte, mida tohib levitada. Etapid: Valmista ette: \u00f5petaja valmistab ette teemad, mille jaoks pilte otsima hakatakse. Uuri ja otsi: \u00f5ppijad tutvuvad autori\u00f5igustega ning otsivad sobivaid pilte. Loo: piltidest luuakse kogu Esitle: pildikogu tutvustatakse teistele Reflekteeri: \u00f5ppijad v\u00f5ivad reflekteerida oma tegevust iga etapi l\u00f5pus v\u00f5i \u00f5piloo l\u00f5pus. Kasutada v\u00f5ib erinevaid refleksioonimudeleid http:\/\/tiigrihypeharidustehnoloog.blogspot.com\/2013\/08\/refleksioonist-ehk-kuidas-laks.html \u00d5pilased kasutavad oma <a class=\"read-more\" href=\"https:\/\/oppevara.edu.ee\/opilood\/opiloo-struktuur-ja-etapid\/second-hand-pildikogu\/\">...continue reading <span class=\"meta-nav\">&rarr;<\/span><\/a><\/p>\n","protected":false},"author":3,"featured_media":0,"parent":273,"menu_order":10,"comment_status":"closed","ping_status":"closed","template":"","meta":[],"_links":{"self":[{"href":"https:\/\/oppevara.edu.ee\/opilood\/wp-json\/wp\/v2\/pages\/1028"}],"collection":[{"href":"https:\/\/oppevara.edu.ee\/opilood\/wp-json\/wp\/v2\/pages"}],"about":[{"href":"https:\/\/oppevara.edu.ee\/opilood\/wp-json\/wp\/v2\/types\/page"}],"author":[{"embeddable":true,"href":"https:\/\/oppevara.edu.ee\/opilood\/wp-json\/wp\/v2\/users\/3"}],"replies":[{"embeddable":true,"href":"https:\/\/oppevara.edu.ee\/opilood\/wp-json\/wp\/v2\/comments?post=1028"}],"version-history":[{"count":5,"href":"https:\/\/oppevara.edu.ee\/opilood\/wp-json\/wp\/v2\/pages\/1028\/revisions"}],"predecessor-version":[{"id":1740,"href":"https:\/\/oppevara.edu.ee\/opilood\/wp-json\/wp\/v2\/pages\/1028\/revisions\/1740"}],"up":[{"embeddable":true,"href":"https:\/\/oppevara.edu.ee\/opilood\/wp-json\/wp\/v2\/pages\/273"}],"wp:attachment":[{"href":"https:\/\/oppevara.edu.ee\/opilood\/wp-json\/wp\/v2\/media?parent=1028"}],"curies":[{"name":"wp","href":"https:\/\/api.w.org\/{rel}","templated":true}]}}